{"id":1474,"date":"2025-07-09T15:12:12","date_gmt":"2025-07-09T15:12:12","guid":{"rendered":"https:\/\/saphirsmaragd.com\/?post_type=product&#038;p=1474"},"modified":"2025-12-29T19:05:42","modified_gmt":"2025-12-29T19:05:42","slug":"saphir-1-33-karat-hellgrau-rund","status":"publish","type":"product","link":"https:\/\/saphirsmaragd.com\/ar\/product\/saphir-1-33-karat-hellgrau-rund\/","title":{"rendered":"Saphir 1.33 Karat Hellgrau Rund \u2013 Edler Naturstein mit feiner Transparenz &#038; Schliff"},"content":{"rendered":"<div id=\"ez-toc-container\" class=\"ez-toc-v2_0_82_2 counter-hierarchy ez-toc-counter ez-toc-grey ez-toc-container-direction\">\n<div class=\"ez-toc-title-container\">\n<p class=\"ez-toc-title\" style=\"cursor:inherit\">\u062c\u062f\u0648\u0644 \u0627\u0644\u0645\u062d\u062a\u0648\u064a\u0627\u062a<\/p>\n<span class=\"ez-toc-title-toggle\"><a href=\"#\" class=\"ez-toc-pull-right ez-toc-btn ez-toc-btn-xs ez-toc-btn-default ez-toc-toggle\" aria-label=\"Toggle Table of Content\"><span class=\"ez-toc-js-icon-con\"><span class=\"\"><span class=\"eztoc-hide\" style=\"display:none;\">\u062a\u0628\u062f\u064a\u0644<\/span><span class=\"ez-toc-icon-toggle-span\"><svg style=\"fill: #999;color:#999\" xmlns=\"http:\/\/www.w3.org\/2000\/svg\" class=\"list-377408\" width=\"20px\" height=\"20px\" viewbox=\"0 0 24 24\" fill=\"none\"><path d=\"M6 6H4v2h2V6zm14 0H8v2h12V6zM4 11h2v2H4v-2zm16 0H8v2h12v-2zM4 16h2v2H4v-2zm16 0H8v2h12v-2z\" fill=\"currentColor\"><\/path><\/svg><svg style=\"fill: #999;color:#999\" class=\"arrow-unsorted-368013\" xmlns=\"http:\/\/www.w3.org\/2000\/svg\" width=\"10px\" height=\"10px\" viewbox=\"0 0 24 24\" version=\"1.2\" baseprofile=\"tiny\"><path d=\"M18.2 9.3l-6.2-6.3-6.2 6.3c-.2.2-.3.4-.3.7s.1.5.3.7c.2.2.4.3.7.3h11c.3 0 .5-.1.7-.3.2-.2.3-.5.3-.7s-.1-.5-.3-.7zM5.8 14.7l6.2 6.3 6.2-6.3c.2-.2.3-.5.3-.7s-.1-.5-.3-.7c-.2-.2-.4-.3-.7-.3h-11c-.3 0-.5.1-.7.3-.2.2-.3.5-.3.7s.1.5.3.7z\"\/><\/svg><\/span><\/span><\/span><\/a><\/span><\/div>\n<nav><ul class='ez-toc-list ez-toc-list-level-1' ><li class='ez-toc-page-1 ez-toc-heading-level-4'><a class=\"ez-toc-link ez-toc-heading-1\" href=\"https:\/\/saphirsmaragd.com\/ar\/product\/saphir-1-33-karat-hellgrau-rund\/#Saphir_133_Karat_Hellgrau_Rund\" >Saphir 1.33 Karat Hellgrau Rund<\/a><\/li><li class='ez-toc-page-1 ez-toc-heading-level-4'><a class=\"ez-toc-link ez-toc-heading-2\" href=\"https:\/\/saphirsmaragd.com\/ar\/product\/saphir-1-33-karat-hellgrau-rund\/#Merkmale_Herkunft\" >\u0627\u0644\u062e\u0635\u0627\u0626\u0635 \u0648\u0627\u0644\u0623\u0635\u0644<\/a><\/li><li class='ez-toc-page-1 ez-toc-heading-level-4'><a class=\"ez-toc-link ez-toc-heading-3\" href=\"https:\/\/saphirsmaragd.com\/ar\/product\/saphir-1-33-karat-hellgrau-rund\/#Besonderheiten\" >\u0627\u0644\u0645\u064a\u0632\u0627\u062a \u0627\u0644\u062e\u0627\u0635\u0629<\/a><\/li><li class='ez-toc-page-1 ez-toc-heading-level-4'><a class=\"ez-toc-link ez-toc-heading-4\" href=\"https:\/\/saphirsmaragd.com\/ar\/product\/saphir-1-33-karat-hellgrau-rund\/#Mehr_uber_Saphire\" >\u0627\u0644\u0645\u0632\u064a\u062f \u0639\u0646 \u0627\u0644\u064a\u0627\u0642\u0648\u062a<\/a><\/li><li class='ez-toc-page-1 ez-toc-heading-level-4'><a class=\"ez-toc-link ez-toc-heading-5\" href=\"https:\/\/saphirsmaragd.com\/ar\/product\/saphir-1-33-karat-hellgrau-rund\/#Weitere_Infos\" >\u0645\u0632\u064a\u062f \u0645\u0646 \u0627\u0644\u0645\u0639\u0644\u0648\u0645\u0627\u062a<\/a><\/li><\/ul><\/nav><\/div>\n<h4 data-start=\"161\" data-end=\"228\"><span class=\"ez-toc-section\" id=\"Saphir_133_Karat_Hellgrau_Rund\"><\/span>Saphir 1.33 Karat Hellgrau Rund<span class=\"ez-toc-section-end\"><\/span><\/h4>\n<p data-start=\"229\" data-end=\"360\">Entdecke die faszinierende Welt echter Saphir 1.33 Karat Hellgrau Rund \u2013 sorgf\u00e4ltig geschliffen, gepr\u00fcft und bereit f\u00fcr deinen einzigartigen Schmuckmoment.<\/p>\n<hr data-start=\"930\" data-end=\"933\" \/>\n<h4 data-start=\"542\" data-end=\"568\"><span class=\"ez-toc-section\" id=\"Merkmale_Herkunft\"><\/span>\u0627\u0644\u062e\u0635\u0627\u0626\u0635 \u0648\u0627\u0644\u0623\u0635\u0644<span class=\"ez-toc-section-end\"><\/span><\/h4>\n<p>Edelsteinart: Saphir<br data-start=\"813\" data-end=\"816\" \/>Farbe: Hellgrau<br data-start=\"831\" data-end=\"834\" \/>Form: Rund<br data-start=\"844\" data-end=\"847\" \/>Ma\u00dfe: ca. 6.1 mm Durchmesser<br data-start=\"893\" data-end=\"896\" \/>Gewicht: 1.33 Karat<br data-start=\"912\" data-end=\"915\" \/>Herkunft: Madagaskar<br data-start=\"935\" data-end=\"938\" \/>Reinheit: Lupenrein \u2013 feine Einschl\u00fcsse nur unter 10-facher Vergr\u00f6\u00dferung sichtbar<br data-start=\"1019\" data-end=\"1022\" \/>\u0627\u0644\u0639\u0644\u0627\u062c: \u063a\u064a\u0631 \u0645\u0639\u0627\u0644\u062c<br data-start=\"1045\" data-end=\"1048\" \/>\u0627\u0644\u062d\u0627\u0644\u0629: \u062c\u062f\u064a\u062f<br data-start=\"1060\" data-end=\"1063\" \/>Zertifikat: Ja<\/p>\n<hr data-start=\"930\" data-end=\"933\" \/>\n<h4 data-start=\"935\" data-end=\"956\"><span class=\"ez-toc-section\" id=\"Besonderheiten\"><\/span>\u0627\u0644\u0645\u064a\u0632\u0627\u062a \u0627\u0644\u062e\u0627\u0635\u0629<span class=\"ez-toc-section-end\"><\/span><\/h4>\n<p data-start=\"958\" data-end=\"1233\">Ein eleganter grauer Saphir mit einem Gewicht von 1.33 Karat, facettiert in klassischer runder Form. Dieser Edelstein stammt aus Madagaskar und besticht durch seine zarte, helle Farbgebung \u2013 eine seltene Nuance bei Saphiren. Vollst\u00e4ndig unbehandelt und in hochwertiger Qualit\u00e4t.<\/p>\n<hr data-start=\"1235\" data-end=\"1238\" \/>\n<h4 data-start=\"1240\" data-end=\"1264\"><span class=\"ez-toc-section\" id=\"Mehr_uber_Saphire\"><\/span>\u0627\u0644\u0645\u0632\u064a\u062f \u0639\u0646 \u0627\u0644\u064a\u0627\u0642\u0648\u062a<span class=\"ez-toc-section-end\"><\/span><\/h4>\n<p data-start=\"1266\" data-end=\"1446\">Erfahre mehr \u00fcber die Wirkung und Bedeutung von Saphiren in unserer Kategorie <a class=\"\" href=\"https:\/\/saphirsmaragd.com\/ar\/product-category\/heilsteine-kristalle-kaufen\/\" target=\"_new\" rel=\"noopener\" data-start=\"1344\" data-end=\"1445\"><strong data-start=\"1345\" data-end=\"1371\">\u0623\u062d\u062c\u0627\u0631 \u0627\u0644\u0634\u0641\u0627\u0621 \u0648\u0627\u0644\u0628\u0644\u0648\u0631\u0627\u062a<\/strong><\/a>.<\/p>\n<hr data-start=\"1448\" data-end=\"1451\" \/>\n<h4 data-start=\"1453\" data-end=\"1473\"><span class=\"ez-toc-section\" id=\"Weitere_Infos\"><\/span>\u0645\u0632\u064a\u062f \u0645\u0646 \u0627\u0644\u0645\u0639\u0644\u0648\u0645\u0627\u062a<span class=\"ez-toc-section-end\"><\/span><\/h4>\n<p data-start=\"1475\" data-end=\"1598\">Mehr \u00fcber die geologische Entstehung und Verwendung von <a class=\"\" href=\"https:\/\/de.wikipedia.org\/wiki\/Saphir\" target=\"_new\" rel=\"noopener\" data-start=\"1531\" data-end=\"1597\"><strong data-start=\"1532\" data-end=\"1558\">Saphiren auf Wikipedia<\/strong><\/a>.<\/p>","protected":false},"excerpt":{"rendered":"<p data-start=\"381\" data-end=\"553\"><em>Saphir 1.33 Karat Hellgrau Rund mit nat\u00fcrlicher grauer Farbe, unbehandelt und aus Madagaskar. Geliefert mit Echtheitszertifikat.<\/em><\/p>\n<p data-start=\"378\" data-end=\"474\">","protected":false},"featured_media":1477,"comment_status":"open","ping_status":"closed","template":"","meta":{"_glsr_average":0,"_glsr_ranking":0,"_glsr_reviews":0},"product_brand":[],"product_cat":[74],"product_tag":[],"class_list":{"0":"post-1474","1":"product","2":"type-product","3":"status-publish","4":"has-post-thumbnail","6":"product_cat-saphire-kaufen","7":"pa_edelsteinart-saphir","8":"pa_farbe-grau","9":"pa_form-rund","10":"pa_gewicht-karat-1-0-3-0-karat","11":"pa_herkunft-madagaskar","12":"pa_reinheit-lupenrein","13":"pa_veredelung-behandlung-unbehandelt","14":"pa_zertifikat-ja","15":"pa_zustand-neu","17":"first","18":"instock","19":"sold-individually","20":"shipping-taxable","21":"purchasable","22":"product-type-simple","23":"add-to-wishlist-before_image"},"jetpack_sharing_enabled":true,"_links":{"self":[{"href":"https:\/\/saphirsmaragd.com\/ar\/wp-json\/wp\/v2\/product\/1474","targetHints":{"allow":["GET"]}}],"collection":[{"href":"https:\/\/saphirsmaragd.com\/ar\/wp-json\/wp\/v2\/product"}],"about":[{"href":"https:\/\/saphirsmaragd.com\/ar\/wp-json\/wp\/v2\/types\/product"}],"replies":[{"embeddable":true,"href":"https:\/\/saphirsmaragd.com\/ar\/wp-json\/wp\/v2\/comments?post=1474"}],"version-history":[{"count":4,"href":"https:\/\/saphirsmaragd.com\/ar\/wp-json\/wp\/v2\/product\/1474\/revisions"}],"predecessor-version":[{"id":4444,"href":"https:\/\/saphirsmaragd.com\/ar\/wp-json\/wp\/v2\/product\/1474\/revisions\/4444"}],"wp:featuredmedia":[{"embeddable":true,"href":"https:\/\/saphirsmaragd.com\/ar\/wp-json\/wp\/v2\/media\/1477"}],"wp:attachment":[{"href":"https:\/\/saphirsmaragd.com\/ar\/wp-json\/wp\/v2\/media?parent=1474"}],"wp:term":[{"taxonomy":"product_brand","embeddable":true,"href":"https:\/\/saphirsmaragd.com\/ar\/wp-json\/wp\/v2\/product_brand?post=1474"},{"taxonomy":"product_cat","embeddable":true,"href":"https:\/\/saphirsmaragd.com\/ar\/wp-json\/wp\/v2\/product_cat?post=1474"},{"taxonomy":"product_tag","embeddable":true,"href":"https:\/\/saphirsmaragd.com\/ar\/wp-json\/wp\/v2\/product_tag?post=1474"}],"curies":[{"name":"wp","href":"https:\/\/api.w.org\/{rel}","templated":true}]}}