{"id":1728,"date":"2025-07-12T16:20:47","date_gmt":"2025-07-12T16:20:47","guid":{"rendered":"https:\/\/saphirsmaragd.com\/?post_type=product&#038;p=1728"},"modified":"2025-12-29T19:03:33","modified_gmt":"2025-12-29T19:03:33","slug":"saphir-0-93-karat-gelbgruen-oval","status":"publish","type":"product","link":"https:\/\/saphirsmaragd.com\/ar\/product\/saphir-0-93-karat-gelbgruen-oval\/","title":{"rendered":"Saphir 0.93 Karat Gelbgr\u00fcn Oval \u2013 Unbehandelter Naturstein aus Madagaskar mit Zertifikat"},"content":{"rendered":"<div id=\"ez-toc-container\" class=\"ez-toc-v2_0_82_2 counter-hierarchy ez-toc-counter ez-toc-grey ez-toc-container-direction\">\n<div class=\"ez-toc-title-container\">\n<p class=\"ez-toc-title\" style=\"cursor:inherit\">\u062c\u062f\u0648\u0644 \u0627\u0644\u0645\u062d\u062a\u0648\u064a\u0627\u062a<\/p>\n<span class=\"ez-toc-title-toggle\"><a href=\"#\" class=\"ez-toc-pull-right ez-toc-btn ez-toc-btn-xs ez-toc-btn-default ez-toc-toggle\" aria-label=\"Toggle Table of Content\"><span class=\"ez-toc-js-icon-con\"><span class=\"\"><span class=\"eztoc-hide\" style=\"display:none;\">\u062a\u0628\u062f\u064a\u0644<\/span><span class=\"ez-toc-icon-toggle-span\"><svg style=\"fill: #999;color:#999\" xmlns=\"http:\/\/www.w3.org\/2000\/svg\" class=\"list-377408\" width=\"20px\" height=\"20px\" viewbox=\"0 0 24 24\" fill=\"none\"><path d=\"M6 6H4v2h2V6zm14 0H8v2h12V6zM4 11h2v2H4v-2zm16 0H8v2h12v-2zM4 16h2v2H4v-2zm16 0H8v2h12v-2z\" fill=\"currentColor\"><\/path><\/svg><svg style=\"fill: #999;color:#999\" class=\"arrow-unsorted-368013\" xmlns=\"http:\/\/www.w3.org\/2000\/svg\" width=\"10px\" height=\"10px\" viewbox=\"0 0 24 24\" version=\"1.2\" baseprofile=\"tiny\"><path d=\"M18.2 9.3l-6.2-6.3-6.2 6.3c-.2.2-.3.4-.3.7s.1.5.3.7c.2.2.4.3.7.3h11c.3 0 .5-.1.7-.3.2-.2.3-.5.3-.7s-.1-.5-.3-.7zM5.8 14.7l6.2 6.3 6.2-6.3c.2-.2.3-.5.3-.7s-.1-.5-.3-.7c-.2-.2-.4-.3-.7-.3h-11c-.3 0-.5.1-.7.3-.2.2-.3.5-.3.7s.1.5.3.7z\"\/><\/svg><\/span><\/span><\/span><\/a><\/span><\/div>\n<nav><ul class='ez-toc-list ez-toc-list-level-1' ><li class='ez-toc-page-1 ez-toc-heading-level-4'><a class=\"ez-toc-link ez-toc-heading-1\" href=\"https:\/\/saphirsmaragd.com\/ar\/product\/saphir-0-93-karat-gelbgruen-oval\/#Saphir_093_Karat_Gelbgrun_Oval\" >Saphir 0.93 Karat Gelbgr\u00fcn Oval<\/a><\/li><li class='ez-toc-page-1 ez-toc-heading-level-4'><a class=\"ez-toc-link ez-toc-heading-2\" href=\"https:\/\/saphirsmaragd.com\/ar\/product\/saphir-0-93-karat-gelbgruen-oval\/#Merkmale_Herkunft\" >\u0627\u0644\u062e\u0635\u0627\u0626\u0635 \u0648\u0627\u0644\u0623\u0635\u0644<\/a><\/li><li class='ez-toc-page-1 ez-toc-heading-level-4'><a class=\"ez-toc-link ez-toc-heading-3\" href=\"https:\/\/saphirsmaragd.com\/ar\/product\/saphir-0-93-karat-gelbgruen-oval\/#Besonderheiten\" >\u0627\u0644\u0645\u064a\u0632\u0627\u062a \u0627\u0644\u062e\u0627\u0635\u0629<\/a><\/li><li class='ez-toc-page-1 ez-toc-heading-level-4'><a class=\"ez-toc-link ez-toc-heading-4\" href=\"https:\/\/saphirsmaragd.com\/ar\/product\/saphir-0-93-karat-gelbgruen-oval\/#Mehr_uber_unsere_Edelsteine\" >\u0627\u0644\u0645\u0632\u064a\u062f \u0639\u0646 \u0623\u062d\u062c\u0627\u0631\u0646\u0627 \u0627\u0644\u0643\u0631\u064a\u0645\u0629<\/a><\/li><li class='ez-toc-page-1 ez-toc-heading-level-4'><a class=\"ez-toc-link ez-toc-heading-5\" href=\"https:\/\/saphirsmaragd.com\/ar\/product\/saphir-0-93-karat-gelbgruen-oval\/#Weitere_Infos\" >\u0645\u0632\u064a\u062f \u0645\u0646 \u0627\u0644\u0645\u0639\u0644\u0648\u0645\u0627\u062a<\/a><\/li><\/ul><\/nav><\/div>\n<h4 data-start=\"331\" data-end=\"423\"><span class=\"ez-toc-section\" id=\"Saphir_093_Karat_Gelbgrun_Oval\"><\/span>Saphir 0.93 Karat Gelbgr\u00fcn Oval<span class=\"ez-toc-section-end\"><\/span><\/h4>\n<p data-start=\"424\" data-end=\"580\">Ein seltenes, unbehandeltes ovales Saphir-Exemplar aus Madagaskar mit lebhaftem Gelbgr\u00fcn und sehr guter Reinheit \u2013 ideal f\u00fcr individuelle Schmuckkreationen.<\/p>\n<hr data-start=\"582\" data-end=\"585\" \/>\n<h4 data-start=\"587\" data-end=\"613\"><span class=\"ez-toc-section\" id=\"Merkmale_Herkunft\"><\/span>\u0627\u0644\u062e\u0635\u0627\u0626\u0635 \u0648\u0627\u0644\u0623\u0635\u0644<span class=\"ez-toc-section-end\"><\/span><\/h4>\n<p data-start=\"614\" data-end=\"915\">Gewicht: 0.93 Karat<br data-start=\"630\" data-end=\"633\" \/>Farbe: Gelbgr\u00fcn<br data-start=\"648\" data-end=\"651\" \/>Form: Oval<br data-start=\"661\" data-end=\"664\" \/>Gr\u00f6\u00dfenangabe: 6.59 \u00d7 5.08 mm<br data-start=\"692\" data-end=\"695\" \/>Herkunft: Madagaskar<br data-start=\"744\" data-end=\"747\" \/>Reinheit: Sehr kleine Einschl\u00fcsse (&#8222;eye clean&#8220;, minimale Einschl\u00fcsse unter 10\u00d7 Lupe)<br data-start=\"831\" data-end=\"834\" \/>\u0627\u0644\u0639\u0644\u0627\u062c: \u063a\u064a\u0631 \u0645\u0639\u0627\u0644\u062c<br data-start=\"857\" data-end=\"860\" \/>Zertifikat: Ja, durch Gemmologin (Gem-A)<br data-start=\"900\" data-end=\"903\" \/>\u0627\u0644\u062d\u0627\u0644\u0629: \u062c\u062f\u064a\u062f<\/p>\n<hr data-start=\"917\" data-end=\"920\" \/>\n<h4 data-start=\"922\" data-end=\"943\"><span class=\"ez-toc-section\" id=\"Besonderheiten\"><\/span>\u0627\u0644\u0645\u064a\u0632\u0627\u062a \u0627\u0644\u062e\u0627\u0635\u0629<span class=\"ez-toc-section-end\"><\/span><\/h4>\n<p data-start=\"944\" data-end=\"1184\">Die au\u00dfergew\u00f6hnlich frische Gelbgr\u00fcn-F\u00e4rbung dieses Steins verleiht ihm eine lebendige Eleganz. Dank der unbehandelten Natur, hohen Lichtreflexion und Zertifizierung durch Gem-A ist er besonders attraktiv f\u00fcr anspruchsvolle Schmuckdesigner.<\/p>\n<hr data-start=\"1186\" data-end=\"1189\" \/>\n<h4 data-start=\"1931\" data-end=\"1971\"><span class=\"ez-toc-section\" id=\"Mehr_uber_unsere_Edelsteine\"><\/span>\u0627\u0644\u0645\u0632\u064a\u062f \u0639\u0646 \u0623\u062d\u062c\u0627\u0631\u0646\u0627 \u0627\u0644\u0643\u0631\u064a\u0645\u0629<span class=\"ez-toc-section-end\"><\/span><\/h4>\n<p data-start=\"1972\" data-end=\"2069\"><a href=\"https:\/\/saphirsmaragd.com\/ar\/product-category\/edelsteine-kaufen\/\">\u0627\u0644\u0623\u062d\u062c\u0627\u0631 \u0627\u0644\u0643\u0631\u064a\u0645\u0629<\/a><\/p>\n<hr data-start=\"1306\" data-end=\"1309\" \/>\n<h4 data-start=\"1311\" data-end=\"1331\"><span class=\"ez-toc-section\" id=\"Weitere_Infos\"><\/span>\u0645\u0632\u064a\u062f \u0645\u0646 \u0627\u0644\u0645\u0639\u0644\u0648\u0645\u0627\u062a<span class=\"ez-toc-section-end\"><\/span><\/h4>\n<p data-start=\"1332\" data-end=\"1381\"><a class=\"\" href=\"https:\/\/de.wikipedia.org\/wiki\/Saphir\" target=\"_new\" rel=\"noopener\" data-start=\"1332\" data-end=\"1381\">Wikipedia<\/a><\/p>\n<p data-start=\"678\" data-end=\"759\">","protected":false},"excerpt":{"rendered":"<p data-start=\"530\" data-end=\"690\"><em>Unbehandelter Saphir 0.93 Karat Gelbgr\u00fcn Oval mit au\u00dfergew\u00f6hnlichem Farbton und hoher Reinheit. Ein zertifizierter Naturstein aus Madagaskar f\u00fcr besondere Designs.<\/em><\/p>\n<p data-start=\"378\" data-end=\"474\">","protected":false},"featured_media":1731,"comment_status":"open","ping_status":"closed","template":"","meta":{"_glsr_average":0,"_glsr_ranking":0,"_glsr_reviews":0},"product_brand":[],"product_cat":[74],"product_tag":[],"class_list":{"0":"post-1728","1":"product","2":"type-product","3":"status-publish","4":"has-post-thumbnail","6":"product_cat-saphire-kaufen","7":"pa_edelsteinart-saphir","8":"pa_farbe-gelb","9":"pa_form-oval","10":"pa_gewicht-karat-0-5-1-0-karat","11":"pa_herkunft-madagaskar","12":"pa_reinheit-sehr-kleine-einschluesse","13":"pa_veredelung-behandlung-unbehandelt","14":"pa_zertifikat-ja","15":"pa_zustand-neu","17":"first","18":"instock","19":"featured","20":"sold-individually","21":"shipping-taxable","22":"purchasable","23":"product-type-simple","24":"add-to-wishlist-before_image"},"jetpack_sharing_enabled":true,"_links":{"self":[{"href":"https:\/\/saphirsmaragd.com\/ar\/wp-json\/wp\/v2\/product\/1728","targetHints":{"allow":["GET"]}}],"collection":[{"href":"https:\/\/saphirsmaragd.com\/ar\/wp-json\/wp\/v2\/product"}],"about":[{"href":"https:\/\/saphirsmaragd.com\/ar\/wp-json\/wp\/v2\/types\/product"}],"replies":[{"embeddable":true,"href":"https:\/\/saphirsmaragd.com\/ar\/wp-json\/wp\/v2\/comments?post=1728"}],"version-history":[{"count":5,"href":"https:\/\/saphirsmaragd.com\/ar\/wp-json\/wp\/v2\/product\/1728\/revisions"}],"predecessor-version":[{"id":4467,"href":"https:\/\/saphirsmaragd.com\/ar\/wp-json\/wp\/v2\/product\/1728\/revisions\/4467"}],"wp:featuredmedia":[{"embeddable":true,"href":"https:\/\/saphirsmaragd.com\/ar\/wp-json\/wp\/v2\/media\/1731"}],"wp:attachment":[{"href":"https:\/\/saphirsmaragd.com\/ar\/wp-json\/wp\/v2\/media?parent=1728"}],"wp:term":[{"taxonomy":"product_brand","embeddable":true,"href":"https:\/\/saphirsmaragd.com\/ar\/wp-json\/wp\/v2\/product_brand?post=1728"},{"taxonomy":"product_cat","embeddable":true,"href":"https:\/\/saphirsmaragd.com\/ar\/wp-json\/wp\/v2\/product_cat?post=1728"},{"taxonomy":"product_tag","embeddable":true,"href":"https:\/\/saphirsmaragd.com\/ar\/wp-json\/wp\/v2\/product_tag?post=1728"}],"curies":[{"name":"wp","href":"https:\/\/api.w.org\/{rel}","templated":true}]}}