{"id":2098,"date":"2025-10-07T23:08:46","date_gmt":"2025-10-07T23:08:46","guid":{"rendered":"https:\/\/saphirsmaragd.com\/?post_type=product&#038;p=2098"},"modified":"2025-12-05T10:12:15","modified_gmt":"2025-12-05T10:12:15","slug":"rosa-amethyst-auf-staender","status":"publish","type":"product","link":"https:\/\/saphirsmaragd.com\/ar\/product\/rosa-amethyst-auf-staender\/","title":{"rendered":"Rosa Amethyst auf St\u00e4nder 24 x 14,5 x 3,5 cm \u2013 Naturstein aus Brasilien"},"content":{"rendered":"<div id=\"ez-toc-container\" class=\"ez-toc-v2_0_82_2 counter-hierarchy ez-toc-counter ez-toc-grey ez-toc-container-direction\">\n<div class=\"ez-toc-title-container\">\n<p class=\"ez-toc-title\" style=\"cursor:inherit\">\u062c\u062f\u0648\u0644 \u0627\u0644\u0645\u062d\u062a\u0648\u064a\u0627\u062a<\/p>\n<span class=\"ez-toc-title-toggle\"><a href=\"#\" class=\"ez-toc-pull-right ez-toc-btn ez-toc-btn-xs ez-toc-btn-default ez-toc-toggle\" aria-label=\"Toggle Table of Content\"><span class=\"ez-toc-js-icon-con\"><span class=\"\"><span class=\"eztoc-hide\" style=\"display:none;\">\u062a\u0628\u062f\u064a\u0644<\/span><span class=\"ez-toc-icon-toggle-span\"><svg style=\"fill: #999;color:#999\" xmlns=\"http:\/\/www.w3.org\/2000\/svg\" class=\"list-377408\" width=\"20px\" height=\"20px\" viewbox=\"0 0 24 24\" fill=\"none\"><path d=\"M6 6H4v2h2V6zm14 0H8v2h12V6zM4 11h2v2H4v-2zm16 0H8v2h12v-2zM4 16h2v2H4v-2zm16 0H8v2h12v-2z\" fill=\"currentColor\"><\/path><\/svg><svg style=\"fill: #999;color:#999\" class=\"arrow-unsorted-368013\" xmlns=\"http:\/\/www.w3.org\/2000\/svg\" width=\"10px\" height=\"10px\" viewbox=\"0 0 24 24\" version=\"1.2\" baseprofile=\"tiny\"><path d=\"M18.2 9.3l-6.2-6.3-6.2 6.3c-.2.2-.3.4-.3.7s.1.5.3.7c.2.2.4.3.7.3h11c.3 0 .5-.1.7-.3.2-.2.3-.5.3-.7s-.1-.5-.3-.7zM5.8 14.7l6.2 6.3 6.2-6.3c.2-.2.3-.5.3-.7s-.1-.5-.3-.7c-.2-.2-.4-.3-.7-.3h-11c-.3 0-.5.1-.7.3-.2.2-.3.5-.3.7s.1.5.3.7z\"\/><\/svg><\/span><\/span><\/span><\/a><\/span><\/div>\n<nav><ul class='ez-toc-list ez-toc-list-level-1' ><li class='ez-toc-page-1 ez-toc-heading-level-4'><a class=\"ez-toc-link ez-toc-heading-1\" href=\"https:\/\/saphirsmaragd.com\/ar\/product\/rosa-amethyst-auf-staender\/#Rosa_Amethyst_auf_Stander_24_x_145_x_35_cm_%E2%80%93_Naturstein_aus_Brasilien\" >Rosa Amethyst auf St\u00e4nder 24 x 14,5 x 3,5 cm \u2013 Naturstein aus Brasilien<\/a><\/li><li class='ez-toc-page-1 ez-toc-heading-level-4'><a class=\"ez-toc-link ez-toc-heading-2\" href=\"https:\/\/saphirsmaragd.com\/ar\/product\/rosa-amethyst-auf-staender\/#_Merkmale_Herkunft\" >\u00a0\u0627\u0644\u062e\u0635\u0627\u0626\u0635 \u0648\u0627\u0644\u0623\u0635\u0644<\/a><\/li><li class='ez-toc-page-1 ez-toc-heading-level-4'><a class=\"ez-toc-link ez-toc-heading-3\" href=\"https:\/\/saphirsmaragd.com\/ar\/product\/rosa-amethyst-auf-staender\/#_Besonderheiten\" >\u00a0\u0627\u0644\u0645\u064a\u0632\u0627\u062a \u0627\u0644\u062e\u0627\u0635\u0629<\/a><\/li><li class='ez-toc-page-1 ez-toc-heading-level-4'><a class=\"ez-toc-link ez-toc-heading-4\" href=\"https:\/\/saphirsmaragd.com\/ar\/product\/rosa-amethyst-auf-staender\/#_Mehr_uber_Amethyste_Heilsteine\" >\u00a0Mehr \u00fcber Amethyste &amp; Heilsteine<\/a><\/li><li class='ez-toc-page-1 ez-toc-heading-level-4'><a class=\"ez-toc-link ez-toc-heading-5\" href=\"https:\/\/saphirsmaragd.com\/ar\/product\/rosa-amethyst-auf-staender\/#_Weitere_Infos\" >\u00a0\u0645\u0632\u064a\u062f \u0645\u0646 \u0627\u0644\u0645\u0639\u0644\u0648\u0645\u0627\u062a<\/a><\/li><\/ul><\/nav><\/div>\n<h4 data-start=\"210\" data-end=\"287\"><span class=\"ez-toc-section\" id=\"Rosa_Amethyst_auf_Stander_24_x_145_x_35_cm_%E2%80%93_Naturstein_aus_Brasilien\"><\/span><strong data-start=\"212\" data-end=\"287\">Rosa Amethyst auf St\u00e4nder 24 x 14,5 x 3,5 cm \u2013 Naturstein aus Brasilien<\/strong><span class=\"ez-toc-section-end\"><\/span><\/h4>\n<p data-start=\"289\" data-end=\"459\">Dieser Rosa Amethyst auf St\u00e4nder 24 x 14,5 x 3,5 cm ist ein einzigartiges Unikat von beruhigender und liebevoller Energie. Sie erhalten genau das abgebildete Einzelst\u00fcck.<\/p>\n<hr data-start=\"461\" data-end=\"464\" \/>\n<h4 data-start=\"466\" data-end=\"493\"><span class=\"ez-toc-section\" id=\"_Merkmale_Herkunft\"><\/span>\u00a0\u0627\u0644\u062e\u0635\u0627\u0626\u0635 \u0648\u0627\u0644\u0623\u0635\u0644<span class=\"ez-toc-section-end\"><\/span><\/h4>\n<p data-start=\"494\" data-end=\"875\">Farbe: Rosa mit nat\u00fcrlicher Kristallstruktur<br data-start=\"538\" data-end=\"541\" \/>Form: Zwei polierte Amethystplatten auf Metallst\u00e4nder<br data-start=\"594\" data-end=\"597\" \/>\u0627\u0644\u0645\u0646\u0634\u0623: \u0627\u0644\u0628\u0631\u0627\u0632\u064a\u0644<br data-start=\"616\" data-end=\"619\" \/>Gewicht: 1469 g (inkl. St\u00e4nder)<br data-start=\"650\" data-end=\"653\" \/>Ma\u00dfe linker Amethyst: 12 x 14 x 3,5 cm<br data-start=\"691\" data-end=\"694\" \/>Ma\u00dfe rechter Amethyst: 13 x 11,5 x 2,5 cm<br data-start=\"735\" data-end=\"738\" \/>Gesamth\u00f6he (inkl. St\u00e4nder): 24 cm<br data-start=\"771\" data-end=\"774\" \/>Reinheit: Nat\u00fcrlich<br data-start=\"847\" data-end=\"850\" \/>Steinart: Amethyst (rosa)<\/p>\n<hr data-start=\"877\" data-end=\"880\" \/>\n<h4 data-start=\"882\" data-end=\"904\"><span class=\"ez-toc-section\" id=\"_Besonderheiten\"><\/span>\u00a0\u0627\u0644\u0645\u064a\u0632\u0627\u062a \u0627\u0644\u062e\u0627\u0635\u0629<span class=\"ez-toc-section-end\"><\/span><\/h4>\n<p data-start=\"906\" data-end=\"1224\">Der Rosa Amethyst auf St\u00e4nder 24 x 14,5 x 3,5 cm ist bekannt f\u00fcr seine sanfte, heilende Schwingung und steht f\u00fcr Liebe<strong>, <\/strong>emotionale Heilung und innere Balance.<br data-start=\"1072\" data-end=\"1075\" \/>Dieser Edelstein besitzt eine h\u00f6here energetische Frequenz als der violette Amethyst, wirkt jedoch wesentlich milder \u2013 ideal f\u00fcr sensible Menschen.<\/p>\n<p data-start=\"1226\" data-end=\"1468\">Er \u00f6ffnet das Herzchakra, l\u00f6st emotionale Blockaden und unterst\u00fctzt die Verarbeitung sowie Heilung auf seelischer Ebene. Seine liebevolle Energie spendet Trost bei emotionalem Schmerz und hilft, tiefsitzende \u00c4ngste und Traumata loszulassen.<\/p>\n<p data-start=\"1470\" data-end=\"1695\">Dar\u00fcber hinaus f\u00f6rdert der rosa Amethyst Selbstliebe, emotionale Stabilit\u00e4t und ein Gef\u00fchl von Geborgenheit. In Meditations- oder Therapier\u00e4umen bringt er eine sanft beruhigende Atmosph\u00e4re und unterst\u00fctzt innere Heilprozesse.<\/p>\n<hr data-start=\"1697\" data-end=\"1700\" \/>\n<h4 data-start=\"1702\" data-end=\"1742\"><span class=\"ez-toc-section\" id=\"_Mehr_uber_Amethyste_Heilsteine\"><\/span>\u00a0Mehr \u00fcber Amethyste &amp; Heilsteine<span class=\"ez-toc-section-end\"><\/span><\/h4>\n<p data-start=\"1744\" data-end=\"1787\"><a href=\"https:\/\/saphirsmaragd.com\/ar\/product-category\/heilsteine-kristalle-kaufen\/\">Heilsteine &amp; Kristalle | Saphir &amp; Smaragd<\/a><\/p>\n<hr data-start=\"1789\" data-end=\"1792\" \/>\n<h4 data-start=\"1794\" data-end=\"1815\"><span class=\"ez-toc-section\" id=\"_Weitere_Infos\"><\/span>\u00a0\u0645\u0632\u064a\u062f \u0645\u0646 \u0627\u0644\u0645\u0639\u0644\u0648\u0645\u0627\u062a<span class=\"ez-toc-section-end\"><\/span><\/h4>\n<p data-start=\"1817\" data-end=\"1878\"><a class=\"decorated-link cursor-pointer\" href=\"https:\/\/de.wikipedia.org\/wiki\/Amethyst\" target=\"_new\" rel=\"noopener\" data-start=\"1817\" data-end=\"1878\">Wikipedia: Amethyst<\/a><\/p>\n<p data-start=\"1817\" data-end=\"1878\">","protected":false},"excerpt":{"rendered":"<p><em>Rosa Amethyst auf St\u00e4nder 24 x 14,5 x 3,5 cm \u2013 ein einzigartiger Naturstein aus Brasilien mit liebevoller und heilender Energie.<\/em><\/p>","protected":false},"featured_media":2099,"comment_status":"open","ping_status":"closed","template":"","meta":{"_glsr_average":0,"_glsr_ranking":0,"_glsr_reviews":0},"product_brand":[],"product_cat":[84],"product_tag":[],"class_list":{"0":"post-2098","1":"product","2":"type-product","3":"status-publish","4":"has-post-thumbnail","6":"product_cat-rohsteine-kaufen","8":"first","9":"instock","10":"shipping-taxable","11":"purchasable","12":"product-type-simple","13":"add-to-wishlist-before_image"},"jetpack_sharing_enabled":true,"_links":{"self":[{"href":"https:\/\/saphirsmaragd.com\/ar\/wp-json\/wp\/v2\/product\/2098","targetHints":{"allow":["GET"]}}],"collection":[{"href":"https:\/\/saphirsmaragd.com\/ar\/wp-json\/wp\/v2\/product"}],"about":[{"href":"https:\/\/saphirsmaragd.com\/ar\/wp-json\/wp\/v2\/types\/product"}],"replies":[{"embeddable":true,"href":"https:\/\/saphirsmaragd.com\/ar\/wp-json\/wp\/v2\/comments?post=2098"}],"version-history":[{"count":1,"href":"https:\/\/saphirsmaragd.com\/ar\/wp-json\/wp\/v2\/product\/2098\/revisions"}],"predecessor-version":[{"id":2103,"href":"https:\/\/saphirsmaragd.com\/ar\/wp-json\/wp\/v2\/product\/2098\/revisions\/2103"}],"wp:featuredmedia":[{"embeddable":true,"href":"https:\/\/saphirsmaragd.com\/ar\/wp-json\/wp\/v2\/media\/2099"}],"wp:attachment":[{"href":"https:\/\/saphirsmaragd.com\/ar\/wp-json\/wp\/v2\/media?parent=2098"}],"wp:term":[{"taxonomy":"product_brand","embeddable":true,"href":"https:\/\/saphirsmaragd.com\/ar\/wp-json\/wp\/v2\/product_brand?post=2098"},{"taxonomy":"product_cat","embeddable":true,"href":"https:\/\/saphirsmaragd.com\/ar\/wp-json\/wp\/v2\/product_cat?post=2098"},{"taxonomy":"product_tag","embeddable":true,"href":"https:\/\/saphirsmaragd.com\/ar\/wp-json\/wp\/v2\/product_tag?post=2098"}],"curies":[{"name":"wp","href":"https:\/\/api.w.org\/{rel}","templated":true}]}}