{"id":2392,"date":"2025-10-10T14:16:51","date_gmt":"2025-10-10T14:16:51","guid":{"rendered":"https:\/\/saphirsmaragd.com\/?post_type=product&#038;p=2392"},"modified":"2025-12-29T19:02:37","modified_gmt":"2025-12-29T19:02:37","slug":"diamant-prinzess-0-20-karat","status":"publish","type":"product","link":"https:\/\/saphirsmaragd.com\/ar\/product\/diamant-prinzess-0-20-karat\/","title":{"rendered":"Diamant Prinzess 0.20 Karat \u2013 nat\u00fcrlicher facettierter Edelstein"},"content":{"rendered":"<div id=\"ez-toc-container\" class=\"ez-toc-v2_0_83 counter-hierarchy ez-toc-counter ez-toc-grey ez-toc-container-direction\">\n<div class=\"ez-toc-title-container\">\n<p class=\"ez-toc-title\" style=\"cursor:inherit\">\u062c\u062f\u0648\u0644 \u0627\u0644\u0645\u062d\u062a\u0648\u064a\u0627\u062a<\/p>\n<span class=\"ez-toc-title-toggle\"><a href=\"#\" class=\"ez-toc-pull-right ez-toc-btn ez-toc-btn-xs ez-toc-btn-default ez-toc-toggle\" aria-label=\"Toggle Table of Content\"><span class=\"ez-toc-js-icon-con\"><span class=\"\"><span class=\"eztoc-hide\" style=\"display:none;\">\u062a\u0628\u062f\u064a\u0644<\/span><span class=\"ez-toc-icon-toggle-span\"><svg style=\"fill: #999;color:#999\" xmlns=\"http:\/\/www.w3.org\/2000\/svg\" class=\"list-377408\" width=\"20px\" height=\"20px\" viewbox=\"0 0 24 24\" fill=\"none\"><path d=\"M6 6H4v2h2V6zm14 0H8v2h12V6zM4 11h2v2H4v-2zm16 0H8v2h12v-2zM4 16h2v2H4v-2zm16 0H8v2h12v-2z\" fill=\"currentColor\"><\/path><\/svg><svg style=\"fill: #999;color:#999\" class=\"arrow-unsorted-368013\" xmlns=\"http:\/\/www.w3.org\/2000\/svg\" width=\"10px\" height=\"10px\" viewbox=\"0 0 24 24\" version=\"1.2\" baseprofile=\"tiny\"><path d=\"M18.2 9.3l-6.2-6.3-6.2 6.3c-.2.2-.3.4-.3.7s.1.5.3.7c.2.2.4.3.7.3h11c.3 0 .5-.1.7-.3.2-.2.3-.5.3-.7s-.1-.5-.3-.7zM5.8 14.7l6.2 6.3 6.2-6.3c.2-.2.3-.5.3-.7s-.1-.5-.3-.7c-.2-.2-.4-.3-.7-.3h-11c-.3 0-.5.1-.7.3-.2.2-.3.5-.3.7s.1.5.3.7z\"\/><\/svg><\/span><\/span><\/span><\/a><\/span><\/div>\n<nav><ul class='ez-toc-list ez-toc-list-level-1' ><li class='ez-toc-page-1 ez-toc-heading-level-4'><a class=\"ez-toc-link ez-toc-heading-1\" href=\"https:\/\/saphirsmaragd.com\/ar\/product\/diamant-prinzess-0-20-karat\/#Merkmale_Herkunft\" >\u0627\u0644\u062e\u0635\u0627\u0626\u0635 \u0648\u0627\u0644\u0623\u0635\u0644<\/a><\/li><li class='ez-toc-page-1 ez-toc-heading-level-4'><a class=\"ez-toc-link ez-toc-heading-2\" href=\"https:\/\/saphirsmaragd.com\/ar\/product\/diamant-prinzess-0-20-karat\/#Besonderheiten\" >\u0627\u0644\u0645\u064a\u0632\u0627\u062a \u0627\u0644\u062e\u0627\u0635\u0629<\/a><\/li><li class='ez-toc-page-1 ez-toc-heading-level-4'><a class=\"ez-toc-link ez-toc-heading-3\" href=\"https:\/\/saphirsmaragd.com\/ar\/product\/diamant-prinzess-0-20-karat\/#Mehr_uber_unsere_Edelsteine\" >\u0627\u0644\u0645\u0632\u064a\u062f \u0639\u0646 \u0623\u062d\u062c\u0627\u0631\u0646\u0627 \u0627\u0644\u0643\u0631\u064a\u0645\u0629<\/a><\/li><li class='ez-toc-page-1 ez-toc-heading-level-4'><a class=\"ez-toc-link ez-toc-heading-4\" href=\"https:\/\/saphirsmaragd.com\/ar\/product\/diamant-prinzess-0-20-karat\/#Weitere_Infos\" >\u0645\u0632\u064a\u062f \u0645\u0646 \u0627\u0644\u0645\u0639\u0644\u0648\u0645\u0627\u062a<\/a><\/li><\/ul><\/nav><\/div>\n<p data-start=\"609\" data-end=\"685\"><strong data-start=\"609\" data-end=\"685\">Diamant Prinzess 0.20 Karat \u2013 funkelnder Quadratschliff f\u00fcr edle Designs<\/strong><\/p>\n<p data-start=\"687\" data-end=\"990\">Dieser nat\u00fcrliche Diamant beeindruckt durch seinen pr\u00e4zisen Prinzess-Schliff mit 3,20 mm Kantenl\u00e4nge. Mit G-Farbe (Wei\u00df) und VS-Reinheit bietet der Diamant-Prinzess 0.20 Karat ein intensives Funkeln und eignet sich perfekt als Mittelstein f\u00fcr Verlobungsringe, Anh\u00e4nger oder hochwertige Ma\u00dfanfertigungen.<\/p>\n<hr data-start=\"992\" data-end=\"995\" \/>\n<h4 data-start=\"997\" data-end=\"1021\"><span class=\"ez-toc-section\" id=\"Merkmale_Herkunft\"><\/span>\u0627\u0644\u062e\u0635\u0627\u0626\u0635 \u0648\u0627\u0644\u0623\u0635\u0644<span class=\"ez-toc-section-end\"><\/span><\/h4>\n<p data-start=\"1023\" data-end=\"1304\">Stein: Diamant<br data-start=\"1037\" data-end=\"1040\" \/>Farbe: G (Wei\u00df)<br data-start=\"1055\" data-end=\"1058\" \/>Form: Prinzess facettiert<br data-start=\"1083\" data-end=\"1086\" \/>Gewicht: 0.20 Karat<br data-start=\"1105\" data-end=\"1108\" \/>Ma\u00dfe: 3.20 \u00d7 3.20 mm<br data-start=\"1128\" data-end=\"1131\" \/>H\u00e4rte: 10 Mohs<br data-start=\"1145\" data-end=\"1148\" \/>Reinheit: Sehr kleine Einschl\u00fcsse (VS)<br data-start=\"1186\" data-end=\"1189\" \/>Zertifikat: Wird im Etui mit Zertifikat geliefert<br data-start=\"1238\" data-end=\"1241\" \/>Herkunft: Nat\u00fcrlicher Diamant, konfliktfrei (Kimberley Process)<\/p>\n<hr data-start=\"1306\" data-end=\"1309\" \/>\n<h4 data-start=\"1311\" data-end=\"1330\"><span class=\"ez-toc-section\" id=\"Besonderheiten\"><\/span>\u0627\u0644\u0645\u064a\u0632\u0627\u062a \u0627\u0644\u062e\u0627\u0635\u0629<span class=\"ez-toc-section-end\"><\/span><\/h4>\n<p data-start=\"1332\" data-end=\"1681\">Der quadratische Prinzess-Schliff z\u00e4hlt zu den beliebtesten modernen Formen und verbindet Brillanz mit klaren Linien. G-Farbe und VS-Reinheit garantieren ein hochwertiges Erscheinungsbild ohne sichtbare Einschl\u00fcsse. Zertifizierte Herkunft und konfliktfreie Gewinnung machen den Diamant Prinzess 0.20 Karat zur idealen Wahl f\u00fcr feine Schmuckprojekte.<\/p>\n<hr data-start=\"1926\" data-end=\"1929\" \/>\n<h4 data-start=\"1931\" data-end=\"1971\"><span class=\"ez-toc-section\" id=\"Mehr_uber_unsere_Edelsteine\"><\/span>\u0627\u0644\u0645\u0632\u064a\u062f \u0639\u0646 \u0623\u062d\u062c\u0627\u0631\u0646\u0627 \u0627\u0644\u0643\u0631\u064a\u0645\u0629<span class=\"ez-toc-section-end\"><\/span><\/h4>\n<p data-start=\"1972\" data-end=\"2069\"><a href=\"https:\/\/saphirsmaragd.com\/ar\/product-category\/edelsteine-kaufen\/\">\u0627\u0644\u0623\u062d\u062c\u0627\u0631 \u0627\u0644\u0643\u0631\u064a\u0645\u0629<\/a><\/p>\n<hr data-start=\"2071\" data-end=\"2074\" \/>\n<h4 data-start=\"2076\" data-end=\"2096\"><span class=\"ez-toc-section\" id=\"Weitere_Infos\"><\/span>\u0645\u0632\u064a\u062f \u0645\u0646 \u0627\u0644\u0645\u0639\u0644\u0648\u0645\u0627\u062a<span class=\"ez-toc-section-end\"><\/span><\/h4>\n<p data-start=\"2097\" data-end=\"2160\"><a class=\"decorated-link cursor-pointer\" href=\"https:\/\/de.wikipedia.org\/wiki\/Diamant#:~:text=Diamant%20ist%20die%20kubische%20Modifikation,Tetraeder%2C%20Dodekaeder%20und%20der%20W%C3%BCrfel.\" target=\"_new\" rel=\"noopener\" data-start=\"2097\" data-end=\"2160\">Wikipedia: Diamant<\/a><\/p>","protected":false},"excerpt":{"rendered":"<p data-start=\"327\" data-end=\"495\">Diamant Prinzess 0.20 Karat \u2013 G-Farbe, VS-Reinheit, quadratischer Schliff, zertifiziert und konfliktfrei. Ideal f\u00fcr feine Schmuckanfertigungen.<\/p>","protected":false},"featured_media":2396,"comment_status":"open","ping_status":"closed","template":"","meta":{"_glsr_average":0,"_glsr_ranking":0,"_glsr_reviews":0},"product_brand":[],"product_cat":[106],"product_tag":[],"class_list":{"0":"post-2392","1":"product","2":"type-product","3":"status-publish","4":"has-post-thumbnail","6":"product_cat-diamant-kaufen","7":"pa_edelsteinart-diamant","8":"pa_farbe-weiss","9":"pa_form-princess","10":"pa_gewicht-karat-0-1-0-5-karat","11":"pa_reinheit-sehr-kleine-einschluesse","12":"pa_veredelung-behandlung-unbehandelt","13":"pa_zertifikat-ja","14":"pa_zustand-neu","16":"first","17":"instock","18":"featured","19":"sold-individually","20":"shipping-taxable","21":"purchasable","22":"product-type-simple","23":"add-to-wishlist-before_image"},"jetpack_sharing_enabled":true,"_links":{"self":[{"href":"https:\/\/saphirsmaragd.com\/ar\/wp-json\/wp\/v2\/product\/2392","targetHints":{"allow":["GET"]}}],"collection":[{"href":"https:\/\/saphirsmaragd.com\/ar\/wp-json\/wp\/v2\/product"}],"about":[{"href":"https:\/\/saphirsmaragd.com\/ar\/wp-json\/wp\/v2\/types\/product"}],"replies":[{"embeddable":true,"href":"https:\/\/saphirsmaragd.com\/ar\/wp-json\/wp\/v2\/comments?post=2392"}],"version-history":[{"count":1,"href":"https:\/\/saphirsmaragd.com\/ar\/wp-json\/wp\/v2\/product\/2392\/revisions"}],"predecessor-version":[{"id":2397,"href":"https:\/\/saphirsmaragd.com\/ar\/wp-json\/wp\/v2\/product\/2392\/revisions\/2397"}],"wp:featuredmedia":[{"embeddable":true,"href":"https:\/\/saphirsmaragd.com\/ar\/wp-json\/wp\/v2\/media\/2396"}],"wp:attachment":[{"href":"https:\/\/saphirsmaragd.com\/ar\/wp-json\/wp\/v2\/media?parent=2392"}],"wp:term":[{"taxonomy":"product_brand","embeddable":true,"href":"https:\/\/saphirsmaragd.com\/ar\/wp-json\/wp\/v2\/product_brand?post=2392"},{"taxonomy":"product_cat","embeddable":true,"href":"https:\/\/saphirsmaragd.com\/ar\/wp-json\/wp\/v2\/product_cat?post=2392"},{"taxonomy":"product_tag","embeddable":true,"href":"https:\/\/saphirsmaragd.com\/ar\/wp-json\/wp\/v2\/product_tag?post=2392"}],"curies":[{"name":"wp","href":"https:\/\/api.w.org\/{rel}","templated":true}]}}