{"id":3081,"date":"2025-10-13T16:19:04","date_gmt":"2025-10-13T16:19:04","guid":{"rendered":"https:\/\/saphirsmaragd.com\/?post_type=product&#038;p=3081"},"modified":"2025-12-29T18:58:58","modified_gmt":"2025-12-29T18:58:58","slug":"rosenquarz-12-51-karat-rosa-dreieck","status":"publish","type":"product","link":"https:\/\/saphirsmaragd.com\/ar\/product\/rosenquarz-12-51-karat-rosa-dreieck\/","title":{"rendered":"Rosenquarz 12.51 Karat Rosa Dreieck \u2013 Pastellrosa geschliffen mit Zertifikat"},"content":{"rendered":"<div id=\"ez-toc-container\" class=\"ez-toc-v2_0_82_2 counter-hierarchy ez-toc-counter ez-toc-grey ez-toc-container-direction\">\n<div class=\"ez-toc-title-container\">\n<p class=\"ez-toc-title\" style=\"cursor:inherit\">\u062c\u062f\u0648\u0644 \u0627\u0644\u0645\u062d\u062a\u0648\u064a\u0627\u062a<\/p>\n<span class=\"ez-toc-title-toggle\"><a href=\"#\" class=\"ez-toc-pull-right ez-toc-btn ez-toc-btn-xs ez-toc-btn-default ez-toc-toggle\" aria-label=\"Toggle Table of Content\"><span class=\"ez-toc-js-icon-con\"><span class=\"\"><span class=\"eztoc-hide\" style=\"display:none;\">\u062a\u0628\u062f\u064a\u0644<\/span><span class=\"ez-toc-icon-toggle-span\"><svg style=\"fill: #999;color:#999\" xmlns=\"http:\/\/www.w3.org\/2000\/svg\" class=\"list-377408\" width=\"20px\" height=\"20px\" viewbox=\"0 0 24 24\" fill=\"none\"><path d=\"M6 6H4v2h2V6zm14 0H8v2h12V6zM4 11h2v2H4v-2zm16 0H8v2h12v-2zM4 16h2v2H4v-2zm16 0H8v2h12v-2z\" fill=\"currentColor\"><\/path><\/svg><svg style=\"fill: #999;color:#999\" class=\"arrow-unsorted-368013\" xmlns=\"http:\/\/www.w3.org\/2000\/svg\" width=\"10px\" height=\"10px\" viewbox=\"0 0 24 24\" version=\"1.2\" baseprofile=\"tiny\"><path d=\"M18.2 9.3l-6.2-6.3-6.2 6.3c-.2.2-.3.4-.3.7s.1.5.3.7c.2.2.4.3.7.3h11c.3 0 .5-.1.7-.3.2-.2.3-.5.3-.7s-.1-.5-.3-.7zM5.8 14.7l6.2 6.3 6.2-6.3c.2-.2.3-.5.3-.7s-.1-.5-.3-.7c-.2-.2-.4-.3-.7-.3h-11c-.3 0-.5.1-.7.3-.2.2-.3.5-.3.7s.1.5.3.7z\"\/><\/svg><\/span><\/span><\/span><\/a><\/span><\/div>\n<nav><ul class='ez-toc-list ez-toc-list-level-1' ><li class='ez-toc-page-1 ez-toc-heading-level-4'><a class=\"ez-toc-link ez-toc-heading-1\" href=\"https:\/\/saphirsmaragd.com\/ar\/product\/rosenquarz-12-51-karat-rosa-dreieck\/#Rosenquarz_1251_Karat_Rosa_Dreieck_%E2%80%93_naturlicher_Pastellton_mit_Zertifikat\" >Rosenquarz 12.51 Karat Rosa Dreieck \u2013 nat\u00fcrlicher Pastellton mit Zertifikat<\/a><\/li><li class='ez-toc-page-1 ez-toc-heading-level-4'><a class=\"ez-toc-link ez-toc-heading-2\" href=\"https:\/\/saphirsmaragd.com\/ar\/product\/rosenquarz-12-51-karat-rosa-dreieck\/#Merkmale_Herkunft\" >\u0627\u0644\u062e\u0635\u0627\u0626\u0635 \u0648\u0627\u0644\u0623\u0635\u0644<\/a><\/li><li class='ez-toc-page-1 ez-toc-heading-level-4'><a class=\"ez-toc-link ez-toc-heading-3\" href=\"https:\/\/saphirsmaragd.com\/ar\/product\/rosenquarz-12-51-karat-rosa-dreieck\/#Besonderheiten\" >\u0627\u0644\u0645\u064a\u0632\u0627\u062a \u0627\u0644\u062e\u0627\u0635\u0629<\/a><\/li><li class='ez-toc-page-1 ez-toc-heading-level-4'><a class=\"ez-toc-link ez-toc-heading-4\" href=\"https:\/\/saphirsmaragd.com\/ar\/product\/rosenquarz-12-51-karat-rosa-dreieck\/#Mehr_uber_unsere_Edelsteine\" >\u0627\u0644\u0645\u0632\u064a\u062f \u0639\u0646 \u0623\u062d\u062c\u0627\u0631\u0646\u0627 \u0627\u0644\u0643\u0631\u064a\u0645\u0629<\/a><\/li><li class='ez-toc-page-1 ez-toc-heading-level-4'><a class=\"ez-toc-link ez-toc-heading-5\" href=\"https:\/\/saphirsmaragd.com\/ar\/product\/rosenquarz-12-51-karat-rosa-dreieck\/#Weitere_Infos\" >\u0645\u0632\u064a\u062f \u0645\u0646 \u0627\u0644\u0645\u0639\u0644\u0648\u0645\u0627\u062a<\/a><\/li><\/ul><\/nav><\/div>\n<h4 data-start=\"484\" data-end=\"724\"><span class=\"ez-toc-section\" id=\"Rosenquarz_1251_Karat_Rosa_Dreieck_%E2%80%93_naturlicher_Pastellton_mit_Zertifikat\"><\/span><strong data-start=\"484\" data-end=\"563\">Rosenquarz 12.51 Karat Rosa Dreieck \u2013 nat\u00fcrlicher Pastellton mit Zertifikat<\/strong><span class=\"ez-toc-section-end\"><\/span><\/h4>\n<p data-start=\"484\" data-end=\"724\">Dieser Rosenquarz beeindruckt durch seinen zarten Rosaton, pr\u00e4zisen Dreiecksschliff und seine Reinheit. Ein Sammlerst\u00fcck oder ideal f\u00fcr edle Schmuckfassungen.<\/p>\n<hr data-start=\"726\" data-end=\"729\" \/>\n<h4 data-start=\"731\" data-end=\"761\"><span class=\"ez-toc-section\" id=\"Merkmale_Herkunft\"><\/span><strong data-start=\"736\" data-end=\"759\">\u0627\u0644\u062e\u0635\u0627\u0626\u0635 \u0648\u0627\u0644\u0623\u0635\u0644<\/strong><span class=\"ez-toc-section-end\"><\/span><\/h4>\n<p data-start=\"762\" data-end=\"951\">Steinart: Rosenquarz<br data-start=\"782\" data-end=\"785\" \/>Farbe: Rosa<br data-start=\"796\" data-end=\"799\" \/>Form: Dreiecksschliff (16.43 mm)<br data-start=\"831\" data-end=\"834\" \/>Gewicht: 12.51 Karat<br data-start=\"854\" data-end=\"857\" \/>H\u00e4rte: 7 Mohs<br data-start=\"870\" data-end=\"873\" \/>Reinheit: Lupenrein<br data-start=\"892\" data-end=\"895\" \/>Zertifikat: Ja \u2013 Val\u00e9rie Durafourg<br data-start=\"929\" data-end=\"932\" \/>\u0627\u0644\u0645\u0646\u0634\u0623: \u0627\u0644\u0628\u0631\u0627\u0632\u064a\u0644<\/p>\n<hr data-start=\"953\" data-end=\"956\" \/>\n<h4 data-start=\"958\" data-end=\"983\"><span class=\"ez-toc-section\" id=\"Besonderheiten\"><\/span><strong data-start=\"963\" data-end=\"981\">\u0627\u0644\u0645\u064a\u0632\u0627\u062a \u0627\u0644\u062e\u0627\u0635\u0629<\/strong><span class=\"ez-toc-section-end\"><\/span><\/h4>\n<p data-start=\"984\" data-end=\"1216\">Dieser Rosenquarz zeichnet sich durch seine reine Transparenz und den leuchtenden Pastellfarbton aus. Der Dreiecksschliff verst\u00e4rkt Lichtreflexion und Tiefe und macht den Stein vielseitig einsetzbar \u2013 von Schmuckdesign bis Sammlung.<\/p>\n<hr data-start=\"1926\" data-end=\"1929\" \/>\n<h4 data-start=\"1931\" data-end=\"1971\"><span class=\"ez-toc-section\" id=\"Mehr_uber_unsere_Edelsteine\"><\/span>\u0627\u0644\u0645\u0632\u064a\u062f \u0639\u0646 \u0623\u062d\u062c\u0627\u0631\u0646\u0627 \u0627\u0644\u0643\u0631\u064a\u0645\u0629<span class=\"ez-toc-section-end\"><\/span><\/h4>\n<p data-start=\"1972\" data-end=\"2069\"><a href=\"https:\/\/saphirsmaragd.com\/ar\/product-category\/edelsteine-kaufen\/\">\u0627\u0644\u0623\u062d\u062c\u0627\u0631 \u0627\u0644\u0643\u0631\u064a\u0645\u0629<\/a><\/p>\n<hr data-start=\"2071\" data-end=\"2074\" \/>\n<h4 data-start=\"2076\" data-end=\"2096\"><span class=\"ez-toc-section\" id=\"Weitere_Infos\"><\/span>\u0645\u0632\u064a\u062f \u0645\u0646 \u0627\u0644\u0645\u0639\u0644\u0648\u0645\u0627\u062a<span class=\"ez-toc-section-end\"><\/span><\/h4>\n<p><a href=\"https:\/\/de.wikipedia.org\/wiki\/Rosenquarz\" target=\"_blank\" rel=\"noopener\">Wikipedia: Rosenquarz<\/a><\/p>","protected":false},"excerpt":{"rendered":"<p data-start=\"228\" data-end=\"386\"><em>Rosenquarz 12.51 Karat Rosa Dreieck mit Zertifikat, nat\u00fcrlicher Pastellton, hochwertiger Schliff und 7 Mohs H\u00e4rte. Jetzt entdecken.<\/em><\/p>\n<p data-start=\"388\" data-end=\"451\">\n<h3 data-start=\"660\" data-end=\"684\"><\/h3>\n<p data-start=\"575\" data-end=\"606\">","protected":false},"featured_media":3084,"comment_status":"open","ping_status":"closed","template":"","meta":{"_glsr_average":0,"_glsr_ranking":0,"_glsr_reviews":0},"product_brand":[],"product_cat":[283],"product_tag":[],"class_list":{"0":"post-3081","1":"product","2":"type-product","3":"status-publish","4":"has-post-thumbnail","6":"product_cat-quarz","7":"pa_edelsteinart-quarz","8":"pa_farbe-rosa","9":"pa_form-dreieck","10":"pa_gewicht-karat-10-20-karat","11":"pa_herkunft-brasilien","12":"pa_reinheit-lupenrein","13":"pa_zertifikat-ja","14":"pa_zustand-neu","16":"first","17":"instock","18":"featured","19":"sold-individually","20":"shipping-taxable","21":"purchasable","22":"product-type-simple","23":"add-to-wishlist-before_image"},"jetpack_sharing_enabled":true,"_links":{"self":[{"href":"https:\/\/saphirsmaragd.com\/ar\/wp-json\/wp\/v2\/product\/3081","targetHints":{"allow":["GET"]}}],"collection":[{"href":"https:\/\/saphirsmaragd.com\/ar\/wp-json\/wp\/v2\/product"}],"about":[{"href":"https:\/\/saphirsmaragd.com\/ar\/wp-json\/wp\/v2\/types\/product"}],"replies":[{"embeddable":true,"href":"https:\/\/saphirsmaragd.com\/ar\/wp-json\/wp\/v2\/comments?post=3081"}],"version-history":[{"count":1,"href":"https:\/\/saphirsmaragd.com\/ar\/wp-json\/wp\/v2\/product\/3081\/revisions"}],"predecessor-version":[{"id":3085,"href":"https:\/\/saphirsmaragd.com\/ar\/wp-json\/wp\/v2\/product\/3081\/revisions\/3085"}],"wp:featuredmedia":[{"embeddable":true,"href":"https:\/\/saphirsmaragd.com\/ar\/wp-json\/wp\/v2\/media\/3084"}],"wp:attachment":[{"href":"https:\/\/saphirsmaragd.com\/ar\/wp-json\/wp\/v2\/media?parent=3081"}],"wp:term":[{"taxonomy":"product_brand","embeddable":true,"href":"https:\/\/saphirsmaragd.com\/ar\/wp-json\/wp\/v2\/product_brand?post=3081"},{"taxonomy":"product_cat","embeddable":true,"href":"https:\/\/saphirsmaragd.com\/ar\/wp-json\/wp\/v2\/product_cat?post=3081"},{"taxonomy":"product_tag","embeddable":true,"href":"https:\/\/saphirsmaragd.com\/ar\/wp-json\/wp\/v2\/product_tag?post=3081"}],"curies":[{"name":"wp","href":"https:\/\/api.w.org\/{rel}","templated":true}]}}