{"id":4038,"date":"2025-10-31T21:19:17","date_gmt":"2025-10-31T21:19:17","guid":{"rendered":"https:\/\/saphirsmaragd.com\/?post_type=product&#038;p=4038"},"modified":"2025-12-05T10:15:04","modified_gmt":"2025-12-05T10:15:04","slug":"achat-auf-stand-2153-g","status":"publish","type":"product","link":"https:\/\/saphirsmaragd.com\/ar\/product\/achat-auf-stand-2153-g\/","title":{"rendered":"Achat auf Stand 2153 g \u2013 Sch\u00fctzender Edelstein aus Brasilien"},"content":{"rendered":"<div id=\"ez-toc-container\" class=\"ez-toc-v2_0_83 counter-hierarchy ez-toc-counter ez-toc-grey ez-toc-container-direction\">\n<div class=\"ez-toc-title-container\">\n<p class=\"ez-toc-title\" style=\"cursor:inherit\">\u062c\u062f\u0648\u0644 \u0627\u0644\u0645\u062d\u062a\u0648\u064a\u0627\u062a<\/p>\n<span class=\"ez-toc-title-toggle\"><a href=\"#\" class=\"ez-toc-pull-right ez-toc-btn ez-toc-btn-xs ez-toc-btn-default ez-toc-toggle\" aria-label=\"Toggle Table of Content\"><span class=\"ez-toc-js-icon-con\"><span class=\"\"><span class=\"eztoc-hide\" style=\"display:none;\">\u062a\u0628\u062f\u064a\u0644<\/span><span class=\"ez-toc-icon-toggle-span\"><svg style=\"fill: #999;color:#999\" xmlns=\"http:\/\/www.w3.org\/2000\/svg\" class=\"list-377408\" width=\"20px\" height=\"20px\" viewbox=\"0 0 24 24\" fill=\"none\"><path d=\"M6 6H4v2h2V6zm14 0H8v2h12V6zM4 11h2v2H4v-2zm16 0H8v2h12v-2zM4 16h2v2H4v-2zm16 0H8v2h12v-2z\" fill=\"currentColor\"><\/path><\/svg><svg style=\"fill: #999;color:#999\" class=\"arrow-unsorted-368013\" xmlns=\"http:\/\/www.w3.org\/2000\/svg\" width=\"10px\" height=\"10px\" viewbox=\"0 0 24 24\" version=\"1.2\" baseprofile=\"tiny\"><path d=\"M18.2 9.3l-6.2-6.3-6.2 6.3c-.2.2-.3.4-.3.7s.1.5.3.7c.2.2.4.3.7.3h11c.3 0 .5-.1.7-.3.2-.2.3-.5.3-.7s-.1-.5-.3-.7zM5.8 14.7l6.2 6.3 6.2-6.3c.2-.2.3-.5.3-.7s-.1-.5-.3-.7c-.2-.2-.4-.3-.7-.3h-11c-.3 0-.5.1-.7.3-.2.2-.3.5-.3.7s.1.5.3.7z\"\/><\/svg><\/span><\/span><\/span><\/a><\/span><\/div>\n<nav><ul class='ez-toc-list ez-toc-list-level-1' ><li class='ez-toc-page-1 ez-toc-heading-level-4'><a class=\"ez-toc-link ez-toc-heading-1\" href=\"https:\/\/saphirsmaragd.com\/ar\/product\/achat-auf-stand-2153-g\/#Achat_auf_Stand_2153_g_%E2%80%93_Schutzender_Edelstein_aus_Brasilien\" >Achat auf Stand 2153 g \u2013 Sch\u00fctzender Edelstein aus Brasilien<\/a><\/li><li class='ez-toc-page-1 ez-toc-heading-level-4'><a class=\"ez-toc-link ez-toc-heading-2\" href=\"https:\/\/saphirsmaragd.com\/ar\/product\/achat-auf-stand-2153-g\/#Merkmale_Herkunft\" >\u0627\u0644\u062e\u0635\u0627\u0626\u0635 \u0648\u0627\u0644\u0623\u0635\u0644<\/a><\/li><li class='ez-toc-page-1 ez-toc-heading-level-4'><a class=\"ez-toc-link ez-toc-heading-3\" href=\"https:\/\/saphirsmaragd.com\/ar\/product\/achat-auf-stand-2153-g\/#Besonderheiten\" >\u0627\u0644\u0645\u064a\u0632\u0627\u062a \u0627\u0644\u062e\u0627\u0635\u0629<\/a><\/li><li class='ez-toc-page-1 ez-toc-heading-level-4'><a class=\"ez-toc-link ez-toc-heading-4\" href=\"https:\/\/saphirsmaragd.com\/ar\/product\/achat-auf-stand-2153-g\/#Mehr_uber_Achate_Heilsteine\" >Mehr \u00fcber Achate &amp; Heilsteine<\/a><\/li><li class='ez-toc-page-1 ez-toc-heading-level-4'><a class=\"ez-toc-link ez-toc-heading-5\" href=\"https:\/\/saphirsmaragd.com\/ar\/product\/achat-auf-stand-2153-g\/#Weitere_Infos\" >\u0645\u0632\u064a\u062f \u0645\u0646 \u0627\u0644\u0645\u0639\u0644\u0648\u0645\u0627\u062a<\/a><\/li><\/ul><\/nav><\/div>\n<h4 data-start=\"298\" data-end=\"364\"><span class=\"ez-toc-section\" id=\"Achat_auf_Stand_2153_g_%E2%80%93_Schutzender_Edelstein_aus_Brasilien\"><\/span><strong data-start=\"300\" data-end=\"364\">Achat auf Stand 2153 g \u2013 Sch\u00fctzender Edelstein aus Brasilien<\/strong><span class=\"ez-toc-section-end\"><\/span><\/h4>\n<p data-start=\"366\" data-end=\"693\">Dieser Achat auf Stand 2153 g ist ein einzigartiges Naturst\u00fcck aus Brasilien. Sie erhalten genau das auf den Fotos abgebildete Exemplar. Der Stein ist auf der Vorderseite poliert und auf der R\u00fcckseite naturbelassen \u2013 ein faszinierendes Zusammenspiel von Glanz und Rohstruktur, das ihn zu einem besonderen Einzelst\u00fcck macht.<\/p>\n<hr data-start=\"695\" data-end=\"698\" \/>\n<h4 data-start=\"700\" data-end=\"729\"><span class=\"ez-toc-section\" id=\"Merkmale_Herkunft\"><\/span><strong data-start=\"706\" data-end=\"729\">\u0627\u0644\u062e\u0635\u0627\u0626\u0635 \u0648\u0627\u0644\u0623\u0635\u0644<\/strong><span class=\"ez-toc-section-end\"><\/span><\/h4>\n<p data-start=\"730\" data-end=\"1041\">Farbe: Mehrfarbig (Braun-Grau mit hellen B\u00e4ndern)<br data-start=\"779\" data-end=\"782\" \/>Form: Freiform, auf Metallstand montiert<br data-start=\"822\" data-end=\"825\" \/>\u0627\u0644\u0645\u0646\u0634\u0623: \u0627\u0644\u0628\u0631\u0627\u0632\u064a\u0644<br data-start=\"844\" data-end=\"847\" \/>Gewicht: 2153 g (inkl. Stand)<br data-start=\"876\" data-end=\"879\" \/>Ma\u00dfe: 19 \u00d7 13 \u00d7 3.5 cm (Stein) \/ H\u00f6he ca. 26.5 cm (gesamt)<br data-start=\"937\" data-end=\"940\" \/>Behandlung: Polierte Vorderseite, R\u00fcckseite roh<br data-start=\"1021\" data-end=\"1024\" \/>Steinart: Achat<\/p>\n<hr data-start=\"1043\" data-end=\"1046\" \/>\n<h4 data-start=\"1048\" data-end=\"1072\"><span class=\"ez-toc-section\" id=\"Besonderheiten\"><\/span><strong data-start=\"1054\" data-end=\"1072\">\u0627\u0644\u0645\u064a\u0632\u0627\u062a \u0627\u0644\u062e\u0627\u0635\u0629<\/strong><span class=\"ez-toc-section-end\"><\/span><\/h4>\n<p data-start=\"1073\" data-end=\"1548\">Der Achat auf Stand 2153 g ist ein erdender, stabilisierender und sch\u00fctzender Heilstein mit einer sanften, friedlichen Energie. Er bringt K\u00f6rper, Geist und Seele ins Gleichgewicht und schenkt emotionale Sicherheit. Achat hilft, sich selbst anzunehmen, Vertrauen in die eigenen F\u00e4higkeiten zu entwickeln und pers\u00f6nliche Ziele klar zu verfolgen. Seine beruhigende Schwingung reduziert Stress, innere Unruhe und Angstgef\u00fchle, w\u00e4hrend sie Klarheit und Objektivit\u00e4t f\u00f6rdert.<\/p>\n<p data-start=\"1550\" data-end=\"1928\">Dieser Edelstein st\u00e4rkt analytisches Denken, Konzentration und Probleml\u00f6sungsf\u00e4higkeit \u2013 ideal f\u00fcr Studium, Beruf oder Situationen, in denen geistige Fokussierung gefragt ist. Durch seine sch\u00fctzende Energie gilt er zudem als hervorragender Begleiter auf Reisen: Er vermittelt Geborgenheit, sch\u00fctzt vor negativen Einfl\u00fcssen und f\u00f6rdert eine ausgeglichene, harmonische Stimmung.<\/p>\n<p data-start=\"1930\" data-end=\"2458\">Auf k\u00f6rperlicher Ebene unterst\u00fctzt Achat das Immunsystem und das Nervensystem. Er wirkt lindernd bei Nervenschmerzen, st\u00e4rkt Magen, Darm und Blase und f\u00f6rdert die Verdauung sowie den Stoffwechsel. Au\u00dferdem hat er einen positiven Einfluss auf Herz-Kreislauf-Funktionen und die Durchblutung. F\u00fcr Kinder kann Achat hilfreich bei Bettn\u00e4ssen sein. F\u00fcr Frauen ist dieser Heilstein w\u00e4hrend der Schwangerschaft besonders wohltuend, da er Wachstum und Schutz von Mutter und Kind energetisch unterst\u00fctzt und den Uterus st\u00e4rkt.<\/p>\n<hr data-start=\"2460\" data-end=\"2463\" \/>\n<h4 data-start=\"2465\" data-end=\"2504\"><span class=\"ez-toc-section\" id=\"Mehr_uber_Achate_Heilsteine\"><\/span><strong data-start=\"2471\" data-end=\"2504\">Mehr \u00fcber Achate &amp; Heilsteine<\/strong><span class=\"ez-toc-section-end\"><\/span><\/h4>\n<p data-start=\"2505\" data-end=\"2837\">Erfahren Sie mehr \u00fcber die Kraft und Wirkung von <a href=\"https:\/\/saphirsmaragd.com\/ar\/product-category\/heilsteine-kristalle-kaufen\/\">Heilsteinen &amp; Kristallen\u00a0<\/a><\/p>\n<hr data-start=\"2839\" data-end=\"2842\" \/>\n<h4 data-start=\"2844\" data-end=\"2867\"><span class=\"ez-toc-section\" id=\"Weitere_Infos\"><\/span><strong data-start=\"2850\" data-end=\"2867\">\u0645\u0632\u064a\u062f \u0645\u0646 \u0627\u0644\u0645\u0639\u0644\u0648\u0645\u0627\u062a<\/strong><span class=\"ez-toc-section-end\"><\/span><\/h4>\n<p data-start=\"2868\" data-end=\"2923\"><a class=\"decorated-link cursor-pointer\" href=\"https:\/\/de.wikipedia.org\/wiki\/Achat\" target=\"_new\" rel=\"noopener\" data-start=\"2868\" data-end=\"2923\">Wikipedia: Achat<\/a><\/p>","protected":false},"excerpt":{"rendered":"<p><em>Achat auf Stand 2153 g aus Brasilien. Ein einzigartiger Heilstein mit erdender, sch\u00fctzender und ausgleichender Wirkung.<\/em><\/p>","protected":false},"featured_media":4039,"comment_status":"open","ping_status":"closed","template":"","meta":{"_glsr_average":0,"_glsr_ranking":0,"_glsr_reviews":0},"product_brand":[],"product_cat":[84],"product_tag":[],"class_list":{"0":"post-4038","1":"product","2":"type-product","3":"status-publish","4":"has-post-thumbnail","6":"product_cat-rohsteine-kaufen","8":"first","9":"instock","10":"shipping-taxable","11":"purchasable","12":"product-type-simple","13":"add-to-wishlist-before_image"},"jetpack_sharing_enabled":true,"_links":{"self":[{"href":"https:\/\/saphirsmaragd.com\/ar\/wp-json\/wp\/v2\/product\/4038","targetHints":{"allow":["GET"]}}],"collection":[{"href":"https:\/\/saphirsmaragd.com\/ar\/wp-json\/wp\/v2\/product"}],"about":[{"href":"https:\/\/saphirsmaragd.com\/ar\/wp-json\/wp\/v2\/types\/product"}],"replies":[{"embeddable":true,"href":"https:\/\/saphirsmaragd.com\/ar\/wp-json\/wp\/v2\/comments?post=4038"}],"version-history":[{"count":1,"href":"https:\/\/saphirsmaragd.com\/ar\/wp-json\/wp\/v2\/product\/4038\/revisions"}],"predecessor-version":[{"id":4041,"href":"https:\/\/saphirsmaragd.com\/ar\/wp-json\/wp\/v2\/product\/4038\/revisions\/4041"}],"wp:featuredmedia":[{"embeddable":true,"href":"https:\/\/saphirsmaragd.com\/ar\/wp-json\/wp\/v2\/media\/4039"}],"wp:attachment":[{"href":"https:\/\/saphirsmaragd.com\/ar\/wp-json\/wp\/v2\/media?parent=4038"}],"wp:term":[{"taxonomy":"product_brand","embeddable":true,"href":"https:\/\/saphirsmaragd.com\/ar\/wp-json\/wp\/v2\/product_brand?post=4038"},{"taxonomy":"product_cat","embeddable":true,"href":"https:\/\/saphirsmaragd.com\/ar\/wp-json\/wp\/v2\/product_cat?post=4038"},{"taxonomy":"product_tag","embeddable":true,"href":"https:\/\/saphirsmaragd.com\/ar\/wp-json\/wp\/v2\/product_tag?post=4038"}],"curies":[{"name":"wp","href":"https:\/\/api.w.org\/{rel}","templated":true}]}}