{"id":4304,"date":"2025-11-02T13:22:02","date_gmt":"2025-11-02T13:22:02","guid":{"rendered":"https:\/\/saphirsmaragd.com\/?post_type=product&#038;p=4304"},"modified":"2025-12-29T18:50:12","modified_gmt":"2025-12-29T18:50:12","slug":"zirkon-4-95-karat-blau-cushion","status":"publish","type":"product","link":"https:\/\/saphirsmaragd.com\/ar\/product\/zirkon-4-95-karat-blau-cushion\/","title":{"rendered":"Zirkon 4.95 Karat Blau Cushion \u2013 intens leuchtender Edelstein mit au\u00dfergew\u00f6hnlicher Brillanz und Tiefe"},"content":{"rendered":"<div id=\"ez-toc-container\" class=\"ez-toc-v2_0_82_2 counter-hierarchy ez-toc-counter ez-toc-grey ez-toc-container-direction\">\n<div class=\"ez-toc-title-container\">\n<p class=\"ez-toc-title\" style=\"cursor:inherit\">\u062c\u062f\u0648\u0644 \u0627\u0644\u0645\u062d\u062a\u0648\u064a\u0627\u062a<\/p>\n<span class=\"ez-toc-title-toggle\"><a href=\"#\" class=\"ez-toc-pull-right ez-toc-btn ez-toc-btn-xs ez-toc-btn-default ez-toc-toggle\" aria-label=\"Toggle Table of Content\"><span class=\"ez-toc-js-icon-con\"><span class=\"\"><span class=\"eztoc-hide\" style=\"display:none;\">\u062a\u0628\u062f\u064a\u0644<\/span><span class=\"ez-toc-icon-toggle-span\"><svg style=\"fill: #999;color:#999\" xmlns=\"http:\/\/www.w3.org\/2000\/svg\" class=\"list-377408\" width=\"20px\" height=\"20px\" viewbox=\"0 0 24 24\" fill=\"none\"><path d=\"M6 6H4v2h2V6zm14 0H8v2h12V6zM4 11h2v2H4v-2zm16 0H8v2h12v-2zM4 16h2v2H4v-2zm16 0H8v2h12v-2z\" fill=\"currentColor\"><\/path><\/svg><svg style=\"fill: #999;color:#999\" class=\"arrow-unsorted-368013\" xmlns=\"http:\/\/www.w3.org\/2000\/svg\" width=\"10px\" height=\"10px\" viewbox=\"0 0 24 24\" version=\"1.2\" baseprofile=\"tiny\"><path d=\"M18.2 9.3l-6.2-6.3-6.2 6.3c-.2.2-.3.4-.3.7s.1.5.3.7c.2.2.4.3.7.3h11c.3 0 .5-.1.7-.3.2-.2.3-.5.3-.7s-.1-.5-.3-.7zM5.8 14.7l6.2 6.3 6.2-6.3c.2-.2.3-.5.3-.7s-.1-.5-.3-.7c-.2-.2-.4-.3-.7-.3h-11c-.3 0-.5.1-.7.3-.2.2-.3.5-.3.7s.1.5.3.7z\"\/><\/svg><\/span><\/span><\/span><\/a><\/span><\/div>\n<nav><ul class='ez-toc-list ez-toc-list-level-1' ><li class='ez-toc-page-1 ez-toc-heading-level-4'><a class=\"ez-toc-link ez-toc-heading-1\" href=\"https:\/\/saphirsmaragd.com\/ar\/product\/zirkon-4-95-karat-blau-cushion\/#Zirkon_495_Karat_Blau_Cushion_%E2%80%93_faszinierende_Tiefe_und_luxuriose_Brillanz\" >Zirkon 4.95 Karat Blau Cushion \u2013 faszinierende Tiefe und luxuri\u00f6se Brillanz<\/a><\/li><li class='ez-toc-page-1 ez-toc-heading-level-4'><a class=\"ez-toc-link ez-toc-heading-2\" href=\"https:\/\/saphirsmaragd.com\/ar\/product\/zirkon-4-95-karat-blau-cushion\/#Merkmale_Herkunft\" >\u0627\u0644\u062e\u0635\u0627\u0626\u0635 \u0648\u0627\u0644\u0623\u0635\u0644<\/a><\/li><li class='ez-toc-page-1 ez-toc-heading-level-4'><a class=\"ez-toc-link ez-toc-heading-3\" href=\"https:\/\/saphirsmaragd.com\/ar\/product\/zirkon-4-95-karat-blau-cushion\/#Besonderheiten\" >\u0627\u0644\u0645\u064a\u0632\u0627\u062a \u0627\u0644\u062e\u0627\u0635\u0629<\/a><\/li><li class='ez-toc-page-1 ez-toc-heading-level-4'><a class=\"ez-toc-link ez-toc-heading-4\" href=\"https:\/\/saphirsmaragd.com\/ar\/product\/zirkon-4-95-karat-blau-cushion\/#Mehr_uber_unsere_Edelsteine\" >\u0627\u0644\u0645\u0632\u064a\u062f \u0639\u0646 \u0623\u062d\u062c\u0627\u0631\u0646\u0627 \u0627\u0644\u0643\u0631\u064a\u0645\u0629<\/a><\/li><li class='ez-toc-page-1 ez-toc-heading-level-4'><a class=\"ez-toc-link ez-toc-heading-5\" href=\"https:\/\/saphirsmaragd.com\/ar\/product\/zirkon-4-95-karat-blau-cushion\/#Weitere_Infos\" >\u0645\u0632\u064a\u062f \u0645\u0646 \u0627\u0644\u0645\u0639\u0644\u0648\u0645\u0627\u062a<\/a><\/li><\/ul><\/nav><\/div>\n<h4 data-start=\"788\" data-end=\"870\"><span class=\"ez-toc-section\" id=\"Zirkon_495_Karat_Blau_Cushion_%E2%80%93_faszinierende_Tiefe_und_luxuriose_Brillanz\"><\/span>Zirkon 4.95 Karat Blau Cushion \u2013 faszinierende Tiefe und luxuri\u00f6se Brillanz<span class=\"ez-toc-section-end\"><\/span><\/h4>\n<p data-start=\"871\" data-end=\"1178\">\u0625\u0646 <strong data-start=\"875\" data-end=\"909\">Zirkon 4.95 Karat Blau Cushion<\/strong> ist ein au\u00dfergew\u00f6hnlich seltener Edelstein, der durch seine intensive, tiefblaue Farbe und au\u00dfergew\u00f6hnliche Brillanz besticht. Mit seiner beeindruckenden Gr\u00f6\u00dfe von <strong data-start=\"1074\" data-end=\"1093\">10.08 \u00d7 7.98 mm<\/strong> zeigt dieser Edelstein eine makellose Lichtreflexion und ein lebendiges Farbspiel.<\/p>\n<p data-start=\"1180\" data-end=\"1423\">Seine hohe Transparenz und der Cushion-Schliff verleihen dem Stein Tiefe und Eleganz. Dank der sorgf\u00e4ltigen thermischen Behandlung besitzt er eine reine, leuchtende Farbe \u2013 ein perfekter Zirkon f\u00fcr anspruchsvolle Schmuckdesigner und Sammler.<\/p>\n<hr data-start=\"1425\" data-end=\"1428\" \/>\n<h4 data-start=\"1430\" data-end=\"1459\"><span class=\"ez-toc-section\" id=\"Merkmale_Herkunft\"><\/span>\u0627\u0644\u062e\u0635\u0627\u0626\u0635 \u0648\u0627\u0644\u0623\u0635\u0644<span class=\"ez-toc-section-end\"><\/span><\/h4>\n<p data-start=\"1460\" data-end=\"1752\">Steinart: Zirkon<br data-start=\"1476\" data-end=\"1479\" \/>Farbe: Blau<br data-start=\"1490\" data-end=\"1493\" \/>Form: Cushion facettiert<br data-start=\"1517\" data-end=\"1520\" \/>Gewicht: 4.95 Karat<br data-start=\"1539\" data-end=\"1542\" \/>H\u00e4rte: 7 auf der Mohs-Skala<br data-start=\"1569\" data-end=\"1572\" \/>Gr\u00f6\u00dfe: 10.08 \u00d7 7.98 mm<br data-start=\"1594\" data-end=\"1597\" \/>Reinheit: Lupenrein<br data-start=\"1616\" data-end=\"1619\" \/>Behandlung: Erhitzt (thermisch stabilisiert)<br data-start=\"1663\" data-end=\"1666\" \/>Herkunft: Kambodscha<br data-start=\"1686\" data-end=\"1689\" \/>\u0627\u0644\u0634\u0647\u0627\u062f\u0629: \u0641\u0627\u0644\u064a\u0631\u064a \u062f\u0648\u0631\u0627\u0641\u0648\u0631\u063a (Gem-A\u060c \u0644\u0646\u062f\u0646)<br data-start=\"1735\" data-end=\"1738\" \/>\u0627\u0644\u062d\u0627\u0644\u0629: \u062c\u062f\u064a\u062f<\/p>\n<hr data-start=\"1754\" data-end=\"1757\" \/>\n<h4 data-start=\"1759\" data-end=\"1783\"><span class=\"ez-toc-section\" id=\"Besonderheiten\"><\/span>\u0627\u0644\u0645\u064a\u0632\u0627\u062a \u0627\u0644\u062e\u0627\u0635\u0629<span class=\"ez-toc-section-end\"><\/span><\/h4>\n<p data-start=\"1784\" data-end=\"2049\">\u0625\u0646 <strong data-start=\"1788\" data-end=\"1822\">Zirkon 4.95 Karat Blau Cushion<\/strong> ist ein hochkar\u00e4tiger Edelstein mit beeindruckender Farbintensit\u00e4t. Die thermische Behandlung hebt die nat\u00fcrliche Brillanz hervor, w\u00e4hrend seine doppelte Lichtbrechung f\u00fcr ein einzigartig funkelndes Spiel der Facetten sorgt.<\/p>\n<hr data-start=\"1926\" data-end=\"1929\" \/>\n<h4 data-start=\"1931\" data-end=\"1971\"><span class=\"ez-toc-section\" id=\"Mehr_uber_unsere_Edelsteine\"><\/span>\u0627\u0644\u0645\u0632\u064a\u062f \u0639\u0646 \u0623\u062d\u062c\u0627\u0631\u0646\u0627 \u0627\u0644\u0643\u0631\u064a\u0645\u0629<span class=\"ez-toc-section-end\"><\/span><\/h4>\n<p data-start=\"1972\" data-end=\"2069\"><a href=\"https:\/\/saphirsmaragd.com\/ar\/product-category\/edelsteine-kaufen\/\">\u0627\u0644\u0623\u062d\u062c\u0627\u0631 \u0627\u0644\u0643\u0631\u064a\u0645\u0629<\/a><\/p>\n<hr data-start=\"2071\" data-end=\"2074\" \/>\n<h4 data-start=\"2076\" data-end=\"2096\"><span class=\"ez-toc-section\" id=\"Weitere_Infos\"><\/span>\u0645\u0632\u064a\u062f \u0645\u0646 \u0627\u0644\u0645\u0639\u0644\u0648\u0645\u0627\u062a<span class=\"ez-toc-section-end\"><\/span><\/h4>\n<p><a href=\"https:\/\/de.wikipedia.org\/wiki\/Zirkon\" target=\"_blank\" rel=\"noopener\">Wikipedia: Zirkon<\/a><\/p>","protected":false},"excerpt":{"rendered":"<p data-start=\"428\" data-end=\"645\"><em>Dieser Zirkon 4.95 Karat Blau Cushion begeistert durch seine intensive, tiefblaue Farbe und au\u00dfergew\u00f6hnliche Leuchtkraft. Ein zertifizierter Naturstein von Val\u00e9rie DURAFFOURG \u2013 perfekt f\u00fcr luxuri\u00f6se Schmuckkreationen.<\/em><\/p>\n<h2 data-start=\"523\" data-end=\"548\"><\/h2>","protected":false},"featured_media":4307,"comment_status":"open","ping_status":"closed","template":"","meta":{"_glsr_average":0,"_glsr_ranking":0,"_glsr_reviews":0},"product_brand":[],"product_cat":[301],"product_tag":[],"class_list":{"0":"post-4304","1":"product","2":"type-product","3":"status-publish","4":"has-post-thumbnail","6":"product_cat-zirkon","7":"pa_edelsteinart-zirkon","8":"pa_farbe-blau","9":"pa_form-cushion","10":"pa_gewicht-karat-3-0-5-0-karat","11":"pa_herkunft-kambodscha","12":"pa_reinheit-lupenrein","13":"pa_veredelung-behandlung-erhitzt","14":"pa_zertifikat-ja","15":"pa_zustand-neu","17":"first","18":"instock","19":"featured","20":"sold-individually","21":"shipping-taxable","22":"purchasable","23":"product-type-simple","24":"add-to-wishlist-before_image"},"jetpack_sharing_enabled":true,"_links":{"self":[{"href":"https:\/\/saphirsmaragd.com\/ar\/wp-json\/wp\/v2\/product\/4304","targetHints":{"allow":["GET"]}}],"collection":[{"href":"https:\/\/saphirsmaragd.com\/ar\/wp-json\/wp\/v2\/product"}],"about":[{"href":"https:\/\/saphirsmaragd.com\/ar\/wp-json\/wp\/v2\/types\/product"}],"replies":[{"embeddable":true,"href":"https:\/\/saphirsmaragd.com\/ar\/wp-json\/wp\/v2\/comments?post=4304"}],"version-history":[{"count":1,"href":"https:\/\/saphirsmaragd.com\/ar\/wp-json\/wp\/v2\/product\/4304\/revisions"}],"predecessor-version":[{"id":4308,"href":"https:\/\/saphirsmaragd.com\/ar\/wp-json\/wp\/v2\/product\/4304\/revisions\/4308"}],"wp:featuredmedia":[{"embeddable":true,"href":"https:\/\/saphirsmaragd.com\/ar\/wp-json\/wp\/v2\/media\/4307"}],"wp:attachment":[{"href":"https:\/\/saphirsmaragd.com\/ar\/wp-json\/wp\/v2\/media?parent=4304"}],"wp:term":[{"taxonomy":"product_brand","embeddable":true,"href":"https:\/\/saphirsmaragd.com\/ar\/wp-json\/wp\/v2\/product_brand?post=4304"},{"taxonomy":"product_cat","embeddable":true,"href":"https:\/\/saphirsmaragd.com\/ar\/wp-json\/wp\/v2\/product_cat?post=4304"},{"taxonomy":"product_tag","embeddable":true,"href":"https:\/\/saphirsmaragd.com\/ar\/wp-json\/wp\/v2\/product_tag?post=4304"}],"curies":[{"name":"wp","href":"https:\/\/api.w.org\/{rel}","templated":true}]}}