{"id":4369,"date":"2025-11-02T15:06:41","date_gmt":"2025-11-02T15:06:41","guid":{"rendered":"https:\/\/saphirsmaragd.com\/?post_type=product&#038;p=4369"},"modified":"2025-12-29T18:49:57","modified_gmt":"2025-12-29T18:49:57","slug":"topas-imperial-4-03-karat-gold-orange-oval-cabochon","status":"publish","type":"product","link":"https:\/\/saphirsmaragd.com\/ar\/product\/topas-imperial-4-03-karat-gold-orange-oval-cabochon\/","title":{"rendered":"Topas Imperial 4.03 Karat Gold-Orange Oval Cabochon \u2013 seltener brasilianischer Edelstein"},"content":{"rendered":"<div id=\"ez-toc-container\" class=\"ez-toc-v2_0_82_2 counter-hierarchy ez-toc-counter ez-toc-grey ez-toc-container-direction\">\n<div class=\"ez-toc-title-container\">\n<p class=\"ez-toc-title\" style=\"cursor:inherit\">\u062c\u062f\u0648\u0644 \u0627\u0644\u0645\u062d\u062a\u0648\u064a\u0627\u062a<\/p>\n<span class=\"ez-toc-title-toggle\"><a href=\"#\" class=\"ez-toc-pull-right ez-toc-btn ez-toc-btn-xs ez-toc-btn-default ez-toc-toggle\" aria-label=\"Toggle Table of Content\"><span class=\"ez-toc-js-icon-con\"><span class=\"\"><span class=\"eztoc-hide\" style=\"display:none;\">\u062a\u0628\u062f\u064a\u0644<\/span><span class=\"ez-toc-icon-toggle-span\"><svg style=\"fill: #999;color:#999\" xmlns=\"http:\/\/www.w3.org\/2000\/svg\" class=\"list-377408\" width=\"20px\" height=\"20px\" viewbox=\"0 0 24 24\" fill=\"none\"><path d=\"M6 6H4v2h2V6zm14 0H8v2h12V6zM4 11h2v2H4v-2zm16 0H8v2h12v-2zM4 16h2v2H4v-2zm16 0H8v2h12v-2z\" fill=\"currentColor\"><\/path><\/svg><svg style=\"fill: #999;color:#999\" class=\"arrow-unsorted-368013\" xmlns=\"http:\/\/www.w3.org\/2000\/svg\" width=\"10px\" height=\"10px\" viewbox=\"0 0 24 24\" version=\"1.2\" baseprofile=\"tiny\"><path d=\"M18.2 9.3l-6.2-6.3-6.2 6.3c-.2.2-.3.4-.3.7s.1.5.3.7c.2.2.4.3.7.3h11c.3 0 .5-.1.7-.3.2-.2.3-.5.3-.7s-.1-.5-.3-.7zM5.8 14.7l6.2 6.3 6.2-6.3c.2-.2.3-.5.3-.7s-.1-.5-.3-.7c-.2-.2-.4-.3-.7-.3h-11c-.3 0-.5.1-.7.3-.2.2-.3.5-.3.7s.1.5.3.7z\"\/><\/svg><\/span><\/span><\/span><\/a><\/span><\/div>\n<nav><ul class='ez-toc-list ez-toc-list-level-1' ><li class='ez-toc-page-1 ez-toc-heading-level-4'><a class=\"ez-toc-link ez-toc-heading-1\" href=\"https:\/\/saphirsmaragd.com\/ar\/product\/topas-imperial-4-03-karat-gold-orange-oval-cabochon\/#Topas_Imperial_403_Karat_Gold-Orange_Oval_Cabochon_%E2%80%93_leuchtende_Tiefe_und_naturliche_Eleganz\" >Topas Imperial 4.03 Karat Gold-Orange Oval Cabochon \u2013 leuchtende Tiefe und nat\u00fcrliche Eleganz<\/a><\/li><li class='ez-toc-page-1 ez-toc-heading-level-4'><a class=\"ez-toc-link ez-toc-heading-2\" href=\"https:\/\/saphirsmaragd.com\/ar\/product\/topas-imperial-4-03-karat-gold-orange-oval-cabochon\/#Merkmale_Herkunft\" >\u0627\u0644\u062e\u0635\u0627\u0626\u0635 \u0648\u0627\u0644\u0623\u0635\u0644<\/a><\/li><li class='ez-toc-page-1 ez-toc-heading-level-4'><a class=\"ez-toc-link ez-toc-heading-3\" href=\"https:\/\/saphirsmaragd.com\/ar\/product\/topas-imperial-4-03-karat-gold-orange-oval-cabochon\/#Besonderheiten\" >\u0627\u0644\u0645\u064a\u0632\u0627\u062a \u0627\u0644\u062e\u0627\u0635\u0629<\/a><\/li><li class='ez-toc-page-1 ez-toc-heading-level-4'><a class=\"ez-toc-link ez-toc-heading-4\" href=\"https:\/\/saphirsmaragd.com\/ar\/product\/topas-imperial-4-03-karat-gold-orange-oval-cabochon\/#Mehr_uber_unsere_Edelsteine\" >\u0627\u0644\u0645\u0632\u064a\u062f \u0639\u0646 \u0623\u062d\u062c\u0627\u0631\u0646\u0627 \u0627\u0644\u0643\u0631\u064a\u0645\u0629<\/a><\/li><li class='ez-toc-page-1 ez-toc-heading-level-4'><a class=\"ez-toc-link ez-toc-heading-5\" href=\"https:\/\/saphirsmaragd.com\/ar\/product\/topas-imperial-4-03-karat-gold-orange-oval-cabochon\/#Weitere_Infos\" >\u0645\u0632\u064a\u062f \u0645\u0646 \u0627\u0644\u0645\u0639\u0644\u0648\u0645\u0627\u062a<\/a><\/li><\/ul><\/nav><\/div>\n<h4 data-start=\"906\" data-end=\"1006\"><span class=\"ez-toc-section\" id=\"Topas_Imperial_403_Karat_Gold-Orange_Oval_Cabochon_%E2%80%93_leuchtende_Tiefe_und_naturliche_Eleganz\"><\/span>Topas Imperial 4.03 Karat Gold-Orange Oval Cabochon \u2013 leuchtende Tiefe und nat\u00fcrliche Eleganz<span class=\"ez-toc-section-end\"><\/span><\/h4>\n<p data-start=\"1007\" data-end=\"1256\">\u0625\u0646 <strong data-start=\"1011\" data-end=\"1066\">Topas Imperial 4.03 Karat Gold-Orange Oval Cabochon<\/strong> besticht durch seine warme, goldene Farbgebung und sanfte Transparenz. Die <strong data-start=\"1142\" data-end=\"1181\">Cabochon-Schliffart (10.7 \u00d7 8.6 mm)<\/strong> bringt die nat\u00fcrliche Brillanz und Tiefe des Steins perfekt zur Geltung.<\/p>\n<p data-start=\"1258\" data-end=\"1649\">Dieser seltene Edelstein stammt aus Brasilien und ist <strong data-start=\"1312\" data-end=\"1327\">\u063a\u064a\u0631 \u0627\u0644\u0645\u0639\u0627\u0644\u062c\u0629<\/strong>, was seine Authentizit\u00e4t und den warmen, nat\u00fcrlichen Schimmer bewahrt. Die feinen Einschl\u00fcsse verst\u00e4rken den Glanz und verleihen ihm eine unverwechselbare Charakteristik. Jeder Stein wird mit einem <strong data-start=\"1526\" data-end=\"1588\">\u0634\u0647\u0627\u062f\u0629 \u0623\u0635\u0627\u0644\u0629 \u0645\u0646 \u0641\u0627\u0644\u064a\u0631\u064a \u062f\u0648\u0631\u0627\u0641\u0648\u0631\u063a (Gem-A\u060c \u0644\u0646\u062f\u0646)<\/strong> geliefert \u2013 ein Garant f\u00fcr gepr\u00fcfte Qualit\u00e4t und Herkunft.<\/p>\n<hr data-start=\"1651\" data-end=\"1654\" \/>\n<h4 data-start=\"1656\" data-end=\"1685\"><span class=\"ez-toc-section\" id=\"Merkmale_Herkunft\"><\/span>\u0627\u0644\u062e\u0635\u0627\u0626\u0635 \u0648\u0627\u0644\u0623\u0635\u0644<span class=\"ez-toc-section-end\"><\/span><\/h4>\n<p data-start=\"1686\" data-end=\"2026\">\u0646\u0648\u0639 \u0627\u0644\u062d\u062c\u0631: \u062a\u0648\u0628\u0627\u0632<br data-start=\"1701\" data-end=\"1704\" \/>\u062a\u0634\u0643\u064a\u0644\u0629 \u0645\u062a\u0646\u0648\u0639\u0629: \u0627\u0644\u062a\u0648\u0628\u0627\u0632 \u0627\u0644\u0625\u0645\u0628\u0631\u0627\u0637\u0648\u0631\u064a<br data-start=\"1728\" data-end=\"1731\" \/>Farbe: Gold-Orange<br data-start=\"1749\" data-end=\"1752\" \/>Form: Oval Cabochon<br data-start=\"1771\" data-end=\"1774\" \/>Gewicht: 4.03 Karat<br data-start=\"1793\" data-end=\"1796\" \/>\u0627\u0644\u0635\u0644\u0627\u0628\u0629: 8 \u0639\u0644\u0649 \u0645\u0642\u064a\u0627\u0633 \u0645\u0648\u0633<br data-start=\"1823\" data-end=\"1826\" \/>Gr\u00f6\u00dfe: 10.7 \u00d7 8.6 mm<br data-start=\"1846\" data-end=\"1849\" \/>Reinheit: Deutliche Einschl\u00fcsse (typisch f\u00fcr Cabochon-Schliffe)<br data-start=\"1912\" data-end=\"1915\" \/>\u0627\u0644\u0639\u0644\u0627\u062c: \u063a\u064a\u0631 \u0645\u0639\u0627\u0644\u062c<br data-start=\"1938\" data-end=\"1941\" \/>\u0627\u0644\u0645\u0646\u0634\u0623: \u0627\u0644\u0628\u0631\u0627\u0632\u064a\u0644<br data-start=\"1960\" data-end=\"1963\" \/>\u0627\u0644\u0634\u0647\u0627\u062f\u0629: \u0641\u0627\u0644\u064a\u0631\u064a \u062f\u0648\u0631\u0627\u0641\u0648\u0631\u063a (Gem-A\u060c \u0644\u0646\u062f\u0646)<br data-start=\"2009\" data-end=\"2012\" \/>\u0627\u0644\u062d\u0627\u0644\u0629: \u062c\u062f\u064a\u062f<\/p>\n<hr data-start=\"2028\" data-end=\"2031\" \/>\n<h4 data-start=\"2033\" data-end=\"2057\"><span class=\"ez-toc-section\" id=\"Besonderheiten\"><\/span>\u0627\u0644\u0645\u064a\u0632\u0627\u062a \u0627\u0644\u062e\u0627\u0635\u0629<span class=\"ez-toc-section-end\"><\/span><\/h4>\n<p data-start=\"2058\" data-end=\"2324\">\u0625\u0646 <strong data-start=\"2062\" data-end=\"2117\">Topas Imperial 4.03 Karat Gold-Orange Oval Cabochon<\/strong> vereint leuchtende Farbintensit\u00e4t mit der klassischen Eleganz eines Cabochons. Seine zahlreichen nat\u00fcrlichen Einschl\u00fcsse erzeugen ein faszinierendes Spiel aus Tiefe und Lichtreflexion \u2013 ein echtes Unikat.<\/p>\n<p data-start=\"2326\" data-end=\"2550\">Dieser Stein symbolisiert W\u00e4rme, Energie und Inspiration. Durch seine satte Farbe und das nat\u00fcrliche Leuchten eignet er sich hervorragend f\u00fcr Sammlungen, Heilsteinanwendungen oder als edler Mittelpunkt eines Schmuckst\u00fccks.<\/p>\n<hr data-start=\"1926\" data-end=\"1929\" \/>\n<h4 data-start=\"1931\" data-end=\"1971\"><span class=\"ez-toc-section\" id=\"Mehr_uber_unsere_Edelsteine\"><\/span>\u0627\u0644\u0645\u0632\u064a\u062f \u0639\u0646 \u0623\u062d\u062c\u0627\u0631\u0646\u0627 \u0627\u0644\u0643\u0631\u064a\u0645\u0629<span class=\"ez-toc-section-end\"><\/span><\/h4>\n<p data-start=\"1972\" data-end=\"2069\"><a href=\"https:\/\/saphirsmaragd.com\/ar\/product-category\/edelsteine-kaufen\/\">\u0627\u0644\u0623\u062d\u062c\u0627\u0631 \u0627\u0644\u0643\u0631\u064a\u0645\u0629<\/a><\/p>\n<hr data-start=\"2071\" data-end=\"2074\" \/>\n<h4 data-start=\"2076\" data-end=\"2096\"><span class=\"ez-toc-section\" id=\"Weitere_Infos\"><\/span>\u0645\u0632\u064a\u062f \u0645\u0646 \u0627\u0644\u0645\u0639\u0644\u0648\u0645\u0627\u062a<span class=\"ez-toc-section-end\"><\/span><\/h4>\n<p><a href=\"https:\/\/de.wikipedia.org\/wiki\/Topas\" target=\"_blank\" rel=\"noopener\">\u0648\u064a\u0643\u064a\u0628\u064a\u062f\u064a\u0627: \u062a\u0648\u0628\u0627\u0632<\/a><\/p>","protected":false},"excerpt":{"rendered":"<p data-start=\"521\" data-end=\"740\"><em>Der Topas Imperial 4.03 Karat Gold-Orange Oval Cabochon beeindruckt mit seinem warmen Farbton, nat\u00fcrlicher Transparenz und edlem Schimmer. Ein unbehandelter Edelstein aus Brasilien mit Zertifikat von Val\u00e9rie DURAFFOURG.<\/em><\/p>\n<h2 data-start=\"523\" data-end=\"548\"><\/h2>","protected":false},"featured_media":4372,"comment_status":"open","ping_status":"closed","template":"","meta":{"_glsr_average":0,"_glsr_ranking":0,"_glsr_reviews":0},"product_brand":[],"product_cat":[108],"product_tag":[],"class_list":{"0":"post-4369","1":"product","2":"type-product","3":"status-publish","4":"has-post-thumbnail","6":"product_cat-topas-kaufen","7":"pa_edelsteinart-topas","8":"pa_farbe-orange","9":"pa_form-oval","10":"pa_gewicht-karat-3-0-5-0-karat","11":"pa_herkunft-brasilien","12":"pa_reinheit-deutliche-einschluesse","13":"pa_veredelung-behandlung-unbehandelt","14":"pa_zertifikat-ja","15":"pa_zustand-neu","17":"first","18":"instock","19":"featured","20":"sold-individually","21":"shipping-taxable","22":"purchasable","23":"product-type-simple","24":"add-to-wishlist-before_image"},"jetpack_sharing_enabled":true,"_links":{"self":[{"href":"https:\/\/saphirsmaragd.com\/ar\/wp-json\/wp\/v2\/product\/4369","targetHints":{"allow":["GET"]}}],"collection":[{"href":"https:\/\/saphirsmaragd.com\/ar\/wp-json\/wp\/v2\/product"}],"about":[{"href":"https:\/\/saphirsmaragd.com\/ar\/wp-json\/wp\/v2\/types\/product"}],"replies":[{"embeddable":true,"href":"https:\/\/saphirsmaragd.com\/ar\/wp-json\/wp\/v2\/comments?post=4369"}],"version-history":[{"count":1,"href":"https:\/\/saphirsmaragd.com\/ar\/wp-json\/wp\/v2\/product\/4369\/revisions"}],"predecessor-version":[{"id":4373,"href":"https:\/\/saphirsmaragd.com\/ar\/wp-json\/wp\/v2\/product\/4369\/revisions\/4373"}],"wp:featuredmedia":[{"embeddable":true,"href":"https:\/\/saphirsmaragd.com\/ar\/wp-json\/wp\/v2\/media\/4372"}],"wp:attachment":[{"href":"https:\/\/saphirsmaragd.com\/ar\/wp-json\/wp\/v2\/media?parent=4369"}],"wp:term":[{"taxonomy":"product_brand","embeddable":true,"href":"https:\/\/saphirsmaragd.com\/ar\/wp-json\/wp\/v2\/product_brand?post=4369"},{"taxonomy":"product_cat","embeddable":true,"href":"https:\/\/saphirsmaragd.com\/ar\/wp-json\/wp\/v2\/product_cat?post=4369"},{"taxonomy":"product_tag","embeddable":true,"href":"https:\/\/saphirsmaragd.com\/ar\/wp-json\/wp\/v2\/product_tag?post=4369"}],"curies":[{"name":"wp","href":"https:\/\/api.w.org\/{rel}","templated":true}]}}