{"id":5591,"date":"2025-11-23T18:04:09","date_gmt":"2025-11-23T18:04:09","guid":{"rendered":"https:\/\/saphirsmaragd.com\/?post_type=product&#038;p=5591"},"modified":"2025-11-23T18:14:07","modified_gmt":"2025-11-23T18:14:07","slug":"amethyst-pink-mit-moosachat","status":"publish","type":"product","link":"https:\/\/saphirsmaragd.com\/ar\/product\/amethyst-pink-mit-moosachat\/","title":{"rendered":"Amethyst Pink mit Moosachat Punkt Poliert \u2013 1060 g \u2013 Naturstein &#038; Unikat"},"content":{"rendered":"<div id=\"ez-toc-container\" class=\"ez-toc-v2_0_82_2 counter-hierarchy ez-toc-counter ez-toc-grey ez-toc-container-direction\">\n<div class=\"ez-toc-title-container\">\n<p class=\"ez-toc-title\" style=\"cursor:inherit\">\u062c\u062f\u0648\u0644 \u0627\u0644\u0645\u062d\u062a\u0648\u064a\u0627\u062a<\/p>\n<span class=\"ez-toc-title-toggle\"><a href=\"#\" class=\"ez-toc-pull-right ez-toc-btn ez-toc-btn-xs ez-toc-btn-default ez-toc-toggle\" aria-label=\"Toggle Table of Content\"><span class=\"ez-toc-js-icon-con\"><span class=\"\"><span class=\"eztoc-hide\" style=\"display:none;\">\u062a\u0628\u062f\u064a\u0644<\/span><span class=\"ez-toc-icon-toggle-span\"><svg style=\"fill: #999;color:#999\" xmlns=\"http:\/\/www.w3.org\/2000\/svg\" class=\"list-377408\" width=\"20px\" height=\"20px\" viewbox=\"0 0 24 24\" fill=\"none\"><path d=\"M6 6H4v2h2V6zm14 0H8v2h12V6zM4 11h2v2H4v-2zm16 0H8v2h12v-2zM4 16h2v2H4v-2zm16 0H8v2h12v-2z\" fill=\"currentColor\"><\/path><\/svg><svg style=\"fill: #999;color:#999\" class=\"arrow-unsorted-368013\" xmlns=\"http:\/\/www.w3.org\/2000\/svg\" width=\"10px\" height=\"10px\" viewbox=\"0 0 24 24\" version=\"1.2\" baseprofile=\"tiny\"><path d=\"M18.2 9.3l-6.2-6.3-6.2 6.3c-.2.2-.3.4-.3.7s.1.5.3.7c.2.2.4.3.7.3h11c.3 0 .5-.1.7-.3.2-.2.3-.5.3-.7s-.1-.5-.3-.7zM5.8 14.7l6.2 6.3 6.2-6.3c.2-.2.3-.5.3-.7s-.1-.5-.3-.7c-.2-.2-.4-.3-.7-.3h-11c-.3 0-.5.1-.7.3-.2.2-.3.5-.3.7s.1.5.3.7z\"\/><\/svg><\/span><\/span><\/span><\/a><\/span><\/div>\n<nav><ul class='ez-toc-list ez-toc-list-level-1' ><li class='ez-toc-page-1 ez-toc-heading-level-4'><a class=\"ez-toc-link ez-toc-heading-1\" href=\"https:\/\/saphirsmaragd.com\/ar\/product\/amethyst-pink-mit-moosachat\/#Amethyst_Pink_mit_Moosachat_Punkt_Poliert_%E2%80%93_1060_g_%E2%80%93_Naturstein_Unikat\" >Amethyst Pink mit Moosachat Punkt Poliert \u2013 1060 g \u2013 Naturstein &amp; Unikat<\/a><\/li><li class='ez-toc-page-1 ez-toc-heading-level-4'><a class=\"ez-toc-link ez-toc-heading-2\" href=\"https:\/\/saphirsmaragd.com\/ar\/product\/amethyst-pink-mit-moosachat\/#Merkmale_Herkunft\" >\u0627\u0644\u062e\u0635\u0627\u0626\u0635 \u0648\u0627\u0644\u0623\u0635\u0644<\/a><\/li><li class='ez-toc-page-1 ez-toc-heading-level-4'><a class=\"ez-toc-link ez-toc-heading-3\" href=\"https:\/\/saphirsmaragd.com\/ar\/product\/amethyst-pink-mit-moosachat\/#Besonderheiten_Wirkung\" >Besonderheiten &amp; Wirkung<\/a><\/li><li class='ez-toc-page-1 ez-toc-heading-level-4'><a class=\"ez-toc-link ez-toc-heading-4\" href=\"https:\/\/saphirsmaragd.com\/ar\/product\/amethyst-pink-mit-moosachat\/#Mehr_uber_Amethyste_Heilsteine\" >Mehr \u00fcber Amethyste &amp; Heilsteine<\/a><\/li><\/ul><\/nav><\/div>\n<h4 data-start=\"820\" data-end=\"896\"><span class=\"ez-toc-section\" id=\"Amethyst_Pink_mit_Moosachat_Punkt_Poliert_%E2%80%93_1060_g_%E2%80%93_Naturstein_Unikat\"><\/span><strong data-start=\"820\" data-end=\"896\">Amethyst Pink mit Moosachat Punkt Poliert \u2013 1060 g \u2013 Naturstein &amp; Unikat<\/strong><span class=\"ez-toc-section-end\"><\/span><\/h4>\n<p data-start=\"898\" data-end=\"1285\">Dieses au\u00dfergew\u00f6hnliche Unikat vereint drei kraftvolle Steinarten: <strong>pinker Amethyst, rosa\/roter Moosachat und Chalcedon<\/strong>. Die Kombination dieser Energien macht dieses St\u00fcck zu einem Stein der Liebe, Erdung, emotionalen Balance und tiefen inneren Heilung.<br data-start=\"1162\" data-end=\"1165\" \/>Der Punkt zeigt nat\u00fcrliche Vertiefungen und Imperfektionen, die seine Echtheit und nat\u00fcrliche Entstehung unterstreichen.<\/p>\n<hr data-start=\"1287\" data-end=\"1290\" \/>\n<h4 data-start=\"1292\" data-end=\"1321\"><span class=\"ez-toc-section\" id=\"Merkmale_Herkunft\"><\/span><strong data-start=\"1298\" data-end=\"1321\">\u0627\u0644\u062e\u0635\u0627\u0626\u0635 \u0648\u0627\u0644\u0623\u0635\u0644<\/strong><span class=\"ez-toc-section-end\"><\/span><\/h4>\n<p data-start=\"1323\" data-end=\"1629\">Farbe: Rosa, Pink, Lila, Rot<br data-start=\"1355\" data-end=\"1358\" \/>Form: Polierter Punkt<br data-start=\"1418\" data-end=\"1421\" \/>Gewicht: 1060 g<br data-start=\"1440\" data-end=\"1443\" \/>Ma\u00dfe: 29 \u00d7 6 \u00d7 3.5 cm<br data-start=\"1468\" data-end=\"1471\" \/>Reinheit: Nat\u00fcrlich<br data-start=\"1494\" data-end=\"1497\" \/>Behandlung: Poliert<br data-start=\"1562\" data-end=\"1565\" \/>Steinarten: Pinker Amethyst, Moosachat (rosa\/rot), Chalcedon<\/p>\n<hr data-start=\"1631\" data-end=\"1634\" \/>\n<h4 data-start=\"1636\" data-end=\"1670\"><span class=\"ez-toc-section\" id=\"Besonderheiten_Wirkung\"><\/span><strong data-start=\"1642\" data-end=\"1670\">Besonderheiten &amp; Wirkung<\/strong><span class=\"ez-toc-section-end\"><\/span><\/h4>\n<p data-start=\"1672\" data-end=\"1745\"><strong>\u00a0Pinker Amethyst<\/strong> \u2013 Liebe, Heilung &amp; Emotionales Gleichgewicht<\/p>\n<p data-start=\"1746\" data-end=\"1955\">Pinker Amethyst schwingt h\u00f6her als violetter Amethyst, wirkt jedoch deutlich sanfter, weshalb er sich hervorragend f\u00fcr sensible Menschen eignet.<\/p>\n<p data-start=\"2122\" data-end=\"2226\">Er schafft eine sanfte, liebevolle Energie, ideal f\u00fcr Meditation, Therapiearbeit und Herzensheilung.<\/p>\n<p data-start=\"2233\" data-end=\"2292\"><strong>\u00a0Moosachat<\/strong> \u2013 Erdung, Stabilit\u00e4t &amp; Selbstfindung<\/p>\n<p data-start=\"2293\" data-end=\"2424\">Moosachat (rosa\/rot) bringt dich zur\u00fcck in deine Mitte.<\/p>\n<p data-start=\"2650\" data-end=\"2844\">Moosachat f\u00f6rdert au\u00dferdem Erfolg, Wohlstand und positive Entwicklungen. Er hilft Menschen, die Ruhe, Halt und Stabilit\u00e4t suchen oder sich nach Zeiten der \u00dcberforderung regenerieren m\u00f6chten.<\/p>\n<hr data-start=\"3285\" data-end=\"3288\" \/>\n<h4 data-start=\"3290\" data-end=\"3332\"><span class=\"ez-toc-section\" id=\"Mehr_uber_Amethyste_Heilsteine\"><\/span><strong data-start=\"3296\" data-end=\"3332\">Mehr \u00fcber Amethyste &amp; Heilsteine<\/strong><span class=\"ez-toc-section-end\"><\/span><\/h4>\n<p data-start=\"3334\" data-end=\"3390\"><a href=\"https:\/\/saphirsmaragd.com\/ar\/product-category\/heilsteine-kristalle-kaufen\/\">\u0623\u062d\u062c\u0627\u0631 \u0627\u0644\u0634\u0641\u0627\u0621 \u0648\u0627\u0644\u0628\u0644\u0648\u0631\u0627\u062a<\/a> | Amethyste, Achate &amp; Chalcedon<\/p>\n<hr data-start=\"3285\" data-end=\"3288\" \/>\n<p data-start=\"3392\" data-end=\"3560\"><strong data-start=\"3392\" data-end=\"3406\">Wikipedia:<\/strong><br data-start=\"3406\" data-end=\"3409\" \/><a class=\"decorated-link\" href=\"https:\/\/de.wikipedia.org\/wiki\/Amethyst\" target=\"_new\" rel=\"noopener\" data-start=\"3420\" data-end=\"3458\">wikipedia:Amethyst<\/a><br data-start=\"3458\" data-end=\"3461\" \/><\/p>","protected":false},"excerpt":{"rendered":"<p><em> Amethyst Pink mit Moosachat Punkt Poliert \u2013 1060 g schwer, poliert und voller Naturstrukturen. F\u00fcr Liebe, Erdung, emotionale Heilung und innere Balance. Perfekt f\u00fcr Meditation und Praxisr\u00e4ume.<\/em><\/p>","protected":false},"featured_media":5592,"comment_status":"open","ping_status":"closed","template":"","meta":{"_glsr_average":0,"_glsr_ranking":0,"_glsr_reviews":0},"product_brand":[],"product_cat":[84],"product_tag":[],"class_list":{"0":"post-5591","1":"product","2":"type-product","3":"status-publish","4":"has-post-thumbnail","6":"product_cat-rohsteine-kaufen","8":"first","9":"instock","10":"taxable","11":"shipping-taxable","12":"purchasable","13":"product-type-simple","14":"add-to-wishlist-before_image"},"jetpack_sharing_enabled":true,"_links":{"self":[{"href":"https:\/\/saphirsmaragd.com\/ar\/wp-json\/wp\/v2\/product\/5591","targetHints":{"allow":["GET"]}}],"collection":[{"href":"https:\/\/saphirsmaragd.com\/ar\/wp-json\/wp\/v2\/product"}],"about":[{"href":"https:\/\/saphirsmaragd.com\/ar\/wp-json\/wp\/v2\/types\/product"}],"replies":[{"embeddable":true,"href":"https:\/\/saphirsmaragd.com\/ar\/wp-json\/wp\/v2\/comments?post=5591"}],"version-history":[{"count":3,"href":"https:\/\/saphirsmaragd.com\/ar\/wp-json\/wp\/v2\/product\/5591\/revisions"}],"predecessor-version":[{"id":5598,"href":"https:\/\/saphirsmaragd.com\/ar\/wp-json\/wp\/v2\/product\/5591\/revisions\/5598"}],"wp:featuredmedia":[{"embeddable":true,"href":"https:\/\/saphirsmaragd.com\/ar\/wp-json\/wp\/v2\/media\/5592"}],"wp:attachment":[{"href":"https:\/\/saphirsmaragd.com\/ar\/wp-json\/wp\/v2\/media?parent=5591"}],"wp:term":[{"taxonomy":"product_brand","embeddable":true,"href":"https:\/\/saphirsmaragd.com\/ar\/wp-json\/wp\/v2\/product_brand?post=5591"},{"taxonomy":"product_cat","embeddable":true,"href":"https:\/\/saphirsmaragd.com\/ar\/wp-json\/wp\/v2\/product_cat?post=5591"},{"taxonomy":"product_tag","embeddable":true,"href":"https:\/\/saphirsmaragd.com\/ar\/wp-json\/wp\/v2\/product_tag?post=5591"}],"curies":[{"name":"wp","href":"https:\/\/api.w.org\/{rel}","templated":true}]}}