{"id":7747,"date":"2026-01-12T16:39:34","date_gmt":"2026-01-12T16:39:34","guid":{"rendered":"https:\/\/saphirsmaragd.com\/?post_type=product&#038;p=7747"},"modified":"2026-01-12T16:39:35","modified_gmt":"2026-01-12T16:39:35","slug":"silberarmband-lapis-lazuli-oval","status":"publish","type":"product","link":"https:\/\/saphirsmaragd.com\/ar\/product\/silberarmband-lapis-lazuli-oval\/","title":{"rendered":"Silberarmband Lapis Lazuli oval \u2013 Edelsteinarmband aus 925 Silber"},"content":{"rendered":"<div id=\"ez-toc-container\" class=\"ez-toc-v2_0_82_2 counter-hierarchy ez-toc-counter ez-toc-grey ez-toc-container-direction\">\n<div class=\"ez-toc-title-container\">\n<p class=\"ez-toc-title\" style=\"cursor:inherit\">\u062c\u062f\u0648\u0644 \u0627\u0644\u0645\u062d\u062a\u0648\u064a\u0627\u062a<\/p>\n<span class=\"ez-toc-title-toggle\"><a href=\"#\" class=\"ez-toc-pull-right ez-toc-btn ez-toc-btn-xs ez-toc-btn-default ez-toc-toggle\" aria-label=\"Toggle Table of Content\"><span class=\"ez-toc-js-icon-con\"><span class=\"\"><span class=\"eztoc-hide\" style=\"display:none;\">\u062a\u0628\u062f\u064a\u0644<\/span><span class=\"ez-toc-icon-toggle-span\"><svg style=\"fill: #999;color:#999\" xmlns=\"http:\/\/www.w3.org\/2000\/svg\" class=\"list-377408\" width=\"20px\" height=\"20px\" viewbox=\"0 0 24 24\" fill=\"none\"><path d=\"M6 6H4v2h2V6zm14 0H8v2h12V6zM4 11h2v2H4v-2zm16 0H8v2h12v-2zM4 16h2v2H4v-2zm16 0H8v2h12v-2z\" fill=\"currentColor\"><\/path><\/svg><svg style=\"fill: #999;color:#999\" class=\"arrow-unsorted-368013\" xmlns=\"http:\/\/www.w3.org\/2000\/svg\" width=\"10px\" height=\"10px\" viewbox=\"0 0 24 24\" version=\"1.2\" baseprofile=\"tiny\"><path d=\"M18.2 9.3l-6.2-6.3-6.2 6.3c-.2.2-.3.4-.3.7s.1.5.3.7c.2.2.4.3.7.3h11c.3 0 .5-.1.7-.3.2-.2.3-.5.3-.7s-.1-.5-.3-.7zM5.8 14.7l6.2 6.3 6.2-6.3c.2-.2.3-.5.3-.7s-.1-.5-.3-.7c-.2-.2-.4-.3-.7-.3h-11c-.3 0-.5.1-.7.3-.2.2-.3.5-.3.7s.1.5.3.7z\"\/><\/svg><\/span><\/span><\/span><\/a><\/span><\/div>\n<nav><ul class='ez-toc-list ez-toc-list-level-1' ><li class='ez-toc-page-1 ez-toc-heading-level-4'><a class=\"ez-toc-link ez-toc-heading-1\" href=\"https:\/\/saphirsmaragd.com\/ar\/product\/silberarmband-lapis-lazuli-oval\/#Silberarmband_Lapis_Lazuli_oval_%E2%80%93_Edelsteinarmband_aus_925_Silber\" >Silberarmband Lapis Lazuli oval \u2013 Edelsteinarmband aus 925 Silber<\/a><\/li><li class='ez-toc-page-1 ez-toc-heading-level-4'><a class=\"ez-toc-link ez-toc-heading-2\" href=\"https:\/\/saphirsmaragd.com\/ar\/product\/silberarmband-lapis-lazuli-oval\/#_Merkmale_Herkunft\" >\u00a0\u0627\u0644\u062e\u0635\u0627\u0626\u0635 \u0648\u0627\u0644\u0623\u0635\u0644<\/a><\/li><li class='ez-toc-page-1 ez-toc-heading-level-4'><a class=\"ez-toc-link ez-toc-heading-3\" href=\"https:\/\/saphirsmaragd.com\/ar\/product\/silberarmband-lapis-lazuli-oval\/#Besonderheiten\" >\u0627\u0644\u0645\u064a\u0632\u0627\u062a \u0627\u0644\u062e\u0627\u0635\u0629<\/a><\/li><li class='ez-toc-page-1 ez-toc-heading-level-4'><a class=\"ez-toc-link ez-toc-heading-4\" href=\"https:\/\/saphirsmaragd.com\/ar\/product\/silberarmband-lapis-lazuli-oval\/#_Mehr_uber_Lapis_Lazuli_Edelsteinarmbander\" >\u00a0Mehr \u00fcber Lapis Lazuli &amp; Edelsteinarmb\u00e4nder<\/a><\/li><li class='ez-toc-page-1 ez-toc-heading-level-4'><a class=\"ez-toc-link ez-toc-heading-5\" href=\"https:\/\/saphirsmaragd.com\/ar\/product\/silberarmband-lapis-lazuli-oval\/#_Weitere_Info\" >\u00a0Weitere Info<\/a><\/li><\/ul><\/nav><\/div>\n<h4 data-start=\"719\" data-end=\"792\"><span class=\"ez-toc-section\" id=\"Silberarmband_Lapis_Lazuli_oval_%E2%80%93_Edelsteinarmband_aus_925_Silber\"><\/span>Silberarmband Lapis Lazuli oval \u2013 Edelsteinarmband aus 925 Silber<span class=\"ez-toc-section-end\"><\/span><\/h4>\n<p data-start=\"793\" data-end=\"1095\">Dieses Silberarmband Lapis Lazuli oval ist ein handgefertigtes Edelsteinarmband aus nat\u00fcrlichen Lapis-Lazuli-Steinen und hochwertigem Sterling Silber. Die Fotos dienen nur der Illustration \u2013 Sie erhalten ein Armband in vergleichbarer Farbqualit\u00e4t, jeder Lapis Lazuli ist ein einzigartiges Unikat.<\/p>\n<hr data-start=\"1097\" data-end=\"1100\" \/>\n<h4 data-start=\"1102\" data-end=\"1162\"><span class=\"ez-toc-section\" id=\"_Merkmale_Herkunft\"><\/span>\u00a0\u0627\u0644\u062e\u0635\u0627\u0626\u0635 \u0648\u0627\u0644\u0623\u0635\u0644<span class=\"ez-toc-section-end\"><\/span><\/h4>\n<p data-start=\"1163\" data-end=\"1523\">Farbe: Tiefblau mit goldenen Pyrit-Einschl\u00fcssen<br data-start=\"1210\" data-end=\"1213\" \/>Form: Oval<br data-start=\"1223\" data-end=\"1226\" \/>Steingr\u00f6\u00dfe: 8 x 6 mm<br data-start=\"1246\" data-end=\"1249\" \/>Armbandl\u00e4nge: ca. 15,5\u201320 cm (verstellbar)<br data-start=\"1291\" data-end=\"1294\" \/>Material: Sterling Silber (925)<br data-start=\"1325\" data-end=\"1328\" \/>Schmuckart: Edelsteinarmband<br data-start=\"1356\" data-end=\"1359\" \/>Chakras: Halschakra (5. Chakra) &amp; Stirnchakra (6. Chakra)<br data-start=\"1416\" data-end=\"1419\" \/>Element: Luft<br data-start=\"1432\" data-end=\"1435\" \/>\u0627\u0644\u0646\u0642\u0627\u0621: \u062d\u062c\u0631 \u0637\u0628\u064a\u0639\u064a<br data-start=\"1496\" data-end=\"1499\" \/>Steinart: Lapis Lazuli<\/p>\n<hr data-start=\"1525\" data-end=\"1528\" \/>\n<h4 data-start=\"1530\" data-end=\"1572\"><span class=\"ez-toc-section\" id=\"Besonderheiten\"><\/span>\u0627\u0644\u0645\u064a\u0632\u0627\u062a \u0627\u0644\u062e\u0627\u0635\u0629<span class=\"ez-toc-section-end\"><\/span><\/h4>\n<p data-start=\"1573\" data-end=\"2019\">Das Silberarmband Lapis Lazuli oval ist ein kraftvoller spiritueller Stein, der seit Jahrhunderten mit Weisheit, Einsicht und Intellekt verbunden ist. Lapis Lazuli kl\u00e4rt den Geist, unterst\u00fctzt Ged\u00e4chtnis, geistige F\u00e4higkeiten und die Verarbeitung sowie Speicherung von Informationen. Der Stein hilft, sich der Wahrheit zu stellen, f\u00f6rdert Selbstbewusstsein und ermutigt zu einer ehrlichen, offenen Haltung sich selbst und anderen gegen\u00fcber.<\/p>\n<p data-start=\"2021\" data-end=\"2405\">Emotional und mental wirkt Lapis Lazuli beruhigend auf \u00c4rger, Frustration und Reizbarkeit. Er reduziert Einsamkeitsgef\u00fchle und f\u00f6rdert Empathie, Mitgef\u00fchl und Verbindung. Der Stein st\u00e4rkt Freundschaften und harmonische Beziehungen und macht gesellig, einf\u00fchlsam und aufrichtig. Lapis Lazuli unterst\u00fctzt klare und ehrliche Kommunikation, sodass Sie sich effektiver ausdr\u00fccken k\u00f6nnen.<\/p>\n<p data-start=\"2407\" data-end=\"2800\">Spirituell \u00f6ffnet Lapis Lazuli das Stirn- und Halschakra, st\u00e4rkt intuitive F\u00e4higkeiten wie Intuition, Hellsehen und inneres Wissen und f\u00f6rdert die spirituelle Entwicklung. Der Stein eignet sich besonders gut f\u00fcr Meditation, schamanische oder astrale Reisen und die Verbindung zu geistigen F\u00fchrern oder Engeln. Er hilft, sich auf h\u00f6here Energien einzustimmen und tiefe Einsichten zu gewinnen.<\/p>\n<hr data-start=\"2802\" data-end=\"2805\" \/>\n<h4 data-start=\"2807\" data-end=\"2857\"><span class=\"ez-toc-section\" id=\"_Mehr_uber_Lapis_Lazuli_Edelsteinarmbander\"><\/span>\u00a0Mehr \u00fcber Lapis Lazuli &amp; Edelsteinarmb\u00e4nder<span class=\"ez-toc-section-end\"><\/span><\/h4>\n<p>\u0623\u062d\u062c\u0627\u0631 \u0648\u0628\u0644\u0648\u0631\u0627\u062a \u0627\u0644\u0634\u0641\u0627\u0621 |\u0623\u062d\u062c\u0627\u0631 \u0648\u0628\u0644\u0648\u0631\u0627\u062a \u0627\u0644\u0634\u0641\u0627\u0621 |<a href=\"https:\/\/saphirsmaragd.com\/ar\/product-category\/heilsteine-kristalle-kaufen\/\"> \u0627\u0644\u064a\u0627\u0642\u0648\u062a \u0648\u0627\u0644\u0632\u0645\u0631\u062f<\/a><\/p>\n<hr data-start=\"2911\" data-end=\"2914\" \/>\n<h4 data-start=\"2916\" data-end=\"2944\"><span class=\"ez-toc-section\" id=\"_Weitere_Info\"><\/span>\u00a0Weitere Info<span class=\"ez-toc-section-end\"><\/span><\/h4>\n<p data-start=\"2945\" data-end=\"2998\">Wikipedia:<a href=\"https:\/\/de.wikipedia.org\/wiki\/Lapis-Lazuli\" target=\"_blank\" rel=\"noopener\"> Lapis-Lazuli<\/a><\/p>","protected":false},"excerpt":{"rendered":"<p><em>Dieses Silberarmband Lapis Lazuli oval aus 925 Sterling Silber unterst\u00fctzt Weisheit, Intellekt, harmonische Beziehungen und spirituelle Entwicklung.<\/em><\/p>","protected":false},"featured_media":7748,"comment_status":"open","ping_status":"closed","template":"","meta":{"_glsr_average":0,"_glsr_ranking":0,"_glsr_reviews":0},"product_brand":[],"product_cat":[331],"product_tag":[],"class_list":{"0":"post-7747","1":"product","2":"type-product","3":"status-publish","4":"has-post-thumbnail","6":"product_cat-edelsteinarmbaender-kaufen","8":"first","9":"instock","10":"shipping-taxable","11":"purchasable","12":"product-type-simple","13":"add-to-wishlist-before_image"},"jetpack_sharing_enabled":true,"_links":{"self":[{"href":"https:\/\/saphirsmaragd.com\/ar\/wp-json\/wp\/v2\/product\/7747","targetHints":{"allow":["GET"]}}],"collection":[{"href":"https:\/\/saphirsmaragd.com\/ar\/wp-json\/wp\/v2\/product"}],"about":[{"href":"https:\/\/saphirsmaragd.com\/ar\/wp-json\/wp\/v2\/types\/product"}],"replies":[{"embeddable":true,"href":"https:\/\/saphirsmaragd.com\/ar\/wp-json\/wp\/v2\/comments?post=7747"}],"version-history":[{"count":1,"href":"https:\/\/saphirsmaragd.com\/ar\/wp-json\/wp\/v2\/product\/7747\/revisions"}],"predecessor-version":[{"id":7750,"href":"https:\/\/saphirsmaragd.com\/ar\/wp-json\/wp\/v2\/product\/7747\/revisions\/7750"}],"wp:featuredmedia":[{"embeddable":true,"href":"https:\/\/saphirsmaragd.com\/ar\/wp-json\/wp\/v2\/media\/7748"}],"wp:attachment":[{"href":"https:\/\/saphirsmaragd.com\/ar\/wp-json\/wp\/v2\/media?parent=7747"}],"wp:term":[{"taxonomy":"product_brand","embeddable":true,"href":"https:\/\/saphirsmaragd.com\/ar\/wp-json\/wp\/v2\/product_brand?post=7747"},{"taxonomy":"product_cat","embeddable":true,"href":"https:\/\/saphirsmaragd.com\/ar\/wp-json\/wp\/v2\/product_cat?post=7747"},{"taxonomy":"product_tag","embeddable":true,"href":"https:\/\/saphirsmaragd.com\/ar\/wp-json\/wp\/v2\/product_tag?post=7747"}],"curies":[{"name":"wp","href":"https:\/\/api.w.org\/{rel}","templated":true}]}}