{"id":7882,"date":"2026-01-22T11:02:27","date_gmt":"2026-01-22T11:02:27","guid":{"rendered":"https:\/\/saphirsmaragd.com\/?post_type=product&#038;p=7882"},"modified":"2026-01-22T11:06:44","modified_gmt":"2026-01-22T11:06:44","slug":"armband-mit-angelit-blau","status":"publish","type":"product","link":"https:\/\/saphirsmaragd.com\/ar\/product\/armband-mit-angelit-blau\/","title":{"rendered":"Armband mit Angelit Blau \u2013 Edelsteinarmband mit 14K Goldperle"},"content":{"rendered":"<div id=\"ez-toc-container\" class=\"ez-toc-v2_0_82_2 counter-hierarchy ez-toc-counter ez-toc-grey ez-toc-container-direction\">\n<div class=\"ez-toc-title-container\">\n<p class=\"ez-toc-title\" style=\"cursor:inherit\">\u062c\u062f\u0648\u0644 \u0627\u0644\u0645\u062d\u062a\u0648\u064a\u0627\u062a<\/p>\n<span class=\"ez-toc-title-toggle\"><a href=\"#\" class=\"ez-toc-pull-right ez-toc-btn ez-toc-btn-xs ez-toc-btn-default ez-toc-toggle\" aria-label=\"Toggle Table of Content\"><span class=\"ez-toc-js-icon-con\"><span class=\"\"><span class=\"eztoc-hide\" style=\"display:none;\">\u062a\u0628\u062f\u064a\u0644<\/span><span class=\"ez-toc-icon-toggle-span\"><svg style=\"fill: #999;color:#999\" xmlns=\"http:\/\/www.w3.org\/2000\/svg\" class=\"list-377408\" width=\"20px\" height=\"20px\" viewbox=\"0 0 24 24\" fill=\"none\"><path d=\"M6 6H4v2h2V6zm14 0H8v2h12V6zM4 11h2v2H4v-2zm16 0H8v2h12v-2zM4 16h2v2H4v-2zm16 0H8v2h12v-2z\" fill=\"currentColor\"><\/path><\/svg><svg style=\"fill: #999;color:#999\" class=\"arrow-unsorted-368013\" xmlns=\"http:\/\/www.w3.org\/2000\/svg\" width=\"10px\" height=\"10px\" viewbox=\"0 0 24 24\" version=\"1.2\" baseprofile=\"tiny\"><path d=\"M18.2 9.3l-6.2-6.3-6.2 6.3c-.2.2-.3.4-.3.7s.1.5.3.7c.2.2.4.3.7.3h11c.3 0 .5-.1.7-.3.2-.2.3-.5.3-.7s-.1-.5-.3-.7zM5.8 14.7l6.2 6.3 6.2-6.3c.2-.2.3-.5.3-.7s-.1-.5-.3-.7c-.2-.2-.4-.3-.7-.3h-11c-.3 0-.5.1-.7.3-.2.2-.3.5-.3.7s.1.5.3.7z\"\/><\/svg><\/span><\/span><\/span><\/a><\/span><\/div>\n<nav><ul class='ez-toc-list ez-toc-list-level-1' ><li class='ez-toc-page-1 ez-toc-heading-level-4'><a class=\"ez-toc-link ez-toc-heading-1\" href=\"https:\/\/saphirsmaragd.com\/ar\/product\/armband-mit-angelit-blau\/#Armband_mit_Angelit_Blau_%E2%80%93_Elastisches_Edelsteinarmband_mit_14K_Goldperle\" >Armband mit Angelit Blau \u2013 Elastisches Edelsteinarmband mit 14K Goldperle<\/a><\/li><li class='ez-toc-page-1 ez-toc-heading-level-4'><a class=\"ez-toc-link ez-toc-heading-2\" href=\"https:\/\/saphirsmaragd.com\/ar\/product\/armband-mit-angelit-blau\/#_Merkmale_Herkunft\" >\u00a0\u0627\u0644\u062e\u0635\u0627\u0626\u0635 \u0648\u0627\u0644\u0623\u0635\u0644<\/a><\/li><li class='ez-toc-page-1 ez-toc-heading-level-4'><a class=\"ez-toc-link ez-toc-heading-3\" href=\"https:\/\/saphirsmaragd.com\/ar\/product\/armband-mit-angelit-blau\/#_Besonderheiten\" >\u00a0\u0627\u0644\u0645\u064a\u0632\u0627\u062a \u0627\u0644\u062e\u0627\u0635\u0629<\/a><\/li><li class='ez-toc-page-1 ez-toc-heading-level-4'><a class=\"ez-toc-link ez-toc-heading-4\" href=\"https:\/\/saphirsmaragd.com\/ar\/product\/armband-mit-angelit-blau\/#_Mehr_uber_Achate_Heilsteine\" >\u00a0Mehr \u00fcber Achate &amp; Heilsteine<\/a><\/li><li class='ez-toc-page-1 ez-toc-heading-level-4'><a class=\"ez-toc-link ez-toc-heading-5\" href=\"https:\/\/saphirsmaragd.com\/ar\/product\/armband-mit-angelit-blau\/#_Weitere_Infos\" >\u00a0\u0645\u0632\u064a\u062f \u0645\u0646 \u0627\u0644\u0645\u0639\u0644\u0648\u0645\u0627\u062a<\/a><\/li><\/ul><\/nav><\/div>\n<h4 data-start=\"947\" data-end=\"1028\"><span class=\"ez-toc-section\" id=\"Armband_mit_Angelit_Blau_%E2%80%93_Elastisches_Edelsteinarmband_mit_14K_Goldperle\"><\/span><strong data-start=\"951\" data-end=\"1028\">Armband mit Angelit Blau \u2013 Elastisches Edelsteinarmband mit 14K Goldperle<\/strong><span class=\"ez-toc-section-end\"><\/span><\/h4>\n<p data-start=\"1030\" data-end=\"1215\">Das Armband mit Angelit Blau ist ein fein gearbeitetes Edelsteinarmband, das durch seine sanfte blaue Farbe, seine beruhigende Ausstrahlung und seine hochwertige Verarbeitung \u00fcberzeugt.<\/p>\n<hr data-start=\"2365\" data-end=\"2368\" \/>\n<h4 data-start=\"1187\" data-end=\"1215\"><span class=\"ez-toc-section\" id=\"_Merkmale_Herkunft\"><\/span>\u00a0\u0627\u0644\u062e\u0635\u0627\u0626\u0635 \u0648\u0627\u0644\u0623\u0635\u0644<span class=\"ez-toc-section-end\"><\/span><\/h4>\n<p data-start=\"1216\" data-end=\"1508\">Farbe: Blau<br data-start=\"1257\" data-end=\"1260\" \/>Form: Kugel<br data-start=\"1306\" data-end=\"1309\" \/>Ma\u00dfe: Perlendurchmesser ca. 6 mm<br data-start=\"1341\" data-end=\"1344\" \/>\u0627\u0644\u0646\u0642\u0627\u0621: \u062d\u062c\u0631 \u0637\u0628\u064a\u0639\u064a<br data-start=\"1390\" data-end=\"1393\" \/>Zertifikat: Nein<br data-start=\"1409\" data-end=\"1412\" \/>\u0627\u0644\u062d\u0627\u0644\u0629: \u062c\u062f\u064a\u062f<br data-start=\"1424\" data-end=\"1427\" \/>Steinart: Angelit<br data-start=\"1444\" data-end=\"1447\" \/>Material: Elastisches Band, 14 Karat Goldperle<br data-start=\"1493\" data-end=\"1496\" \/>Schmuckart: Armband<br data-start=\"1515\" data-end=\"1518\" \/>L\u00e4nge: ca. 18 cm<\/p>\n<hr data-start=\"2365\" data-end=\"2368\" \/>\n<h4 data-start=\"1510\" data-end=\"1533\"><span class=\"ez-toc-section\" id=\"_Besonderheiten\"><\/span>\u00a0\u0627\u0644\u0645\u064a\u0632\u0627\u062a \u0627\u0644\u062e\u0627\u0635\u0629<span class=\"ez-toc-section-end\"><\/span><\/h4>\n<p data-start=\"1562\" data-end=\"1955\">Der Angelit wird traditionell mit Schutz, innerem Frieden und einer tiefen Verbindung zu h\u00f6heren Ebenen in Verbindung gebracht. Seine beruhigende Energie hilft dabei, emotionale Spannungen zu l\u00f6sen und in herausfordernden Lebenssituationen Ruhe und Ausgeglichenheit zu bewahren. Das Armband mit Angelit Blau unterst\u00fctzt Empathie, Mitgef\u00fchl und liebevolles Handeln \u2013 auch sich selbst gegen\u00fcber.<\/p>\n<p data-start=\"1957\" data-end=\"2410\">Dar\u00fcber hinaus f\u00f6rdert der Angelit Akzeptanz und ehrliche Selbstreflexion, insbesondere in Situationen, die nicht ver\u00e4ndert werden k\u00f6nnen. Spirituell wird ihm eine starke Verbindung zur Engelenergie zugeschrieben, wodurch er die Kommunikation mit h\u00f6heren Lichtenergien unterst\u00fctzen soll. Das Armband mit Angelit Blau wirkt zudem k\u00fchlend und wird traditionell mit positiven Effekten auf Hals, Atemwege und den Fl\u00fcssigkeitshaushalt in Verbindung gebracht.<\/p>\n<hr data-start=\"2365\" data-end=\"2368\" \/>\n<h4 data-start=\"2232\" data-end=\"2270\"><span class=\"ez-toc-section\" id=\"_Mehr_uber_Achate_Heilsteine\"><\/span>\u00a0Mehr \u00fcber Achate &amp; Heilsteine<span class=\"ez-toc-section-end\"><\/span><\/h4>\n<p data-start=\"2271\" data-end=\"2322\">\u0623\u062d\u062c\u0627\u0631 \u0648\u0628\u0644\u0648\u0631\u0627\u062a \u0627\u0644\u0634\u0641\u0627\u0621 |\u0623\u062d\u062c\u0627\u0631 \u0648\u0628\u0644\u0648\u0631\u0627\u062a \u0627\u0644\u0634\u0641\u0627\u0621 | <a class=\"decorated-link\" href=\"https:\/\/saphirsmaragd.com\/ar\/product-category\/heilsteine-kristalle-kaufen\/\" rel=\"noopener\" data-start=\"2301\" data-end=\"2322\">\u0627\u0644\u064a\u0627\u0642\u0648\u062a \u0648\u0627\u0644\u0632\u0645\u0631\u062f<\/a><\/p>\n<hr data-start=\"2365\" data-end=\"2368\" \/>\n<h4 data-start=\"2324\" data-end=\"2346\"><span class=\"ez-toc-section\" id=\"_Weitere_Infos\"><\/span>\u00a0\u0645\u0632\u064a\u062f \u0645\u0646 \u0627\u0644\u0645\u0639\u0644\u0648\u0645\u0627\u062a<span class=\"ez-toc-section-end\"><\/span><\/h4>\n<p data-start=\"2347\" data-end=\"2363\">Wikipedia:<a href=\"https:\/\/de.wikipedia.org\/wiki\/Aquamarin\" target=\"_blank\" rel=\"noopener\">\u0627\u0643\u0648\u0627\u0645\u0627\u0631\u064a\u0646<\/a><\/p>","protected":false},"excerpt":{"rendered":"<p><em>Das Armband mit Angelit Blau ist ein elastisches Edelsteinarmband mit 14-kar\u00e4tiger Goldperle und steht f\u00fcr Schutz, innere Ruhe und liebevolle Verbundenheit.<\/em><\/p>","protected":false},"featured_media":7883,"comment_status":"open","ping_status":"closed","template":"","meta":{"_glsr_average":0,"_glsr_ranking":0,"_glsr_reviews":0},"product_brand":[],"product_cat":[331],"product_tag":[],"class_list":{"0":"post-7882","1":"product","2":"type-product","3":"status-publish","4":"has-post-thumbnail","6":"product_cat-edelsteinarmbaender-kaufen","8":"first","9":"instock","10":"shipping-taxable","11":"purchasable","12":"product-type-simple","13":"add-to-wishlist-before_image"},"jetpack_sharing_enabled":true,"_links":{"self":[{"href":"https:\/\/saphirsmaragd.com\/ar\/wp-json\/wp\/v2\/product\/7882","targetHints":{"allow":["GET"]}}],"collection":[{"href":"https:\/\/saphirsmaragd.com\/ar\/wp-json\/wp\/v2\/product"}],"about":[{"href":"https:\/\/saphirsmaragd.com\/ar\/wp-json\/wp\/v2\/types\/product"}],"replies":[{"embeddable":true,"href":"https:\/\/saphirsmaragd.com\/ar\/wp-json\/wp\/v2\/comments?post=7882"}],"version-history":[{"count":1,"href":"https:\/\/saphirsmaragd.com\/ar\/wp-json\/wp\/v2\/product\/7882\/revisions"}],"predecessor-version":[{"id":7884,"href":"https:\/\/saphirsmaragd.com\/ar\/wp-json\/wp\/v2\/product\/7882\/revisions\/7884"}],"wp:featuredmedia":[{"embeddable":true,"href":"https:\/\/saphirsmaragd.com\/ar\/wp-json\/wp\/v2\/media\/7883"}],"wp:attachment":[{"href":"https:\/\/saphirsmaragd.com\/ar\/wp-json\/wp\/v2\/media?parent=7882"}],"wp:term":[{"taxonomy":"product_brand","embeddable":true,"href":"https:\/\/saphirsmaragd.com\/ar\/wp-json\/wp\/v2\/product_brand?post=7882"},{"taxonomy":"product_cat","embeddable":true,"href":"https:\/\/saphirsmaragd.com\/ar\/wp-json\/wp\/v2\/product_cat?post=7882"},{"taxonomy":"product_tag","embeddable":true,"href":"https:\/\/saphirsmaragd.com\/ar\/wp-json\/wp\/v2\/product_tag?post=7882"}],"curies":[{"name":"wp","href":"https:\/\/api.w.org\/{rel}","templated":true}]}}