{"id":8091,"date":"2026-02-08T17:53:00","date_gmt":"2026-02-08T17:53:00","guid":{"rendered":"https:\/\/saphirsmaragd.com\/?post_type=product&#038;p=8091"},"modified":"2026-02-14T10:39:32","modified_gmt":"2026-02-14T10:39:32","slug":"zirkon-rechteck-9-18-karat-blau","status":"publish","type":"product","link":"https:\/\/saphirsmaragd.com\/ar\/product\/zirkon-rechteck-9-18-karat-blau\/","title":{"rendered":"Zirkon Rechteck 9.18 Karat Blau \u2013 Edelstein aus Kambodscha"},"content":{"rendered":"<div id=\"ez-toc-container\" class=\"ez-toc-v2_0_82_2 counter-hierarchy ez-toc-counter ez-toc-grey ez-toc-container-direction\">\n<div class=\"ez-toc-title-container\">\n<p class=\"ez-toc-title\" style=\"cursor:inherit\">\u062c\u062f\u0648\u0644 \u0627\u0644\u0645\u062d\u062a\u0648\u064a\u0627\u062a<\/p>\n<span class=\"ez-toc-title-toggle\"><a href=\"#\" class=\"ez-toc-pull-right ez-toc-btn ez-toc-btn-xs ez-toc-btn-default ez-toc-toggle\" aria-label=\"Toggle Table of Content\"><span class=\"ez-toc-js-icon-con\"><span class=\"\"><span class=\"eztoc-hide\" style=\"display:none;\">\u062a\u0628\u062f\u064a\u0644<\/span><span class=\"ez-toc-icon-toggle-span\"><svg style=\"fill: #999;color:#999\" xmlns=\"http:\/\/www.w3.org\/2000\/svg\" class=\"list-377408\" width=\"20px\" height=\"20px\" viewbox=\"0 0 24 24\" fill=\"none\"><path d=\"M6 6H4v2h2V6zm14 0H8v2h12V6zM4 11h2v2H4v-2zm16 0H8v2h12v-2zM4 16h2v2H4v-2zm16 0H8v2h12v-2z\" fill=\"currentColor\"><\/path><\/svg><svg style=\"fill: #999;color:#999\" class=\"arrow-unsorted-368013\" xmlns=\"http:\/\/www.w3.org\/2000\/svg\" width=\"10px\" height=\"10px\" viewbox=\"0 0 24 24\" version=\"1.2\" baseprofile=\"tiny\"><path d=\"M18.2 9.3l-6.2-6.3-6.2 6.3c-.2.2-.3.4-.3.7s.1.5.3.7c.2.2.4.3.7.3h11c.3 0 .5-.1.7-.3.2-.2.3-.5.3-.7s-.1-.5-.3-.7zM5.8 14.7l6.2 6.3 6.2-6.3c.2-.2.3-.5.3-.7s-.1-.5-.3-.7c-.2-.2-.4-.3-.7-.3h-11c-.3 0-.5.1-.7.3-.2.2-.3.5-.3.7s.1.5.3.7z\"\/><\/svg><\/span><\/span><\/span><\/a><\/span><\/div>\n<nav><ul class='ez-toc-list ez-toc-list-level-1' ><li class='ez-toc-page-1 ez-toc-heading-level-4'><a class=\"ez-toc-link ez-toc-heading-1\" href=\"https:\/\/saphirsmaragd.com\/ar\/product\/zirkon-rechteck-9-18-karat-blau\/#Zirkon_Rechteck_918_Karat_Blau_%E2%80%93_Edelstein_aus_Kambodscha\" >Zirkon Rechteck 9.18 Karat Blau \u2013 Edelstein aus Kambodscha<\/a><\/li><li class='ez-toc-page-1 ez-toc-heading-level-4'><a class=\"ez-toc-link ez-toc-heading-2\" href=\"https:\/\/saphirsmaragd.com\/ar\/product\/zirkon-rechteck-9-18-karat-blau\/#Merkmale_Herkunft\" >Merkmale &amp; Herkunft:<\/a><\/li><li class='ez-toc-page-1 ez-toc-heading-level-4'><a class=\"ez-toc-link ez-toc-heading-3\" href=\"https:\/\/saphirsmaragd.com\/ar\/product\/zirkon-rechteck-9-18-karat-blau\/#Besonderheiten\" >Besonderheiten:<\/a><\/li><li class='ez-toc-page-1 ez-toc-heading-level-4'><a class=\"ez-toc-link ez-toc-heading-4\" href=\"https:\/\/saphirsmaragd.com\/ar\/product\/zirkon-rechteck-9-18-karat-blau\/#Mehr_uber_unsere_Edelsteine\" >\u0627\u0644\u0645\u0632\u064a\u062f \u0639\u0646 \u0623\u062d\u062c\u0627\u0631\u0646\u0627 \u0627\u0644\u0643\u0631\u064a\u0645\u0629<\/a><\/li><li class='ez-toc-page-1 ez-toc-heading-level-4'><a class=\"ez-toc-link ez-toc-heading-5\" href=\"https:\/\/saphirsmaragd.com\/ar\/product\/zirkon-rechteck-9-18-karat-blau\/#Weitere_Infos\" >\u0645\u0632\u064a\u062f \u0645\u0646 \u0627\u0644\u0645\u0639\u0644\u0648\u0645\u0627\u062a<\/a><\/li><\/ul><\/nav><\/div>\n<h4 data-start=\"483\" data-end=\"546\"><span class=\"ez-toc-section\" id=\"Zirkon_Rechteck_918_Karat_Blau_%E2%80%93_Edelstein_aus_Kambodscha\"><\/span>Zirkon Rechteck 9.18 Karat Blau \u2013 Edelstein aus Kambodscha<span class=\"ez-toc-section-end\"><\/span><\/h4>\n<p data-start=\"548\" data-end=\"669\">Zirkon Rechteck 9.18 ct Blau ist ein au\u00dfergew\u00f6hnlich brillanter Edelstein aus Kambodscha mit eleganter rechteckiger Form.<\/p>\n<hr data-start=\"1314\" data-end=\"1317\" \/>\n<h4 data-start=\"1319\" data-end=\"1344\"><span class=\"ez-toc-section\" id=\"Merkmale_Herkunft\"><\/span>Merkmale &amp; Herkunft:<span class=\"ez-toc-section-end\"><\/span><\/h4>\n<p data-start=\"1345\" data-end=\"1579\">Stein: Zirkon<br data-start=\"1358\" data-end=\"1361\" \/>Form: Rechteck<br data-start=\"1373\" data-end=\"1376\" \/>Farbe: Blau<br data-start=\"1387\" data-end=\"1390\" \/>Gewicht: 9.18 Karat<br data-start=\"1410\" data-end=\"1413\" \/>Abmessungen: 14.5 \u00d7 8.5 mm<br data-start=\"1440\" data-end=\"1443\" \/>Herkunft: Kambodscha<br data-start=\"1463\" data-end=\"1466\" \/>Behandlung: Erhitzt<br data-start=\"1485\" data-end=\"1488\" \/>Reinheit: Augenrein<br data-start=\"1521\" data-end=\"1524\" \/>Mohs-H\u00e4rte: 6.5\u20137.5<br data-start=\"1543\" data-end=\"1546\" \/>\u0627\u0644\u062d\u0627\u0644\u0629: \u062c\u062f\u064a\u062f<\/p>\n<hr data-start=\"1581\" data-end=\"1584\" \/>\n<h4 data-start=\"1586\" data-end=\"1606\"><span class=\"ez-toc-section\" id=\"Besonderheiten\"><\/span>Besonderheiten:<span class=\"ez-toc-section-end\"><\/span><\/h4>\n<p data-start=\"1607\" data-end=\"1936\">Blauer Zirkon ist ein nat\u00fcrlicher Edelstein mit au\u00dfergew\u00f6hnlichem Feuer und starker Brillanz. In dieser Karatgr\u00f6\u00dfe ist er selten zu finden. Die Kombination aus intensiver Farbe, hoher Transparenz und gro\u00dfz\u00fcgigem Schliff macht diesen Stein ideal f\u00fcr hochwertige Einzelanfertigungen oder als Blickfang in einer exklusiven Sammlung.<\/p>\n<hr data-start=\"1926\" data-end=\"1929\" \/>\n<h4 data-start=\"1931\" data-end=\"1971\"><span class=\"ez-toc-section\" id=\"Mehr_uber_unsere_Edelsteine\"><\/span>\u0627\u0644\u0645\u0632\u064a\u062f \u0639\u0646 \u0623\u062d\u062c\u0627\u0631\u0646\u0627 \u0627\u0644\u0643\u0631\u064a\u0645\u0629<span class=\"ez-toc-section-end\"><\/span><\/h4>\n<p data-start=\"1972\" data-end=\"2069\"><a href=\"https:\/\/saphirsmaragd.com\/ar\/product-category\/edelsteine-kaufen\/\">\u0627\u0644\u0623\u062d\u062c\u0627\u0631 \u0627\u0644\u0643\u0631\u064a\u0645\u0629<\/a><\/p>\n<hr data-start=\"2071\" data-end=\"2074\" \/>\n<h4 data-start=\"2076\" data-end=\"2096\"><span class=\"ez-toc-section\" id=\"Weitere_Infos\"><\/span>\u0645\u0632\u064a\u062f \u0645\u0646 \u0627\u0644\u0645\u0639\u0644\u0648\u0645\u0627\u062a<span class=\"ez-toc-section-end\"><\/span><\/h4>\n<p><a href=\"https:\/\/de.wikipedia.org\/wiki\/Zirkon\" target=\"_blank\" rel=\"noopener\">Wikipedia: Zirkon<\/a><\/p>","protected":false},"excerpt":{"rendered":"<p data-start=\"488\" data-end=\"642\">Zirkon Rechteck 9.18 Karat Blau aus Kambodscha. Hochwertiger Edelstein mit intensiver Brillanz und rechteckigem Schliff.<\/p>\n<h2 data-start=\"523\" data-end=\"548\"><\/h2>","protected":false},"featured_media":8092,"comment_status":"open","ping_status":"closed","template":"","meta":{"_glsr_average":0,"_glsr_ranking":0,"_glsr_reviews":0},"product_brand":[],"product_cat":[301],"product_tag":[],"class_list":{"0":"post-8091","1":"product","2":"type-product","3":"status-publish","4":"has-post-thumbnail","6":"product_cat-zirkon","7":"pa_edelsteinart-zirkon","8":"pa_farbe-blau","9":"pa_form-rechteck","10":"pa_gewicht-karat-5-0-10-karat","11":"pa_herkunft-kambodscha","12":"pa_reinheit-augenrein","13":"pa_veredelung-behandlung-erhitzt","14":"pa_zustand-neu","16":"first","17":"instock","18":"featured","19":"sold-individually","20":"shipping-taxable","21":"purchasable","22":"product-type-simple","23":"add-to-wishlist-before_image"},"jetpack_sharing_enabled":true,"_links":{"self":[{"href":"https:\/\/saphirsmaragd.com\/ar\/wp-json\/wp\/v2\/product\/8091","targetHints":{"allow":["GET"]}}],"collection":[{"href":"https:\/\/saphirsmaragd.com\/ar\/wp-json\/wp\/v2\/product"}],"about":[{"href":"https:\/\/saphirsmaragd.com\/ar\/wp-json\/wp\/v2\/types\/product"}],"replies":[{"embeddable":true,"href":"https:\/\/saphirsmaragd.com\/ar\/wp-json\/wp\/v2\/comments?post=8091"}],"version-history":[{"count":2,"href":"https:\/\/saphirsmaragd.com\/ar\/wp-json\/wp\/v2\/product\/8091\/revisions"}],"predecessor-version":[{"id":8094,"href":"https:\/\/saphirsmaragd.com\/ar\/wp-json\/wp\/v2\/product\/8091\/revisions\/8094"}],"wp:featuredmedia":[{"embeddable":true,"href":"https:\/\/saphirsmaragd.com\/ar\/wp-json\/wp\/v2\/media\/8092"}],"wp:attachment":[{"href":"https:\/\/saphirsmaragd.com\/ar\/wp-json\/wp\/v2\/media?parent=8091"}],"wp:term":[{"taxonomy":"product_brand","embeddable":true,"href":"https:\/\/saphirsmaragd.com\/ar\/wp-json\/wp\/v2\/product_brand?post=8091"},{"taxonomy":"product_cat","embeddable":true,"href":"https:\/\/saphirsmaragd.com\/ar\/wp-json\/wp\/v2\/product_cat?post=8091"},{"taxonomy":"product_tag","embeddable":true,"href":"https:\/\/saphirsmaragd.com\/ar\/wp-json\/wp\/v2\/product_tag?post=8091"}],"curies":[{"name":"wp","href":"https:\/\/api.w.org\/{rel}","templated":true}]}}