{"id":8229,"date":"2026-03-18T19:55:09","date_gmt":"2026-03-18T19:55:09","guid":{"rendered":"https:\/\/saphirsmaragd.com\/?post_type=product&#038;p=8229"},"modified":"2026-03-18T20:00:56","modified_gmt":"2026-03-18T20:00:56","slug":"tsavorit-granat-birne-farbe-gruen-0-59-karat","status":"publish","type":"product","link":"https:\/\/saphirsmaragd.com\/ar\/product\/tsavorit-granat-birne-farbe-gruen-0-59-karat\/","title":{"rendered":"Tsavorit Granat Birne Farbe gr\u00fcn 0.59 Karat \u2013 Nat\u00fcrlicher Edelstein aus Kenia mit lebendiger Brillanz"},"content":{"rendered":"<p data-start=\"842\" data-end=\"1119\">Der Tsavorit Granat Birne Farbe gr\u00fcn 0.59 Karat \u00fcberzeugt durch seine intensive gr\u00fcne Farbe und seine lebendige Ausstrahlung. Dieser nat\u00fcrliche Edelstein aus Kenia zeigt eine frische, leuchtende Farbgebung und wird durch seinen eleganten Tropfenschliff besonders hervorgehoben.<\/p>\n<hr data-start=\"1121\" data-end=\"1124\" \/>\n<div id=\"ez-toc-container\" class=\"ez-toc-v2_0_82_2 counter-hierarchy ez-toc-counter ez-toc-grey ez-toc-container-direction\">\n<div class=\"ez-toc-title-container\">\n<p class=\"ez-toc-title\" style=\"cursor:inherit\">\u062c\u062f\u0648\u0644 \u0627\u0644\u0645\u062d\u062a\u0648\u064a\u0627\u062a<\/p>\n<span class=\"ez-toc-title-toggle\"><a href=\"#\" class=\"ez-toc-pull-right ez-toc-btn ez-toc-btn-xs ez-toc-btn-default ez-toc-toggle\" aria-label=\"Toggle Table of Content\"><span class=\"ez-toc-js-icon-con\"><span class=\"\"><span class=\"eztoc-hide\" style=\"display:none;\">\u062a\u0628\u062f\u064a\u0644<\/span><span class=\"ez-toc-icon-toggle-span\"><svg style=\"fill: #999;color:#999\" xmlns=\"http:\/\/www.w3.org\/2000\/svg\" class=\"list-377408\" width=\"20px\" height=\"20px\" viewbox=\"0 0 24 24\" fill=\"none\"><path d=\"M6 6H4v2h2V6zm14 0H8v2h12V6zM4 11h2v2H4v-2zm16 0H8v2h12v-2zM4 16h2v2H4v-2zm16 0H8v2h12v-2z\" fill=\"currentColor\"><\/path><\/svg><svg style=\"fill: #999;color:#999\" class=\"arrow-unsorted-368013\" xmlns=\"http:\/\/www.w3.org\/2000\/svg\" width=\"10px\" height=\"10px\" viewbox=\"0 0 24 24\" version=\"1.2\" baseprofile=\"tiny\"><path d=\"M18.2 9.3l-6.2-6.3-6.2 6.3c-.2.2-.3.4-.3.7s.1.5.3.7c.2.2.4.3.7.3h11c.3 0 .5-.1.7-.3.2-.2.3-.5.3-.7s-.1-.5-.3-.7zM5.8 14.7l6.2 6.3 6.2-6.3c.2-.2.3-.5.3-.7s-.1-.5-.3-.7c-.2-.2-.4-.3-.7-.3h-11c-.3 0-.5.1-.7.3-.2.2-.3.5-.3.7s.1.5.3.7z\"\/><\/svg><\/span><\/span><\/span><\/a><\/span><\/div>\n<nav><ul class='ez-toc-list ez-toc-list-level-1' ><li class='ez-toc-page-1 ez-toc-heading-level-4'><a class=\"ez-toc-link ez-toc-heading-1\" href=\"https:\/\/saphirsmaragd.com\/ar\/product\/tsavorit-granat-birne-farbe-gruen-0-59-karat\/#Merkmale_Herkunft\" >Merkmale &amp; Herkunft:<\/a><\/li><li class='ez-toc-page-1 ez-toc-heading-level-4'><a class=\"ez-toc-link ez-toc-heading-2\" href=\"https:\/\/saphirsmaragd.com\/ar\/product\/tsavorit-granat-birne-farbe-gruen-0-59-karat\/#Besonderheiten\" >Besonderheiten:<\/a><\/li><li class='ez-toc-page-1 ez-toc-heading-level-4'><a class=\"ez-toc-link ez-toc-heading-3\" href=\"https:\/\/saphirsmaragd.com\/ar\/product\/tsavorit-granat-birne-farbe-gruen-0-59-karat\/#Weitere_Inspiration_entdecken\" >Weitere Inspiration entdecken<\/a><\/li><\/ul><\/nav><\/div>\n<h4 data-start=\"1126\" data-end=\"1151\"><span class=\"ez-toc-section\" id=\"Merkmale_Herkunft\"><\/span>Merkmale &amp; Herkunft:<span class=\"ez-toc-section-end\"><\/span><\/h4>\n<p data-start=\"1153\" data-end=\"1480\">Farbe: Hellgr\u00fcn bis intensiv gr\u00fcn<br data-start=\"1186\" data-end=\"1189\" \/>Form: Birne (Tropfenschliff)<br data-start=\"1217\" data-end=\"1220\" \/>Herkunft: Kenia<br data-start=\"1235\" data-end=\"1238\" \/>Gewicht: 0.59 Karat<br data-start=\"1257\" data-end=\"1260\" \/>Ma\u00dfe: 6.94 x 4.93 mm<br data-start=\"1280\" data-end=\"1283\" \/>Reinheit: Kleine Einschl\u00fcsse<br data-start=\"1311\" data-end=\"1314\" \/>\u0627\u0644\u0639\u0644\u0627\u062c: \u063a\u064a\u0631 \u0645\u0639\u0627\u0644\u062c<br data-start=\"1337\" data-end=\"1340\" \/>Zertifikat: Auf Anfrage (Val\u00e9rie DURAFFOURG, Gem-A m\u00f6glich)<br data-start=\"1399\" data-end=\"1402\" \/>\u0627\u0644\u062d\u0627\u0644\u0629: \u062c\u062f\u064a\u062f<br data-start=\"1414\" data-end=\"1417\" \/>Steinart: Nat\u00fcrlicher Tsavorit Granat<br data-start=\"1454\" data-end=\"1457\" \/>Mohs-H\u00e4rte: 6.5 \u2013 7.5<\/p>\n<hr data-start=\"1482\" data-end=\"1485\" \/>\n<h4 data-start=\"1487\" data-end=\"1507\"><span class=\"ez-toc-section\" id=\"Besonderheiten\"><\/span>Besonderheiten:<span class=\"ez-toc-section-end\"><\/span><\/h4>\n<p data-start=\"1509\" data-end=\"1789\">Der Tsavorit Granat Birne Farbe gr\u00fcn 0.59 Karat geh\u00f6rt zu den seltensten gr\u00fcnen Granaten und ist bekannt f\u00fcr seine klare, lebendige Farbintensit\u00e4t. Im Vergleich zu Smaragden ist Tsavorit in der Regel unbehandelt und bietet eine besonders nat\u00fcrliche Alternative mit hoher Brillanz.<\/p>\n<p data-start=\"1791\" data-end=\"2080\">Der Tropfenschliff verleiht dem Edelstein eine elegante und zeitlose Form, die sich ideal f\u00fcr Schmuckst\u00fccke wie Anh\u00e4nger oder filigrane Ringe eignet. Durch seine intensive Farbe und nat\u00fcrliche Reinheit ist dieser Stein sowohl f\u00fcr Sammler als auch f\u00fcr Schmuckliebhaber eine attraktive Wahl.<\/p>\n<hr data-start=\"1926\" data-end=\"1929\" \/>\n<h4 data-start=\"413\" data-end=\"449\"><span class=\"ez-toc-section\" id=\"Weitere_Inspiration_entdecken\"><\/span>Weitere Inspiration entdecken<span class=\"ez-toc-section-end\"><\/span><\/h4>\n<p data-start=\"450\" data-end=\"582\">Suchen Sie weitere besondere Produkte? Entdecken Sie zus\u00e4tzliche Highlights in unserem Sortiment oder besuchen Sie unsere Partnerprojekte:<\/p>\n<ul data-start=\"584\" data-end=\"920\">\n<li data-start=\"584\" data-end=\"656\"><a href=\"https:\/\/saphirsmaragd.com\/ar\/shop\/\">Weitere Edelsteine &amp; Schmuckst\u00fccke bei Saphir &amp; Smaragd entdecken<\/a><\/li>\n<li data-start=\"657\" data-end=\"783\">\n<p data-start=\"659\" data-end=\"783\"><a href=\"https:\/\/honigbee.com\/shop\/\" target=\"_blank\" rel=\"noopener\">Nat\u00fcrliche Produkte bei Honigbee ansehen<br \/>\n<\/a><\/p>\n<\/li>\n<li data-start=\"784\" data-end=\"920\">\n<p data-start=\"786\" data-end=\"920\"><a href=\"https:\/\/matvana.com\/shop\/\" target=\"_blank\" rel=\"noopener\">Stilvolle Wohnideen bei Matvana erkunden<\/a><\/p>\n<\/li>\n<\/ul>","protected":false},"excerpt":{"rendered":"<p data-start=\"452\" data-end=\"590\"><em>Tsavorit Granat Birne Farbe gr\u00fcn 0.59 Karat aus Kenia. Nat\u00fcrlicher Edelstein mit intensiver gr\u00fcner Farbe und elegantem Tropfenschliff.<\/em><\/p>\n<p data-start=\"575\" data-end=\"606\">","protected":false},"featured_media":8232,"comment_status":"open","ping_status":"closed","template":"","meta":{"_glsr_average":0,"_glsr_ranking":0,"_glsr_reviews":0},"product_brand":[],"product_cat":[111],"product_tag":[],"class_list":{"0":"post-8229","1":"product","2":"type-product","3":"status-publish","4":"has-post-thumbnail","6":"product_cat-granat-kaufen","7":"pa_edelsteinart-granat","8":"pa_farbe-gruen","9":"pa_form-birne","10":"pa_gewicht-karat-0-5-1-0-karat","11":"pa_herkunft-kenia","12":"pa_reinheit-kleine-einschluesse","13":"pa_veredelung-behandlung-unbehandelt","14":"pa_zertifikat-ja","15":"pa_zustand-neu","17":"first","18":"instock","19":"featured","20":"sold-individually","21":"shipping-taxable","22":"purchasable","23":"product-type-simple","24":"add-to-wishlist-before_image"},"jetpack_sharing_enabled":true,"_links":{"self":[{"href":"https:\/\/saphirsmaragd.com\/ar\/wp-json\/wp\/v2\/product\/8229","targetHints":{"allow":["GET"]}}],"collection":[{"href":"https:\/\/saphirsmaragd.com\/ar\/wp-json\/wp\/v2\/product"}],"about":[{"href":"https:\/\/saphirsmaragd.com\/ar\/wp-json\/wp\/v2\/types\/product"}],"replies":[{"embeddable":true,"href":"https:\/\/saphirsmaragd.com\/ar\/wp-json\/wp\/v2\/comments?post=8229"}],"version-history":[{"count":1,"href":"https:\/\/saphirsmaragd.com\/ar\/wp-json\/wp\/v2\/product\/8229\/revisions"}],"predecessor-version":[{"id":8233,"href":"https:\/\/saphirsmaragd.com\/ar\/wp-json\/wp\/v2\/product\/8229\/revisions\/8233"}],"wp:featuredmedia":[{"embeddable":true,"href":"https:\/\/saphirsmaragd.com\/ar\/wp-json\/wp\/v2\/media\/8232"}],"wp:attachment":[{"href":"https:\/\/saphirsmaragd.com\/ar\/wp-json\/wp\/v2\/media?parent=8229"}],"wp:term":[{"taxonomy":"product_brand","embeddable":true,"href":"https:\/\/saphirsmaragd.com\/ar\/wp-json\/wp\/v2\/product_brand?post=8229"},{"taxonomy":"product_cat","embeddable":true,"href":"https:\/\/saphirsmaragd.com\/ar\/wp-json\/wp\/v2\/product_cat?post=8229"},{"taxonomy":"product_tag","embeddable":true,"href":"https:\/\/saphirsmaragd.com\/ar\/wp-json\/wp\/v2\/product_tag?post=8229"}],"curies":[{"name":"wp","href":"https:\/\/api.w.org\/{rel}","templated":true}]}}