{"id":8542,"date":"2026-04-14T16:54:07","date_gmt":"2026-04-14T16:54:07","guid":{"rendered":"https:\/\/saphirsmaragd.com\/?post_type=product&#038;p=8542"},"modified":"2026-04-14T16:57:12","modified_gmt":"2026-04-14T16:57:12","slug":"smaragd-rechteck-gruen-0-88-karat","status":"publish","type":"product","link":"https:\/\/saphirsmaragd.com\/ar\/product\/smaragd-rechteck-gruen-0-88-karat\/","title":{"rendered":"Smaragd Rechteck Gr\u00fcn 0.88 Karat aus Sambia \u2013 Kompakter Edelstein"},"content":{"rendered":"<p data-start=\"711\" data-end=\"923\">Dieser Smaragd Rechteck Gr\u00fcn 0.88 Karat aus Sambia \u00fcberzeugt durch seine kompakte Gr\u00f6\u00dfe und seine nat\u00fcrliche gr\u00fcne Farbwirkung. Der klassische rechteckige Schliff sorgt f\u00fcr klare Linien und eine zeitlose Eleganz.<\/p>\n<hr data-start=\"925\" data-end=\"928\" \/>\n<div id=\"ez-toc-container\" class=\"ez-toc-v2_0_82_2 counter-hierarchy ez-toc-counter ez-toc-grey ez-toc-container-direction\">\n<div class=\"ez-toc-title-container\">\n<p class=\"ez-toc-title\" style=\"cursor:inherit\">\u062c\u062f\u0648\u0644 \u0627\u0644\u0645\u062d\u062a\u0648\u064a\u0627\u062a<\/p>\n<span class=\"ez-toc-title-toggle\"><a href=\"#\" class=\"ez-toc-pull-right ez-toc-btn ez-toc-btn-xs ez-toc-btn-default ez-toc-toggle\" aria-label=\"Toggle Table of Content\"><span class=\"ez-toc-js-icon-con\"><span class=\"\"><span class=\"eztoc-hide\" style=\"display:none;\">\u062a\u0628\u062f\u064a\u0644<\/span><span class=\"ez-toc-icon-toggle-span\"><svg style=\"fill: #999;color:#999\" xmlns=\"http:\/\/www.w3.org\/2000\/svg\" class=\"list-377408\" width=\"20px\" height=\"20px\" viewbox=\"0 0 24 24\" fill=\"none\"><path d=\"M6 6H4v2h2V6zm14 0H8v2h12V6zM4 11h2v2H4v-2zm16 0H8v2h12v-2zM4 16h2v2H4v-2zm16 0H8v2h12v-2z\" fill=\"currentColor\"><\/path><\/svg><svg style=\"fill: #999;color:#999\" class=\"arrow-unsorted-368013\" xmlns=\"http:\/\/www.w3.org\/2000\/svg\" width=\"10px\" height=\"10px\" viewbox=\"0 0 24 24\" version=\"1.2\" baseprofile=\"tiny\"><path d=\"M18.2 9.3l-6.2-6.3-6.2 6.3c-.2.2-.3.4-.3.7s.1.5.3.7c.2.2.4.3.7.3h11c.3 0 .5-.1.7-.3.2-.2.3-.5.3-.7s-.1-.5-.3-.7zM5.8 14.7l6.2 6.3 6.2-6.3c.2-.2.3-.5.3-.7s-.1-.5-.3-.7c-.2-.2-.4-.3-.7-.3h-11c-.3 0-.5.1-.7.3-.2.2-.3.5-.3.7s.1.5.3.7z\"\/><\/svg><\/span><\/span><\/span><\/a><\/span><\/div>\n<nav><ul class='ez-toc-list ez-toc-list-level-1' ><li class='ez-toc-page-1 ez-toc-heading-level-4'><a class=\"ez-toc-link ez-toc-heading-1\" href=\"https:\/\/saphirsmaragd.com\/ar\/product\/smaragd-rechteck-gruen-0-88-karat\/#Merkmale_Herkunft\" >\u0627\u0644\u062e\u0635\u0627\u0626\u0635 \u0648\u0627\u0644\u0623\u0635\u0644<\/a><\/li><li class='ez-toc-page-1 ez-toc-heading-level-4'><a class=\"ez-toc-link ez-toc-heading-2\" href=\"https:\/\/saphirsmaragd.com\/ar\/product\/smaragd-rechteck-gruen-0-88-karat\/#Besonderheiten\" >\u0627\u0644\u0645\u064a\u0632\u0627\u062a \u0627\u0644\u062e\u0627\u0635\u0629<\/a><\/li><li class='ez-toc-page-1 ez-toc-heading-level-4'><a class=\"ez-toc-link ez-toc-heading-3\" href=\"https:\/\/saphirsmaragd.com\/ar\/product\/smaragd-rechteck-gruen-0-88-karat\/#Mehr_uber_Heilsteine_Kristalle\" >Mehr \u00fcber Heilsteine &amp; Kristalle<\/a><\/li><li class='ez-toc-page-1 ez-toc-heading-level-4'><a class=\"ez-toc-link ez-toc-heading-4\" href=\"https:\/\/saphirsmaragd.com\/ar\/product\/smaragd-rechteck-gruen-0-88-karat\/#Weitere_Infos\" >\u0645\u0632\u064a\u062f \u0645\u0646 \u0627\u0644\u0645\u0639\u0644\u0648\u0645\u0627\u062a<\/a><\/li><\/ul><\/nav><\/div>\n<h4 data-start=\"930\" data-end=\"956\"><span class=\"ez-toc-section\" id=\"Merkmale_Herkunft\"><\/span>\u0627\u0644\u062e\u0635\u0627\u0626\u0635 \u0648\u0627\u0644\u0623\u0635\u0644<span class=\"ez-toc-section-end\"><\/span><\/h4>\n<p data-start=\"958\" data-end=\"1188\">Steinart: Smaragd<br data-start=\"975\" data-end=\"978\" \/>\u0627\u0644\u0644\u0648\u0646: \u0623\u062e\u0636\u0631<br data-start=\"989\" data-end=\"992\" \/>Form: Rechteck<br data-start=\"1006\" data-end=\"1009\" \/>Gewicht: 0.88 Karat<br data-start=\"1028\" data-end=\"1031\" \/>Abmessungen: 7.0 x 5.0 mm<br data-start=\"1056\" data-end=\"1059\" \/>Herkunft: Sambia<br data-start=\"1075\" data-end=\"1078\" \/>\u0627\u0644\u0646\u0642\u0627\u0621: \u0634\u0648\u0627\u0626\u0628 \u0635\u0627\u0641\u064a\u0629<br data-start=\"1106\" data-end=\"1109\" \/>Behandlung: Ge\u00f6lt<br data-start=\"1126\" data-end=\"1129\" \/>Beobachtung: Nat\u00fcrlich<br data-start=\"1151\" data-end=\"1154\" \/>Mohs-H\u00e4rte: 7.5\u20138<br data-start=\"1171\" data-end=\"1174\" \/>\u0627\u0644\u062d\u0627\u0644\u0629: \u062c\u062f\u064a\u062f<\/p>\n<hr data-start=\"1190\" data-end=\"1193\" \/>\n<h4 data-start=\"1195\" data-end=\"1216\"><span class=\"ez-toc-section\" id=\"Besonderheiten\"><\/span>\u0627\u0644\u0645\u064a\u0632\u0627\u062a \u0627\u0644\u062e\u0627\u0635\u0629<span class=\"ez-toc-section-end\"><\/span><\/h4>\n<p data-start=\"1218\" data-end=\"1442\">Der Smaragd Rechteck Gr\u00fcn 0.88 Karat eignet sich ideal f\u00fcr filigrane Schmuckst\u00fccke und dezente Designs. Seine kleinere Gr\u00f6\u00dfe macht ihn besonders attraktiv f\u00fcr elegante Ringe, Anh\u00e4nger oder Ohrringe mit feiner Ausstrahlung.<\/p>\n<p data-start=\"1444\" data-end=\"1640\">Smaragde aus Sambia sind bekannt f\u00fcr ihre stabile Struktur und ihre intensive, oft leicht bl\u00e4ulich wirkende Gr\u00fcnf\u00e4rbung. Diese Eigenschaften machen sie besonders beliebt f\u00fcr langlebigen Schmuck.<\/p>\n<p data-start=\"1642\" data-end=\"1841\">Die nat\u00fcrlichen Einschl\u00fcsse unterstreichen die Echtheit des Edelsteins und verleihen ihm seinen individuellen Charakter. Die \u00d6lbehandlung verbessert die Transparenz und unterst\u00fctzt die Farbwirkung.<\/p>\n<hr data-start=\"1670\" data-end=\"1673\" \/>\n<h4 data-start=\"1448\" data-end=\"1473\"><span class=\"ez-toc-section\" id=\"Mehr_uber_Heilsteine_Kristalle\"><\/span>Mehr \u00fcber Heilsteine &amp; Kristalle<span class=\"ez-toc-section-end\"><\/span><\/h4>\n<p data-start=\"1475\" data-end=\"1668\"><a class=\"\" href=\"https:\/\/saphirsmaragd.com\/ar\/product-category\/heilsteine-kristalle-kaufen\/\" target=\"_new\" rel=\"noopener\" data-start=\"1571\" data-end=\"1668\">\u0623\u062d\u062c\u0627\u0631 \u0627\u0644\u0634\u0641\u0627\u0621 \u0648\u0627\u0644\u0628\u0644\u0648\u0631\u0627\u062a<\/a><\/p>\n<hr data-start=\"1670\" data-end=\"1673\" \/>\n<h4 data-start=\"1675\" data-end=\"1695\"><span class=\"ez-toc-section\" id=\"Weitere_Infos\"><\/span>\u0645\u0632\u064a\u062f \u0645\u0646 \u0627\u0644\u0645\u0639\u0644\u0648\u0645\u0627\u062a<span class=\"ez-toc-section-end\"><\/span><\/h4>\n<p data-start=\"1697\" data-end=\"1801\"><a class=\"\" href=\"https:\/\/de.wikipedia.org\/wiki\/Smaragd\" target=\"_new\" rel=\"noopener\" data-start=\"1741\" data-end=\"1801\">Wikipedia \u2013 Smaragd<\/a><\/p>","protected":false},"excerpt":{"rendered":"<p data-start=\"414\" data-end=\"545\"><em>Smaragd Rechteck Gr\u00fcn 0.88 Karat aus Sambia, ge\u00f6lt. Kompakter Edelstein mit nat\u00fcrlicher Farbintensit\u00e4t und klassischem Schliff.<\/em><\/p>","protected":false},"featured_media":8543,"comment_status":"open","ping_status":"closed","template":"","meta":{"_glsr_average":0,"_glsr_ranking":0,"_glsr_reviews":0},"product_brand":[],"product_cat":[262],"product_tag":[],"class_list":{"0":"post-8542","1":"product","2":"type-product","3":"status-publish","4":"has-post-thumbnail","6":"product_cat-smaragd","7":"pa_edelsteinart-smaragd","8":"pa_farbe-gruen","9":"pa_form-rechteck","10":"pa_gewicht-karat-0-5-1-0-karat","11":"pa_herkunft-sambia","12":"pa_reinheit-deutliche-einschluesse","13":"pa_veredelung-behandlung-geoelt","14":"pa_zustand-neu","16":"first","17":"instock","18":"sold-individually","19":"shipping-taxable","20":"purchasable","21":"product-type-simple","22":"add-to-wishlist-before_image"},"jetpack_sharing_enabled":true,"_links":{"self":[{"href":"https:\/\/saphirsmaragd.com\/ar\/wp-json\/wp\/v2\/product\/8542","targetHints":{"allow":["GET"]}}],"collection":[{"href":"https:\/\/saphirsmaragd.com\/ar\/wp-json\/wp\/v2\/product"}],"about":[{"href":"https:\/\/saphirsmaragd.com\/ar\/wp-json\/wp\/v2\/types\/product"}],"replies":[{"embeddable":true,"href":"https:\/\/saphirsmaragd.com\/ar\/wp-json\/wp\/v2\/comments?post=8542"}],"version-history":[{"count":2,"href":"https:\/\/saphirsmaragd.com\/ar\/wp-json\/wp\/v2\/product\/8542\/revisions"}],"predecessor-version":[{"id":8545,"href":"https:\/\/saphirsmaragd.com\/ar\/wp-json\/wp\/v2\/product\/8542\/revisions\/8545"}],"wp:featuredmedia":[{"embeddable":true,"href":"https:\/\/saphirsmaragd.com\/ar\/wp-json\/wp\/v2\/media\/8543"}],"wp:attachment":[{"href":"https:\/\/saphirsmaragd.com\/ar\/wp-json\/wp\/v2\/media?parent=8542"}],"wp:term":[{"taxonomy":"product_brand","embeddable":true,"href":"https:\/\/saphirsmaragd.com\/ar\/wp-json\/wp\/v2\/product_brand?post=8542"},{"taxonomy":"product_cat","embeddable":true,"href":"https:\/\/saphirsmaragd.com\/ar\/wp-json\/wp\/v2\/product_cat?post=8542"},{"taxonomy":"product_tag","embeddable":true,"href":"https:\/\/saphirsmaragd.com\/ar\/wp-json\/wp\/v2\/product_tag?post=8542"}],"curies":[{"name":"wp","href":"https:\/\/api.w.org\/{rel}","templated":true}]}}