{"id":8562,"date":"2026-04-14T17:16:55","date_gmt":"2026-04-14T17:16:55","guid":{"rendered":"https:\/\/saphirsmaragd.com\/?post_type=product&#038;p=8562"},"modified":"2026-04-14T17:19:37","modified_gmt":"2026-04-14T17:19:37","slug":"smaragd-herz-gruen-2-00-karat","status":"publish","type":"product","link":"https:\/\/saphirsmaragd.com\/ar\/product\/smaragd-herz-gruen-2-00-karat\/","title":{"rendered":"Smaragd Herz Gr\u00fcn 2.00 Karat aus Brasilien \u2013 Seltener Edelstein in romantischer Herzform"},"content":{"rendered":"<p data-start=\"764\" data-end=\"981\">Dieser Smaragd Herz Gr\u00fcn 2.00 Karat aus Brasilien vereint au\u00dfergew\u00f6hnliche Form mit intensiver Farbwirkung. Die seltene Herzform macht diesen Edelstein zu einem besonderen Symbol f\u00fcr Liebe, Eleganz und Individualit\u00e4t.<\/p>\n<hr data-start=\"983\" data-end=\"986\" \/>\n<div id=\"ez-toc-container\" class=\"ez-toc-v2_0_82_2 counter-hierarchy ez-toc-counter ez-toc-grey ez-toc-container-direction\">\n<div class=\"ez-toc-title-container\">\n<p class=\"ez-toc-title\" style=\"cursor:inherit\">\u062c\u062f\u0648\u0644 \u0627\u0644\u0645\u062d\u062a\u0648\u064a\u0627\u062a<\/p>\n<span class=\"ez-toc-title-toggle\"><a href=\"#\" class=\"ez-toc-pull-right ez-toc-btn ez-toc-btn-xs ez-toc-btn-default ez-toc-toggle\" aria-label=\"Toggle Table of Content\"><span class=\"ez-toc-js-icon-con\"><span class=\"\"><span class=\"eztoc-hide\" style=\"display:none;\">\u062a\u0628\u062f\u064a\u0644<\/span><span class=\"ez-toc-icon-toggle-span\"><svg style=\"fill: #999;color:#999\" xmlns=\"http:\/\/www.w3.org\/2000\/svg\" class=\"list-377408\" width=\"20px\" height=\"20px\" viewbox=\"0 0 24 24\" fill=\"none\"><path d=\"M6 6H4v2h2V6zm14 0H8v2h12V6zM4 11h2v2H4v-2zm16 0H8v2h12v-2zM4 16h2v2H4v-2zm16 0H8v2h12v-2z\" fill=\"currentColor\"><\/path><\/svg><svg style=\"fill: #999;color:#999\" class=\"arrow-unsorted-368013\" xmlns=\"http:\/\/www.w3.org\/2000\/svg\" width=\"10px\" height=\"10px\" viewbox=\"0 0 24 24\" version=\"1.2\" baseprofile=\"tiny\"><path d=\"M18.2 9.3l-6.2-6.3-6.2 6.3c-.2.2-.3.4-.3.7s.1.5.3.7c.2.2.4.3.7.3h11c.3 0 .5-.1.7-.3.2-.2.3-.5.3-.7s-.1-.5-.3-.7zM5.8 14.7l6.2 6.3 6.2-6.3c.2-.2.3-.5.3-.7s-.1-.5-.3-.7c-.2-.2-.4-.3-.7-.3h-11c-.3 0-.5.1-.7.3-.2.2-.3.5-.3.7s.1.5.3.7z\"\/><\/svg><\/span><\/span><\/span><\/a><\/span><\/div>\n<nav><ul class='ez-toc-list ez-toc-list-level-1' ><li class='ez-toc-page-1 ez-toc-heading-level-4'><a class=\"ez-toc-link ez-toc-heading-1\" href=\"https:\/\/saphirsmaragd.com\/ar\/product\/smaragd-herz-gruen-2-00-karat\/#Merkmale_Herkunft\" >\u0627\u0644\u062e\u0635\u0627\u0626\u0635 \u0648\u0627\u0644\u0623\u0635\u0644<\/a><\/li><li class='ez-toc-page-1 ez-toc-heading-level-4'><a class=\"ez-toc-link ez-toc-heading-2\" href=\"https:\/\/saphirsmaragd.com\/ar\/product\/smaragd-herz-gruen-2-00-karat\/#Besonderheiten\" >\u0627\u0644\u0645\u064a\u0632\u0627\u062a \u0627\u0644\u062e\u0627\u0635\u0629<\/a><\/li><li class='ez-toc-page-1 ez-toc-heading-level-4'><a class=\"ez-toc-link ez-toc-heading-3\" href=\"https:\/\/saphirsmaragd.com\/ar\/product\/smaragd-herz-gruen-2-00-karat\/#Mehr_uber_Heilsteine_Kristalle\" >Mehr \u00fcber Heilsteine &amp; Kristalle<\/a><\/li><li class='ez-toc-page-1 ez-toc-heading-level-4'><a class=\"ez-toc-link ez-toc-heading-4\" href=\"https:\/\/saphirsmaragd.com\/ar\/product\/smaragd-herz-gruen-2-00-karat\/#Weitere_Infos\" >\u0645\u0632\u064a\u062f \u0645\u0646 \u0627\u0644\u0645\u0639\u0644\u0648\u0645\u0627\u062a<\/a><\/li><\/ul><\/nav><\/div>\n<h4 data-start=\"988\" data-end=\"1014\"><span class=\"ez-toc-section\" id=\"Merkmale_Herkunft\"><\/span>\u0627\u0644\u062e\u0635\u0627\u0626\u0635 \u0648\u0627\u0644\u0623\u0635\u0644<span class=\"ez-toc-section-end\"><\/span><\/h4>\n<p data-start=\"1016\" data-end=\"1245\">Steinart: Smaragd<br data-start=\"1033\" data-end=\"1036\" \/>\u0627\u0644\u0644\u0648\u0646: \u0623\u062e\u0636\u0631<br data-start=\"1047\" data-end=\"1050\" \/>Form: Herz<br data-start=\"1060\" data-end=\"1063\" \/>Gewicht: 2.00 Karat<br data-start=\"1082\" data-end=\"1085\" \/>Abmessungen: 8.6 x 9.2 mm<br data-start=\"1110\" data-end=\"1113\" \/>\u0627\u0644\u0645\u0646\u0634\u0623: \u0627\u0644\u0628\u0631\u0627\u0632\u064a\u0644<br data-start=\"1132\" data-end=\"1135\" \/>Reinheit: Kleine Einschl\u00fcsse<br data-start=\"1163\" data-end=\"1166\" \/>Behandlung: Ge\u00f6lt<br data-start=\"1183\" data-end=\"1186\" \/>Beobachtung: Nat\u00fcrlich<br data-start=\"1208\" data-end=\"1211\" \/>Mohs-H\u00e4rte: 7.5\u20138<br data-start=\"1228\" data-end=\"1231\" \/>\u0627\u0644\u062d\u0627\u0644\u0629: \u062c\u062f\u064a\u062f<\/p>\n<hr data-start=\"1247\" data-end=\"1250\" \/>\n<h4 data-start=\"1252\" data-end=\"1273\"><span class=\"ez-toc-section\" id=\"Besonderheiten\"><\/span>\u0627\u0644\u0645\u064a\u0632\u0627\u062a \u0627\u0644\u062e\u0627\u0635\u0629<span class=\"ez-toc-section-end\"><\/span><\/h4>\n<p data-start=\"1275\" data-end=\"1488\">Der Smaragd Herz Gr\u00fcn 2.00 Karat geh\u00f6rt zu den seltenen Schliffvarianten im Edelsteinbereich. Die pr\u00e4zise Herzform erfordert h\u00f6chste Schleifkunst und wird daher deutlich seltener angeboten als klassische Formen.<\/p>\n<p data-start=\"1490\" data-end=\"1740\">Mit 2.00 Karat z\u00e4hlt dieser Edelstein zu den gr\u00f6\u00dferen Exemplaren seiner Kategorie und bietet eine starke visuelle Pr\u00e4senz. Die Kombination aus Gr\u00f6\u00dfe und Form macht ihn besonders attraktiv f\u00fcr exklusive Schmuckst\u00fccke oder individuelle Anfertigungen.<\/p>\n<p data-start=\"1742\" data-end=\"1951\">Brasilianische Smaragde \u00fcberzeugen durch ihre lebendige, frische Gr\u00fcnfarbe. Die nat\u00fcrliche Struktur mit feinen Einschl\u00fcssen unterstreicht die Echtheit und verleiht jedem Stein seinen einzigartigen Charakter.<\/p>\n<hr data-start=\"1670\" data-end=\"1673\" \/>\n<h4 data-start=\"1448\" data-end=\"1473\"><span class=\"ez-toc-section\" id=\"Mehr_uber_Heilsteine_Kristalle\"><\/span>Mehr \u00fcber Heilsteine &amp; Kristalle<span class=\"ez-toc-section-end\"><\/span><\/h4>\n<p data-start=\"1475\" data-end=\"1668\"><a class=\"\" href=\"https:\/\/saphirsmaragd.com\/ar\/product-category\/heilsteine-kristalle-kaufen\/\" target=\"_new\" rel=\"noopener\" data-start=\"1571\" data-end=\"1668\">\u0623\u062d\u062c\u0627\u0631 \u0627\u0644\u0634\u0641\u0627\u0621 \u0648\u0627\u0644\u0628\u0644\u0648\u0631\u0627\u062a<\/a><\/p>\n<hr data-start=\"1670\" data-end=\"1673\" \/>\n<h4 data-start=\"1675\" data-end=\"1695\"><span class=\"ez-toc-section\" id=\"Weitere_Infos\"><\/span>\u0645\u0632\u064a\u062f \u0645\u0646 \u0627\u0644\u0645\u0639\u0644\u0648\u0645\u0627\u062a<span class=\"ez-toc-section-end\"><\/span><\/h4>\n<p data-start=\"1697\" data-end=\"1801\"><a class=\"\" href=\"https:\/\/de.wikipedia.org\/wiki\/Smaragd\" target=\"_new\" rel=\"noopener\" data-start=\"1741\" data-end=\"1801\">Wikipedia \u2013 Smaragd<\/a><\/p>","protected":false},"excerpt":{"rendered":"<p data-start=\"451\" data-end=\"579\"><em>Smaragd Herz Gr\u00fcn 2.00 Karat aus Brasilien, ge\u00f6lt. Seltener Edelstein in einzigartiger Herzform mit intensiver gr\u00fcner Farbe.<\/em><\/p>","protected":false},"featured_media":8563,"comment_status":"open","ping_status":"closed","template":"","meta":{"_glsr_average":0,"_glsr_ranking":0,"_glsr_reviews":0},"product_brand":[],"product_cat":[262],"product_tag":[],"class_list":{"0":"post-8562","1":"product","2":"type-product","3":"status-publish","4":"has-post-thumbnail","6":"product_cat-smaragd","7":"pa_edelsteinart-smaragd","8":"pa_farbe-gruen","9":"pa_form-herz","10":"pa_gewicht-karat-1-0-3-0-karat","11":"pa_herkunft-brasilien","12":"pa_reinheit-kleine-einschluesse","13":"pa_veredelung-behandlung-geoelt","14":"pa_zustand-neu","16":"first","17":"instock","18":"sold-individually","19":"shipping-taxable","20":"purchasable","21":"product-type-simple","22":"add-to-wishlist-before_image"},"jetpack_sharing_enabled":true,"_links":{"self":[{"href":"https:\/\/saphirsmaragd.com\/ar\/wp-json\/wp\/v2\/product\/8562","targetHints":{"allow":["GET"]}}],"collection":[{"href":"https:\/\/saphirsmaragd.com\/ar\/wp-json\/wp\/v2\/product"}],"about":[{"href":"https:\/\/saphirsmaragd.com\/ar\/wp-json\/wp\/v2\/types\/product"}],"replies":[{"embeddable":true,"href":"https:\/\/saphirsmaragd.com\/ar\/wp-json\/wp\/v2\/comments?post=8562"}],"version-history":[{"count":1,"href":"https:\/\/saphirsmaragd.com\/ar\/wp-json\/wp\/v2\/product\/8562\/revisions"}],"predecessor-version":[{"id":8564,"href":"https:\/\/saphirsmaragd.com\/ar\/wp-json\/wp\/v2\/product\/8562\/revisions\/8564"}],"wp:featuredmedia":[{"embeddable":true,"href":"https:\/\/saphirsmaragd.com\/ar\/wp-json\/wp\/v2\/media\/8563"}],"wp:attachment":[{"href":"https:\/\/saphirsmaragd.com\/ar\/wp-json\/wp\/v2\/media?parent=8562"}],"wp:term":[{"taxonomy":"product_brand","embeddable":true,"href":"https:\/\/saphirsmaragd.com\/ar\/wp-json\/wp\/v2\/product_brand?post=8562"},{"taxonomy":"product_cat","embeddable":true,"href":"https:\/\/saphirsmaragd.com\/ar\/wp-json\/wp\/v2\/product_cat?post=8562"},{"taxonomy":"product_tag","embeddable":true,"href":"https:\/\/saphirsmaragd.com\/ar\/wp-json\/wp\/v2\/product_tag?post=8562"}],"curies":[{"name":"wp","href":"https:\/\/api.w.org\/{rel}","templated":true}]}}