{"id":1386,"date":"2025-07-07T17:13:55","date_gmt":"2025-07-07T17:13:55","guid":{"rendered":"https:\/\/saphirsmaragd.com\/?post_type=product&#038;p=1386"},"modified":"2025-12-29T19:05:56","modified_gmt":"2025-12-29T19:05:56","slug":"smaragd-navette-0-04-karat-kaufen","status":"publish","type":"product","link":"https:\/\/saphirsmaragd.com\/cs\/produkt\/smaragd-navette-0-04-karat-kaufen\/","title":{"rendered":"Smaragd Navette 0.04 Karat kaufen \u2013 Nat\u00fcrlicher gr\u00fcner Edelstein in Schiffsform"},"content":{"rendered":"<div id=\"ez-toc-container\" class=\"ez-toc-v2_0_82_2 counter-hierarchy ez-toc-counter ez-toc-grey ez-toc-container-direction\">\n<div class=\"ez-toc-title-container\">\n<p class=\"ez-toc-title\" style=\"cursor:inherit\">Obsah<\/p>\n<span class=\"ez-toc-title-toggle\"><a href=\"#\" class=\"ez-toc-pull-right ez-toc-btn ez-toc-btn-xs ez-toc-btn-default ez-toc-toggle\" aria-label=\"Toggle Table of Content\"><span class=\"ez-toc-js-icon-con\"><span class=\"\"><span class=\"eztoc-hide\" style=\"display:none;\">P\u0159epnout<\/span><span class=\"ez-toc-icon-toggle-span\"><svg style=\"fill: #999;color:#999\" xmlns=\"http:\/\/www.w3.org\/2000\/svg\" class=\"list-377408\" width=\"20px\" height=\"20px\" viewbox=\"0 0 24 24\" fill=\"none\"><path d=\"M6 6H4v2h2V6zm14 0H8v2h12V6zM4 11h2v2H4v-2zm16 0H8v2h12v-2zM4 16h2v2H4v-2zm16 0H8v2h12v-2z\" fill=\"currentColor\"><\/path><\/svg><svg style=\"fill: #999;color:#999\" class=\"arrow-unsorted-368013\" xmlns=\"http:\/\/www.w3.org\/2000\/svg\" width=\"10px\" height=\"10px\" viewbox=\"0 0 24 24\" version=\"1.2\" baseprofile=\"tiny\"><path d=\"M18.2 9.3l-6.2-6.3-6.2 6.3c-.2.2-.3.4-.3.7s.1.5.3.7c.2.2.4.3.7.3h11c.3 0 .5-.1.7-.3.2-.2.3-.5.3-.7s-.1-.5-.3-.7zM5.8 14.7l6.2 6.3 6.2-6.3c.2-.2.3-.5.3-.7s-.1-.5-.3-.7c-.2-.2-.4-.3-.7-.3h-11c-.3 0-.5.1-.7.3-.2.2-.3.5-.3.7s.1.5.3.7z\"\/><\/svg><\/span><\/span><\/span><\/a><\/span><\/div>\n<nav><ul class='ez-toc-list ez-toc-list-level-1' ><li class='ez-toc-page-1 ez-toc-heading-level-4'><a class=\"ez-toc-link ez-toc-heading-1\" href=\"https:\/\/saphirsmaragd.com\/cs\/produkt\/smaragd-navette-0-04-karat-kaufen\/#Smaragd_Navette_004_Karat_kaufen\" >Smaragd Navette 0.04 Karat kaufen<\/a><\/li><li class='ez-toc-page-1 ez-toc-heading-level-4'><a class=\"ez-toc-link ez-toc-heading-2\" href=\"https:\/\/saphirsmaragd.com\/cs\/produkt\/smaragd-navette-0-04-karat-kaufen\/#Merkmale_Herkunft\" >Charakteristika a p\u016fvod<\/a><\/li><li class='ez-toc-page-1 ez-toc-heading-level-4'><a class=\"ez-toc-link ez-toc-heading-3\" href=\"https:\/\/saphirsmaragd.com\/cs\/produkt\/smaragd-navette-0-04-karat-kaufen\/#Besonderheiten\" >Speci\u00e1ln\u00ed funkce<\/a><\/li><li class='ez-toc-page-1 ez-toc-heading-level-4'><a class=\"ez-toc-link ez-toc-heading-4\" href=\"https:\/\/saphirsmaragd.com\/cs\/produkt\/smaragd-navette-0-04-karat-kaufen\/#Mehr_uber_Smaragde_Heilsteine\" >V\u00edce o smaragdech a l\u00e9\u010div\u00fdch kamenech<\/a><\/li><li class='ez-toc-page-1 ez-toc-heading-level-4'><a class=\"ez-toc-link ez-toc-heading-5\" href=\"https:\/\/saphirsmaragd.com\/cs\/produkt\/smaragd-navette-0-04-karat-kaufen\/#Weitere_Infos\" >Dal\u0161\u00ed informace<\/a><\/li><\/ul><\/nav><\/div>\n<h4 data-start=\"190\" data-end=\"264\"><span class=\"ez-toc-section\" id=\"Smaragd_Navette_004_Karat_kaufen\"><\/span>Smaragd Navette 0.04 Karat kaufen<span class=\"ez-toc-section-end\"><\/span><\/h4>\n<p data-start=\"265\" data-end=\"409\">Dieser kleine Navette-Schliff-Smaragd begeistert mit seinem intensiven Gr\u00fcn und eignet sich ideal f\u00fcr filigrane Schmuckdesigns oder Reparaturen.<\/p>\n<hr data-start=\"1208\" data-end=\"1211\" \/>\n<h4 data-start=\"820\" data-end=\"848\"><span class=\"ez-toc-section\" id=\"Merkmale_Herkunft\"><\/span>Charakteristika a p\u016fvod<span class=\"ez-toc-section-end\"><\/span><\/h4>\n<p data-start=\"849\" data-end=\"1206\">Gewicht: 0.04 Karat<br data-start=\"865\" data-end=\"868\" \/>Form: Navette (Shuttle-Schliff)<br data-start=\"899\" data-end=\"902\" \/>Gr\u00f6\u00dfe: 3.9 x 2 mm<br data-start=\"919\" data-end=\"922\" \/>Farbe: Leuchtend Gr\u00fcn<br data-start=\"943\" data-end=\"946\" \/>\u010cirost: Mal\u00e9 inkluze<br data-start=\"1041\" data-end=\"1044\" \/>Behandlung: Ge\u00f6lt (\u00fcbliches Verfahren)<br data-start=\"1082\" data-end=\"1085\" \/>Stav: Nov\u00e9<br data-start=\"1109\" data-end=\"1112\" \/>H\u00e4rte: 7.5 auf der Mohs-Skala<br data-start=\"1141\" data-end=\"1144\" \/>Zertifikat: Ja \u2013 best\u00e4tigt durch Fachgemmologin (Gem-A London)<\/p>\n<hr data-start=\"1208\" data-end=\"1211\" \/>\n<h4 data-start=\"1213\" data-end=\"1236\"><span class=\"ez-toc-section\" id=\"Besonderheiten\"><\/span>Speci\u00e1ln\u00ed funkce<span class=\"ez-toc-section-end\"><\/span><\/h4>\n<p data-start=\"1237\" data-end=\"1582\">Trotz seiner kleinen Gr\u00f6\u00dfe ist der Smaragd Navette 0.04 Karat ein wahres Highlight: lebendig in der Farbe, pr\u00e4zise geschliffen und mit nat\u00fcrlicher Klarheit. Ideal geeignet f\u00fcr filigrane Schmuckdesigns oder als pr\u00e4zise Erg\u00e4nzung bei Reparaturen. Die Navette-Form verleiht ihm eine elegante Note \u2013 perfekt f\u00fcr hochwertige Schmuckst\u00fccke mit Charakter.<\/p>\n<hr data-start=\"1584\" data-end=\"1587\" \/>\n<h4 data-start=\"1589\" data-end=\"1629\"><span class=\"ez-toc-section\" id=\"Mehr_uber_Smaragde_Heilsteine\"><\/span>V\u00edce o smaragdech a l\u00e9\u010div\u00fdch kamenech<span class=\"ez-toc-section-end\"><\/span><\/h4>\n<p data-start=\"1630\" data-end=\"1823\"><a class=\"\" href=\"https:\/\/saphirsmaragd.com\/cs\/product-category\/heilsteine-kristalle-kaufen\/\" target=\"_new\" rel=\"noopener\" data-start=\"1726\" data-end=\"1823\">L\u00e9\u010div\u00e9 kameny a krystaly<\/a><\/p>\n<hr data-start=\"1825\" data-end=\"1828\" \/>\n<h4 data-start=\"1830\" data-end=\"1852\"><span class=\"ez-toc-section\" id=\"Weitere_Infos\"><\/span>Dal\u0161\u00ed informace<span class=\"ez-toc-section-end\"><\/span><\/h4>\n<p data-start=\"1853\" data-end=\"2113\"><a class=\"\" href=\"https:\/\/de.wikipedia.org\/wiki\/Smaragd\" target=\"_new\" rel=\"noopener\" data-start=\"2053\" data-end=\"2113\">Wikipedie \u2013 Smaragd<\/a><\/p>","protected":false},"excerpt":{"rendered":"<p data-start=\"459\" data-end=\"603\"><em>Smaragd Navette 0.04 Karat kaufen \u2013 Nat\u00fcrlicher gr\u00fcner Edelstein in Schiffsform. Ideal f\u00fcr Reparaturen oder als g\u00fcnstiger Smaragd in kleiner Gr\u00f6\u00dfe.<\/em><\/p>","protected":false},"featured_media":1389,"comment_status":"open","ping_status":"closed","template":"","meta":{"_glsr_average":0,"_glsr_ranking":0,"_glsr_reviews":0},"product_brand":[],"product_cat":[262],"product_tag":[],"class_list":{"0":"post-1386","1":"product","2":"type-product","3":"status-publish","4":"has-post-thumbnail","6":"product_cat-smaragd","7":"pa_edelsteinart-smaragd","8":"pa_farbe-gruen","9":"pa_form-navette","10":"pa_gewicht-karat-under-0-1-karat","11":"pa_reinheit-kleine-einschluesse","12":"pa_veredelung-behandlung-geoelt","13":"pa_zertifikat-ja","14":"pa_zustand-neu","16":"first","17":"instock","18":"sold-individually","19":"shipping-taxable","20":"purchasable","21":"product-type-simple","22":"add-to-wishlist-before_image"},"jetpack_sharing_enabled":true,"_links":{"self":[{"href":"https:\/\/saphirsmaragd.com\/cs\/wp-json\/wp\/v2\/product\/1386","targetHints":{"allow":["GET"]}}],"collection":[{"href":"https:\/\/saphirsmaragd.com\/cs\/wp-json\/wp\/v2\/product"}],"about":[{"href":"https:\/\/saphirsmaragd.com\/cs\/wp-json\/wp\/v2\/types\/product"}],"replies":[{"embeddable":true,"href":"https:\/\/saphirsmaragd.com\/cs\/wp-json\/wp\/v2\/comments?post=1386"}],"version-history":[{"count":5,"href":"https:\/\/saphirsmaragd.com\/cs\/wp-json\/wp\/v2\/product\/1386\/revisions"}],"predecessor-version":[{"id":4428,"href":"https:\/\/saphirsmaragd.com\/cs\/wp-json\/wp\/v2\/product\/1386\/revisions\/4428"}],"wp:featuredmedia":[{"embeddable":true,"href":"https:\/\/saphirsmaragd.com\/cs\/wp-json\/wp\/v2\/media\/1389"}],"wp:attachment":[{"href":"https:\/\/saphirsmaragd.com\/cs\/wp-json\/wp\/v2\/media?parent=1386"}],"wp:term":[{"taxonomy":"product_brand","embeddable":true,"href":"https:\/\/saphirsmaragd.com\/cs\/wp-json\/wp\/v2\/product_brand?post=1386"},{"taxonomy":"product_cat","embeddable":true,"href":"https:\/\/saphirsmaragd.com\/cs\/wp-json\/wp\/v2\/product_cat?post=1386"},{"taxonomy":"product_tag","embeddable":true,"href":"https:\/\/saphirsmaragd.com\/cs\/wp-json\/wp\/v2\/product_tag?post=1386"}],"curies":[{"name":"wp","href":"https:\/\/api.w.org\/{rel}","templated":true}]}}