{"id":1453,"date":"2025-07-09T13:39:19","date_gmt":"2025-07-09T13:39:19","guid":{"rendered":"https:\/\/saphirsmaragd.com\/?post_type=product&#038;p=1453"},"modified":"2025-12-29T19:05:47","modified_gmt":"2025-12-29T19:05:47","slug":"teal-saphir-0-77-karat","status":"publish","type":"product","link":"https:\/\/saphirsmaragd.com\/cs\/produkt\/teal-saphir-0-77-karat\/","title":{"rendered":"Teal Saphir 0.77 Karat \u2013 Ovaler Edelstein mit blau-gr\u00fcner Farbe aus Australien"},"content":{"rendered":"<div id=\"ez-toc-container\" class=\"ez-toc-v2_0_82_2 counter-hierarchy ez-toc-counter ez-toc-grey ez-toc-container-direction\">\n<div class=\"ez-toc-title-container\">\n<p class=\"ez-toc-title\" style=\"cursor:inherit\">Obsah<\/p>\n<span class=\"ez-toc-title-toggle\"><a href=\"#\" class=\"ez-toc-pull-right ez-toc-btn ez-toc-btn-xs ez-toc-btn-default ez-toc-toggle\" aria-label=\"Toggle Table of Content\"><span class=\"ez-toc-js-icon-con\"><span class=\"\"><span class=\"eztoc-hide\" style=\"display:none;\">P\u0159epnout<\/span><span class=\"ez-toc-icon-toggle-span\"><svg style=\"fill: #999;color:#999\" xmlns=\"http:\/\/www.w3.org\/2000\/svg\" class=\"list-377408\" width=\"20px\" height=\"20px\" viewbox=\"0 0 24 24\" fill=\"none\"><path d=\"M6 6H4v2h2V6zm14 0H8v2h12V6zM4 11h2v2H4v-2zm16 0H8v2h12v-2zM4 16h2v2H4v-2zm16 0H8v2h12v-2z\" fill=\"currentColor\"><\/path><\/svg><svg style=\"fill: #999;color:#999\" class=\"arrow-unsorted-368013\" xmlns=\"http:\/\/www.w3.org\/2000\/svg\" width=\"10px\" height=\"10px\" viewbox=\"0 0 24 24\" version=\"1.2\" baseprofile=\"tiny\"><path d=\"M18.2 9.3l-6.2-6.3-6.2 6.3c-.2.2-.3.4-.3.7s.1.5.3.7c.2.2.4.3.7.3h11c.3 0 .5-.1.7-.3.2-.2.3-.5.3-.7s-.1-.5-.3-.7zM5.8 14.7l6.2 6.3 6.2-6.3c.2-.2.3-.5.3-.7s-.1-.5-.3-.7c-.2-.2-.4-.3-.7-.3h-11c-.3 0-.5.1-.7.3-.2.2-.3.5-.3.7s.1.5.3.7z\"\/><\/svg><\/span><\/span><\/span><\/a><\/span><\/div>\n<nav><ul class='ez-toc-list ez-toc-list-level-1' ><li class='ez-toc-page-1 ez-toc-heading-level-4'><a class=\"ez-toc-link ez-toc-heading-1\" href=\"https:\/\/saphirsmaragd.com\/cs\/produkt\/teal-saphir-0-77-karat\/#Teal_Saphir_077_Karat_Blaugrun_Oval\" >Teal Saphir 0.77 Karat Blaugr\u00fcn Oval<\/a><\/li><li class='ez-toc-page-1 ez-toc-heading-level-4'><a class=\"ez-toc-link ez-toc-heading-2\" href=\"https:\/\/saphirsmaragd.com\/cs\/produkt\/teal-saphir-0-77-karat\/#Merkmale_Herkunft\" >Charakteristika a p\u016fvod<\/a><\/li><li class='ez-toc-page-1 ez-toc-heading-level-4'><a class=\"ez-toc-link ez-toc-heading-3\" href=\"https:\/\/saphirsmaragd.com\/cs\/produkt\/teal-saphir-0-77-karat\/#Besonderheiten\" >Speci\u00e1ln\u00ed funkce<\/a><\/li><li class='ez-toc-page-1 ez-toc-heading-level-4'><a class=\"ez-toc-link ez-toc-heading-4\" href=\"https:\/\/saphirsmaragd.com\/cs\/produkt\/teal-saphir-0-77-karat\/#Mehr_uber_Saphire\" >Mehr \u00fcber Saphire<\/a><\/li><li class='ez-toc-page-1 ez-toc-heading-level-4'><a class=\"ez-toc-link ez-toc-heading-5\" href=\"https:\/\/saphirsmaragd.com\/cs\/produkt\/teal-saphir-0-77-karat\/#Weitere_Infos\" >Dal\u0161\u00ed informace<\/a><\/li><\/ul><\/nav><\/div>\n<h4 data-start=\"698\" data-end=\"766\"><span class=\"ez-toc-section\" id=\"Teal_Saphir_077_Karat_Blaugrun_Oval\"><\/span>Teal Saphir 0.77 Karat Blaugr\u00fcn Oval<span class=\"ez-toc-section-end\"><\/span><\/h4>\n<p data-start=\"767\" data-end=\"920\">Ein nat\u00fcrlicher, oval geschliffener Edelstein aus Australien mit einzigartiger Teal-F\u00e4rbung. Ideal f\u00fcr feinen Schmuck und Liebhaber seltener Farbnuancen.<\/p>\n<hr data-start=\"922\" data-end=\"925\" \/>\n<h4 data-start=\"927\" data-end=\"953\"><span class=\"ez-toc-section\" id=\"Merkmale_Herkunft\"><\/span>Charakteristika a p\u016fvod<span class=\"ez-toc-section-end\"><\/span><\/h4>\n<p>Typ drahokamu: Saf\u00edr<br data-start=\"915\" data-end=\"918\" \/>Farbe: Blaugr\u00fcn (Teal)<br data-start=\"940\" data-end=\"943\" \/>Tvar: Ov\u00e1ln\u00fd<br data-start=\"953\" data-end=\"956\" \/>Ma\u00dfe: ca. 6.05 \u00d7 4.10 mm<br data-start=\"998\" data-end=\"1001\" \/>Gewicht: 0.77 Karat<br data-start=\"1017\" data-end=\"1020\" \/>P\u016fvod: Austr\u00e1lie<br data-start=\"1040\" data-end=\"1043\" \/>Reinheit: Lupenrein \u2013 feine Einschl\u00fcsse nur unter 10x Vergr\u00f6\u00dferung sichtbar<br data-start=\"1118\" data-end=\"1121\" \/>L\u00e9\u010dba: Nel\u00e9\u010den\u00e1<br data-start=\"1152\" data-end=\"1155\" \/>Stav: Nov\u00e9<br data-start=\"1167\" data-end=\"1170\" \/>Certifik\u00e1t: Ano<\/p>\n<hr data-start=\"1243\" data-end=\"1246\" \/>\n<h4 data-start=\"1248\" data-end=\"1269\"><span class=\"ez-toc-section\" id=\"Besonderheiten\"><\/span>Speci\u00e1ln\u00ed funkce<span class=\"ez-toc-section-end\"><\/span><\/h4>\n<p data-start=\"1271\" data-end=\"1502\">Dieser Teal Saphir 0.77 Karat wechselt seine Nuance abh\u00e4ngig vom Lichteinfall zwischen sattem Gr\u00fcn und tiefem Blau \u2013 ein faszinierendes Spiel f\u00fcr alle Sinne. Die au\u00dfergew\u00f6hnliche Reinheit macht ihn zu einer gefragten Wahl f\u00fcr hochwertigen Schmuck.<\/p>\n<hr data-start=\"1504\" data-end=\"1507\" \/>\n<h4 data-start=\"1509\" data-end=\"1535\"><span class=\"ez-toc-section\" id=\"Mehr_uber_Saphire\"><\/span>Mehr \u00fcber Saphire<span class=\"ez-toc-section-end\"><\/span><\/h4>\n<p data-start=\"1536\" data-end=\"1727\"><a class=\"\" href=\"https:\/\/saphirsmaragd.com\/cs\/product-category\/heilsteine-kristalle-kaufen\/\" target=\"_new\" rel=\"noopener\" data-start=\"1629\" data-end=\"1726\">L\u00e9\u010div\u00e9 kameny a krystaly<\/a>.<\/p>\n<hr data-start=\"1729\" data-end=\"1732\" \/>\n<h4 data-start=\"1734\" data-end=\"1756\"><span class=\"ez-toc-section\" id=\"Weitere_Infos\"><\/span>Dal\u0161\u00ed informace<span class=\"ez-toc-section-end\"><\/span><\/h4>\n<p data-start=\"1757\" data-end=\"1875\"><a class=\"\" href=\"https:\/\/de.wikipedia.org\/wiki\/Saphir\" target=\"_new\" rel=\"noopener\" data-start=\"1816\" data-end=\"1874\">Wikipedia \u2013 Saphir<\/a>.<\/p>","protected":false},"excerpt":{"rendered":"<p data-start=\"385\" data-end=\"586\"><em>Teal Saphir 0.77 Karat im ovalen Schliff \u2013 naturbelassener Edelstein mit sch\u00f6ner blau-gr\u00fcner Farbe. Herkunft: Australien. Jetzt bei Saphir &amp; Smaragd entdecken.<\/em><\/p>\n<p data-start=\"378\" data-end=\"474\">","protected":false},"featured_media":1456,"comment_status":"open","ping_status":"closed","template":"","meta":{"_glsr_average":0,"_glsr_ranking":0,"_glsr_reviews":0},"product_brand":[],"product_cat":[74],"product_tag":[],"class_list":{"0":"post-1453","1":"product","2":"type-product","3":"status-publish","4":"has-post-thumbnail","6":"product_cat-saphire-kaufen","7":"pa_edelsteinart-saphir","8":"pa_farbe-blau","9":"pa_form-oval","10":"pa_gewicht-karat-0-5-1-0-karat","11":"pa_herkunft-australien","12":"pa_reinheit-lupenrein","13":"pa_veredelung-behandlung-unbehandelt","14":"pa_zertifikat-ja","15":"pa_zustand-neu","17":"first","18":"instock","19":"sold-individually","20":"shipping-taxable","21":"purchasable","22":"product-type-simple","23":"add-to-wishlist-before_image"},"jetpack_sharing_enabled":true,"_links":{"self":[{"href":"https:\/\/saphirsmaragd.com\/cs\/wp-json\/wp\/v2\/product\/1453","targetHints":{"allow":["GET"]}}],"collection":[{"href":"https:\/\/saphirsmaragd.com\/cs\/wp-json\/wp\/v2\/product"}],"about":[{"href":"https:\/\/saphirsmaragd.com\/cs\/wp-json\/wp\/v2\/types\/product"}],"replies":[{"embeddable":true,"href":"https:\/\/saphirsmaragd.com\/cs\/wp-json\/wp\/v2\/comments?post=1453"}],"version-history":[{"count":5,"href":"https:\/\/saphirsmaragd.com\/cs\/wp-json\/wp\/v2\/product\/1453\/revisions"}],"predecessor-version":[{"id":4439,"href":"https:\/\/saphirsmaragd.com\/cs\/wp-json\/wp\/v2\/product\/1453\/revisions\/4439"}],"wp:featuredmedia":[{"embeddable":true,"href":"https:\/\/saphirsmaragd.com\/cs\/wp-json\/wp\/v2\/media\/1456"}],"wp:attachment":[{"href":"https:\/\/saphirsmaragd.com\/cs\/wp-json\/wp\/v2\/media?parent=1453"}],"wp:term":[{"taxonomy":"product_brand","embeddable":true,"href":"https:\/\/saphirsmaragd.com\/cs\/wp-json\/wp\/v2\/product_brand?post=1453"},{"taxonomy":"product_cat","embeddable":true,"href":"https:\/\/saphirsmaragd.com\/cs\/wp-json\/wp\/v2\/product_cat?post=1453"},{"taxonomy":"product_tag","embeddable":true,"href":"https:\/\/saphirsmaragd.com\/cs\/wp-json\/wp\/v2\/product_tag?post=1453"}],"curies":[{"name":"wp","href":"https:\/\/api.w.org\/{rel}","templated":true}]}}