{"id":1499,"date":"2025-07-09T16:18:44","date_gmt":"2025-07-09T16:18:44","guid":{"rendered":"https:\/\/saphirsmaragd.com\/?post_type=product&#038;p=1499"},"modified":"2025-12-29T19:05:38","modified_gmt":"2025-12-29T19:05:38","slug":"saphir-0-34-karat-blau-birne-kaufen","status":"publish","type":"product","link":"https:\/\/saphirsmaragd.com\/cs\/produkt\/saphir-0-34-karat-blau-birne-kaufen\/","title":{"rendered":"Saphir 0.34 Karat blau Birne kaufen \u2013 Nat\u00fcrlicher Edelstein mit Zertifikat"},"content":{"rendered":"<div id=\"ez-toc-container\" class=\"ez-toc-v2_0_82_2 counter-hierarchy ez-toc-counter ez-toc-grey ez-toc-container-direction\">\n<div class=\"ez-toc-title-container\">\n<p class=\"ez-toc-title\" style=\"cursor:inherit\">Obsah<\/p>\n<span class=\"ez-toc-title-toggle\"><a href=\"#\" class=\"ez-toc-pull-right ez-toc-btn ez-toc-btn-xs ez-toc-btn-default ez-toc-toggle\" aria-label=\"Toggle Table of Content\"><span class=\"ez-toc-js-icon-con\"><span class=\"\"><span class=\"eztoc-hide\" style=\"display:none;\">P\u0159epnout<\/span><span class=\"ez-toc-icon-toggle-span\"><svg style=\"fill: #999;color:#999\" xmlns=\"http:\/\/www.w3.org\/2000\/svg\" class=\"list-377408\" width=\"20px\" height=\"20px\" viewbox=\"0 0 24 24\" fill=\"none\"><path d=\"M6 6H4v2h2V6zm14 0H8v2h12V6zM4 11h2v2H4v-2zm16 0H8v2h12v-2zM4 16h2v2H4v-2zm16 0H8v2h12v-2z\" fill=\"currentColor\"><\/path><\/svg><svg style=\"fill: #999;color:#999\" class=\"arrow-unsorted-368013\" xmlns=\"http:\/\/www.w3.org\/2000\/svg\" width=\"10px\" height=\"10px\" viewbox=\"0 0 24 24\" version=\"1.2\" baseprofile=\"tiny\"><path d=\"M18.2 9.3l-6.2-6.3-6.2 6.3c-.2.2-.3.4-.3.7s.1.5.3.7c.2.2.4.3.7.3h11c.3 0 .5-.1.7-.3.2-.2.3-.5.3-.7s-.1-.5-.3-.7zM5.8 14.7l6.2 6.3 6.2-6.3c.2-.2.3-.5.3-.7s-.1-.5-.3-.7c-.2-.2-.4-.3-.7-.3h-11c-.3 0-.5.1-.7.3-.2.2-.3.5-.3.7s.1.5.3.7z\"\/><\/svg><\/span><\/span><\/span><\/a><\/span><\/div>\n<nav><ul class='ez-toc-list ez-toc-list-level-1' ><li class='ez-toc-page-1 ez-toc-heading-level-4'><a class=\"ez-toc-link ez-toc-heading-1\" href=\"https:\/\/saphirsmaragd.com\/cs\/produkt\/saphir-0-34-karat-blau-birne-kaufen\/#Saphir_034_Karat_blau_Birne_kaufen\" >Saphir 0.34 Karat blau Birne kaufen<\/a><\/li><li class='ez-toc-page-1 ez-toc-heading-level-4'><a class=\"ez-toc-link ez-toc-heading-2\" href=\"https:\/\/saphirsmaragd.com\/cs\/produkt\/saphir-0-34-karat-blau-birne-kaufen\/#Merkmale_Herkunft\" >Charakteristika a p\u016fvod<\/a><\/li><li class='ez-toc-page-1 ez-toc-heading-level-4'><a class=\"ez-toc-link ez-toc-heading-3\" href=\"https:\/\/saphirsmaragd.com\/cs\/produkt\/saphir-0-34-karat-blau-birne-kaufen\/#Besonderheiten\" >Speci\u00e1ln\u00ed funkce<\/a><\/li><li class='ez-toc-page-1 ez-toc-heading-level-4'><a class=\"ez-toc-link ez-toc-heading-4\" href=\"https:\/\/saphirsmaragd.com\/cs\/produkt\/saphir-0-34-karat-blau-birne-kaufen\/#Mehr_uber_Saphire\" >Mehr \u00fcber Saphire<\/a><\/li><li class='ez-toc-page-1 ez-toc-heading-level-4'><a class=\"ez-toc-link ez-toc-heading-5\" href=\"https:\/\/saphirsmaragd.com\/cs\/produkt\/saphir-0-34-karat-blau-birne-kaufen\/#Weitere_Infos\" >Dal\u0161\u00ed informace<\/a><\/li><\/ul><\/nav><\/div>\n<h4 data-start=\"765\" data-end=\"807\"><span class=\"ez-toc-section\" id=\"Saphir_034_Karat_blau_Birne_kaufen\"><\/span>Saphir 0.34 Karat blau Birne kaufen<span class=\"ez-toc-section-end\"><\/span><\/h4>\n<p data-start=\"808\" data-end=\"1038\">Saphir 0.34 Karat blau Birne kaufen. Entdecke die Sch\u00f6nheit dieses nat\u00fcrlichen Saphirs mit 0.34 Karat im eleganten Birnenschliff. Der leuchtend blaue Farbton und die pr\u00e4zise Facettierung machen diesen Edelstein zu einem begehrten Unikat f\u00fcr Sammler und Schmuckliebhaber.<\/p>\n<hr data-start=\"1040\" data-end=\"1043\" \/>\n<h4 data-start=\"1045\" data-end=\"1072\"><span class=\"ez-toc-section\" id=\"Merkmale_Herkunft\"><\/span>Charakteristika a p\u016fvod<span class=\"ez-toc-section-end\"><\/span><\/h4>\n<p>Farbe: Blau\/Dunkelgrau<br data-start=\"1012\" data-end=\"1015\" \/>Gewicht: 0.34 Karat <br data-start=\"1035\" data-end=\"1038\" \/>Form: Birne<br data-start=\"1053\" data-end=\"1056\" \/>Gr\u00f6\u00dfe: ca 5 \u00d7 4 mm<br data-start=\"1078\" data-end=\"1081\" \/>Reinheit: Keine Einschl\u00fcsse mit blo\u00dfem Auge sichtbar, feine unter 10\u00d7<br data-start=\"1180\" data-end=\"1183\" \/>Veredelung \/ Behandlung: Unbehandelt<br data-start=\"1223\" data-end=\"1226\" \/>Zustand: Ungefasst \/ Neu<br data-start=\"1254\" data-end=\"1257\" \/>Zertifikat: Ja, von Gemmologin (Gem\u2013A)<\/p>\n<hr data-start=\"1345\" data-end=\"1348\" \/>\n<h4 data-start=\"1350\" data-end=\"1374\"><span class=\"ez-toc-section\" id=\"Besonderheiten\"><\/span>Speci\u00e1ln\u00ed funkce<span class=\"ez-toc-section-end\"><\/span><\/h4>\n<p data-start=\"1375\" data-end=\"1548\">Der Birnenschliff verleiht diesem blauen Saphir eine elegante Tropfenform, die Lichtreflexe perfekt zur Geltung bringt \u2013 ideal f\u00fcr Verlobungsringe oder hochwertige Anh\u00e4nger.<\/p>\n<hr data-start=\"1550\" data-end=\"1553\" \/>\n<h4 data-start=\"1555\" data-end=\"1582\"><span class=\"ez-toc-section\" id=\"Mehr_uber_Saphire\"><\/span>Mehr \u00fcber Saphire<span class=\"ez-toc-section-end\"><\/span><\/h4>\n<p data-start=\"1583\" data-end=\"1757\"><a class=\"\" href=\"https:\/\/saphirsmaragd.com\/cs\/product-category\/heilsteine-kristalle-kaufen\/\" target=\"_new\" rel=\"noopener\" data-start=\"1659\" data-end=\"1756\">L\u00e9\u010div\u00e9 kameny a krystaly<\/a>.<\/p>\n<hr data-start=\"1759\" data-end=\"1762\" \/>\n<h4 data-start=\"1764\" data-end=\"1787\"><span class=\"ez-toc-section\" id=\"Weitere_Infos\"><\/span>Dal\u0161\u00ed informace<span class=\"ez-toc-section-end\"><\/span><\/h4>\n<p data-start=\"1788\" data-end=\"1859\"><a class=\"\" href=\"https:\/\/de.wikipedia.org\/wiki\/Saphir\" target=\"_new\" rel=\"noopener\" data-start=\"1809\" data-end=\"1858\">Wikipedia<\/a>.<\/p>","protected":false},"excerpt":{"rendered":"<p data-start=\"326\" data-end=\"487\"><em>Saphir 0.34 Karat Blau Birne kaufen \u2013 Unbehandelter Edelstein mit klarer Farbe und feiner Pear-Form. Zertifiziert, unmontiert und ideal f\u00fcr hochwertigen Schmuck.<\/em><\/p>\n<p data-start=\"378\" data-end=\"474\">","protected":false},"featured_media":1502,"comment_status":"open","ping_status":"closed","template":"","meta":{"_glsr_average":0,"_glsr_ranking":0,"_glsr_reviews":0},"product_brand":[],"product_cat":[74],"product_tag":[],"class_list":{"0":"post-1499","1":"product","2":"type-product","3":"status-publish","4":"has-post-thumbnail","6":"product_cat-saphire-kaufen","7":"pa_edelsteinart-saphir","8":"pa_farbe-blau","9":"pa_form-birne","10":"pa_gewicht-karat-0-1-0-5-karat","11":"pa_reinheit-kleine-einschluesse","12":"pa_veredelung-behandlung-unbehandelt","13":"pa_zertifikat-ja","14":"pa_zustand-neu","16":"first","17":"instock","18":"sold-individually","19":"shipping-taxable","20":"purchasable","21":"product-type-simple","22":"add-to-wishlist-before_image"},"jetpack_sharing_enabled":true,"_links":{"self":[{"href":"https:\/\/saphirsmaragd.com\/cs\/wp-json\/wp\/v2\/product\/1499","targetHints":{"allow":["GET"]}}],"collection":[{"href":"https:\/\/saphirsmaragd.com\/cs\/wp-json\/wp\/v2\/product"}],"about":[{"href":"https:\/\/saphirsmaragd.com\/cs\/wp-json\/wp\/v2\/types\/product"}],"replies":[{"embeddable":true,"href":"https:\/\/saphirsmaragd.com\/cs\/wp-json\/wp\/v2\/comments?post=1499"}],"version-history":[{"count":5,"href":"https:\/\/saphirsmaragd.com\/cs\/wp-json\/wp\/v2\/product\/1499\/revisions"}],"predecessor-version":[{"id":4418,"href":"https:\/\/saphirsmaragd.com\/cs\/wp-json\/wp\/v2\/product\/1499\/revisions\/4418"}],"wp:featuredmedia":[{"embeddable":true,"href":"https:\/\/saphirsmaragd.com\/cs\/wp-json\/wp\/v2\/media\/1502"}],"wp:attachment":[{"href":"https:\/\/saphirsmaragd.com\/cs\/wp-json\/wp\/v2\/media?parent=1499"}],"wp:term":[{"taxonomy":"product_brand","embeddable":true,"href":"https:\/\/saphirsmaragd.com\/cs\/wp-json\/wp\/v2\/product_brand?post=1499"},{"taxonomy":"product_cat","embeddable":true,"href":"https:\/\/saphirsmaragd.com\/cs\/wp-json\/wp\/v2\/product_cat?post=1499"},{"taxonomy":"product_tag","embeddable":true,"href":"https:\/\/saphirsmaragd.com\/cs\/wp-json\/wp\/v2\/product_tag?post=1499"}],"curies":[{"name":"wp","href":"https:\/\/api.w.org\/{rel}","templated":true}]}}