{"id":2123,"date":"2025-10-08T00:04:02","date_gmt":"2025-10-08T00:04:02","guid":{"rendered":"https:\/\/saphirsmaragd.com\/?post_type=product&#038;p=2123"},"modified":"2025-12-05T10:12:06","modified_gmt":"2025-12-05T10:12:06","slug":"heilstein-amethyst-galaxy","status":"publish","type":"product","link":"https:\/\/saphirsmaragd.com\/cs\/produkt\/heilstein-amethyst-galaxy\/","title":{"rendered":"L\u00e9\u010div\u00fd k\u00e1men Ametyst Galaxie Ochrana a harmonie 8 x 7,5 x 6,5 cm \u2013 499 g"},"content":{"rendered":"<div id=\"ez-toc-container\" class=\"ez-toc-v2_0_82_2 counter-hierarchy ez-toc-counter ez-toc-grey ez-toc-container-direction\">\n<div class=\"ez-toc-title-container\">\n<p class=\"ez-toc-title\" style=\"cursor:inherit\">Obsah<\/p>\n<span class=\"ez-toc-title-toggle\"><a href=\"#\" class=\"ez-toc-pull-right ez-toc-btn ez-toc-btn-xs ez-toc-btn-default ez-toc-toggle\" aria-label=\"Toggle Table of Content\"><span class=\"ez-toc-js-icon-con\"><span class=\"\"><span class=\"eztoc-hide\" style=\"display:none;\">P\u0159epnout<\/span><span class=\"ez-toc-icon-toggle-span\"><svg style=\"fill: #999;color:#999\" xmlns=\"http:\/\/www.w3.org\/2000\/svg\" class=\"list-377408\" width=\"20px\" height=\"20px\" viewbox=\"0 0 24 24\" fill=\"none\"><path d=\"M6 6H4v2h2V6zm14 0H8v2h12V6zM4 11h2v2H4v-2zm16 0H8v2h12v-2zM4 16h2v2H4v-2zm16 0H8v2h12v-2z\" fill=\"currentColor\"><\/path><\/svg><svg style=\"fill: #999;color:#999\" class=\"arrow-unsorted-368013\" xmlns=\"http:\/\/www.w3.org\/2000\/svg\" width=\"10px\" height=\"10px\" viewbox=\"0 0 24 24\" version=\"1.2\" baseprofile=\"tiny\"><path d=\"M18.2 9.3l-6.2-6.3-6.2 6.3c-.2.2-.3.4-.3.7s.1.5.3.7c.2.2.4.3.7.3h11c.3 0 .5-.1.7-.3.2-.2.3-.5.3-.7s-.1-.5-.3-.7zM5.8 14.7l6.2 6.3 6.2-6.3c.2-.2.3-.5.3-.7s-.1-.5-.3-.7c-.2-.2-.4-.3-.7-.3h-11c-.3 0-.5.1-.7.3-.2.2-.3.5-.3.7s.1.5.3.7z\"\/><\/svg><\/span><\/span><\/span><\/a><\/span><\/div>\n<nav><ul class='ez-toc-list ez-toc-list-level-1' ><li class='ez-toc-page-1 ez-toc-heading-level-4'><a class=\"ez-toc-link ez-toc-heading-1\" href=\"https:\/\/saphirsmaragd.com\/cs\/produkt\/heilstein-amethyst-galaxy\/#Heilstein_Amethyst_Galaxy_Schutz_Harmonie_8_x_75_x_65_cm_%E2%80%93_499_g\" >Heilstein Amethyst Galaxy\u00a0 Schutz &amp; Harmonie 8 x 7.5 x 6.5 cm \u2013 499 g<\/a><\/li><li class='ez-toc-page-1 ez-toc-heading-level-4'><a class=\"ez-toc-link ez-toc-heading-2\" href=\"https:\/\/saphirsmaragd.com\/cs\/produkt\/heilstein-amethyst-galaxy\/#Merkmale_Herkunft\" >Charakteristika a p\u016fvod<\/a><\/li><li class='ez-toc-page-1 ez-toc-heading-level-4'><a class=\"ez-toc-link ez-toc-heading-3\" href=\"https:\/\/saphirsmaragd.com\/cs\/produkt\/heilstein-amethyst-galaxy\/#Besonderheiten\" >Speci\u00e1ln\u00ed funkce<\/a><\/li><li class='ez-toc-page-1 ez-toc-heading-level-4'><a class=\"ez-toc-link ez-toc-heading-4\" href=\"https:\/\/saphirsmaragd.com\/cs\/produkt\/heilstein-amethyst-galaxy\/#Mehr_uber_Amethyste_Heilsteine\" >V\u00edce o ametystech a l\u00e9\u010div\u00fdch kamenech<\/a><\/li><li class='ez-toc-page-1 ez-toc-heading-level-4'><a class=\"ez-toc-link ez-toc-heading-5\" href=\"https:\/\/saphirsmaragd.com\/cs\/produkt\/heilstein-amethyst-galaxy\/#Weitere_Infos\" >Dal\u0161\u00ed informace<\/a><\/li><\/ul><\/nav><\/div>\n<h4 data-start=\"186\" data-end=\"262\"><span class=\"ez-toc-section\" id=\"Heilstein_Amethyst_Galaxy_Schutz_Harmonie_8_x_75_x_65_cm_%E2%80%93_499_g\"><\/span><strong data-start=\"188\" data-end=\"262\">Heilstein Amethyst Galaxy\u00a0 Schutz &amp; Harmonie 8 x 7.5 x 6.5 cm \u2013 499 g<\/strong><span class=\"ez-toc-section-end\"><\/span><\/h4>\n<p data-start=\"264\" data-end=\"582\">Der Heilstein Amethyst (Galaxy) Schutz &amp; Harmonie 8 x 7.5 x 6.5 cm vereint die sch\u00fctzende Kraft des violetten Amethysts mit der heilenden Energie des gr\u00fcnen Galaxy-Amethysts. Dieses au\u00dfergew\u00f6hnliche Naturst\u00fcck aus Uruguay f\u00f6rdert Schutz, Balance und spirituelle Entwicklung \u2013 ideal f\u00fcr Meditation oder Heilr\u00e4ume.<\/p>\n<hr data-start=\"584\" data-end=\"587\" \/>\n<h4 data-start=\"589\" data-end=\"620\"><span class=\"ez-toc-section\" id=\"Merkmale_Herkunft\"><\/span><strong data-start=\"595\" data-end=\"618\">Charakteristika a p\u016fvod<\/strong><span class=\"ez-toc-section-end\"><\/span><\/h4>\n<p data-start=\"621\" data-end=\"868\">Farbe: Violett mit gr\u00fcnen Einschl\u00fcssen<br data-start=\"659\" data-end=\"662\" \/>Tvar: Stoj\u00edc\u00ed shluk<br data-start=\"685\" data-end=\"688\" \/>P\u016fvod: Uruguay<br data-start=\"705\" data-end=\"708\" \/>Gewicht: 499 g<br data-start=\"722\" data-end=\"725\" \/>Ma\u00dfe: 8 \u00d7 7.5 \u00d7 6.5 cm<br data-start=\"747\" data-end=\"750\" \/>Reinheit: Nat\u00fcrlich, unbehandelt<br data-start=\"836\" data-end=\"839\" \/>Steinart: Amethyst (Galaxy)<\/p>\n<hr data-start=\"870\" data-end=\"873\" \/>\n<h4 data-start=\"875\" data-end=\"901\"><span class=\"ez-toc-section\" id=\"Besonderheiten\"><\/span><strong data-start=\"881\" data-end=\"899\">Speci\u00e1ln\u00ed funkce<\/strong><span class=\"ez-toc-section-end\"><\/span><\/h4>\n<p data-start=\"902\" data-end=\"1280\">Der Heilstein Amethyst Galaxy Schutz &amp; Harmonie 8 x 7.5 x 6.5 cm besitzt eine besonders ausgewogene Energie. Der violette Amethyst wirkt sch\u00fctzend, reinigend und beruhigend \u2013 er hilft, den Geist zu kl\u00e4ren, emotionale Blockaden zu l\u00f6sen und f\u00f6rdert innere Ruhe. Er schenkt Einsicht in das eigene Verhalten und unterst\u00fctzt dabei, alte Muster oder Gewohnheiten loszulassen.<\/p>\n<p data-start=\"1282\" data-end=\"1568\">Der gr\u00fcne Galaxy-Amethyst erg\u00e4nzt diese Wirkung durch seine heilende Schwingung. Er unterst\u00fctzt emotionale Verarbeitung, innere Heilung und Stabilit\u00e4t. Gemeinsam schaffen beide Steine ein energetisches Gleichgewicht, das Schutz, Harmonie und spirituelle Klarheit in Ihr Umfeld bringt.<\/p>\n<hr data-start=\"1570\" data-end=\"1573\" \/>\n<h4 data-start=\"1575\" data-end=\"1619\"><span class=\"ez-toc-section\" id=\"Mehr_uber_Amethyste_Heilsteine\"><\/span><strong data-start=\"1581\" data-end=\"1617\">V\u00edce o ametystech a l\u00e9\u010div\u00fdch kamenech<\/strong><span class=\"ez-toc-section-end\"><\/span><\/h4>\n<p data-start=\"1620\" data-end=\"1930\">Amethyste geh\u00f6ren zu den beliebtesten <a href=\"https:\/\/saphirsmaragd.com\/cs\/product-category\/heilsteine-kristalle\/\"><strong data-start=\"1658\" data-end=\"1686\">Heilsteinen &amp; Kristallen<\/strong><\/a> und sind bekannt f\u00fcr Schutz, Reinigung und spirituelle Entwicklung. Sie \u00f6ffnen das Kronen- und Stirnchakra, f\u00f6rdern Intuition, Bewusstsein und Meditation. Weitere Edelsteine wie <strong data-start=\"1865\" data-end=\"1885\">Saf\u00edr a smaragd<\/strong> finden Sie ebenfalls in unserem Sortiment.<\/p>\n<hr data-start=\"1932\" data-end=\"1935\" \/>\n<h4 data-start=\"1937\" data-end=\"1962\"><span class=\"ez-toc-section\" id=\"Weitere_Infos\"><\/span><strong data-start=\"1943\" data-end=\"1960\">Dal\u0161\u00ed informace<\/strong><span class=\"ez-toc-section-end\"><\/span><\/h4>\n<p data-start=\"1963\" data-end=\"2024\"><a class=\"decorated-link cursor-pointer\" href=\"https:\/\/de.wikipedia.org\/wiki\/Amethyst\" target=\"_new\" rel=\"noopener\" data-start=\"1963\" data-end=\"2024\">Wikipedie: Ametyst<\/a><\/p>","protected":false},"excerpt":{"rendered":"<p><em>Heilstein Amethyst Galaxy Schutz &amp; Harmonie 8 x 7.5 x 6.5 cm aus Uruguay \u2013 f\u00f6rdert Schutz, Heilung und innere Balance f\u00fcr Meditation &amp; Energiearbeit.<\/em><\/p>","protected":false},"featured_media":2124,"comment_status":"open","ping_status":"closed","template":"","meta":{"_glsr_average":0,"_glsr_ranking":0,"_glsr_reviews":0},"product_brand":[],"product_cat":[84],"product_tag":[],"class_list":{"0":"post-2123","1":"product","2":"type-product","3":"status-publish","4":"has-post-thumbnail","6":"product_cat-rohsteine-kaufen","8":"first","9":"instock","10":"shipping-taxable","11":"purchasable","12":"product-type-simple","13":"add-to-wishlist-before_image"},"jetpack_sharing_enabled":true,"_links":{"self":[{"href":"https:\/\/saphirsmaragd.com\/cs\/wp-json\/wp\/v2\/product\/2123","targetHints":{"allow":["GET"]}}],"collection":[{"href":"https:\/\/saphirsmaragd.com\/cs\/wp-json\/wp\/v2\/product"}],"about":[{"href":"https:\/\/saphirsmaragd.com\/cs\/wp-json\/wp\/v2\/types\/product"}],"replies":[{"embeddable":true,"href":"https:\/\/saphirsmaragd.com\/cs\/wp-json\/wp\/v2\/comments?post=2123"}],"version-history":[{"count":3,"href":"https:\/\/saphirsmaragd.com\/cs\/wp-json\/wp\/v2\/product\/2123\/revisions"}],"predecessor-version":[{"id":2128,"href":"https:\/\/saphirsmaragd.com\/cs\/wp-json\/wp\/v2\/product\/2123\/revisions\/2128"}],"wp:featuredmedia":[{"embeddable":true,"href":"https:\/\/saphirsmaragd.com\/cs\/wp-json\/wp\/v2\/media\/2124"}],"wp:attachment":[{"href":"https:\/\/saphirsmaragd.com\/cs\/wp-json\/wp\/v2\/media?parent=2123"}],"wp:term":[{"taxonomy":"product_brand","embeddable":true,"href":"https:\/\/saphirsmaragd.com\/cs\/wp-json\/wp\/v2\/product_brand?post=2123"},{"taxonomy":"product_cat","embeddable":true,"href":"https:\/\/saphirsmaragd.com\/cs\/wp-json\/wp\/v2\/product_cat?post=2123"},{"taxonomy":"product_tag","embeddable":true,"href":"https:\/\/saphirsmaragd.com\/cs\/wp-json\/wp\/v2\/product_tag?post=2123"}],"curies":[{"name":"wp","href":"https:\/\/api.w.org\/{rel}","templated":true}]}}