{"id":2271,"date":"2025-10-08T23:53:43","date_gmt":"2025-10-08T23:53:43","guid":{"rendered":"https:\/\/saphirsmaragd.com\/?post_type=product&#038;p=2271"},"modified":"2025-12-05T10:12:03","modified_gmt":"2025-12-05T10:12:03","slug":"heilstein-amethyst-cluster-schutz","status":"publish","type":"product","link":"https:\/\/saphirsmaragd.com\/cs\/produkt\/heilstein-amethyst-cluster-schutz\/","title":{"rendered":"L\u00e9\u010div\u00fd k\u00e1men Ametyst shluk ochrany 250\u2013400 g \u2013 Pr\u00e1ce s harmoni\u00ed a energi\u00ed"},"content":{"rendered":"<div id=\"ez-toc-container\" class=\"ez-toc-v2_0_82_2 counter-hierarchy ez-toc-counter ez-toc-grey ez-toc-container-direction\">\n<div class=\"ez-toc-title-container\">\n<p class=\"ez-toc-title\" style=\"cursor:inherit\">Obsah<\/p>\n<span class=\"ez-toc-title-toggle\"><a href=\"#\" class=\"ez-toc-pull-right ez-toc-btn ez-toc-btn-xs ez-toc-btn-default ez-toc-toggle\" aria-label=\"Toggle Table of Content\"><span class=\"ez-toc-js-icon-con\"><span class=\"\"><span class=\"eztoc-hide\" style=\"display:none;\">P\u0159epnout<\/span><span class=\"ez-toc-icon-toggle-span\"><svg style=\"fill: #999;color:#999\" xmlns=\"http:\/\/www.w3.org\/2000\/svg\" class=\"list-377408\" width=\"20px\" height=\"20px\" viewbox=\"0 0 24 24\" fill=\"none\"><path d=\"M6 6H4v2h2V6zm14 0H8v2h12V6zM4 11h2v2H4v-2zm16 0H8v2h12v-2zM4 16h2v2H4v-2zm16 0H8v2h12v-2z\" fill=\"currentColor\"><\/path><\/svg><svg style=\"fill: #999;color:#999\" class=\"arrow-unsorted-368013\" xmlns=\"http:\/\/www.w3.org\/2000\/svg\" width=\"10px\" height=\"10px\" viewbox=\"0 0 24 24\" version=\"1.2\" baseprofile=\"tiny\"><path d=\"M18.2 9.3l-6.2-6.3-6.2 6.3c-.2.2-.3.4-.3.7s.1.5.3.7c.2.2.4.3.7.3h11c.3 0 .5-.1.7-.3.2-.2.3-.5.3-.7s-.1-.5-.3-.7zM5.8 14.7l6.2 6.3 6.2-6.3c.2-.2.3-.5.3-.7s-.1-.5-.3-.7c-.2-.2-.4-.3-.7-.3h-11c-.3 0-.5.1-.7.3-.2.2-.3.5-.3.7s.1.5.3.7z\"\/><\/svg><\/span><\/span><\/span><\/a><\/span><\/div>\n<nav><ul class='ez-toc-list ez-toc-list-level-1' ><li class='ez-toc-page-1 ez-toc-heading-level-4'><a class=\"ez-toc-link ez-toc-heading-1\" href=\"https:\/\/saphirsmaragd.com\/cs\/produkt\/heilstein-amethyst-cluster-schutz\/#Heilstein_Amethyst_Cluster_Schutz\" >Heilstein Amethyst Cluster Schutz<\/a><\/li><li class='ez-toc-page-1 ez-toc-heading-level-4'><a class=\"ez-toc-link ez-toc-heading-2\" href=\"https:\/\/saphirsmaragd.com\/cs\/produkt\/heilstein-amethyst-cluster-schutz\/#_Merkmale_Herkunft\" >\u00a0Charakteristika a p\u016fvod<\/a><\/li><li class='ez-toc-page-1 ez-toc-heading-level-4'><a class=\"ez-toc-link ez-toc-heading-3\" href=\"https:\/\/saphirsmaragd.com\/cs\/produkt\/heilstein-amethyst-cluster-schutz\/#_Besonderheiten\" >\u00a0Speci\u00e1ln\u00ed funkce<\/a><\/li><li class='ez-toc-page-1 ez-toc-heading-level-4'><a class=\"ez-toc-link ez-toc-heading-4\" href=\"https:\/\/saphirsmaragd.com\/cs\/produkt\/heilstein-amethyst-cluster-schutz\/#Mehr_uber_Amethyste_Heilsteine\" >V\u00edce o ametystech a l\u00e9\u010div\u00fdch kamenech<\/a><\/li><li class='ez-toc-page-1 ez-toc-heading-level-4'><a class=\"ez-toc-link ez-toc-heading-5\" href=\"https:\/\/saphirsmaragd.com\/cs\/produkt\/heilstein-amethyst-cluster-schutz\/#_Weitere_Infos\" >\u00a0Dal\u0161\u00ed informace<\/a><\/li><\/ul><\/nav><\/div>\n<h4 data-start=\"299\" data-end=\"341\"><span class=\"ez-toc-section\" id=\"Heilstein_Amethyst_Cluster_Schutz\"><\/span><strong data-start=\"304\" data-end=\"341\">Heilstein Amethyst Cluster Schutz<\/strong><span class=\"ez-toc-section-end\"><\/span><\/h4>\n<p data-start=\"343\" data-end=\"635\">Heilstein Amethyst Cluster Schutz ist ein kraftvoller Heilstein, der f\u00fcr seine sch\u00fctzende, reinigende und harmonisierende Energie bekannt ist. Dieser hochwertige Amethyst (A-Qualit\u00e4t, 250\u2013400 g) ist ideal zur F\u00f6rderung von innerem Frieden, spiritueller Entwicklung und emotionaler Klarheit.<\/p>\n<hr data-start=\"637\" data-end=\"640\" \/>\n<h4 data-start=\"642\" data-end=\"669\"><span class=\"ez-toc-section\" id=\"_Merkmale_Herkunft\"><\/span>\u00a0Charakteristika a p\u016fvod<span class=\"ez-toc-section-end\"><\/span><\/h4>\n<p data-start=\"670\" data-end=\"891\">Barva: Fialov\u00e1<br data-start=\"684\" data-end=\"687\" \/>Form: Cluster (Druse)<br data-start=\"730\" data-end=\"733\" \/>Gewicht: ca. 250\u2013400 g<br data-start=\"755\" data-end=\"758\" \/>Ma\u00dfe: Variabel je nach St\u00fcck<br data-start=\"786\" data-end=\"789\" \/>\u010cistota: P\u0159\u00edrodn\u00ed<br data-start=\"868\" data-end=\"871\" \/>Typ kamene: Ametyst<\/p>\n<hr data-start=\"893\" data-end=\"896\" \/>\n<h4 data-start=\"898\" data-end=\"920\"><span class=\"ez-toc-section\" id=\"_Besonderheiten\"><\/span>\u00a0Speci\u00e1ln\u00ed funkce<span class=\"ez-toc-section-end\"><\/span><\/h4>\n<p data-start=\"922\" data-end=\"1306\">Heilstein Amethyst Cluster Schutz 250\u2013400 g ist ein traditioneller Edelstein, der Schutz, Harmonie, Einsicht und spirituelle Entwicklung f\u00f6rdert. Er besitzt reinigende und entspannende Eigenschaften, bringt Ausgeglichenheit und hilft, Gedanken zu kl\u00e4ren. Durch seine energetische Wirkung unterst\u00fctzt der Amethyst, alte Verhaltensmuster loszulassen und emotionale Blockaden zu l\u00f6sen.<\/p>\n<p data-start=\"1308\" data-end=\"1617\">Seine sch\u00fctzende Lichtenergie reinigt die Aura und kann \u2013 bei entsprechender Gr\u00f6\u00dfe \u2013 auch R\u00e4ume energetisch kl\u00e4ren. Heilstein Amethyst Cluster Schutz 250\u2013400 g \u00f6ffnet das Kronen- und Stirnchakra, st\u00e4rkt Intuition und spirituelle Wahrnehmung und ist ein wertvoller Begleiter bei Meditation und Energiearbeit.<\/p>\n<p data-start=\"1619\" data-end=\"1804\">Physisch unterst\u00fctzt er das Nervensystem, lindert Kopfschmerzen und Schlafprobleme (z. B. Albtr\u00e4ume). Bitte beachten Sie: Der Stein kann sich bei starker Sonneneinstrahlung verf\u00e4rben.<\/p>\n<hr data-start=\"1806\" data-end=\"1809\" \/>\n<h4 data-start=\"1811\" data-end=\"1851\"><span class=\"ez-toc-section\" id=\"Mehr_uber_Amethyste_Heilsteine\"><\/span>V\u00edce o ametystech a l\u00e9\u010div\u00fdch kamenech<span class=\"ez-toc-section-end\"><\/span><\/h4>\n<p data-start=\"1853\" data-end=\"2035\">Erfahren Sie mehr \u00fcber die Wirkung von <a class=\"decorated-link cursor-pointer\" href=\"https:\/\/saphirsmaragd.com\/cs\/product-category\/heilsteine-kristalle\/\" target=\"_new\" rel=\"noopener\" data-start=\"1892\" data-end=\"1991\">Heilsteinen &amp; Kristallen<\/a> und deren Bedeutung f\u00fcr K\u00f6rper und Geist.<\/p>\n<hr data-start=\"2037\" data-end=\"2040\" \/>\n<h4 data-start=\"2042\" data-end=\"2063\"><span class=\"ez-toc-section\" id=\"_Weitere_Infos\"><\/span>\u00a0Dal\u0161\u00ed informace<span class=\"ez-toc-section-end\"><\/span><\/h4>\n<p data-start=\"2064\" data-end=\"2125\"><a class=\"decorated-link cursor-pointer\" href=\"https:\/\/de.wikipedia.org\/wiki\/Amethyst\" target=\"_new\" rel=\"noopener\" data-start=\"2064\" data-end=\"2125\">Wikipedie: Ametyst<\/a><\/p>","protected":false},"excerpt":{"rendered":"<p><em>Heilstein Amethyst Cluster Schutz 250\u2013400 g \u2013 f\u00f6rdert Harmonie, Schutz und spirituelle Entwicklung. A-Qualit\u00e4t Heilstein f\u00fcr Meditation und Balance.<\/em><\/p>","protected":false},"featured_media":2272,"comment_status":"open","ping_status":"closed","template":"","meta":{"_glsr_average":0,"_glsr_ranking":0,"_glsr_reviews":0},"product_brand":[],"product_cat":[84],"product_tag":[],"class_list":{"0":"post-2271","1":"product","2":"type-product","3":"status-publish","4":"has-post-thumbnail","6":"product_cat-rohsteine-kaufen","8":"first","9":"instock","10":"shipping-taxable","11":"purchasable","12":"product-type-simple","13":"add-to-wishlist-before_image"},"jetpack_sharing_enabled":true,"_links":{"self":[{"href":"https:\/\/saphirsmaragd.com\/cs\/wp-json\/wp\/v2\/product\/2271","targetHints":{"allow":["GET"]}}],"collection":[{"href":"https:\/\/saphirsmaragd.com\/cs\/wp-json\/wp\/v2\/product"}],"about":[{"href":"https:\/\/saphirsmaragd.com\/cs\/wp-json\/wp\/v2\/types\/product"}],"replies":[{"embeddable":true,"href":"https:\/\/saphirsmaragd.com\/cs\/wp-json\/wp\/v2\/comments?post=2271"}],"version-history":[{"count":1,"href":"https:\/\/saphirsmaragd.com\/cs\/wp-json\/wp\/v2\/product\/2271\/revisions"}],"predecessor-version":[{"id":2274,"href":"https:\/\/saphirsmaragd.com\/cs\/wp-json\/wp\/v2\/product\/2271\/revisions\/2274"}],"wp:featuredmedia":[{"embeddable":true,"href":"https:\/\/saphirsmaragd.com\/cs\/wp-json\/wp\/v2\/media\/2272"}],"wp:attachment":[{"href":"https:\/\/saphirsmaragd.com\/cs\/wp-json\/wp\/v2\/media?parent=2271"}],"wp:term":[{"taxonomy":"product_brand","embeddable":true,"href":"https:\/\/saphirsmaragd.com\/cs\/wp-json\/wp\/v2\/product_brand?post=2271"},{"taxonomy":"product_cat","embeddable":true,"href":"https:\/\/saphirsmaragd.com\/cs\/wp-json\/wp\/v2\/product_cat?post=2271"},{"taxonomy":"product_tag","embeddable":true,"href":"https:\/\/saphirsmaragd.com\/cs\/wp-json\/wp\/v2\/product_tag?post=2271"}],"curies":[{"name":"wp","href":"https:\/\/api.w.org\/{rel}","templated":true}]}}