{"id":2362,"date":"2025-10-10T01:46:06","date_gmt":"2025-10-10T01:46:06","guid":{"rendered":"https:\/\/saphirsmaragd.com\/?post_type=product&#038;p=2362"},"modified":"2025-12-05T10:11:58","modified_gmt":"2025-12-05T10:11:58","slug":"aqua-aura-cluster","status":"publish","type":"product","link":"https:\/\/saphirsmaragd.com\/cs\/produkt\/aqua-aura-cluster\/","title":{"rendered":"Aqua Aura Cluster Protection &amp; Communication \u2013 73,5 g 7 \u00d7 4,5 \u00d7 3,7 cm \u2013 L\u00e9\u010div\u00fd k\u00e1men pro ochranu a sebevyj\u00e1d\u0159en\u00ed"},"content":{"rendered":"<div id=\"ez-toc-container\" class=\"ez-toc-v2_0_82_2 counter-hierarchy ez-toc-counter ez-toc-grey ez-toc-container-direction\">\n<div class=\"ez-toc-title-container\">\n<p class=\"ez-toc-title\" style=\"cursor:inherit\">Obsah<\/p>\n<span class=\"ez-toc-title-toggle\"><a href=\"#\" class=\"ez-toc-pull-right ez-toc-btn ez-toc-btn-xs ez-toc-btn-default ez-toc-toggle\" aria-label=\"Toggle Table of Content\"><span class=\"ez-toc-js-icon-con\"><span class=\"\"><span class=\"eztoc-hide\" style=\"display:none;\">P\u0159epnout<\/span><span class=\"ez-toc-icon-toggle-span\"><svg style=\"fill: #999;color:#999\" xmlns=\"http:\/\/www.w3.org\/2000\/svg\" class=\"list-377408\" width=\"20px\" height=\"20px\" viewbox=\"0 0 24 24\" fill=\"none\"><path d=\"M6 6H4v2h2V6zm14 0H8v2h12V6zM4 11h2v2H4v-2zm16 0H8v2h12v-2zM4 16h2v2H4v-2zm16 0H8v2h12v-2z\" fill=\"currentColor\"><\/path><\/svg><svg style=\"fill: #999;color:#999\" class=\"arrow-unsorted-368013\" xmlns=\"http:\/\/www.w3.org\/2000\/svg\" width=\"10px\" height=\"10px\" viewbox=\"0 0 24 24\" version=\"1.2\" baseprofile=\"tiny\"><path d=\"M18.2 9.3l-6.2-6.3-6.2 6.3c-.2.2-.3.4-.3.7s.1.5.3.7c.2.2.4.3.7.3h11c.3 0 .5-.1.7-.3.2-.2.3-.5.3-.7s-.1-.5-.3-.7zM5.8 14.7l6.2 6.3 6.2-6.3c.2-.2.3-.5.3-.7s-.1-.5-.3-.7c-.2-.2-.4-.3-.7-.3h-11c-.3 0-.5.1-.7.3-.2.2-.3.5-.3.7s.1.5.3.7z\"\/><\/svg><\/span><\/span><\/span><\/a><\/span><\/div>\n<nav><ul class='ez-toc-list ez-toc-list-level-1' ><li class='ez-toc-page-1 ez-toc-heading-level-4'><a class=\"ez-toc-link ez-toc-heading-1\" href=\"https:\/\/saphirsmaragd.com\/cs\/produkt\/aqua-aura-cluster\/#Aqua_Aura_Cluster_Schutz_Kommunikation_%E2%80%93_735_g_7_%C3%97_45_%C3%97_37_cm_Naturstein_aus_USA\" >Aqua Aura Cluster Schutz &amp; Kommunikation \u2013 73.5 g, 7 \u00d7 4.5 \u00d7 3.7 cm Naturstein aus USA<\/a><\/li><li class='ez-toc-page-1 ez-toc-heading-level-4'><a class=\"ez-toc-link ez-toc-heading-2\" href=\"https:\/\/saphirsmaragd.com\/cs\/produkt\/aqua-aura-cluster\/#Merkmale_Herkunft\" >Charakteristika a p\u016fvod<\/a><\/li><li class='ez-toc-page-1 ez-toc-heading-level-4'><a class=\"ez-toc-link ez-toc-heading-3\" href=\"https:\/\/saphirsmaragd.com\/cs\/produkt\/aqua-aura-cluster\/#Besonderheiten\" >Speci\u00e1ln\u00ed funkce<\/a><\/li><li class='ez-toc-page-1 ez-toc-heading-level-4'><a class=\"ez-toc-link ez-toc-heading-4\" href=\"https:\/\/saphirsmaragd.com\/cs\/produkt\/aqua-aura-cluster\/#Mehr_uber_Aqua_Auras_Heilsteine\" >Mehr \u00fcber Aqua Auras &amp; Heilsteine<\/a><\/li><li class='ez-toc-page-1 ez-toc-heading-level-4'><a class=\"ez-toc-link ez-toc-heading-5\" href=\"https:\/\/saphirsmaragd.com\/cs\/produkt\/aqua-aura-cluster\/#Weitere_Infos\" >Dal\u0161\u00ed informace<\/a><\/li><\/ul><\/nav><\/div>\n<h4 data-start=\"324\" data-end=\"416\"><span class=\"ez-toc-section\" id=\"Aqua_Aura_Cluster_Schutz_Kommunikation_%E2%80%93_735_g_7_%C3%97_45_%C3%97_37_cm_Naturstein_aus_USA\"><\/span><strong data-start=\"326\" data-end=\"416\">Aqua Aura Cluster Schutz &amp; Kommunikation \u2013 73.5 g, 7 \u00d7 4.5 \u00d7 3.7 cm Naturstein aus USA<\/strong><span class=\"ez-toc-section-end\"><\/span><\/h4>\n<p data-start=\"418\" data-end=\"850\">Der Aqua Aura Cluster Schutz &amp; Kommunikation ist ein faszinierender Heilstein mit schillernder Regenbogenoberfl\u00e4che. Durch die Verbindung von Bergkristall mit Gold entsteht eine dauerhafte, irisierende Schicht, die den Stein zu einem besonderen Energieobjekt macht. Mit einem Gewicht von 73.5 Gramm und Ma\u00dfen von 7 \u00d7 4.5 \u00d7 3.7 Zentimetern ist dieses St\u00fcck ideal f\u00fcr Meditation, Raumharmonie und Energiearbeit geeignet.<\/p>\n<hr data-start=\"852\" data-end=\"855\" \/>\n<h4 data-start=\"857\" data-end=\"886\"><span class=\"ez-toc-section\" id=\"Merkmale_Herkunft\"><\/span><strong data-start=\"863\" data-end=\"886\">Charakteristika a p\u016fvod<\/strong><span class=\"ez-toc-section-end\"><\/span><\/h4>\n<p data-start=\"888\" data-end=\"1180\">Farbe: Blau \/ Regenbogenschimmer<br data-start=\"920\" data-end=\"923\" \/>Form: Cluster, stehend<br data-start=\"945\" data-end=\"948\" \/>Herkunft: Vereinigte Staaten<br data-start=\"976\" data-end=\"979\" \/>Gewicht: 73.5 g<br data-start=\"994\" data-end=\"997\" \/>Ma\u00dfe: 7 \u00d7 4.5 \u00d7 3.7 cm<br data-start=\"1019\" data-end=\"1022\" \/>Reinheit: Transparent<br data-start=\"1043\" data-end=\"1046\" \/>Behandlung: Mit Gold bedampft (Aqua Aura Veredelung)<br data-start=\"1150\" data-end=\"1153\" \/>Steinart: Aqua Aura Quarz<\/p>\n<hr data-start=\"1182\" data-end=\"1185\" \/>\n<h4 data-start=\"1187\" data-end=\"1211\"><span class=\"ez-toc-section\" id=\"Besonderheiten\"><\/span><strong data-start=\"1193\" data-end=\"1211\">Speci\u00e1ln\u00ed funkce<\/strong><span class=\"ez-toc-section-end\"><\/span><\/h4>\n<p data-start=\"1213\" data-end=\"1503\">Der Aqua Aura Cluster Schutz &amp; Kommunikation ist bekannt f\u00fcr seine starke Schutz- und Heilwirkung auf die Aura. Die feine Goldschicht unterst\u00fctzt die Reinigung des Energiefeldes und hilft, energetische L\u00fccken zu schlie\u00dfen, die durch Stress oder emotionale Belastungen entstanden sind.<\/p>\n<p data-start=\"1505\" data-end=\"1808\">Er sch\u00fctzt vor negativen Einfl\u00fcssen und geistigen Angriffen und f\u00f6rdert gleichzeitig die Selbstverwirklichung, indem er innere Potenziale st\u00e4rkt und Blockaden l\u00f6st. Durch die Aktivierung des Halschakras unterst\u00fctzt dieser Heilstein eine klare Kommunikation, die Ausdruckskraft und das Selbstvertrauen.<\/p>\n<p data-start=\"1810\" data-end=\"2089\">Energetisch st\u00e4rkt der Aqua Aura Cluster Schutz &amp; Kommunikation das Immunsystem und kann die Wirkung anderer Heilsteine verst\u00e4rken. Physisch wird ihm eine positive Wirkung auf Hals, Atemwege und Stimme zugeschrieben. Die goldene Beschichtung ist dauerhaft und nicht abwaschbar.<\/p>\n<hr data-start=\"2091\" data-end=\"2094\" \/>\n<h4 data-start=\"2096\" data-end=\"2139\"><span class=\"ez-toc-section\" id=\"Mehr_uber_Aqua_Auras_Heilsteine\"><\/span><strong data-start=\"2102\" data-end=\"2139\">Mehr \u00fcber Aqua Auras &amp; Heilsteine<\/strong><span class=\"ez-toc-section-end\"><\/span><\/h4>\n<p data-start=\"2141\" data-end=\"2262\"><a class=\"decorated-link\" href=\"https:\/\/saphirsmaragd.com\/cs\/product-category\/heilsteine-kristalle-kaufen\/\" target=\"_new\" rel=\"noopener\" data-start=\"2144\" data-end=\"2260\">L\u00e9\u010div\u00e9 kameny a krystaly | Saf\u00edr a smaragd<\/a><\/p>\n<hr data-start=\"2264\" data-end=\"2267\" \/>\n<h4 data-start=\"2269\" data-end=\"2292\"><span class=\"ez-toc-section\" id=\"Weitere_Infos\"><\/span><strong data-start=\"2275\" data-end=\"2292\">Dal\u0161\u00ed informace<\/strong><span class=\"ez-toc-section-end\"><\/span><\/h4>\n<p data-start=\"2294\" data-end=\"2368\"><a class=\"decorated-link cursor-pointer\" href=\"https:\/\/de.wikipedia.org\/wiki\/Bergkristall\" target=\"_new\" rel=\"noopener\" data-start=\"2294\" data-end=\"2366\">Wikipedia: Aqua Aura Quarz<\/a><\/p>","protected":false},"excerpt":{"rendered":"<p><em>Aqua Aura Cluster Schutz &amp; Kommunikation \u2013 Heilstein (73.5 g, 7 \u00d7 4.5 \u00d7 3.7 cm) f\u00fcr Schutz, Heilung und klare Kommunikation<\/em><\/p>","protected":false},"featured_media":2363,"comment_status":"open","ping_status":"closed","template":"","meta":{"_glsr_average":0,"_glsr_ranking":0,"_glsr_reviews":0},"product_brand":[],"product_cat":[84],"product_tag":[],"class_list":{"0":"post-2362","1":"product","2":"type-product","3":"status-publish","4":"has-post-thumbnail","6":"product_cat-rohsteine-kaufen","8":"first","9":"instock","10":"taxable","11":"shipping-taxable","12":"purchasable","13":"product-type-simple","14":"add-to-wishlist-before_image"},"jetpack_sharing_enabled":true,"_links":{"self":[{"href":"https:\/\/saphirsmaragd.com\/cs\/wp-json\/wp\/v2\/product\/2362","targetHints":{"allow":["GET"]}}],"collection":[{"href":"https:\/\/saphirsmaragd.com\/cs\/wp-json\/wp\/v2\/product"}],"about":[{"href":"https:\/\/saphirsmaragd.com\/cs\/wp-json\/wp\/v2\/types\/product"}],"replies":[{"embeddable":true,"href":"https:\/\/saphirsmaragd.com\/cs\/wp-json\/wp\/v2\/comments?post=2362"}],"version-history":[{"count":1,"href":"https:\/\/saphirsmaragd.com\/cs\/wp-json\/wp\/v2\/product\/2362\/revisions"}],"predecessor-version":[{"id":2367,"href":"https:\/\/saphirsmaragd.com\/cs\/wp-json\/wp\/v2\/product\/2362\/revisions\/2367"}],"wp:featuredmedia":[{"embeddable":true,"href":"https:\/\/saphirsmaragd.com\/cs\/wp-json\/wp\/v2\/media\/2363"}],"wp:attachment":[{"href":"https:\/\/saphirsmaragd.com\/cs\/wp-json\/wp\/v2\/media?parent=2362"}],"wp:term":[{"taxonomy":"product_brand","embeddable":true,"href":"https:\/\/saphirsmaragd.com\/cs\/wp-json\/wp\/v2\/product_brand?post=2362"},{"taxonomy":"product_cat","embeddable":true,"href":"https:\/\/saphirsmaragd.com\/cs\/wp-json\/wp\/v2\/product_cat?post=2362"},{"taxonomy":"product_tag","embeddable":true,"href":"https:\/\/saphirsmaragd.com\/cs\/wp-json\/wp\/v2\/product_tag?post=2362"}],"curies":[{"name":"wp","href":"https:\/\/api.w.org\/{rel}","templated":true}]}}