{"id":2516,"date":"2025-10-12T08:21:54","date_gmt":"2025-10-12T08:21:54","guid":{"rendered":"https:\/\/saphirsmaragd.com\/?post_type=product&#038;p=2516"},"modified":"2025-12-29T19:02:15","modified_gmt":"2025-12-29T19:02:15","slug":"granat-1-03-karat-gruen-oval","status":"publish","type":"product","link":"https:\/\/saphirsmaragd.com\/cs\/produkt\/granat-1-03-karat-gruen-oval\/","title":{"rendered":"Gran\u00e1t 1,03 kar\u00e1tu Zelen\u00fd ov\u00e1l \u2013 Grossular s certifik\u00e1tem a z\u00e1\u0159iv\u00fdm leskem"},"content":{"rendered":"<div id=\"ez-toc-container\" class=\"ez-toc-v2_0_82_2 counter-hierarchy ez-toc-counter ez-toc-grey ez-toc-container-direction\">\n<div class=\"ez-toc-title-container\">\n<p class=\"ez-toc-title\" style=\"cursor:inherit\">Obsah<\/p>\n<span class=\"ez-toc-title-toggle\"><a href=\"#\" class=\"ez-toc-pull-right ez-toc-btn ez-toc-btn-xs ez-toc-btn-default ez-toc-toggle\" aria-label=\"Toggle Table of Content\"><span class=\"ez-toc-js-icon-con\"><span class=\"\"><span class=\"eztoc-hide\" style=\"display:none;\">P\u0159epnout<\/span><span class=\"ez-toc-icon-toggle-span\"><svg style=\"fill: #999;color:#999\" xmlns=\"http:\/\/www.w3.org\/2000\/svg\" class=\"list-377408\" width=\"20px\" height=\"20px\" viewbox=\"0 0 24 24\" fill=\"none\"><path d=\"M6 6H4v2h2V6zm14 0H8v2h12V6zM4 11h2v2H4v-2zm16 0H8v2h12v-2zM4 16h2v2H4v-2zm16 0H8v2h12v-2z\" fill=\"currentColor\"><\/path><\/svg><svg style=\"fill: #999;color:#999\" class=\"arrow-unsorted-368013\" xmlns=\"http:\/\/www.w3.org\/2000\/svg\" width=\"10px\" height=\"10px\" viewbox=\"0 0 24 24\" version=\"1.2\" baseprofile=\"tiny\"><path d=\"M18.2 9.3l-6.2-6.3-6.2 6.3c-.2.2-.3.4-.3.7s.1.5.3.7c.2.2.4.3.7.3h11c.3 0 .5-.1.7-.3.2-.2.3-.5.3-.7s-.1-.5-.3-.7zM5.8 14.7l6.2 6.3 6.2-6.3c.2-.2.3-.5.3-.7s-.1-.5-.3-.7c-.2-.2-.4-.3-.7-.3h-11c-.3 0-.5.1-.7.3-.2.2-.3.5-.3.7s.1.5.3.7z\"\/><\/svg><\/span><\/span><\/span><\/a><\/span><\/div>\n<nav><ul class='ez-toc-list ez-toc-list-level-1' ><li class='ez-toc-page-1 ez-toc-heading-level-4'><a class=\"ez-toc-link ez-toc-heading-1\" href=\"https:\/\/saphirsmaragd.com\/cs\/produkt\/granat-1-03-karat-gruen-oval\/#Granat_103_Karat_Grun_Oval_mit_Zertifizierung_und_naturlicher_Brillanz\" >Granat 1.03 Karat Gr\u00fcn Oval mit Zertifizierung und nat\u00fcrlicher Brillanz<\/a><\/li><li class='ez-toc-page-1 ez-toc-heading-level-4'><a class=\"ez-toc-link ez-toc-heading-2\" href=\"https:\/\/saphirsmaragd.com\/cs\/produkt\/granat-1-03-karat-gruen-oval\/#Merkmale_Herkunft\" >Charakteristika a p\u016fvod<\/a><\/li><li class='ez-toc-page-1 ez-toc-heading-level-4'><a class=\"ez-toc-link ez-toc-heading-3\" href=\"https:\/\/saphirsmaragd.com\/cs\/produkt\/granat-1-03-karat-gruen-oval\/#Besonderheiten\" >Speci\u00e1ln\u00ed funkce<\/a><\/li><li class='ez-toc-page-1 ez-toc-heading-level-4'><a class=\"ez-toc-link ez-toc-heading-4\" href=\"https:\/\/saphirsmaragd.com\/cs\/produkt\/granat-1-03-karat-gruen-oval\/#Mehr_uber_unsere_Edelsteine\" >V\u00edce o na\u0161ich drahokamech<\/a><\/li><li class='ez-toc-page-1 ez-toc-heading-level-4'><a class=\"ez-toc-link ez-toc-heading-5\" href=\"https:\/\/saphirsmaragd.com\/cs\/produkt\/granat-1-03-karat-gruen-oval\/#Weitere_Infos\" >Dal\u0161\u00ed informace<\/a><\/li><\/ul><\/nav><\/div>\n<h4 data-start=\"1239\" data-end=\"1314\"><span class=\"ez-toc-section\" id=\"Granat_103_Karat_Grun_Oval_mit_Zertifizierung_und_naturlicher_Brillanz\"><\/span>Granat 1.03 Karat Gr\u00fcn Oval mit Zertifizierung und nat\u00fcrlicher Brillanz<span class=\"ez-toc-section-end\"><\/span><\/h4>\n<p data-start=\"1316\" data-end=\"1744\">Dieser lebhafte Grossular-Granat \u00fcberzeugt mit einer hellgr\u00fcnen bis minzfarbenen Ausstrahlung und einem fein facettierten Ovalschliff. Der Stein weist nur minimale Einschl\u00fcsse unter 10-facher Vergr\u00f6\u00dferung auf und bleibt mit blo\u00dfem Auge klar. Er wird unmontiert angeboten und eignet sich ideal f\u00fcr feine Schmuckanfertigungen oder f\u00fcr Sammler hochwertiger Natursteine. Die Echtheit wird durch ein offizielles Zertifikat best\u00e4tigt.<\/p>\n<hr data-start=\"1746\" data-end=\"1749\" \/>\n<h4 data-start=\"1751\" data-end=\"1775\"><span class=\"ez-toc-section\" id=\"Merkmale_Herkunft\"><\/span>Charakteristika a p\u016fvod<span class=\"ez-toc-section-end\"><\/span><\/h4>\n<p data-start=\"1777\" data-end=\"2073\">Steinart: Granat (Variet\u00e4t Grossular)<br data-start=\"1814\" data-end=\"1817\" \/>Farbe: Gr\u00fcn\/Yellow<br data-start=\"1835\" data-end=\"1838\" \/>Tvar: Ov\u00e1ln\u00fd<br data-start=\"1848\" data-end=\"1851\" \/>Gewicht: 1.03 Karat<br data-start=\"1870\" data-end=\"1873\" \/>Abmessungen: ca. 7.5 \u00d7 5.1 mm<br data-start=\"1902\" data-end=\"1905\" \/>Reinheit: Sehr kleine Einschl\u00fcsse<br data-start=\"1938\" data-end=\"1941\" \/>Tvrdost: 6,5 na Mohsov\u011b stupnici<br data-start=\"1970\" data-end=\"1973\" \/>Veredelung \/ Behandlung: Unbehandelt<br data-start=\"2009\" data-end=\"2012\" \/>Zertifikat: Val\u00e9rie Duraffourg (Gem-A, London)<br data-start=\"2058\" data-end=\"2061\" \/>Stav: Nov\u00e9<\/p>\n<hr data-start=\"2075\" data-end=\"2078\" \/>\n<h4 data-start=\"2080\" data-end=\"2099\"><span class=\"ez-toc-section\" id=\"Besonderheiten\"><\/span>Speci\u00e1ln\u00ed funkce<span class=\"ez-toc-section-end\"><\/span><\/h4>\n<p data-start=\"2101\" data-end=\"2360\">Dieser Grossular-Granat kombiniert eine frische, lebendige Farbe mit hoher Transparenz und nat\u00fcrlichem Glanz. Durch die Zertifizierung und den pr\u00e4zisen Facettenschliff eignet sich der Stein perfekt f\u00fcr individuelle Schmuckst\u00fccke und anspruchsvolle Sammlungen.<\/p>\n<hr data-start=\"1926\" data-end=\"1929\" \/>\n<h4 data-start=\"1931\" data-end=\"1971\"><span class=\"ez-toc-section\" id=\"Mehr_uber_unsere_Edelsteine\"><\/span>V\u00edce o na\u0161ich drahokamech<span class=\"ez-toc-section-end\"><\/span><\/h4>\n<p data-start=\"1972\" data-end=\"2069\"><a href=\"https:\/\/saphirsmaragd.com\/cs\/product-category\/edelsteine-kaufen\/\">drahokamy<\/a><\/p>\n<hr data-start=\"2071\" data-end=\"2074\" \/>\n<h4 data-start=\"2076\" data-end=\"2096\"><span class=\"ez-toc-section\" id=\"Weitere_Infos\"><\/span>Dal\u0161\u00ed informace<span class=\"ez-toc-section-end\"><\/span><\/h4>\n<p data-start=\"2097\" data-end=\"2160\"><a class=\"decorated-link cursor-pointer\" href=\"https:\/\/de.wikipedia.org\/wiki\/Granat\" target=\"_new\" rel=\"noopener\" data-start=\"2097\" data-end=\"2160\">Wikipedie: Gran\u00e1t<\/a><\/p>","protected":false},"excerpt":{"rendered":"<p data-start=\"444\" data-end=\"570\"><em>Granat 1.03 Karat Gr\u00fcn Oval \u2013 nat\u00fcrlicher Grossular mit Zertifikat und klarer Transparenz. Ideal f\u00fcr Schmuck oder Sammler.<\/em><\/p>\n<p data-start=\"575\" data-end=\"606\">","protected":false},"featured_media":2518,"comment_status":"open","ping_status":"closed","template":"","meta":{"_glsr_average":0,"_glsr_ranking":0,"_glsr_reviews":0},"product_brand":[],"product_cat":[111],"product_tag":[],"class_list":{"0":"post-2516","1":"product","2":"type-product","3":"status-publish","4":"has-post-thumbnail","6":"product_cat-granat-kaufen","7":"pa_edelsteinart-granat","8":"pa_farbe-gelb","9":"pa_farbe-gruen","10":"pa_form-oval","11":"pa_gewicht-karat-1-0-3-0-karat","12":"pa_reinheit-sehr-kleine-einschluesse","13":"pa_veredelung-behandlung-unbehandelt","14":"pa_zertifikat-ja","15":"pa_zustand-neu","17":"first","18":"instock","19":"featured","20":"sold-individually","21":"shipping-taxable","22":"purchasable","23":"product-type-simple","24":"add-to-wishlist-before_image"},"jetpack_sharing_enabled":true,"_links":{"self":[{"href":"https:\/\/saphirsmaragd.com\/cs\/wp-json\/wp\/v2\/product\/2516","targetHints":{"allow":["GET"]}}],"collection":[{"href":"https:\/\/saphirsmaragd.com\/cs\/wp-json\/wp\/v2\/product"}],"about":[{"href":"https:\/\/saphirsmaragd.com\/cs\/wp-json\/wp\/v2\/types\/product"}],"replies":[{"embeddable":true,"href":"https:\/\/saphirsmaragd.com\/cs\/wp-json\/wp\/v2\/comments?post=2516"}],"version-history":[{"count":2,"href":"https:\/\/saphirsmaragd.com\/cs\/wp-json\/wp\/v2\/product\/2516\/revisions"}],"predecessor-version":[{"id":2534,"href":"https:\/\/saphirsmaragd.com\/cs\/wp-json\/wp\/v2\/product\/2516\/revisions\/2534"}],"wp:featuredmedia":[{"embeddable":true,"href":"https:\/\/saphirsmaragd.com\/cs\/wp-json\/wp\/v2\/media\/2518"}],"wp:attachment":[{"href":"https:\/\/saphirsmaragd.com\/cs\/wp-json\/wp\/v2\/media?parent=2516"}],"wp:term":[{"taxonomy":"product_brand","embeddable":true,"href":"https:\/\/saphirsmaragd.com\/cs\/wp-json\/wp\/v2\/product_brand?post=2516"},{"taxonomy":"product_cat","embeddable":true,"href":"https:\/\/saphirsmaragd.com\/cs\/wp-json\/wp\/v2\/product_cat?post=2516"},{"taxonomy":"product_tag","embeddable":true,"href":"https:\/\/saphirsmaragd.com\/cs\/wp-json\/wp\/v2\/product_tag?post=2516"}],"curies":[{"name":"wp","href":"https:\/\/api.w.org\/{rel}","templated":true}]}}