{"id":2684,"date":"2025-10-12T12:52:26","date_gmt":"2025-10-12T12:52:26","guid":{"rendered":"https:\/\/saphirsmaragd.com\/?post_type=product&#038;p=2684"},"modified":"2025-12-29T19:00:19","modified_gmt":"2025-12-29T19:00:19","slug":"granat-0-89-karat-gelb-rund","status":"publish","type":"product","link":"https:\/\/saphirsmaragd.com\/cs\/produkt\/granat-0-89-karat-gelb-rund\/","title":{"rendered":"Gran\u00e1t 0,89 kar\u00e1tu \u017elut\u00fd kulat\u00fd \u2013 grossul\u00e1r z Mali, fazetovan\u00fd 5,5 mm, \u010dist\u00fd pro o\u010di s certifik\u00e1tem"},"content":{"rendered":"<div id=\"ez-toc-container\" class=\"ez-toc-v2_0_82_2 counter-hierarchy ez-toc-counter ez-toc-grey ez-toc-container-direction\">\n<div class=\"ez-toc-title-container\">\n<p class=\"ez-toc-title\" style=\"cursor:inherit\">Obsah<\/p>\n<span class=\"ez-toc-title-toggle\"><a href=\"#\" class=\"ez-toc-pull-right ez-toc-btn ez-toc-btn-xs ez-toc-btn-default ez-toc-toggle\" aria-label=\"Toggle Table of Content\"><span class=\"ez-toc-js-icon-con\"><span class=\"\"><span class=\"eztoc-hide\" style=\"display:none;\">P\u0159epnout<\/span><span class=\"ez-toc-icon-toggle-span\"><svg style=\"fill: #999;color:#999\" xmlns=\"http:\/\/www.w3.org\/2000\/svg\" class=\"list-377408\" width=\"20px\" height=\"20px\" viewbox=\"0 0 24 24\" fill=\"none\"><path d=\"M6 6H4v2h2V6zm14 0H8v2h12V6zM4 11h2v2H4v-2zm16 0H8v2h12v-2zM4 16h2v2H4v-2zm16 0H8v2h12v-2z\" fill=\"currentColor\"><\/path><\/svg><svg style=\"fill: #999;color:#999\" class=\"arrow-unsorted-368013\" xmlns=\"http:\/\/www.w3.org\/2000\/svg\" width=\"10px\" height=\"10px\" viewbox=\"0 0 24 24\" version=\"1.2\" baseprofile=\"tiny\"><path d=\"M18.2 9.3l-6.2-6.3-6.2 6.3c-.2.2-.3.4-.3.7s.1.5.3.7c.2.2.4.3.7.3h11c.3 0 .5-.1.7-.3.2-.2.3-.5.3-.7s-.1-.5-.3-.7zM5.8 14.7l6.2 6.3 6.2-6.3c.2-.2.3-.5.3-.7s-.1-.5-.3-.7c-.2-.2-.4-.3-.7-.3h-11c-.3 0-.5.1-.7.3-.2.2-.3.5-.3.7s.1.5.3.7z\"\/><\/svg><\/span><\/span><\/span><\/a><\/span><\/div>\n<nav><ul class='ez-toc-list ez-toc-list-level-1' ><li class='ez-toc-page-1 ez-toc-heading-level-4'><a class=\"ez-toc-link ez-toc-heading-1\" href=\"https:\/\/saphirsmaragd.com\/cs\/produkt\/granat-0-89-karat-gelb-rund\/#Granat_089_Karat_Gelb_Rund_%E2%80%93_Grossular_aus_Mali_55_mm_facettiert_augenrein\" >Granat 0.89 Karat Gelb Rund \u2013 Grossular aus Mali, 5.5 mm facettiert, augenrein<\/a><\/li><li class='ez-toc-page-1 ez-toc-heading-level-4'><a class=\"ez-toc-link ez-toc-heading-2\" href=\"https:\/\/saphirsmaragd.com\/cs\/produkt\/granat-0-89-karat-gelb-rund\/#Merkmale_Herkunft_%E2%80%93_Granat_089_Karat_Gelb_Rund\" >Merkmale &amp; Herkunft \u2013 Granat 0.89 Karat Gelb Rund<\/a><\/li><li class='ez-toc-page-1 ez-toc-heading-level-4'><a class=\"ez-toc-link ez-toc-heading-3\" href=\"https:\/\/saphirsmaragd.com\/cs\/produkt\/granat-0-89-karat-gelb-rund\/#Besonderheiten\" >Speci\u00e1ln\u00ed funkce<\/a><\/li><li class='ez-toc-page-1 ez-toc-heading-level-4'><a class=\"ez-toc-link ez-toc-heading-4\" href=\"https:\/\/saphirsmaragd.com\/cs\/produkt\/granat-0-89-karat-gelb-rund\/#Mehr_uber_unsere_Edelsteine\" >V\u00edce o na\u0161ich drahokamech<\/a><\/li><li class='ez-toc-page-1 ez-toc-heading-level-4'><a class=\"ez-toc-link ez-toc-heading-5\" href=\"https:\/\/saphirsmaragd.com\/cs\/produkt\/granat-0-89-karat-gelb-rund\/#Weitere_Infos\" >Dal\u0161\u00ed informace<\/a><\/li><\/ul><\/nav><\/div>\n<h4 data-start=\"0\" data-end=\"85\"><span class=\"ez-toc-section\" id=\"Granat_089_Karat_Gelb_Rund_%E2%80%93_Grossular_aus_Mali_55_mm_facettiert_augenrein\"><\/span>Granat 0.89 <strong>Karat<\/strong> Gelb Rund \u2013 Grossular aus Mali, 5.5 mm facettiert, augenrein<span class=\"ez-toc-section-end\"><\/span><\/h4>\n<p data-start=\"86\" data-end=\"276\">Dieser Einzelstein zeigt ein sehr helles Gelb mit hoher Brillanz. Granat 0.89 Karat Rund ist ideal f\u00fcr feine Fassungen oder als Sammlerstein mit nat\u00fcrlicher, unbehandelter Qualit\u00e4t.<\/p>\n<hr data-start=\"278\" data-end=\"281\" \/>\n<h4 data-start=\"283\" data-end=\"339\"><span class=\"ez-toc-section\" id=\"Merkmale_Herkunft_%E2%80%93_Granat_089_Karat_Gelb_Rund\"><\/span>Merkmale &amp; Herkunft \u2013 Granat 0.89 Karat Gelb Rund<span class=\"ez-toc-section-end\"><\/span><\/h4>\n<p data-start=\"340\" data-end=\"654\">Steinart: Granat (Grossular)<br data-start=\"368\" data-end=\"371\" \/>Farbe: Sehr helles Gelb<br data-start=\"394\" data-end=\"397\" \/>Tvar: Kulat\u00fd s fazetou<br data-start=\"418\" data-end=\"421\" \/>Gr\u00f6\u00dfe: 5.5 mm<br data-start=\"434\" data-end=\"437\" \/>Gewicht: 0.89 Karat<br data-start=\"456\" data-end=\"459\" \/>Reinheit: Augenrein (auch unter 10-facher Vergr\u00f6\u00dferung)<br data-start=\"514\" data-end=\"517\" \/>L\u00e9\u010dba: Nel\u00e9\u010den\u00e1<br data-start=\"549\" data-end=\"552\" \/>Tvrdost: 6,5 na Mohsov\u011b stupnici<br data-start=\"581\" data-end=\"584\" \/>Herkunft: Mali<br data-start=\"598\" data-end=\"601\" \/>Certifik\u00e1t: Val\u00e9rie DURAFFOURG (Gem-A)<br data-start=\"639\" data-end=\"642\" \/>Stav: Nov\u00e9<\/p>\n<hr data-start=\"656\" data-end=\"659\" \/>\n<h4 data-start=\"661\" data-end=\"682\"><span class=\"ez-toc-section\" id=\"Besonderheiten\"><\/span>Speci\u00e1ln\u00ed funkce<span class=\"ez-toc-section-end\"><\/span><\/h4>\n<p data-start=\"683\" data-end=\"964\">Der Granat 0.89 Karat Gelb-Rund \u00fcberzeugt durch klare Transparenz, frische Farbe und starke Lichtreflexion. Der pr\u00e4zise Rundschliff in 5.5 mm bringt viel Brillanz, w\u00e4hrend die best\u00e4tigte Augenreinheit und das Gem-A-Zertifikat h\u00f6chste Sicherheit f\u00fcr Schmuck und Sammlung bieten.<\/p>\n<hr data-start=\"1926\" data-end=\"1929\" \/>\n<h4 data-start=\"1931\" data-end=\"1971\"><span class=\"ez-toc-section\" id=\"Mehr_uber_unsere_Edelsteine\"><\/span>V\u00edce o na\u0161ich drahokamech<span class=\"ez-toc-section-end\"><\/span><\/h4>\n<p data-start=\"1972\" data-end=\"2069\"><a href=\"https:\/\/saphirsmaragd.com\/cs\/product-category\/edelsteine-kaufen\/\">drahokamy<\/a><\/p>\n<hr data-start=\"2071\" data-end=\"2074\" \/>\n<h4 data-start=\"2076\" data-end=\"2096\"><span class=\"ez-toc-section\" id=\"Weitere_Infos\"><\/span>Dal\u0161\u00ed informace<span class=\"ez-toc-section-end\"><\/span><\/h4>\n<p data-start=\"2097\" data-end=\"2160\"><a class=\"decorated-link cursor-pointer\" href=\"https:\/\/de.wikipedia.org\/wiki\/Granat\" target=\"_new\" rel=\"noopener\" data-start=\"2097\" data-end=\"2160\">Wikipedie: Gran\u00e1t<\/a><\/p>","protected":false},"excerpt":{"rendered":"<p data-start=\"319\" data-end=\"516\"><em>Granat 0.89 Karat Gelb Rund \u2013 seltener Grossular aus Mali, 5.5 mm facettiert, augenrein, unbehandelt und mit Zertifikat. Ideal f\u00fcr feine Schmuckfassungen und Sammler.<\/em><\/p>\n<p data-start=\"518\" data-end=\"637\">\n<p data-start=\"575\" data-end=\"606\">","protected":false},"featured_media":2687,"comment_status":"open","ping_status":"closed","template":"","meta":{"_glsr_average":0,"_glsr_ranking":0,"_glsr_reviews":0},"product_brand":[],"product_cat":[111],"product_tag":[],"class_list":{"0":"post-2684","1":"product","2":"type-product","3":"status-publish","4":"has-post-thumbnail","6":"product_cat-granat-kaufen","7":"pa_edelsteinart-granat","8":"pa_farbe-gelb","9":"pa_form-rund","10":"pa_gewicht-karat-0-5-1-0-karat","11":"pa_herkunft-mali","12":"pa_reinheit-augenrein","13":"pa_veredelung-behandlung-unbehandelt","14":"pa_zertifikat-ja","15":"pa_zustand-neu","17":"first","18":"instock","19":"featured","20":"sold-individually","21":"shipping-taxable","22":"purchasable","23":"product-type-simple","24":"add-to-wishlist-before_image"},"jetpack_sharing_enabled":true,"_links":{"self":[{"href":"https:\/\/saphirsmaragd.com\/cs\/wp-json\/wp\/v2\/product\/2684","targetHints":{"allow":["GET"]}}],"collection":[{"href":"https:\/\/saphirsmaragd.com\/cs\/wp-json\/wp\/v2\/product"}],"about":[{"href":"https:\/\/saphirsmaragd.com\/cs\/wp-json\/wp\/v2\/types\/product"}],"replies":[{"embeddable":true,"href":"https:\/\/saphirsmaragd.com\/cs\/wp-json\/wp\/v2\/comments?post=2684"}],"version-history":[{"count":1,"href":"https:\/\/saphirsmaragd.com\/cs\/wp-json\/wp\/v2\/product\/2684\/revisions"}],"predecessor-version":[{"id":2688,"href":"https:\/\/saphirsmaragd.com\/cs\/wp-json\/wp\/v2\/product\/2684\/revisions\/2688"}],"wp:featuredmedia":[{"embeddable":true,"href":"https:\/\/saphirsmaragd.com\/cs\/wp-json\/wp\/v2\/media\/2687"}],"wp:attachment":[{"href":"https:\/\/saphirsmaragd.com\/cs\/wp-json\/wp\/v2\/media?parent=2684"}],"wp:term":[{"taxonomy":"product_brand","embeddable":true,"href":"https:\/\/saphirsmaragd.com\/cs\/wp-json\/wp\/v2\/product_brand?post=2684"},{"taxonomy":"product_cat","embeddable":true,"href":"https:\/\/saphirsmaragd.com\/cs\/wp-json\/wp\/v2\/product_cat?post=2684"},{"taxonomy":"product_tag","embeddable":true,"href":"https:\/\/saphirsmaragd.com\/cs\/wp-json\/wp\/v2\/product_tag?post=2684"}],"curies":[{"name":"wp","href":"https:\/\/api.w.org\/{rel}","templated":true}]}}