{"id":2743,"date":"2025-10-12T14:05:30","date_gmt":"2025-10-12T14:05:30","guid":{"rendered":"https:\/\/saphirsmaragd.com\/?post_type=product&#038;p=2743"},"modified":"2025-12-29T18:59:59","modified_gmt":"2025-12-29T18:59:59","slug":"opal-2-24-karat-schwarz-oval","status":"publish","type":"product","link":"https:\/\/saphirsmaragd.com\/cs\/produkt\/opal-2-24-karat-schwarz-oval\/","title":{"rendered":"Op\u00e1l 2,24 kar\u00e1tu, \u010dern\u00fd ov\u00e1l \u2013 \u010dern\u00fd op\u00e1l z Austr\u00e1lie s hrou barev a certifik\u00e1tem"},"content":{"rendered":"<div id=\"ez-toc-container\" class=\"ez-toc-v2_0_83 counter-hierarchy ez-toc-counter ez-toc-grey ez-toc-container-direction\">\n<div class=\"ez-toc-title-container\">\n<p class=\"ez-toc-title\" style=\"cursor:inherit\">Obsah<\/p>\n<span class=\"ez-toc-title-toggle\"><a href=\"#\" class=\"ez-toc-pull-right ez-toc-btn ez-toc-btn-xs ez-toc-btn-default ez-toc-toggle\" aria-label=\"Toggle Table of Content\"><span class=\"ez-toc-js-icon-con\"><span class=\"\"><span class=\"eztoc-hide\" style=\"display:none;\">P\u0159epnout<\/span><span class=\"ez-toc-icon-toggle-span\"><svg style=\"fill: #999;color:#999\" xmlns=\"http:\/\/www.w3.org\/2000\/svg\" class=\"list-377408\" width=\"20px\" height=\"20px\" viewbox=\"0 0 24 24\" fill=\"none\"><path d=\"M6 6H4v2h2V6zm14 0H8v2h12V6zM4 11h2v2H4v-2zm16 0H8v2h12v-2zM4 16h2v2H4v-2zm16 0H8v2h12v-2z\" fill=\"currentColor\"><\/path><\/svg><svg style=\"fill: #999;color:#999\" class=\"arrow-unsorted-368013\" xmlns=\"http:\/\/www.w3.org\/2000\/svg\" width=\"10px\" height=\"10px\" viewbox=\"0 0 24 24\" version=\"1.2\" baseprofile=\"tiny\"><path d=\"M18.2 9.3l-6.2-6.3-6.2 6.3c-.2.2-.3.4-.3.7s.1.5.3.7c.2.2.4.3.7.3h11c.3 0 .5-.1.7-.3.2-.2.3-.5.3-.7s-.1-.5-.3-.7zM5.8 14.7l6.2 6.3 6.2-6.3c.2-.2.3-.5.3-.7s-.1-.5-.3-.7c-.2-.2-.4-.3-.7-.3h-11c-.3 0-.5.1-.7.3-.2.2-.3.5-.3.7s.1.5.3.7z\"\/><\/svg><\/span><\/span><\/span><\/a><\/span><\/div>\n<nav><ul class='ez-toc-list ez-toc-list-level-1' ><li class='ez-toc-page-1 ez-toc-heading-level-4'><a class=\"ez-toc-link ez-toc-heading-1\" href=\"https:\/\/saphirsmaragd.com\/cs\/produkt\/opal-2-24-karat-schwarz-oval\/#Opal_224_Karat_Schwarz_Oval_%E2%80%93_spektakulares_Farbspiel_auf_dunkler_Basis\" >Op\u00e1l 2,24 kar\u00e1tov\u00fd \u010dern\u00fd ov\u00e1l \u2013 velkolep\u00e1 hra barev na tmav\u00e9m podkladu<\/a><\/li><li class='ez-toc-page-1 ez-toc-heading-level-4'><a class=\"ez-toc-link ez-toc-heading-2\" href=\"https:\/\/saphirsmaragd.com\/cs\/produkt\/opal-2-24-karat-schwarz-oval\/#Merkmale_Herkunft_%E2%80%93_Opal_224_Karat_Schwarz_Oval\" >Vlastnosti a p\u016fvod \u2013 Op\u00e1l 2,24 kar\u00e1tu, \u010dern\u00fd ov\u00e1l<\/a><\/li><li class='ez-toc-page-1 ez-toc-heading-level-4'><a class=\"ez-toc-link ez-toc-heading-3\" href=\"https:\/\/saphirsmaragd.com\/cs\/produkt\/opal-2-24-karat-schwarz-oval\/#Besonderheiten\" >Speci\u00e1ln\u00ed funkce<\/a><\/li><li class='ez-toc-page-1 ez-toc-heading-level-4'><a class=\"ez-toc-link ez-toc-heading-4\" href=\"https:\/\/saphirsmaragd.com\/cs\/produkt\/opal-2-24-karat-schwarz-oval\/#Mehr_uber_unsere_Edelsteine\" >V\u00edce o na\u0161ich drahokamech<\/a><\/li><li class='ez-toc-page-1 ez-toc-heading-level-4'><a class=\"ez-toc-link ez-toc-heading-5\" href=\"https:\/\/saphirsmaragd.com\/cs\/produkt\/opal-2-24-karat-schwarz-oval\/#Weitere_Infos\" >Dal\u0161\u00ed informace<\/a><\/li><\/ul><\/nav><\/div>\n<h4 data-start=\"638\" data-end=\"715\"><span class=\"ez-toc-section\" id=\"Opal_224_Karat_Schwarz_Oval_%E2%80%93_spektakulares_Farbspiel_auf_dunkler_Basis\"><\/span>Op\u00e1l 2,24 kar\u00e1tov\u00fd \u010dern\u00fd ov\u00e1l \u2013 velkolep\u00e1 hra barev na tmav\u00e9m podkladu<span class=\"ez-toc-section-end\"><\/span><\/h4>\n<p data-start=\"716\" data-end=\"910\">Tento p\u0159\u00edrodn\u00ed k\u00e1men se vyzna\u010duje tmav\u011b \u0161edo\u010dern\u00fdm z\u00e1kladem se z\u00e1\u0159ivou v\u00edcebarevnou opalescenc\u00ed. \u010cern\u00fd ov\u00e1ln\u00fd op\u00e1l o hmotnosti 2,24 kar\u00e1tu je ide\u00e1ln\u00ed pro vysoce kvalitn\u00ed, jedine\u010dn\u00e9 aran\u017em\u00e1 a n\u00e1ro\u010dn\u00e9 sb\u011bratele.<\/p>\n<hr data-start=\"912\" data-end=\"915\" \/>\n<h4 data-start=\"917\" data-end=\"972\"><span class=\"ez-toc-section\" id=\"Merkmale_Herkunft_%E2%80%93_Opal_224_Karat_Schwarz_Oval\"><\/span>Vlastnosti a p\u016fvod \u2013 Op\u00e1l 2,24 kar\u00e1tu, \u010dern\u00fd ov\u00e1l<span class=\"ez-toc-section-end\"><\/span><\/h4>\n<p data-start=\"973\" data-end=\"1348\">Typ kamene: Op\u00e1l (\u010cern\u00fd op\u00e1l)<br data-start=\"1004\" data-end=\"1007\" \/>Barva: Tmav\u011b \u0161ed\u00e1\/\u010dern\u00e1 s duhov\u00fdmi barvami<br data-start=\"1057\" data-end=\"1060\" \/>Tvar: Ov\u00e1ln\u00fd kabo\u0161on (fasetovan\u00fd povrch)<br data-start=\"1104\" data-end=\"1107\" \/>Velikost: 12,70 \u00d7 9,43 mm<br data-start=\"1129\" data-end=\"1132\" \/>Tlou\u0161\u0165ka: 3,33 mm<br data-start=\"1146\" data-end=\"1149\" \/>Hmotnost: 2,24 kar\u00e1tu<br data-start=\"1168\" data-end=\"1171\" \/>\u010cirost: Pr\u016fsvitn\u00e1 a\u017e nepr\u016fhledn\u00e1 (typick\u00e1)<br data-start=\"1211\" data-end=\"1214\" \/>L\u00e9\u010dba: Nel\u00e9\u010den\u00e1<br data-start=\"1237\" data-end=\"1240\" \/>Tvrdost: 6,5 na Mohsov\u011b stupnici<br data-start=\"1269\" data-end=\"1272\" \/>P\u016fvod: Austr\u00e1lie<br data-start=\"1292\" data-end=\"1295\" \/>Certifik\u00e1t: Val\u00e9rie DURAFFOURG (Gem-A)<br data-start=\"1333\" data-end=\"1336\" \/>Stav: Nov\u00e9<\/p>\n<hr data-start=\"1350\" data-end=\"1353\" \/>\n<h4 data-start=\"1355\" data-end=\"1374\"><span class=\"ez-toc-section\" id=\"Besonderheiten\"><\/span>Speci\u00e1ln\u00ed funkce<span class=\"ez-toc-section-end\"><\/span><\/h4>\n<p data-start=\"1375\" data-end=\"1712\">\u010cern\u00fd ov\u00e1ln\u00fd op\u00e1l o hmotnosti 2,24 kar\u00e1tu nab\u00edz\u00ed \u017e\u00e1danou hru barev s vysok\u00fdm kontrastem se zelen\u00fdmi, modr\u00fdmi, \u017elut\u00fdmi a oran\u017eov\u00fdmi t\u0159pytkami na tmav\u00e9m podkladu. Ov\u00e1ln\u00fd profil kabo\u0161onu s dobrou tlou\u0161\u0165kou (3,33 mm) zd\u016fraz\u0148uje brilanci a \u010din\u00ed k\u00e1men ide\u00e1ln\u00edm pro luxusn\u00ed prsteny nebo p\u0159\u00edv\u011bsky. Neo\u0161et\u0159en\u00fd, certifikovan\u00e1 kvalita.<\/p>\n<hr data-start=\"1926\" data-end=\"1929\" \/>\n<h4 data-start=\"1931\" data-end=\"1971\"><span class=\"ez-toc-section\" id=\"Mehr_uber_unsere_Edelsteine\"><\/span>V\u00edce o na\u0161ich drahokamech<span class=\"ez-toc-section-end\"><\/span><\/h4>\n<p data-start=\"1972\" data-end=\"2069\"><a href=\"https:\/\/saphirsmaragd.com\/cs\/product-category\/edelsteine-kaufen\/\">drahokamy<\/a><\/p>\n<hr data-start=\"2071\" data-end=\"2074\" \/>\n<h4 data-start=\"2076\" data-end=\"2096\"><span class=\"ez-toc-section\" id=\"Weitere_Infos\"><\/span>Dal\u0161\u00ed informace<span class=\"ez-toc-section-end\"><\/span><\/h4>\n<p><a href=\"https:\/\/de.wikipedia.org\/wiki\/Opal\" target=\"_blank\" rel=\"noopener\">Wikipedie: Op\u00e1l<\/a><\/p>","protected":false},"excerpt":{"rendered":"<p data-start=\"273\" data-end=\"483\"><em>Op\u00e1l 2,24 kar\u00e1tu, \u010dern\u00fd ov\u00e1l \u2013 vz\u00e1cn\u00fd australsk\u00fd \u010dern\u00fd op\u00e1l, ov\u00e1ln\u00fd kabo\u0161on s intenzivn\u00edmi duhov\u00fdmi barvami, neo\u0161et\u0159en\u00fd, s certifik\u00e1tem. Exkluzivn\u00ed v\u00fdrazn\u00fd k\u00e1men.<\/em><\/p>\n<p data-start=\"485\" data-end=\"631\">\n<h3 data-start=\"660\" data-end=\"684\"><\/h3>\n<p data-start=\"575\" data-end=\"606\">","protected":false},"featured_media":2747,"comment_status":"open","ping_status":"closed","template":"","meta":{"_glsr_average":0,"_glsr_ranking":0,"_glsr_reviews":0},"product_brand":[],"product_cat":[75],"product_tag":[],"class_list":{"0":"post-2743","1":"product","2":"type-product","3":"status-publish","4":"has-post-thumbnail","6":"product_cat-opale-kaufen","7":"pa_edelsteinart-opal","8":"pa_farbe-schwarz","9":"pa_form-oval","10":"pa_gewicht-karat-1-0-3-0-karat","11":"pa_herkunft-australien","12":"pa_reinheit-undurchsichtig","13":"pa_veredelung-behandlung-unbehandelt","14":"pa_zertifikat-ja","15":"pa_zustand-neu","17":"first","18":"instock","19":"featured","20":"sold-individually","21":"shipping-taxable","22":"purchasable","23":"product-type-simple","24":"add-to-wishlist-before_image"},"jetpack_sharing_enabled":true,"_links":{"self":[{"href":"https:\/\/saphirsmaragd.com\/cs\/wp-json\/wp\/v2\/product\/2743","targetHints":{"allow":["GET"]}}],"collection":[{"href":"https:\/\/saphirsmaragd.com\/cs\/wp-json\/wp\/v2\/product"}],"about":[{"href":"https:\/\/saphirsmaragd.com\/cs\/wp-json\/wp\/v2\/types\/product"}],"replies":[{"embeddable":true,"href":"https:\/\/saphirsmaragd.com\/cs\/wp-json\/wp\/v2\/comments?post=2743"}],"version-history":[{"count":2,"href":"https:\/\/saphirsmaragd.com\/cs\/wp-json\/wp\/v2\/product\/2743\/revisions"}],"predecessor-version":[{"id":2749,"href":"https:\/\/saphirsmaragd.com\/cs\/wp-json\/wp\/v2\/product\/2743\/revisions\/2749"}],"wp:featuredmedia":[{"embeddable":true,"href":"https:\/\/saphirsmaragd.com\/cs\/wp-json\/wp\/v2\/media\/2747"}],"wp:attachment":[{"href":"https:\/\/saphirsmaragd.com\/cs\/wp-json\/wp\/v2\/media?parent=2743"}],"wp:term":[{"taxonomy":"product_brand","embeddable":true,"href":"https:\/\/saphirsmaragd.com\/cs\/wp-json\/wp\/v2\/product_brand?post=2743"},{"taxonomy":"product_cat","embeddable":true,"href":"https:\/\/saphirsmaragd.com\/cs\/wp-json\/wp\/v2\/product_cat?post=2743"},{"taxonomy":"product_tag","embeddable":true,"href":"https:\/\/saphirsmaragd.com\/cs\/wp-json\/wp\/v2\/product_tag?post=2743"}],"curies":[{"name":"wp","href":"https:\/\/api.w.org\/{rel}","templated":true}]}}