{"id":2755,"date":"2025-10-12T14:15:27","date_gmt":"2025-10-12T14:15:27","guid":{"rendered":"https:\/\/saphirsmaragd.com\/?post_type=product&#038;p=2755"},"modified":"2025-12-29T18:59:56","modified_gmt":"2025-12-29T18:59:56","slug":"opal-0-98-karat-rot-oval","status":"publish","type":"product","link":"https:\/\/saphirsmaragd.com\/cs\/produkt\/opal-0-98-karat-rot-oval\/","title":{"rendered":"Op\u00e1l 0,98 kar\u00e1tu, \u010derven\u00fd ov\u00e1l \u2013 mexick\u00fd ohniv\u00fd op\u00e1l, fazetovan\u00fd, \u010dist\u00fd do o\u010d\u00ed s certifik\u00e1tem"},"content":{"rendered":"<div id=\"ez-toc-container\" class=\"ez-toc-v2_0_82_2 counter-hierarchy ez-toc-counter ez-toc-grey ez-toc-container-direction\">\n<div class=\"ez-toc-title-container\">\n<p class=\"ez-toc-title\" style=\"cursor:inherit\">Obsah<\/p>\n<span class=\"ez-toc-title-toggle\"><a href=\"#\" class=\"ez-toc-pull-right ez-toc-btn ez-toc-btn-xs ez-toc-btn-default ez-toc-toggle\" aria-label=\"Toggle Table of Content\"><span class=\"ez-toc-js-icon-con\"><span class=\"\"><span class=\"eztoc-hide\" style=\"display:none;\">P\u0159epnout<\/span><span class=\"ez-toc-icon-toggle-span\"><svg style=\"fill: #999;color:#999\" xmlns=\"http:\/\/www.w3.org\/2000\/svg\" class=\"list-377408\" width=\"20px\" height=\"20px\" viewbox=\"0 0 24 24\" fill=\"none\"><path d=\"M6 6H4v2h2V6zm14 0H8v2h12V6zM4 11h2v2H4v-2zm16 0H8v2h12v-2zM4 16h2v2H4v-2zm16 0H8v2h12v-2z\" fill=\"currentColor\"><\/path><\/svg><svg style=\"fill: #999;color:#999\" class=\"arrow-unsorted-368013\" xmlns=\"http:\/\/www.w3.org\/2000\/svg\" width=\"10px\" height=\"10px\" viewbox=\"0 0 24 24\" version=\"1.2\" baseprofile=\"tiny\"><path d=\"M18.2 9.3l-6.2-6.3-6.2 6.3c-.2.2-.3.4-.3.7s.1.5.3.7c.2.2.4.3.7.3h11c.3 0 .5-.1.7-.3.2-.2.3-.5.3-.7s-.1-.5-.3-.7zM5.8 14.7l6.2 6.3 6.2-6.3c.2-.2.3-.5.3-.7s-.1-.5-.3-.7c-.2-.2-.4-.3-.7-.3h-11c-.3 0-.5.1-.7.3-.2.2-.3.5-.3.7s.1.5.3.7z\"\/><\/svg><\/span><\/span><\/span><\/a><\/span><\/div>\n<nav><ul class='ez-toc-list ez-toc-list-level-1' ><li class='ez-toc-page-1 ez-toc-heading-level-4'><a class=\"ez-toc-link ez-toc-heading-1\" href=\"https:\/\/saphirsmaragd.com\/cs\/produkt\/opal-0-98-karat-rot-oval\/#Opal_098_Karat_Rot_Oval_%E2%80%93_Feueropal_mit_intensiver_Transparenz\" >Opal 0.98 Karat Rot Oval \u2013 Feueropal mit intensiver Transparenz<\/a><\/li><li class='ez-toc-page-1 ez-toc-heading-level-4'><a class=\"ez-toc-link ez-toc-heading-2\" href=\"https:\/\/saphirsmaragd.com\/cs\/produkt\/opal-0-98-karat-rot-oval\/#Merkmale_Herkunft_%E2%80%93_Opal_098_Karat_Rot_Oval\" >Merkmale &amp; Herkunft \u2013 Opal 0.98 Karat Rot Oval<\/a><\/li><li class='ez-toc-page-1 ez-toc-heading-level-4'><a class=\"ez-toc-link ez-toc-heading-3\" href=\"https:\/\/saphirsmaragd.com\/cs\/produkt\/opal-0-98-karat-rot-oval\/#Besonderheiten\" >Speci\u00e1ln\u00ed funkce<\/a><\/li><li class='ez-toc-page-1 ez-toc-heading-level-4'><a class=\"ez-toc-link ez-toc-heading-4\" href=\"https:\/\/saphirsmaragd.com\/cs\/produkt\/opal-0-98-karat-rot-oval\/#Mehr_uber_unsere_Edelsteine\" >V\u00edce o na\u0161ich drahokamech<\/a><\/li><li class='ez-toc-page-1 ez-toc-heading-level-4'><a class=\"ez-toc-link ez-toc-heading-5\" href=\"https:\/\/saphirsmaragd.com\/cs\/produkt\/opal-0-98-karat-rot-oval\/#Weitere_Infos\" >Dal\u0161\u00ed informace<\/a><\/li><\/ul><\/nav><\/div>\n<h4 data-start=\"549\" data-end=\"619\"><span class=\"ez-toc-section\" id=\"Opal_098_Karat_Rot_Oval_%E2%80%93_Feueropal_mit_intensiver_Transparenz\"><\/span>Opal 0.98 Karat Rot Oval \u2013 Feueropal mit intensiver Transparenz<span class=\"ez-toc-section-end\"><\/span><\/h4>\n<p data-start=\"620\" data-end=\"820\">Dieser Einzelstein zeigt ein helles Rot mit orangefarbenem Hauch und starke Brillanz. Opal 0.98 Karat Rot-Oval ist ideal f\u00fcr elegante Ringe oder Anh\u00e4nger \u2013 nat\u00fcrlich, unbehandelt und zertifiziert.<\/p>\n<hr data-start=\"822\" data-end=\"825\" \/>\n<h4 data-start=\"827\" data-end=\"880\"><span class=\"ez-toc-section\" id=\"Merkmale_Herkunft_%E2%80%93_Opal_098_Karat_Rot_Oval\"><\/span>Merkmale &amp; Herkunft \u2013 Opal 0.98 Karat Rot Oval<span class=\"ez-toc-section-end\"><\/span><\/h4>\n<p data-start=\"881\" data-end=\"1221\">Steinart: Opal (Feueropal)<br data-start=\"907\" data-end=\"910\" \/>Farbe: Rot mit einem Hauch Orange<br data-start=\"943\" data-end=\"946\" \/>Tvar: Ov\u00e1ln\u00fd, brou\u0161en\u00fd<br data-start=\"968\" data-end=\"971\" \/>Gr\u00f6\u00dfe: 8.09 \u00d7 6.06 mm<br data-start=\"992\" data-end=\"995\" \/>Gewicht: 0.98 Karat<br data-start=\"1014\" data-end=\"1017\" \/>Reinheit: Augenrein (auch unter 10\u00d7), sch\u00f6ne Transparenz und Helligkeit<br data-start=\"1088\" data-end=\"1091\" \/>L\u00e9\u010dba: Nel\u00e9\u010den\u00e1<br data-start=\"1114\" data-end=\"1117\" \/>Tvrdost: 6,5 na Mohsov\u011b stupnici<br data-start=\"1146\" data-end=\"1149\" \/>Herkunft: Mexiko<br data-start=\"1165\" data-end=\"1168\" \/>Certifik\u00e1t: Val\u00e9rie DURAFFOURG (Gem-A)<br data-start=\"1206\" data-end=\"1209\" \/>Stav: Nov\u00e9<\/p>\n<hr data-start=\"1223\" data-end=\"1226\" \/>\n<h4 data-start=\"1228\" data-end=\"1249\"><span class=\"ez-toc-section\" id=\"Besonderheiten\"><\/span>Speci\u00e1ln\u00ed funkce<span class=\"ez-toc-section-end\"><\/span><\/h4>\n<p data-start=\"1250\" data-end=\"1505\">Der Opal 0.98 Karat Rot-Oval kombiniert eine nahe 1-Karat-Gr\u00f6\u00dfe mit satter Farbe und klarer Transparenz. Pr\u00e4ziser Ovalschnitt liefert kr\u00e4ftige Lichtreflexe; Augenreinheit und Gem-A-Zertifikat garantieren verl\u00e4ssliche Qualit\u00e4t f\u00fcr Schmuck und Sammlung.<\/p>\n<hr data-start=\"1926\" data-end=\"1929\" \/>\n<h4 data-start=\"1931\" data-end=\"1971\"><span class=\"ez-toc-section\" id=\"Mehr_uber_unsere_Edelsteine\"><\/span>V\u00edce o na\u0161ich drahokamech<span class=\"ez-toc-section-end\"><\/span><\/h4>\n<p data-start=\"1972\" data-end=\"2069\"><a href=\"https:\/\/saphirsmaragd.com\/cs\/product-category\/edelsteine-kaufen\/\">drahokamy<\/a><\/p>\n<hr data-start=\"2071\" data-end=\"2074\" \/>\n<h4 data-start=\"2076\" data-end=\"2096\"><span class=\"ez-toc-section\" id=\"Weitere_Infos\"><\/span>Dal\u0161\u00ed informace<span class=\"ez-toc-section-end\"><\/span><\/h4>\n<p><a href=\"https:\/\/de.wikipedia.org\/wiki\/Opal\" target=\"_blank\" rel=\"noopener\">Wikipedie: Op\u00e1l<\/a><\/p>","protected":false},"excerpt":{"rendered":"<p data-start=\"224\" data-end=\"426\"><em>Opal 0.98 Karat Rot Oval \u2013 leuchtender mexikanischer Feueropal, oval facettiert, augenrein, unbehandelt und mit Zertifikat. Transparente Qualit\u00e4t mit kr\u00e4ftigem Rot-Orange.<\/em><\/p>\n<p data-start=\"428\" data-end=\"542\">\n<h3 data-start=\"660\" data-end=\"684\"><\/h3>\n<p data-start=\"575\" data-end=\"606\">","protected":false},"featured_media":2758,"comment_status":"open","ping_status":"closed","template":"","meta":{"_glsr_average":0,"_glsr_ranking":0,"_glsr_reviews":0},"product_brand":[],"product_cat":[75],"product_tag":[],"class_list":{"0":"post-2755","1":"product","2":"type-product","3":"status-publish","4":"has-post-thumbnail","6":"product_cat-opale-kaufen","7":"pa_edelsteinart-opal","8":"pa_farbe-rot","9":"pa_form-oval","10":"pa_gewicht-karat-0-5-1-0-karat","11":"pa_herkunft-mexiko","12":"pa_reinheit-augenrein","13":"pa_veredelung-behandlung-unbehandelt","14":"pa_zertifikat-ja","15":"pa_zustand-neu","17":"first","18":"instock","19":"featured","20":"sold-individually","21":"shipping-taxable","22":"purchasable","23":"product-type-simple","24":"add-to-wishlist-before_image"},"jetpack_sharing_enabled":true,"_links":{"self":[{"href":"https:\/\/saphirsmaragd.com\/cs\/wp-json\/wp\/v2\/product\/2755","targetHints":{"allow":["GET"]}}],"collection":[{"href":"https:\/\/saphirsmaragd.com\/cs\/wp-json\/wp\/v2\/product"}],"about":[{"href":"https:\/\/saphirsmaragd.com\/cs\/wp-json\/wp\/v2\/types\/product"}],"replies":[{"embeddable":true,"href":"https:\/\/saphirsmaragd.com\/cs\/wp-json\/wp\/v2\/comments?post=2755"}],"version-history":[{"count":1,"href":"https:\/\/saphirsmaragd.com\/cs\/wp-json\/wp\/v2\/product\/2755\/revisions"}],"predecessor-version":[{"id":2759,"href":"https:\/\/saphirsmaragd.com\/cs\/wp-json\/wp\/v2\/product\/2755\/revisions\/2759"}],"wp:featuredmedia":[{"embeddable":true,"href":"https:\/\/saphirsmaragd.com\/cs\/wp-json\/wp\/v2\/media\/2758"}],"wp:attachment":[{"href":"https:\/\/saphirsmaragd.com\/cs\/wp-json\/wp\/v2\/media?parent=2755"}],"wp:term":[{"taxonomy":"product_brand","embeddable":true,"href":"https:\/\/saphirsmaragd.com\/cs\/wp-json\/wp\/v2\/product_brand?post=2755"},{"taxonomy":"product_cat","embeddable":true,"href":"https:\/\/saphirsmaragd.com\/cs\/wp-json\/wp\/v2\/product_cat?post=2755"},{"taxonomy":"product_tag","embeddable":true,"href":"https:\/\/saphirsmaragd.com\/cs\/wp-json\/wp\/v2\/product_tag?post=2755"}],"curies":[{"name":"wp","href":"https:\/\/api.w.org\/{rel}","templated":true}]}}