{"id":2815,"date":"2025-10-12T22:20:09","date_gmt":"2025-10-12T22:20:09","guid":{"rendered":"https:\/\/saphirsmaragd.com\/?post_type=product&#038;p=2815"},"modified":"2025-12-05T10:11:40","modified_gmt":"2025-12-05T10:11:40","slug":"achat-auf-stand-1119-gramm","status":"publish","type":"product","link":"https:\/\/saphirsmaragd.com\/cs\/produkt\/achat-auf-stand-1119-gramm\/","title":{"rendered":"Ach\u00e1t na stojanu 14 x 13 x 5 cm \u2013 1119 gram\u016f \u2013 Ochrana a rovnov\u00e1ha"},"content":{"rendered":"<div id=\"ez-toc-container\" class=\"ez-toc-v2_0_82_2 counter-hierarchy ez-toc-counter ez-toc-grey ez-toc-container-direction\">\n<div class=\"ez-toc-title-container\">\n<p class=\"ez-toc-title\" style=\"cursor:inherit\">Obsah<\/p>\n<span class=\"ez-toc-title-toggle\"><a href=\"#\" class=\"ez-toc-pull-right ez-toc-btn ez-toc-btn-xs ez-toc-btn-default ez-toc-toggle\" aria-label=\"Toggle Table of Content\"><span class=\"ez-toc-js-icon-con\"><span class=\"\"><span class=\"eztoc-hide\" style=\"display:none;\">P\u0159epnout<\/span><span class=\"ez-toc-icon-toggle-span\"><svg style=\"fill: #999;color:#999\" xmlns=\"http:\/\/www.w3.org\/2000\/svg\" class=\"list-377408\" width=\"20px\" height=\"20px\" viewbox=\"0 0 24 24\" fill=\"none\"><path d=\"M6 6H4v2h2V6zm14 0H8v2h12V6zM4 11h2v2H4v-2zm16 0H8v2h12v-2zM4 16h2v2H4v-2zm16 0H8v2h12v-2z\" fill=\"currentColor\"><\/path><\/svg><svg style=\"fill: #999;color:#999\" class=\"arrow-unsorted-368013\" xmlns=\"http:\/\/www.w3.org\/2000\/svg\" width=\"10px\" height=\"10px\" viewbox=\"0 0 24 24\" version=\"1.2\" baseprofile=\"tiny\"><path d=\"M18.2 9.3l-6.2-6.3-6.2 6.3c-.2.2-.3.4-.3.7s.1.5.3.7c.2.2.4.3.7.3h11c.3 0 .5-.1.7-.3.2-.2.3-.5.3-.7s-.1-.5-.3-.7zM5.8 14.7l6.2 6.3 6.2-6.3c.2-.2.3-.5.3-.7s-.1-.5-.3-.7c-.2-.2-.4-.3-.7-.3h-11c-.3 0-.5.1-.7.3-.2.2-.3.5-.3.7s.1.5.3.7z\"\/><\/svg><\/span><\/span><\/span><\/a><\/span><\/div>\n<nav><ul class='ez-toc-list ez-toc-list-level-1' ><li class='ez-toc-page-1 ez-toc-heading-level-4'><a class=\"ez-toc-link ez-toc-heading-1\" href=\"https:\/\/saphirsmaragd.com\/cs\/produkt\/achat-auf-stand-1119-gramm\/#Achat_auf_Stand_14_x_13_x_5_cm_1119_Gramm\" >Achat auf Stand 14 x 13 x 5 cm | 1119 Gramm<\/a><\/li><li class='ez-toc-page-1 ez-toc-heading-level-4'><a class=\"ez-toc-link ez-toc-heading-2\" href=\"https:\/\/saphirsmaragd.com\/cs\/produkt\/achat-auf-stand-1119-gramm\/#_Merkmale_Herkunft\" >\u00a0Charakteristika a p\u016fvod<\/a><\/li><li class='ez-toc-page-1 ez-toc-heading-level-4'><a class=\"ez-toc-link ez-toc-heading-3\" href=\"https:\/\/saphirsmaragd.com\/cs\/produkt\/achat-auf-stand-1119-gramm\/#_Besonderheiten_des_Achats\" >\u00a0Besonderheiten des Achats<\/a><\/li><li class='ez-toc-page-1 ez-toc-heading-level-4'><a class=\"ez-toc-link ez-toc-heading-4\" href=\"https:\/\/saphirsmaragd.com\/cs\/produkt\/achat-auf-stand-1119-gramm\/#_Mehr_uber_Achate_Heilsteine\" >\u00a0Mehr \u00fcber Achate &amp; Heilsteine<\/a><\/li><li class='ez-toc-page-1 ez-toc-heading-level-4'><a class=\"ez-toc-link ez-toc-heading-5\" href=\"https:\/\/saphirsmaragd.com\/cs\/produkt\/achat-auf-stand-1119-gramm\/#_Weitere_Informationen\" >\u00a0Weitere Informationen<\/a><\/li><\/ul><\/nav><\/div>\n<h4 data-start=\"198\" data-end=\"250\"><span class=\"ez-toc-section\" id=\"Achat_auf_Stand_14_x_13_x_5_cm_1119_Gramm\"><\/span><strong data-start=\"203\" data-end=\"250\">Achat auf Stand 14 x 13 x 5 cm | 1119 Gramm<\/strong><span class=\"ez-toc-section-end\"><\/span><\/h4>\n<p data-start=\"252\" data-end=\"534\">Ein au\u00dfergew\u00f6hnliches Unikat aus Brasilien: Dieser Achat auf Stand 14 x 13 x 5 cm | 1119 Gram<strong data-start=\"303\" data-end=\"350\">m<\/strong> besticht durch seine sanften, erdverbundenen Farben und seine beruhigende Energie. Jeder Stein ist ein nat\u00fcrlich gewachsenes Einzelst\u00fcck \u2013 Sie erhalten genau das abgebildete Exemplar.<\/p>\n<hr data-start=\"536\" data-end=\"539\" \/>\n<h4 data-start=\"541\" data-end=\"568\"><span class=\"ez-toc-section\" id=\"_Merkmale_Herkunft\"><\/span>\u00a0Charakteristika a p\u016fvod<span class=\"ez-toc-section-end\"><\/span><\/h4>\n<p data-start=\"569\" data-end=\"655\">Der Achat wurde in Brasilien gewonnen und auf einem stabilen Metallst\u00e4nder montiert.<\/p>\n<p data-start=\"658\" data-end=\"690\">Achatgr\u00f6\u00dfe: 14 \u00d7 13 \u00d7 5 cm<br \/>\nGesamth\u00f6he (inkl. Standfu\u00df): ca. 21 cm<br \/>\nGesamtgewicht: 1119 g<br \/>\nP\u016fvod: Braz\u00edlie<\/p>\n<p data-start=\"797\" data-end=\"1024\">Achat geh\u00f6rt zu den Quarzen und ist bekannt f\u00fcr seine feinen, konzentrischen B\u00e4nderungen. Durch den festen Stand eignet sich dieses St\u00fcck hervorragend als dekorativer Blickfang oder Meditationsstein in Wohn- oder Arbeitsr\u00e4umen.<\/p>\n<hr data-start=\"1026\" data-end=\"1029\" \/>\n<h4 data-start=\"1031\" data-end=\"1064\"><span class=\"ez-toc-section\" id=\"_Besonderheiten_des_Achats\"><\/span>\u00a0Besonderheiten des Achats<span class=\"ez-toc-section-end\"><\/span><\/h4>\n<p data-start=\"1065\" data-end=\"1389\">Achat ist ein erdender, stabilisierender und sch\u00fctzender Edelstein mit einer sanften, harmonisierenden Energie. Er bringt K\u00f6rper, Geist und Seele in Einklang und vermittelt tiefen inneren Frieden. Dieser Stein f\u00f6rdert Selbstakzeptanz, Vertrauen in die eigenen F\u00e4higkeiten und unterst\u00fctzt pers\u00f6nliche Weiterentwicklung.<\/p>\n<p data-start=\"1391\" data-end=\"1612\">Seine beruhigende Ausstrahlung reduziert Stress, innere Unruhe und Angstgef\u00fchle. Achat hilft, Dinge objektiv zu betrachten, f\u00f6rdert Klarheit und strukturiertes Denken \u2013 ideal f\u00fcr Zielsetzung, Planung und Entscheidungen.<\/p>\n<p data-start=\"1616\" data-end=\"1668\">Chakren: Wurzelchakra (1.) &amp; Kronenchakra (7.)<\/p>\n<p data-start=\"1671\" data-end=\"1690\">Element<strong data-start=\"1671\" data-end=\"1683\">:<\/strong> Erde<\/p>\n<hr data-start=\"1692\" data-end=\"1695\" \/>\n<h4 data-start=\"1697\" data-end=\"1734\"><span class=\"ez-toc-section\" id=\"_Mehr_uber_Achate_Heilsteine\"><\/span>\u00a0Mehr \u00fcber Achate &amp; Heilsteine<span class=\"ez-toc-section-end\"><\/span><\/h4>\n<p data-start=\"1735\" data-end=\"2028\">Achat ist Teil der gro\u00dfen Familie der Heilsteine, die seit Jahrhunderten f\u00fcr spirituelle Balance und Schutz verwendet werden. Weitere Steine mit \u00e4hnlicher Energie finden Sie in unserer Kategorie<a href=\"https:\/\/saphirsmaragd.com\/cs\/product-category\/heilsteine-kristalle-kaufen\/\"> Heilsteine &amp; Kristalle.<\/a><\/p>\n<hr data-start=\"2030\" data-end=\"2033\" \/>\n<h4 data-start=\"2035\" data-end=\"2064\"><span class=\"ez-toc-section\" id=\"_Weitere_Informationen\"><\/span>\u00a0Weitere Informationen<span class=\"ez-toc-section-end\"><\/span><\/h4>\n<p data-start=\"2065\" data-end=\"2204\">Mehr \u00fcber die geologische Entstehung und Verwendung des Achats erfahren Sie auf <a href=\"https:\/\/de.wikipedia.org\/wiki\/Achat\" target=\"_blank\" rel=\"noopener\">Wikipedia \u2013 Achat.<\/a><\/p>","protected":false},"excerpt":{"rendered":"<p><em>Achat auf Stand 14 x 13 x 5 cm | 1119 g aus Brasilien. Harmonisiert K\u00f6rper, Geist und Seele \u2013 f\u00fcr Ruhe, Schutz und Selbstvertrauen.<\/em><\/p>","protected":false},"featured_media":2816,"comment_status":"open","ping_status":"closed","template":"","meta":{"_glsr_average":0,"_glsr_ranking":0,"_glsr_reviews":0},"product_brand":[],"product_cat":[84],"product_tag":[],"class_list":{"0":"post-2815","1":"product","2":"type-product","3":"status-publish","4":"has-post-thumbnail","6":"product_cat-rohsteine-kaufen","8":"first","9":"instock","10":"taxable","11":"shipping-taxable","12":"purchasable","13":"product-type-simple","14":"add-to-wishlist-before_image"},"jetpack_sharing_enabled":true,"_links":{"self":[{"href":"https:\/\/saphirsmaragd.com\/cs\/wp-json\/wp\/v2\/product\/2815","targetHints":{"allow":["GET"]}}],"collection":[{"href":"https:\/\/saphirsmaragd.com\/cs\/wp-json\/wp\/v2\/product"}],"about":[{"href":"https:\/\/saphirsmaragd.com\/cs\/wp-json\/wp\/v2\/types\/product"}],"replies":[{"embeddable":true,"href":"https:\/\/saphirsmaragd.com\/cs\/wp-json\/wp\/v2\/comments?post=2815"}],"version-history":[{"count":1,"href":"https:\/\/saphirsmaragd.com\/cs\/wp-json\/wp\/v2\/product\/2815\/revisions"}],"predecessor-version":[{"id":2818,"href":"https:\/\/saphirsmaragd.com\/cs\/wp-json\/wp\/v2\/product\/2815\/revisions\/2818"}],"wp:featuredmedia":[{"embeddable":true,"href":"https:\/\/saphirsmaragd.com\/cs\/wp-json\/wp\/v2\/media\/2816"}],"wp:attachment":[{"href":"https:\/\/saphirsmaragd.com\/cs\/wp-json\/wp\/v2\/media?parent=2815"}],"wp:term":[{"taxonomy":"product_brand","embeddable":true,"href":"https:\/\/saphirsmaragd.com\/cs\/wp-json\/wp\/v2\/product_brand?post=2815"},{"taxonomy":"product_cat","embeddable":true,"href":"https:\/\/saphirsmaragd.com\/cs\/wp-json\/wp\/v2\/product_cat?post=2815"},{"taxonomy":"product_tag","embeddable":true,"href":"https:\/\/saphirsmaragd.com\/cs\/wp-json\/wp\/v2\/product_tag?post=2815"}],"curies":[{"name":"wp","href":"https:\/\/api.w.org\/{rel}","templated":true}]}}