{"id":3486,"date":"2025-10-18T13:21:51","date_gmt":"2025-10-18T13:21:51","guid":{"rendered":"https:\/\/saphirsmaragd.com\/?post_type=product&#038;p=3486"},"modified":"2025-12-29T18:56:19","modified_gmt":"2025-12-29T18:56:19","slug":"turmalin-5-40-karat-gruen-blau-rechteck","status":"publish","type":"product","link":"https:\/\/saphirsmaragd.com\/cs\/produkt\/turmalin-5-40-karat-gruen-blau-rechteck\/","title":{"rendered":"Turmal\u00edn 5,40 kar\u00e1t\u016f, zelenomodr\u00fd obd\u00e9ln\u00edk \u2013 drahokam s intenzivn\u00ed barvou a vysokou \u010distotou"},"content":{"rendered":"<div id=\"ez-toc-container\" class=\"ez-toc-v2_0_82_2 counter-hierarchy ez-toc-counter ez-toc-grey ez-toc-container-direction\">\n<div class=\"ez-toc-title-container\">\n<p class=\"ez-toc-title\" style=\"cursor:inherit\">Obsah<\/p>\n<span class=\"ez-toc-title-toggle\"><a href=\"#\" class=\"ez-toc-pull-right ez-toc-btn ez-toc-btn-xs ez-toc-btn-default ez-toc-toggle\" aria-label=\"Toggle Table of Content\"><span class=\"ez-toc-js-icon-con\"><span class=\"\"><span class=\"eztoc-hide\" style=\"display:none;\">P\u0159epnout<\/span><span class=\"ez-toc-icon-toggle-span\"><svg style=\"fill: #999;color:#999\" xmlns=\"http:\/\/www.w3.org\/2000\/svg\" class=\"list-377408\" width=\"20px\" height=\"20px\" viewbox=\"0 0 24 24\" fill=\"none\"><path d=\"M6 6H4v2h2V6zm14 0H8v2h12V6zM4 11h2v2H4v-2zm16 0H8v2h12v-2zM4 16h2v2H4v-2zm16 0H8v2h12v-2z\" fill=\"currentColor\"><\/path><\/svg><svg style=\"fill: #999;color:#999\" class=\"arrow-unsorted-368013\" xmlns=\"http:\/\/www.w3.org\/2000\/svg\" width=\"10px\" height=\"10px\" viewbox=\"0 0 24 24\" version=\"1.2\" baseprofile=\"tiny\"><path d=\"M18.2 9.3l-6.2-6.3-6.2 6.3c-.2.2-.3.4-.3.7s.1.5.3.7c.2.2.4.3.7.3h11c.3 0 .5-.1.7-.3.2-.2.3-.5.3-.7s-.1-.5-.3-.7zM5.8 14.7l6.2 6.3 6.2-6.3c.2-.2.3-.5.3-.7s-.1-.5-.3-.7c-.2-.2-.4-.3-.7-.3h-11c-.3 0-.5.1-.7.3-.2.2-.3.5-.3.7s.1.5.3.7z\"\/><\/svg><\/span><\/span><\/span><\/a><\/span><\/div>\n<nav><ul class='ez-toc-list ez-toc-list-level-1' ><li class='ez-toc-page-1 ez-toc-heading-level-4'><a class=\"ez-toc-link ez-toc-heading-1\" href=\"https:\/\/saphirsmaragd.com\/cs\/produkt\/turmalin-5-40-karat-gruen-blau-rechteck\/#Turmalin_540_Karat_Grun_Blau_Rechteck_%E2%80%93_ein_seltener_Edelstein_mit_ausergewohnlicher_Farbintensitat\" >Turmalin 5.40 Karat Gr\u00fcn Blau Rechteck \u2013 ein seltener Edelstein mit au\u00dfergew\u00f6hnlicher Farbintensit\u00e4t<\/a><\/li><li class='ez-toc-page-1 ez-toc-heading-level-4'><a class=\"ez-toc-link ez-toc-heading-2\" href=\"https:\/\/saphirsmaragd.com\/cs\/produkt\/turmalin-5-40-karat-gruen-blau-rechteck\/#Merkmale_Herkunft\" >Charakteristika a p\u016fvod<\/a><\/li><li class='ez-toc-page-1 ez-toc-heading-level-4'><a class=\"ez-toc-link ez-toc-heading-3\" href=\"https:\/\/saphirsmaragd.com\/cs\/produkt\/turmalin-5-40-karat-gruen-blau-rechteck\/#Besonderheiten\" >Speci\u00e1ln\u00ed funkce<\/a><\/li><li class='ez-toc-page-1 ez-toc-heading-level-4'><a class=\"ez-toc-link ez-toc-heading-4\" href=\"https:\/\/saphirsmaragd.com\/cs\/produkt\/turmalin-5-40-karat-gruen-blau-rechteck\/#Mehr_uber_unsere_Edelsteine\" >V\u00edce o na\u0161ich drahokamech<\/a><\/li><li class='ez-toc-page-1 ez-toc-heading-level-4'><a class=\"ez-toc-link ez-toc-heading-5\" href=\"https:\/\/saphirsmaragd.com\/cs\/produkt\/turmalin-5-40-karat-gruen-blau-rechteck\/#Weitere_Infos\" >Dal\u0161\u00ed informace<\/a><\/li><\/ul><\/nav><\/div>\n<h4 data-start=\"881\" data-end=\"985\"><span class=\"ez-toc-section\" id=\"Turmalin_540_Karat_Grun_Blau_Rechteck_%E2%80%93_ein_seltener_Edelstein_mit_ausergewohnlicher_Farbintensitat\"><\/span>Turmalin 5.40 Karat Gr\u00fcn Blau Rechteck \u2013 ein seltener Edelstein mit au\u00dfergew\u00f6hnlicher Farbintensit\u00e4t<span class=\"ez-toc-section-end\"><\/span><\/h4>\n<p data-start=\"987\" data-end=\"1261\">Dieser nat\u00fcrliche Turmalin beeindruckt durch seinen intensiven gr\u00fcn-blauen Farbverlauf und einen pr\u00e4zisen rechteckigen Schliff. Mit 5.40 Karat z\u00e4hlt er zu den seltenen Premiumsteinen seiner Art und eignet sich sowohl zur Wertanlage als auch f\u00fcr hochwertige Schmuckfassungen.<\/p>\n<hr data-start=\"1263\" data-end=\"1266\" \/>\n<h4 data-start=\"1268\" data-end=\"1292\"><span class=\"ez-toc-section\" id=\"Merkmale_Herkunft\"><\/span>Charakteristika a p\u016fvod<span class=\"ez-toc-section-end\"><\/span><\/h4>\n<p data-start=\"1294\" data-end=\"1612\">Typ kamene: Turmal\u00edn<br data-start=\"1312\" data-end=\"1315\" \/>Farbe: Gr\u00fcn-Blau<br data-start=\"1331\" data-end=\"1334\" \/>Form: Rechteck mit Facettenschliff<br data-start=\"1368\" data-end=\"1371\" \/>Gewicht: 5.40 Karat<br data-start=\"1390\" data-end=\"1393\" \/>Tvrdost: 7 na Mohsov\u011b stupnici<br data-start=\"1420\" data-end=\"1423\" \/>Gr\u00f6\u00dfe : 11.06 \u00d7 9.52 mm<br data-start=\"1459\" data-end=\"1462\" \/>Reinheit: Lupenrein &#8211; unter 10\u00d7 Vergr\u00f6\u00dferung keine Einschl\u00fcsse sichtbar<br data-start=\"1533\" data-end=\"1536\" \/>L\u00e9\u010dba: Nel\u00e9\u010den\u00e1<br data-start=\"1567\" data-end=\"1570\" \/>Zertifikat: Ja (Val\u00e9rie DURAFFOURG, Gem-A)<\/p>\n<hr data-start=\"1614\" data-end=\"1617\" \/>\n<h4 data-start=\"1619\" data-end=\"1638\"><span class=\"ez-toc-section\" id=\"Besonderheiten\"><\/span>Speci\u00e1ln\u00ed funkce<span class=\"ez-toc-section-end\"><\/span><\/h4>\n<p data-start=\"1640\" data-end=\"1880\">Dieser Edelstein besticht durch seine au\u00dfergew\u00f6hnliche Klarheit, nat\u00fcrliche Farbintensit\u00e4t und seine beeindruckende Gr\u00f6\u00dfe. Der rechteckige Schliff unterstreicht den dezenten Farbverlauf von Blau zu Gr\u00fcn und sorgt f\u00fcr eine elegante Brillanz.<\/p>\n<hr data-start=\"1926\" data-end=\"1929\" \/>\n<h4 data-start=\"1931\" data-end=\"1971\"><span class=\"ez-toc-section\" id=\"Mehr_uber_unsere_Edelsteine\"><\/span>V\u00edce o na\u0161ich drahokamech<span class=\"ez-toc-section-end\"><\/span><\/h4>\n<p data-start=\"1972\" data-end=\"2069\"><a href=\"https:\/\/saphirsmaragd.com\/cs\/product-category\/edelsteine-kaufen\/\">drahokamy<\/a><\/p>\n<hr data-start=\"2071\" data-end=\"2074\" \/>\n<h4 data-start=\"2076\" data-end=\"2096\"><span class=\"ez-toc-section\" id=\"Weitere_Infos\"><\/span>Dal\u0161\u00ed informace<span class=\"ez-toc-section-end\"><\/span><\/h4>\n<p><a href=\"https:\/\/de.wikipedia.org\/wiki\/Turmalin\" target=\"_blank\" rel=\"noopener\">Wikipedie: Turmal\u00edn<\/a><\/p>","protected":false},"excerpt":{"rendered":"<p data-start=\"499\" data-end=\"655\"><em data-start=\"499\" data-end=\"655\">Turmalin 5.40 Karat Gr\u00fcn Blau Rechteck \u2013 intensiver Farbverlauf, hohe Reinheit, rechteckiger Schliff und Zertifikat. Jetzt entdecken bei Saphir &amp; Smaragd.<\/em><\/p>","protected":false},"featured_media":3489,"comment_status":"open","ping_status":"closed","template":"","meta":{"_glsr_average":0,"_glsr_ranking":0,"_glsr_reviews":0},"product_brand":[],"product_cat":[109],"product_tag":[],"class_list":{"0":"post-3486","1":"product","2":"type-product","3":"status-publish","4":"has-post-thumbnail","6":"product_cat-turmalin-kaufen","7":"pa_edelsteinart-turmalin","8":"pa_farbe-gruen","9":"pa_form-rechteck","10":"pa_gewicht-karat-5-0-10-karat","11":"pa_reinheit-lupenrein","12":"pa_veredelung-behandlung-unbehandelt","13":"pa_zertifikat-ja","14":"pa_zustand-neu","16":"first","17":"instock","18":"featured","19":"sold-individually","20":"shipping-taxable","21":"purchasable","22":"product-type-simple","23":"add-to-wishlist-before_image"},"jetpack_sharing_enabled":true,"_links":{"self":[{"href":"https:\/\/saphirsmaragd.com\/cs\/wp-json\/wp\/v2\/product\/3486","targetHints":{"allow":["GET"]}}],"collection":[{"href":"https:\/\/saphirsmaragd.com\/cs\/wp-json\/wp\/v2\/product"}],"about":[{"href":"https:\/\/saphirsmaragd.com\/cs\/wp-json\/wp\/v2\/types\/product"}],"replies":[{"embeddable":true,"href":"https:\/\/saphirsmaragd.com\/cs\/wp-json\/wp\/v2\/comments?post=3486"}],"version-history":[{"count":1,"href":"https:\/\/saphirsmaragd.com\/cs\/wp-json\/wp\/v2\/product\/3486\/revisions"}],"predecessor-version":[{"id":3490,"href":"https:\/\/saphirsmaragd.com\/cs\/wp-json\/wp\/v2\/product\/3486\/revisions\/3490"}],"wp:featuredmedia":[{"embeddable":true,"href":"https:\/\/saphirsmaragd.com\/cs\/wp-json\/wp\/v2\/media\/3489"}],"wp:attachment":[{"href":"https:\/\/saphirsmaragd.com\/cs\/wp-json\/wp\/v2\/media?parent=3486"}],"wp:term":[{"taxonomy":"product_brand","embeddable":true,"href":"https:\/\/saphirsmaragd.com\/cs\/wp-json\/wp\/v2\/product_brand?post=3486"},{"taxonomy":"product_cat","embeddable":true,"href":"https:\/\/saphirsmaragd.com\/cs\/wp-json\/wp\/v2\/product_cat?post=3486"},{"taxonomy":"product_tag","embeddable":true,"href":"https:\/\/saphirsmaragd.com\/cs\/wp-json\/wp\/v2\/product_tag?post=3486"}],"curies":[{"name":"wp","href":"https:\/\/api.w.org\/{rel}","templated":true}]}}