{"id":4916,"date":"2025-11-12T17:51:09","date_gmt":"2025-11-12T17:51:09","guid":{"rendered":"https:\/\/saphirsmaragd.com\/?post_type=product&#038;p=4916"},"modified":"2025-12-29T18:49:33","modified_gmt":"2025-12-29T18:49:33","slug":"apatit-1-98-karat-oval-neonblau","status":"publish","type":"product","link":"https:\/\/saphirsmaragd.com\/cs\/produkt\/apatit-1-98-karat-oval-neonblau\/","title":{"rendered":"Apatit 1.98 Karat Oval Neonblau \u2013 facettierter Edelstein mit au\u00dfergew\u00f6hnlicher Leuchtkraft"},"content":{"rendered":"<div id=\"ez-toc-container\" class=\"ez-toc-v2_0_82_2 counter-hierarchy ez-toc-counter ez-toc-grey ez-toc-container-direction\">\n<div class=\"ez-toc-title-container\">\n<p class=\"ez-toc-title\" style=\"cursor:inherit\">Obsah<\/p>\n<span class=\"ez-toc-title-toggle\"><a href=\"#\" class=\"ez-toc-pull-right ez-toc-btn ez-toc-btn-xs ez-toc-btn-default ez-toc-toggle\" aria-label=\"Toggle Table of Content\"><span class=\"ez-toc-js-icon-con\"><span class=\"\"><span class=\"eztoc-hide\" style=\"display:none;\">P\u0159epnout<\/span><span class=\"ez-toc-icon-toggle-span\"><svg style=\"fill: #999;color:#999\" xmlns=\"http:\/\/www.w3.org\/2000\/svg\" class=\"list-377408\" width=\"20px\" height=\"20px\" viewbox=\"0 0 24 24\" fill=\"none\"><path d=\"M6 6H4v2h2V6zm14 0H8v2h12V6zM4 11h2v2H4v-2zm16 0H8v2h12v-2zM4 16h2v2H4v-2zm16 0H8v2h12v-2z\" fill=\"currentColor\"><\/path><\/svg><svg style=\"fill: #999;color:#999\" class=\"arrow-unsorted-368013\" xmlns=\"http:\/\/www.w3.org\/2000\/svg\" width=\"10px\" height=\"10px\" viewbox=\"0 0 24 24\" version=\"1.2\" baseprofile=\"tiny\"><path d=\"M18.2 9.3l-6.2-6.3-6.2 6.3c-.2.2-.3.4-.3.7s.1.5.3.7c.2.2.4.3.7.3h11c.3 0 .5-.1.7-.3.2-.2.3-.5.3-.7s-.1-.5-.3-.7zM5.8 14.7l6.2 6.3 6.2-6.3c.2-.2.3-.5.3-.7s-.1-.5-.3-.7c-.2-.2-.4-.3-.7-.3h-11c-.3 0-.5.1-.7.3-.2.2-.3.5-.3.7s.1.5.3.7z\"\/><\/svg><\/span><\/span><\/span><\/a><\/span><\/div>\n<nav><ul class='ez-toc-list ez-toc-list-level-1' ><li class='ez-toc-page-1 ez-toc-heading-level-4'><a class=\"ez-toc-link ez-toc-heading-1\" href=\"https:\/\/saphirsmaragd.com\/cs\/produkt\/apatit-1-98-karat-oval-neonblau\/#Apatit_198_Karat_Oval_Neonblau_%E2%80%93_seltener_Edelstein_mit_intensiver_Farbe\" >Apatit 1.98 Karat Oval Neonblau \u2013 seltener Edelstein mit intensiver Farbe<\/a><\/li><li class='ez-toc-page-1 ez-toc-heading-level-4'><a class=\"ez-toc-link ez-toc-heading-2\" href=\"https:\/\/saphirsmaragd.com\/cs\/produkt\/apatit-1-98-karat-oval-neonblau\/#Merkmale_Herkunft\" >Charakteristika a p\u016fvod<\/a><\/li><li class='ez-toc-page-1 ez-toc-heading-level-4'><a class=\"ez-toc-link ez-toc-heading-3\" href=\"https:\/\/saphirsmaragd.com\/cs\/produkt\/apatit-1-98-karat-oval-neonblau\/#Besonderheiten\" >Speci\u00e1ln\u00ed funkce<\/a><\/li><li class='ez-toc-page-1 ez-toc-heading-level-4'><a class=\"ez-toc-link ez-toc-heading-4\" href=\"https:\/\/saphirsmaragd.com\/cs\/produkt\/apatit-1-98-karat-oval-neonblau\/#Mehr_uber_unsere_Edelsteine\" >V\u00edce o na\u0161ich drahokamech<\/a><\/li><li class='ez-toc-page-1 ez-toc-heading-level-4'><a class=\"ez-toc-link ez-toc-heading-5\" href=\"https:\/\/saphirsmaragd.com\/cs\/produkt\/apatit-1-98-karat-oval-neonblau\/#Weitere_Infos\" >Dal\u0161\u00ed informace<\/a><\/li><\/ul><\/nav><\/div>\n<h4 data-start=\"749\" data-end=\"829\"><span class=\"ez-toc-section\" id=\"Apatit_198_Karat_Oval_Neonblau_%E2%80%93_seltener_Edelstein_mit_intensiver_Farbe\"><\/span>Apatit 1.98 Karat Oval Neonblau \u2013 seltener Edelstein mit intensiver Farbe<span class=\"ez-toc-section-end\"><\/span><\/h4>\n<p data-start=\"830\" data-end=\"1026\">Der <strong data-start=\"834\" data-end=\"869\">Apatit 1.98 Karat Oval Neonblau<\/strong> zieht alle Blicke auf sich. Seine strahlende, neonblaue Farbe und die brillante Lichtreflexion machen ihn zu einem echten Highlight unter den Edelsteinen.<\/p>\n<p data-start=\"1028\" data-end=\"1304\">Dieser nat\u00fcrliche Apatit ist oval facettiert, wodurch seine Leuchtkraft und Tiefe besonders betont werden. Jeder Stein wird von <strong data-start=\"1156\" data-end=\"1193\">Val\u00e9rie DURAFFOURG (Gem-A London)<\/strong> gepr\u00fcft und mit einem offiziellen Zertifikat ausgeliefert \u2013 ein Garant f\u00fcr Echtheit, Qualit\u00e4t und Pr\u00e4zision.<\/p>\n<p data-start=\"1306\" data-end=\"1493\">Aufgrund seiner H\u00e4rte von 5 auf der Mohs-Skala sollte Apatit mit Sorgfalt behandelt werden. Facettierte Exemplare dieser Gr\u00f6\u00dfe und Klarheit sind selten und bei Sammlern \u00e4u\u00dferst begehrt.<\/p>\n<hr data-start=\"1495\" data-end=\"1498\" \/>\n<h4 data-start=\"1500\" data-end=\"1526\"><span class=\"ez-toc-section\" id=\"Merkmale_Herkunft\"><\/span>Charakteristika a p\u016fvod<span class=\"ez-toc-section-end\"><\/span><\/h4>\n<p data-start=\"1527\" data-end=\"1882\">Steinart: Apatit<br data-start=\"1543\" data-end=\"1546\" \/>Farbe: Neonblau<br data-start=\"1561\" data-end=\"1564\" \/>Form: Oval facettiert<br data-start=\"1585\" data-end=\"1588\" \/>Gewicht: 1.98 Karat<br data-start=\"1607\" data-end=\"1610\" \/>Gr\u00f6\u00dfe: 8.4 \u00d7 6.7 mm<br data-start=\"1629\" data-end=\"1632\" \/>H\u00e4rte: 5 auf der Mohs-Skala<br data-start=\"1659\" data-end=\"1662\" \/>Reinheit: Sehr kleine Einschl\u00fcsse (unter 10-facher Vergr\u00f6\u00dferung sichtbar)<br data-start=\"1735\" data-end=\"1738\" \/>Transparenz: Transparent<br data-start=\"1762\" data-end=\"1765\" \/>Behandlung: Keine<br data-start=\"1782\" data-end=\"1785\" \/>Zertifikat: Val\u00e9rie DURAFFOURG (Gem-A, London)<br data-start=\"1865\" data-end=\"1868\" \/>Stav: Nov\u00e9<\/p>\n<hr data-start=\"1884\" data-end=\"1887\" \/>\n<h4 data-start=\"1889\" data-end=\"1910\"><span class=\"ez-toc-section\" id=\"Besonderheiten\"><\/span>Speci\u00e1ln\u00ed funkce<span class=\"ez-toc-section-end\"><\/span><\/h4>\n<p data-start=\"1911\" data-end=\"2122\">Der <strong data-start=\"1915\" data-end=\"1950\">Apatit 1.98 Karat Oval Neonblau<\/strong> ist ein au\u00dfergew\u00f6hnlicher Edelstein, dessen Farbe an das tropische Meer erinnert. Seine intensive Leuchtkraft und Transparenz machen ihn zu einem beliebten Sammlerstein.<\/p>\n<p data-start=\"2124\" data-end=\"2379\">Apatit symbolisiert Inspiration, Energie und Kreativit\u00e4t. Facettierte Apatite sind besonders selten, da die meisten Exemplare als Cabochons geschliffen werden. Dieses St\u00fcck ist somit nicht nur ein visuelles Highlight, sondern auch ein wertvolles Unikat.<\/p>\n<hr data-start=\"2070\" data-end=\"2073\" \/>\n<h4 data-start=\"1931\" data-end=\"1971\"><span class=\"ez-toc-section\" id=\"Mehr_uber_unsere_Edelsteine\"><\/span>V\u00edce o na\u0161ich drahokamech<span class=\"ez-toc-section-end\"><\/span><\/h4>\n<p data-start=\"1972\" data-end=\"2069\"><a href=\"https:\/\/saphirsmaragd.com\/cs\/product-category\/edelsteine-kaufen\/\">drahokamy<\/a><\/p>\n<hr data-start=\"2744\" data-end=\"2747\" \/>\n<h4 data-start=\"2665\" data-end=\"2688\"><span class=\"ez-toc-section\" id=\"Weitere_Infos\"><\/span>Dal\u0161\u00ed informace<span class=\"ez-toc-section-end\"><\/span><\/h4>\n<p data-start=\"2553\" data-end=\"2612\"><a class=\"decorated-link cursor-pointer\" href=\"https:\/\/de.wikipedia.org\/wiki\/Apatit\" target=\"_new\" rel=\"noopener\" data-start=\"2553\" data-end=\"2610\">Wikipedia: Apatit<\/a><\/p>","protected":false},"excerpt":{"rendered":"<p data-start=\"439\" data-end=\"611\"><em>Der Apatit 1.98 Karat Oval Neonblau besticht durch seine intensive Farbe und beeindruckende Brillanz. Echtheitszertifikat von Val\u00e9rie DURAFFOURG (Gem-A London) inklusive.<\/em><\/p>\n<h2 data-start=\"523\" data-end=\"548\"><\/h2>","protected":false},"featured_media":4919,"comment_status":"open","ping_status":"closed","template":"","meta":{"_glsr_average":0,"_glsr_ranking":0,"_glsr_reviews":0},"product_brand":[],"product_cat":[305],"product_tag":[],"class_list":{"0":"post-4916","1":"product","2":"type-product","3":"status-publish","4":"has-post-thumbnail","6":"product_cat-seltene-edelsteine","7":"pa_edelsteinart-seltene-edelsteine","8":"pa_farbe-blau","9":"pa_form-oval","10":"pa_gewicht-karat-1-0-3-0-karat","11":"pa_reinheit-sehr-kleine-einschluesse","12":"pa_veredelung-behandlung-unbehandelt","13":"pa_zertifikat-ja","14":"pa_zustand-neu","16":"first","17":"instock","18":"featured","19":"sold-individually","20":"shipping-taxable","21":"purchasable","22":"product-type-simple","23":"add-to-wishlist-before_image"},"jetpack_sharing_enabled":true,"_links":{"self":[{"href":"https:\/\/saphirsmaragd.com\/cs\/wp-json\/wp\/v2\/product\/4916","targetHints":{"allow":["GET"]}}],"collection":[{"href":"https:\/\/saphirsmaragd.com\/cs\/wp-json\/wp\/v2\/product"}],"about":[{"href":"https:\/\/saphirsmaragd.com\/cs\/wp-json\/wp\/v2\/types\/product"}],"replies":[{"embeddable":true,"href":"https:\/\/saphirsmaragd.com\/cs\/wp-json\/wp\/v2\/comments?post=4916"}],"version-history":[{"count":1,"href":"https:\/\/saphirsmaragd.com\/cs\/wp-json\/wp\/v2\/product\/4916\/revisions"}],"predecessor-version":[{"id":4920,"href":"https:\/\/saphirsmaragd.com\/cs\/wp-json\/wp\/v2\/product\/4916\/revisions\/4920"}],"wp:featuredmedia":[{"embeddable":true,"href":"https:\/\/saphirsmaragd.com\/cs\/wp-json\/wp\/v2\/media\/4919"}],"wp:attachment":[{"href":"https:\/\/saphirsmaragd.com\/cs\/wp-json\/wp\/v2\/media?parent=4916"}],"wp:term":[{"taxonomy":"product_brand","embeddable":true,"href":"https:\/\/saphirsmaragd.com\/cs\/wp-json\/wp\/v2\/product_brand?post=4916"},{"taxonomy":"product_cat","embeddable":true,"href":"https:\/\/saphirsmaragd.com\/cs\/wp-json\/wp\/v2\/product_cat?post=4916"},{"taxonomy":"product_tag","embeddable":true,"href":"https:\/\/saphirsmaragd.com\/cs\/wp-json\/wp\/v2\/product_tag?post=4916"}],"curies":[{"name":"wp","href":"https:\/\/api.w.org\/{rel}","templated":true}]}}