{"id":5290,"date":"2025-11-17T03:18:50","date_gmt":"2025-11-17T03:18:50","guid":{"rendered":"https:\/\/saphirsmaragd.com\/?post_type=product&#038;p=5290"},"modified":"2025-12-05T10:21:24","modified_gmt":"2025-12-05T10:21:24","slug":"lemurianischer-samen-kristall-pink","status":"publish","type":"product","link":"https:\/\/saphirsmaragd.com\/cs\/produkt\/lemurianischer-samen-kristall-pink\/","title":{"rendered":"Lemurianischer Samen-Kristall (pink) Cluster (Selbstheilung) \u2013 2915 g \u2013 Heilstein f\u00fcr Selbstheilung und spirituelle Entwicklung"},"content":{"rendered":"<div id=\"ez-toc-container\" class=\"ez-toc-v2_0_82_2 counter-hierarchy ez-toc-counter ez-toc-grey ez-toc-container-direction\">\n<div class=\"ez-toc-title-container\">\n<p class=\"ez-toc-title\" style=\"cursor:inherit\">Obsah<\/p>\n<span class=\"ez-toc-title-toggle\"><a href=\"#\" class=\"ez-toc-pull-right ez-toc-btn ez-toc-btn-xs ez-toc-btn-default ez-toc-toggle\" aria-label=\"Toggle Table of Content\"><span class=\"ez-toc-js-icon-con\"><span class=\"\"><span class=\"eztoc-hide\" style=\"display:none;\">P\u0159epnout<\/span><span class=\"ez-toc-icon-toggle-span\"><svg style=\"fill: #999;color:#999\" xmlns=\"http:\/\/www.w3.org\/2000\/svg\" class=\"list-377408\" width=\"20px\" height=\"20px\" viewbox=\"0 0 24 24\" fill=\"none\"><path d=\"M6 6H4v2h2V6zm14 0H8v2h12V6zM4 11h2v2H4v-2zm16 0H8v2h12v-2zM4 16h2v2H4v-2zm16 0H8v2h12v-2z\" fill=\"currentColor\"><\/path><\/svg><svg style=\"fill: #999;color:#999\" class=\"arrow-unsorted-368013\" xmlns=\"http:\/\/www.w3.org\/2000\/svg\" width=\"10px\" height=\"10px\" viewbox=\"0 0 24 24\" version=\"1.2\" baseprofile=\"tiny\"><path d=\"M18.2 9.3l-6.2-6.3-6.2 6.3c-.2.2-.3.4-.3.7s.1.5.3.7c.2.2.4.3.7.3h11c.3 0 .5-.1.7-.3.2-.2.3-.5.3-.7s-.1-.5-.3-.7zM5.8 14.7l6.2 6.3 6.2-6.3c.2-.2.3-.5.3-.7s-.1-.5-.3-.7c-.2-.2-.4-.3-.7-.3h-11c-.3 0-.5.1-.7.3-.2.2-.3.5-.3.7s.1.5.3.7z\"\/><\/svg><\/span><\/span><\/span><\/a><\/span><\/div>\n<nav><ul class='ez-toc-list ez-toc-list-level-1' ><li class='ez-toc-page-1 ez-toc-heading-level-4'><a class=\"ez-toc-link ez-toc-heading-1\" href=\"https:\/\/saphirsmaragd.com\/cs\/produkt\/lemurianischer-samen-kristall-pink\/#Lemurianischer_Samen-Kristall_pink_Cluster_Selbstheilung_%E2%80%93_2915_g_%E2%80%93_Heilstein_aus_Brasilien\" >Lemurianischer Samen-Kristall (pink) Cluster (Selbstheilung) \u2013 2915 g \u2013 Heilstein aus Brasilien<\/a><\/li><li class='ez-toc-page-1 ez-toc-heading-level-4'><a class=\"ez-toc-link ez-toc-heading-2\" href=\"https:\/\/saphirsmaragd.com\/cs\/produkt\/lemurianischer-samen-kristall-pink\/#_Merkmale_Herkunft\" >\u00a0Charakteristika a p\u016fvod<\/a><\/li><li class='ez-toc-page-1 ez-toc-heading-level-4'><a class=\"ez-toc-link ez-toc-heading-3\" href=\"https:\/\/saphirsmaragd.com\/cs\/produkt\/lemurianischer-samen-kristall-pink\/#_Besonderheiten\" >\u00a0Speci\u00e1ln\u00ed funkce<\/a><\/li><li class='ez-toc-page-1 ez-toc-heading-level-4'><a class=\"ez-toc-link ez-toc-heading-4\" href=\"https:\/\/saphirsmaragd.com\/cs\/produkt\/lemurianischer-samen-kristall-pink\/#_Mehr_uber_Lemurianische_Samen-Kristalle_Heilsteine\" >\u00a0Mehr \u00fcber Lemurianische Samen-Kristalle &amp; Heilsteine<\/a><\/li><li class='ez-toc-page-1 ez-toc-heading-level-4'><a class=\"ez-toc-link ez-toc-heading-5\" href=\"https:\/\/saphirsmaragd.com\/cs\/produkt\/lemurianischer-samen-kristall-pink\/#_Weitere_Infos\" >\u00a0Dal\u0161\u00ed informace<\/a><\/li><\/ul><\/nav><\/div>\n<h4 data-start=\"247\" data-end=\"350\"><span class=\"ez-toc-section\" id=\"Lemurianischer_Samen-Kristall_pink_Cluster_Selbstheilung_%E2%80%93_2915_g_%E2%80%93_Heilstein_aus_Brasilien\"><\/span><strong data-start=\"249\" data-end=\"348\">Lemurianischer Samen-Kristall (pink) Cluster (Selbstheilung) \u2013 2915 g \u2013 Heilstein aus Brasilien<\/strong><span class=\"ez-toc-section-end\"><\/span><\/h4>\n<p data-start=\"351\" data-end=\"567\">Der Lemurianische Samen-Kristall (pink) Cluster (Selbstheilung) aus Brasilien ist ein einzigartiger Heilstein, der Reinigung, Heilung, spirituelle Entwicklung und k\u00f6rperliche wie emotionale Selbstheilung f\u00f6rdert.<\/p>\n<hr data-start=\"569\" data-end=\"572\" \/>\n<h4 data-start=\"574\" data-end=\"599\"><span class=\"ez-toc-section\" id=\"_Merkmale_Herkunft\"><\/span>\u00a0Charakteristika a p\u016fvod<span class=\"ez-toc-section-end\"><\/span><\/h4>\n<p data-start=\"600\" data-end=\"961\">Farbe: Pink \/ naturbelassen<br data-start=\"627\" data-end=\"630\" \/>Form: Cluster \/ einzigartig<br data-start=\"657\" data-end=\"660\" \/>P\u016fvod: Braz\u00edlie<br data-start=\"679\" data-end=\"682\" \/>Gewicht: 2915 g<br data-start=\"697\" data-end=\"700\" \/>Ma\u00dfe: 13.2 \u00d7 21.6 \u00d7 20 cm<br data-start=\"725\" data-end=\"728\" \/>\u010cistota: P\u0159\u00edrodn\u00ed<br data-start=\"747\" data-end=\"750\" \/>L\u00e9\u010dba: Nel\u00e9\u010den\u00e1<br data-start=\"807\" data-end=\"810\" \/>Steinart: Lemurianischer Samen-Kristall \/ Selbstheilungskristall<\/p>\n<hr data-start=\"963\" data-end=\"966\" \/>\n<h4 data-start=\"968\" data-end=\"990\"><span class=\"ez-toc-section\" id=\"_Besonderheiten\"><\/span>\u00a0Speci\u00e1ln\u00ed funkce<span class=\"ez-toc-section-end\"><\/span><\/h4>\n<p data-start=\"991\" data-end=\"1410\">Der Lemurianische Samen-Kristall (pink) Cluster (Selbstheilung) ist ein kraftvolles spirituelles Werkzeug. Er unterst\u00fctzt Reinigung, Aktivierung und Balance der Chakras. Die hohe Schwingung dieses Steins hilft, angeheftete Entit\u00e4ten, karmische Altlasten und negative Energien zu entfernen. Alte Emotionen wie Trauer, Wut oder Schmerz werden gel\u00f6st, sodass blockierende Verhaltensmuster aufgebrochen werden k\u00f6nnen.<\/p>\n<p data-start=\"1412\" data-end=\"1792\">Emotional und mental f\u00f6rdert der Kristall Heilung und Befreiung. Er hilft, emotionale Lasten der Vergangenheit loszulassen, schafft Raum f\u00fcr inneren Frieden, Vertrauen und Leichtigkeit. Der Stein unterst\u00fctzt alle, die sich von limitierenden Glaubenss\u00e4tzen und negativen Energien befreien m\u00f6chten, und erleichtert ein tieferes Verst\u00e4ndnis f\u00fcr sich selbst und den eigenen Lebensweg.<\/p>\n<hr data-start=\"1794\" data-end=\"1797\" \/>\n<h4 data-start=\"1799\" data-end=\"1859\"><span class=\"ez-toc-section\" id=\"_Mehr_uber_Lemurianische_Samen-Kristalle_Heilsteine\"><\/span>\u00a0Mehr \u00fcber Lemurianische Samen-Kristalle &amp; Heilsteine<span class=\"ez-toc-section-end\"><\/span><\/h4>\n<p data-start=\"1860\" data-end=\"1903\"><a href=\"https:\/\/saphirsmaragd.com\/cs\/product-category\/heilsteine-kristalle-kaufen\/\">L\u00e9\u010div\u00e9 kameny a krystaly<\/a> | Saphir &amp; Smaragd<\/p>\n<hr data-start=\"1905\" data-end=\"1908\" \/>\n<h4 data-start=\"1910\" data-end=\"1931\"><span class=\"ez-toc-section\" id=\"_Weitere_Infos\"><\/span>\u00a0Dal\u0161\u00ed informace<span class=\"ez-toc-section-end\"><\/span><\/h4>\n<p data-start=\"1932\" data-end=\"2021\"><a class=\"decorated-link cursor-pointer\" href=\"https:\/\/de.wikipedia.org\/wiki\/Lemuria_(Esoterik)\" target=\"_new\" rel=\"noopener\" data-start=\"1932\" data-end=\"2019\">Lemurianischer Kristall \u2013 Wikipedia<\/a><\/p>","protected":false},"excerpt":{"rendered":"<p><em>Der Lemurianische Samen-Kristall (pink) Cluster (Selbstheilung) aus Brasilien unterst\u00fctzt Reinigung, Heilung, spirituelle Entwicklung und k\u00f6rperliche sowie emotionale Selbstheilung. Ideal f\u00fcr Meditation und Chakrabalance.<\/em><\/p>","protected":false},"featured_media":5291,"comment_status":"open","ping_status":"closed","template":"","meta":{"_glsr_average":0,"_glsr_ranking":0,"_glsr_reviews":0},"product_brand":[],"product_cat":[84],"product_tag":[],"class_list":{"0":"post-5290","1":"product","2":"type-product","3":"status-publish","4":"has-post-thumbnail","6":"product_cat-rohsteine-kaufen","8":"first","9":"instock","10":"shipping-taxable","11":"purchasable","12":"product-type-simple","13":"add-to-wishlist-before_image"},"jetpack_sharing_enabled":true,"_links":{"self":[{"href":"https:\/\/saphirsmaragd.com\/cs\/wp-json\/wp\/v2\/product\/5290","targetHints":{"allow":["GET"]}}],"collection":[{"href":"https:\/\/saphirsmaragd.com\/cs\/wp-json\/wp\/v2\/product"}],"about":[{"href":"https:\/\/saphirsmaragd.com\/cs\/wp-json\/wp\/v2\/types\/product"}],"replies":[{"embeddable":true,"href":"https:\/\/saphirsmaragd.com\/cs\/wp-json\/wp\/v2\/comments?post=5290"}],"version-history":[{"count":1,"href":"https:\/\/saphirsmaragd.com\/cs\/wp-json\/wp\/v2\/product\/5290\/revisions"}],"predecessor-version":[{"id":5295,"href":"https:\/\/saphirsmaragd.com\/cs\/wp-json\/wp\/v2\/product\/5290\/revisions\/5295"}],"wp:featuredmedia":[{"embeddable":true,"href":"https:\/\/saphirsmaragd.com\/cs\/wp-json\/wp\/v2\/media\/5291"}],"wp:attachment":[{"href":"https:\/\/saphirsmaragd.com\/cs\/wp-json\/wp\/v2\/media?parent=5290"}],"wp:term":[{"taxonomy":"product_brand","embeddable":true,"href":"https:\/\/saphirsmaragd.com\/cs\/wp-json\/wp\/v2\/product_brand?post=5290"},{"taxonomy":"product_cat","embeddable":true,"href":"https:\/\/saphirsmaragd.com\/cs\/wp-json\/wp\/v2\/product_cat?post=5290"},{"taxonomy":"product_tag","embeddable":true,"href":"https:\/\/saphirsmaragd.com\/cs\/wp-json\/wp\/v2\/product_tag?post=5290"}],"curies":[{"name":"wp","href":"https:\/\/api.w.org\/{rel}","templated":true}]}}