{"id":5356,"date":"2025-11-18T02:23:52","date_gmt":"2025-11-18T02:23:52","guid":{"rendered":"https:\/\/saphirsmaragd.com\/?post_type=product&#038;p=5356"},"modified":"2025-11-18T02:23:54","modified_gmt":"2025-11-18T02:23:54","slug":"kristall-schamanenquarz-cluster-cut","status":"publish","type":"product","link":"https:\/\/saphirsmaragd.com\/cs\/produkt\/kristall-schamanenquarz-cluster-cut\/","title":{"rendered":"Kristall Schamanenquarz Cluster Cut \u2013 891 g \u2013 Spiritueller Transformationsstein auf Stand"},"content":{"rendered":"<div id=\"ez-toc-container\" class=\"ez-toc-v2_0_82_2 counter-hierarchy ez-toc-counter ez-toc-grey ez-toc-container-direction\">\n<div class=\"ez-toc-title-container\">\n<p class=\"ez-toc-title\" style=\"cursor:inherit\">Obsah<\/p>\n<span class=\"ez-toc-title-toggle\"><a href=\"#\" class=\"ez-toc-pull-right ez-toc-btn ez-toc-btn-xs ez-toc-btn-default ez-toc-toggle\" aria-label=\"Toggle Table of Content\"><span class=\"ez-toc-js-icon-con\"><span class=\"\"><span class=\"eztoc-hide\" style=\"display:none;\">P\u0159epnout<\/span><span class=\"ez-toc-icon-toggle-span\"><svg style=\"fill: #999;color:#999\" xmlns=\"http:\/\/www.w3.org\/2000\/svg\" class=\"list-377408\" width=\"20px\" height=\"20px\" viewbox=\"0 0 24 24\" fill=\"none\"><path d=\"M6 6H4v2h2V6zm14 0H8v2h12V6zM4 11h2v2H4v-2zm16 0H8v2h12v-2zM4 16h2v2H4v-2zm16 0H8v2h12v-2z\" fill=\"currentColor\"><\/path><\/svg><svg style=\"fill: #999;color:#999\" class=\"arrow-unsorted-368013\" xmlns=\"http:\/\/www.w3.org\/2000\/svg\" width=\"10px\" height=\"10px\" viewbox=\"0 0 24 24\" version=\"1.2\" baseprofile=\"tiny\"><path d=\"M18.2 9.3l-6.2-6.3-6.2 6.3c-.2.2-.3.4-.3.7s.1.5.3.7c.2.2.4.3.7.3h11c.3 0 .5-.1.7-.3.2-.2.3-.5.3-.7s-.1-.5-.3-.7zM5.8 14.7l6.2 6.3 6.2-6.3c.2-.2.3-.5.3-.7s-.1-.5-.3-.7c-.2-.2-.4-.3-.7-.3h-11c-.3 0-.5.1-.7.3-.2.2-.3.5-.3.7s.1.5.3.7z\"\/><\/svg><\/span><\/span><\/span><\/a><\/span><\/div>\n<nav><ul class='ez-toc-list ez-toc-list-level-1' ><li class='ez-toc-page-1 ez-toc-heading-level-4'><a class=\"ez-toc-link ez-toc-heading-1\" href=\"https:\/\/saphirsmaragd.com\/cs\/produkt\/kristall-schamanenquarz-cluster-cut\/#Kristall_Schamanenquarz_Cluster_Cut_%E2%80%93_Spiritueller_Transformationsstein_auf_Stand_891_g\" >Kristall Schamanenquarz Cluster Cut \u2013 Spiritueller Transformationsstein auf Stand | 891 g<\/a><\/li><li class='ez-toc-page-1 ez-toc-heading-level-4'><a class=\"ez-toc-link ez-toc-heading-2\" href=\"https:\/\/saphirsmaragd.com\/cs\/produkt\/kristall-schamanenquarz-cluster-cut\/#Merkmale_Herkunft\" >Charakteristika a p\u016fvod<\/a><\/li><li class='ez-toc-page-1 ez-toc-heading-level-4'><a class=\"ez-toc-link ez-toc-heading-3\" href=\"https:\/\/saphirsmaragd.com\/cs\/produkt\/kristall-schamanenquarz-cluster-cut\/#Besonderheiten\" >Speci\u00e1ln\u00ed funkce<\/a><\/li><li class='ez-toc-page-1 ez-toc-heading-level-4'><a class=\"ez-toc-link ez-toc-heading-4\" href=\"https:\/\/saphirsmaragd.com\/cs\/produkt\/kristall-schamanenquarz-cluster-cut\/#Mehr_uber_Kristalle_Heilsteine\" >Mehr \u00fcber Kristalle &amp; Heilsteine<\/a><\/li><li class='ez-toc-page-1 ez-toc-heading-level-4'><a class=\"ez-toc-link ez-toc-heading-5\" href=\"https:\/\/saphirsmaragd.com\/cs\/produkt\/kristall-schamanenquarz-cluster-cut\/#Weitere_Infos\" >Dal\u0161\u00ed informace<\/a><\/li><\/ul><\/nav><\/div>\n<h4 data-start=\"1007\" data-end=\"1102\"><span class=\"ez-toc-section\" id=\"Kristall_Schamanenquarz_Cluster_Cut_%E2%80%93_Spiritueller_Transformationsstein_auf_Stand_891_g\"><\/span><strong data-start=\"1009\" data-end=\"1102\">Kristall Schamanenquarz Cluster Cut \u2013 Spiritueller Transformationsstein auf Stand | 891 g<\/strong><span class=\"ez-toc-section-end\"><\/span><\/h4>\n<p data-start=\"1104\" data-end=\"1378\">Der Kristall Schamanenquarz Cluster Cut ist ein au\u00dfergew\u00f6hnliches Einzelst\u00fcck aus Brasilien. Durch seine klare, energetische Struktur und seine erh\u00f6hte Pr\u00e4sentation auf einem Stand eignet er sich hervorragend f\u00fcr energetische R\u00e4ume, Altararbeit und schamanische Rituale.<\/p>\n<hr data-start=\"1380\" data-end=\"1383\" \/>\n<h4 data-start=\"1385\" data-end=\"1414\"><span class=\"ez-toc-section\" id=\"Merkmale_Herkunft\"><\/span><strong data-start=\"1391\" data-end=\"1414\">Charakteristika a p\u016fvod<\/strong><span class=\"ez-toc-section-end\"><\/span><\/h4>\n<p data-start=\"1415\" data-end=\"1735\">Farbe: Transparent, milchig, mit nat\u00fcrlichen Einschl\u00fcssen<br data-start=\"1472\" data-end=\"1475\" \/>Form: Cluster, Cut, auf Stand<br data-start=\"1504\" data-end=\"1507\" \/>P\u016fvod: Braz\u00edlie<br data-start=\"1526\" data-end=\"1529\" \/>Gewicht: 891 g<br data-start=\"1543\" data-end=\"1546\" \/>Ma\u00dfe des Clusters: 14.7 x 6.8 x 6.7 cm<br data-start=\"1584\" data-end=\"1587\" \/>Gesamth\u00f6he inkl. Stand: ca. 22.4 cm<br data-start=\"1622\" data-end=\"1625\" \/>\u010cistota: P\u0159\u00edrodn\u00ed<br data-start=\"1644\" data-end=\"1647\" \/>Behandlung: Poliert \/ Cut<br data-start=\"1706\" data-end=\"1709\" \/>Steinart: Schamanenquarz<\/p>\n<hr data-start=\"1737\" data-end=\"1740\" \/>\n<h4 data-start=\"1742\" data-end=\"1766\"><span class=\"ez-toc-section\" id=\"Besonderheiten\"><\/span><strong data-start=\"1748\" data-end=\"1766\">Speci\u00e1ln\u00ed funkce<\/strong><span class=\"ez-toc-section-end\"><\/span><\/h4>\n<p data-start=\"1767\" data-end=\"2290\">Schamanenquarz ist ein hochenergetischer spiritueller Stein, der besonders gut f\u00fcr schamanische Arbeit und Bewusstseinsreisen geeignet ist. Er unterst\u00fctzt Sie dabei, in tiefe Entspannung zu gelangen, ver\u00e4nderte Bewusstseinszust\u00e4nde zu erreichen und sich mit vergangenen Leben, anderen Dimensionen sowie den schamanischen Unter- und Oberwelten zu verbinden. Der Stein \u00f6ffnet Ihr geistiges Feld f\u00fcr spirituelle Botschaften, Wissen und intuitive F\u00fchrung und hilft Ihnen, diese Erkenntnisse bewusst in Ihr Leben zu integrieren.<\/p>\n<p data-start=\"2292\" data-end=\"2834\">Emotional und mental schenkt Schamanenquarz Klarheit, Fokus und die F\u00e4higkeit, das Wesentliche einer Situation zu erkennen. Er hilft Ihnen, durch tr\u00fcgerische oder unklare Energien hindurchzusehen und so klare, bewusste Entscheidungen zu treffen. Zudem unterst\u00fctzt er das Loslassen alter Muster, blockierter Emotionen und energetischer Belastungen, die pers\u00f6nliches Wachstum und spirituelle Entwicklung behindern. Dadurch wird er zu einem wertvollen Stein f\u00fcr Heiler, Schamanen und alle, die innere Wahrheit und Bewusstseinserweiterung suchen.<\/p>\n<hr data-start=\"2836\" data-end=\"2839\" \/>\n<h4 data-start=\"2841\" data-end=\"2883\"><span class=\"ez-toc-section\" id=\"Mehr_uber_Kristalle_Heilsteine\"><\/span><strong data-start=\"2847\" data-end=\"2883\">Mehr \u00fcber Kristalle &amp; Heilsteine<\/strong><span class=\"ez-toc-section-end\"><\/span><\/h4>\n<p data-start=\"2884\" data-end=\"2967\"><a href=\"https:\/\/saphirsmaragd.com\/cs\/product-category\/heilsteine-kristalle-kaufen\/\">L\u00e9\u010div\u00e9 kameny a krystaly<\/a> | Saphir &amp; Smaragd<\/p>\n<hr data-start=\"2969\" data-end=\"2972\" \/>\n<h4 data-start=\"2974\" data-end=\"2997\"><span class=\"ez-toc-section\" id=\"Weitere_Infos\"><\/span><strong data-start=\"2980\" data-end=\"2997\">Dal\u0161\u00ed informace<\/strong><span class=\"ez-toc-section-end\"><\/span><\/h4>\n<p data-start=\"2998\" data-end=\"3056\"><a href=\"https:\/\/de.wikipedia.org\/wiki\/Quarz\" target=\"_blank\" rel=\"noopener\">Wikipedie: <strong data-start=\"3009\" data-end=\"3018\">k\u0159emen<\/strong>\u00a0<\/a><\/p>","protected":false},"excerpt":{"rendered":"<p><em>Der Kristall Schamanenquarz Cluster Cut auf Stand ist ein kraftvoller spiritueller Stein aus Brasilien. Er unterst\u00fctzt schamanische Arbeit, f\u00f6rdert Einsicht, Visualisierung und pers\u00f6nliche Entwicklung und verbindet Sie mit h\u00f6heren Ebenen des Bewusstseins.<\/em><\/p>","protected":false},"featured_media":5357,"comment_status":"open","ping_status":"closed","template":"","meta":{"_glsr_average":0,"_glsr_ranking":0,"_glsr_reviews":0},"product_brand":[],"product_cat":[84],"product_tag":[],"class_list":{"0":"post-5356","1":"product","2":"type-product","3":"status-publish","4":"has-post-thumbnail","6":"product_cat-rohsteine-kaufen","8":"first","9":"instock","10":"taxable","11":"shipping-taxable","12":"purchasable","13":"product-type-simple","14":"add-to-wishlist-before_image"},"jetpack_sharing_enabled":true,"_links":{"self":[{"href":"https:\/\/saphirsmaragd.com\/cs\/wp-json\/wp\/v2\/product\/5356","targetHints":{"allow":["GET"]}}],"collection":[{"href":"https:\/\/saphirsmaragd.com\/cs\/wp-json\/wp\/v2\/product"}],"about":[{"href":"https:\/\/saphirsmaragd.com\/cs\/wp-json\/wp\/v2\/types\/product"}],"replies":[{"embeddable":true,"href":"https:\/\/saphirsmaragd.com\/cs\/wp-json\/wp\/v2\/comments?post=5356"}],"version-history":[{"count":1,"href":"https:\/\/saphirsmaragd.com\/cs\/wp-json\/wp\/v2\/product\/5356\/revisions"}],"predecessor-version":[{"id":5361,"href":"https:\/\/saphirsmaragd.com\/cs\/wp-json\/wp\/v2\/product\/5356\/revisions\/5361"}],"wp:featuredmedia":[{"embeddable":true,"href":"https:\/\/saphirsmaragd.com\/cs\/wp-json\/wp\/v2\/media\/5357"}],"wp:attachment":[{"href":"https:\/\/saphirsmaragd.com\/cs\/wp-json\/wp\/v2\/media?parent=5356"}],"wp:term":[{"taxonomy":"product_brand","embeddable":true,"href":"https:\/\/saphirsmaragd.com\/cs\/wp-json\/wp\/v2\/product_brand?post=5356"},{"taxonomy":"product_cat","embeddable":true,"href":"https:\/\/saphirsmaragd.com\/cs\/wp-json\/wp\/v2\/product_cat?post=5356"},{"taxonomy":"product_tag","embeddable":true,"href":"https:\/\/saphirsmaragd.com\/cs\/wp-json\/wp\/v2\/product_tag?post=5356"}],"curies":[{"name":"wp","href":"https:\/\/api.w.org\/{rel}","templated":true}]}}