{"id":5455,"date":"2025-11-19T15:31:14","date_gmt":"2025-11-19T15:31:14","guid":{"rendered":"https:\/\/saphirsmaragd.com\/?post_type=product&#038;p=5455"},"modified":"2025-11-19T15:31:15","modified_gmt":"2025-11-19T15:31:15","slug":"spitze-ozeanjasper-schutz-2","status":"publish","type":"product","link":"https:\/\/saphirsmaragd.com\/cs\/produkt\/spitze-ozeanjasper-schutz-2\/","title":{"rendered":"Spitze Ozeanjasper Schutz \u2013 Kraftvoller Heilstein aus Madagaskar \u2013 4052 g"},"content":{"rendered":"<div id=\"ez-toc-container\" class=\"ez-toc-v2_0_82_2 counter-hierarchy ez-toc-counter ez-toc-grey ez-toc-container-direction\">\n<div class=\"ez-toc-title-container\">\n<p class=\"ez-toc-title\" style=\"cursor:inherit\">Obsah<\/p>\n<span class=\"ez-toc-title-toggle\"><a href=\"#\" class=\"ez-toc-pull-right ez-toc-btn ez-toc-btn-xs ez-toc-btn-default ez-toc-toggle\" aria-label=\"Toggle Table of Content\"><span class=\"ez-toc-js-icon-con\"><span class=\"\"><span class=\"eztoc-hide\" style=\"display:none;\">P\u0159epnout<\/span><span class=\"ez-toc-icon-toggle-span\"><svg style=\"fill: #999;color:#999\" xmlns=\"http:\/\/www.w3.org\/2000\/svg\" class=\"list-377408\" width=\"20px\" height=\"20px\" viewbox=\"0 0 24 24\" fill=\"none\"><path d=\"M6 6H4v2h2V6zm14 0H8v2h12V6zM4 11h2v2H4v-2zm16 0H8v2h12v-2zM4 16h2v2H4v-2zm16 0H8v2h12v-2z\" fill=\"currentColor\"><\/path><\/svg><svg style=\"fill: #999;color:#999\" class=\"arrow-unsorted-368013\" xmlns=\"http:\/\/www.w3.org\/2000\/svg\" width=\"10px\" height=\"10px\" viewbox=\"0 0 24 24\" version=\"1.2\" baseprofile=\"tiny\"><path d=\"M18.2 9.3l-6.2-6.3-6.2 6.3c-.2.2-.3.4-.3.7s.1.5.3.7c.2.2.4.3.7.3h11c.3 0 .5-.1.7-.3.2-.2.3-.5.3-.7s-.1-.5-.3-.7zM5.8 14.7l6.2 6.3 6.2-6.3c.2-.2.3-.5.3-.7s-.1-.5-.3-.7c-.2-.2-.4-.3-.7-.3h-11c-.3 0-.5.1-.7.3-.2.2-.3.5-.3.7s.1.5.3.7z\"\/><\/svg><\/span><\/span><\/span><\/a><\/span><\/div>\n<nav><ul class='ez-toc-list ez-toc-list-level-1' ><li class='ez-toc-page-1 ez-toc-heading-level-4'><a class=\"ez-toc-link ez-toc-heading-1\" href=\"https:\/\/saphirsmaragd.com\/cs\/produkt\/spitze-ozeanjasper-schutz-2\/#Spitze_Ozeanjasper_Schutz_%E2%80%93_Kraftvoller_Heilstein_aus_Madagaskar_%E2%80%93_4052_g\" >Spitze Ozeanjasper Schutz \u2013 Kraftvoller Heilstein aus Madagaskar \u2013 4052 g<\/a><\/li><li class='ez-toc-page-1 ez-toc-heading-level-4'><a class=\"ez-toc-link ez-toc-heading-2\" href=\"https:\/\/saphirsmaragd.com\/cs\/produkt\/spitze-ozeanjasper-schutz-2\/#_Merkmale_Herkunft\" >\u00a0Charakteristika a p\u016fvod<\/a><\/li><li class='ez-toc-page-1 ez-toc-heading-level-4'><a class=\"ez-toc-link ez-toc-heading-3\" href=\"https:\/\/saphirsmaragd.com\/cs\/produkt\/spitze-ozeanjasper-schutz-2\/#_Besonderheiten\" >\u00a0Speci\u00e1ln\u00ed funkce<\/a><\/li><li class='ez-toc-page-1 ez-toc-heading-level-4'><a class=\"ez-toc-link ez-toc-heading-4\" href=\"https:\/\/saphirsmaragd.com\/cs\/produkt\/spitze-ozeanjasper-schutz-2\/#_Mehr_uber_Jaspis_Heilsteine\" >\u00a0Mehr \u00fcber Jaspis &amp; Heilsteine<\/a><\/li><li class='ez-toc-page-1 ez-toc-heading-level-4'><a class=\"ez-toc-link ez-toc-heading-5\" href=\"https:\/\/saphirsmaragd.com\/cs\/produkt\/spitze-ozeanjasper-schutz-2\/#_Weitere_Infos\" >\u00a0Dal\u0161\u00ed informace<\/a><\/li><\/ul><\/nav><\/div>\n<h4 data-start=\"840\" data-end=\"919\"><span class=\"ez-toc-section\" id=\"Spitze_Ozeanjasper_Schutz_%E2%80%93_Kraftvoller_Heilstein_aus_Madagaskar_%E2%80%93_4052_g\"><\/span><strong data-start=\"842\" data-end=\"919\">Spitze Ozeanjasper Schutz \u2013 Kraftvoller Heilstein aus Madagaskar \u2013 4052 g<\/strong><span class=\"ez-toc-section-end\"><\/span><\/h4>\n<p data-start=\"921\" data-end=\"1190\">Die Spitze Ozeanjasper Schutz ist ein beeindruckender Naturstein aus Madagaskar, der starke Erdung, energetischen Schutz und stabilisierende Wirkung verbindet. Wie bei echtem Ozeanjaspis \u00fcblich, weist diese Spitze nat\u00fcrliche Vertiefungen und Unregelm\u00e4\u00dfigkeiten auf.<\/p>\n<hr data-start=\"1192\" data-end=\"1195\" \/>\n<h4 data-start=\"1197\" data-end=\"1222\"><span class=\"ez-toc-section\" id=\"_Merkmale_Herkunft\"><\/span>\u00a0Charakteristika a p\u016fvod<span class=\"ez-toc-section-end\"><\/span><\/h4>\n<p data-start=\"1223\" data-end=\"1500\">Farbe: Mehrfarbig (typisch f\u00fcr Ozeanjaspis)<br data-start=\"1266\" data-end=\"1269\" \/>Form: Spitze, geschliffen<br data-start=\"1294\" data-end=\"1297\" \/>Herkunft: Madagaskar<br data-start=\"1317\" data-end=\"1320\" \/>Gewicht: 4052 g<br data-start=\"1335\" data-end=\"1338\" \/>Ma\u00dfe: 34.5 \u00d7 10 \u00d7 8 cm<br data-start=\"1360\" data-end=\"1363\" \/>Reinheit: Nat\u00fcrlich, mit naturbelassenen Vertiefungen<br data-start=\"1416\" data-end=\"1419\" \/>L\u00e9\u010dba: Nel\u00e9\u010den\u00e1<br data-start=\"1476\" data-end=\"1479\" \/>Steinart: Ozeanjaspis<\/p>\n<hr data-start=\"1502\" data-end=\"1505\" \/>\n<h4 data-start=\"1507\" data-end=\"1527\"><span class=\"ez-toc-section\" id=\"_Besonderheiten\"><\/span>\u00a0Speci\u00e1ln\u00ed funkce<span class=\"ez-toc-section-end\"><\/span><\/h4>\n<p data-start=\"1528\" data-end=\"1935\">Die Spitze Ozeanjasper Schutz tr\u00e4gt die kraftvollen Eigenschaften des Jaspis in sich: Erdung, Schutz vor negativen Einfl\u00fcssen und die F\u00e4higkeit, innere St\u00e4rke und Entschlossenheit zu f\u00f6rdern. Dieser Heilstein unterst\u00fctzt Sie dabei, Ziele mit Klarheit zu verfolgen, Durchhalteverm\u00f6gen zu entwickeln und Ideen in konkrete Handlungen umzusetzen. Er st\u00e4rkt Selbstvertrauen, Mut und mentale Widerstandskraft.<\/p>\n<p data-start=\"1937\" data-end=\"2329\">Ozeanjaspis besitzt dar\u00fcber hinaus eine au\u00dfergew\u00f6hnlich harmonisierende Energie, die den Energiefluss im K\u00f6rper unterst\u00fctzt. Er hilft, heilende Energie gezielt zu leiten, negative Blockaden zu l\u00f6sen und f\u00f6rdert ein Gef\u00fchl von Freiheit und innerer Ruhe. Der Stein tr\u00e4gt zu einer positiven Einstellung bei und hilft, belastende Emotionen wie Sorgen, \u00c4ngste oder depressive Gedanken loszulassen.<\/p>\n<hr data-start=\"2538\" data-end=\"2541\" \/>\n<h4 data-start=\"2543\" data-end=\"2578\"><span class=\"ez-toc-section\" id=\"_Mehr_uber_Jaspis_Heilsteine\"><\/span>\u00a0Mehr \u00fcber Jaspis &amp; Heilsteine<span class=\"ez-toc-section-end\"><\/span><\/h4>\n<p data-start=\"2579\" data-end=\"2620\"><a href=\"https:\/\/saphirsmaragd.com\/cs\/product-category\/heilsteine-kristalle-kaufen\/\">L\u00e9\u010div\u00e9 kameny a krystaly<\/a> | Saphir &amp; Smaragd<\/p>\n<hr data-start=\"2622\" data-end=\"2625\" \/>\n<h4 data-start=\"2627\" data-end=\"2648\"><span class=\"ez-toc-section\" id=\"_Weitere_Infos\"><\/span>\u00a0Dal\u0161\u00ed informace<span class=\"ez-toc-section-end\"><\/span><\/h4>\n<p data-start=\"2649\" data-end=\"2696\">Wikipedie: <a class=\"decorated-link\" href=\"https:\/\/de.wikipedia.org\/wiki\/Jaspis\" target=\"_new\" rel=\"noopener\" data-start=\"2660\" data-end=\"2696\">Jaspis<\/a><\/p>","protected":false},"excerpt":{"rendered":"<p data-start=\"500\" data-end=\"732\"><em>Die Spitze Ozeanjasper Schutz ist ein kraftvoller Heilstein aus Madagaskar, der f\u00fcr Erdung, energetischen Schutz und harmonischen Energiefluss steht. Ideal f\u00fcr Meditation, Raumenergie und spirituelle Arbeit.<\/em><\/p>\n<p data-start=\"734\" data-end=\"833\">","protected":false},"featured_media":5456,"comment_status":"open","ping_status":"closed","template":"","meta":{"_glsr_average":0,"_glsr_ranking":0,"_glsr_reviews":0},"product_brand":[],"product_cat":[84],"product_tag":[],"class_list":{"0":"post-5455","1":"product","2":"type-product","3":"status-publish","4":"has-post-thumbnail","6":"product_cat-rohsteine-kaufen","8":"first","9":"instock","10":"taxable","11":"shipping-taxable","12":"purchasable","13":"product-type-simple","14":"add-to-wishlist-before_image"},"jetpack_sharing_enabled":true,"_links":{"self":[{"href":"https:\/\/saphirsmaragd.com\/cs\/wp-json\/wp\/v2\/product\/5455","targetHints":{"allow":["GET"]}}],"collection":[{"href":"https:\/\/saphirsmaragd.com\/cs\/wp-json\/wp\/v2\/product"}],"about":[{"href":"https:\/\/saphirsmaragd.com\/cs\/wp-json\/wp\/v2\/types\/product"}],"replies":[{"embeddable":true,"href":"https:\/\/saphirsmaragd.com\/cs\/wp-json\/wp\/v2\/comments?post=5455"}],"version-history":[{"count":1,"href":"https:\/\/saphirsmaragd.com\/cs\/wp-json\/wp\/v2\/product\/5455\/revisions"}],"predecessor-version":[{"id":5460,"href":"https:\/\/saphirsmaragd.com\/cs\/wp-json\/wp\/v2\/product\/5455\/revisions\/5460"}],"wp:featuredmedia":[{"embeddable":true,"href":"https:\/\/saphirsmaragd.com\/cs\/wp-json\/wp\/v2\/media\/5456"}],"wp:attachment":[{"href":"https:\/\/saphirsmaragd.com\/cs\/wp-json\/wp\/v2\/media?parent=5455"}],"wp:term":[{"taxonomy":"product_brand","embeddable":true,"href":"https:\/\/saphirsmaragd.com\/cs\/wp-json\/wp\/v2\/product_brand?post=5455"},{"taxonomy":"product_cat","embeddable":true,"href":"https:\/\/saphirsmaragd.com\/cs\/wp-json\/wp\/v2\/product_cat?post=5455"},{"taxonomy":"product_tag","embeddable":true,"href":"https:\/\/saphirsmaragd.com\/cs\/wp-json\/wp\/v2\/product_tag?post=5455"}],"curies":[{"name":"wp","href":"https:\/\/api.w.org\/{rel}","templated":true}]}}