{"id":6505,"date":"2025-12-20T15:14:46","date_gmt":"2025-12-20T15:14:46","guid":{"rendered":"https:\/\/saphirsmaragd.com\/?post_type=product&#038;p=6505"},"modified":"2025-12-29T18:47:31","modified_gmt":"2025-12-29T18:47:31","slug":"rubellit-turmalin-12-81-karat-oval-rot","status":"publish","type":"product","link":"https:\/\/saphirsmaragd.com\/cs\/produkt\/rubellit-turmalin-12-81-karat-oval-rot\/","title":{"rendered":"Rubellit-Turmalin 12.81 Karat Oval Rot \u2013 Nat\u00fcrlicher Edelstein aus Mosambik"},"content":{"rendered":"<div id=\"ez-toc-container\" class=\"ez-toc-v2_0_82_2 counter-hierarchy ez-toc-counter ez-toc-grey ez-toc-container-direction\">\n<div class=\"ez-toc-title-container\">\n<p class=\"ez-toc-title\" style=\"cursor:inherit\">Obsah<\/p>\n<span class=\"ez-toc-title-toggle\"><a href=\"#\" class=\"ez-toc-pull-right ez-toc-btn ez-toc-btn-xs ez-toc-btn-default ez-toc-toggle\" aria-label=\"Toggle Table of Content\"><span class=\"ez-toc-js-icon-con\"><span class=\"\"><span class=\"eztoc-hide\" style=\"display:none;\">P\u0159epnout<\/span><span class=\"ez-toc-icon-toggle-span\"><svg style=\"fill: #999;color:#999\" xmlns=\"http:\/\/www.w3.org\/2000\/svg\" class=\"list-377408\" width=\"20px\" height=\"20px\" viewbox=\"0 0 24 24\" fill=\"none\"><path d=\"M6 6H4v2h2V6zm14 0H8v2h12V6zM4 11h2v2H4v-2zm16 0H8v2h12v-2zM4 16h2v2H4v-2zm16 0H8v2h12v-2z\" fill=\"currentColor\"><\/path><\/svg><svg style=\"fill: #999;color:#999\" class=\"arrow-unsorted-368013\" xmlns=\"http:\/\/www.w3.org\/2000\/svg\" width=\"10px\" height=\"10px\" viewbox=\"0 0 24 24\" version=\"1.2\" baseprofile=\"tiny\"><path d=\"M18.2 9.3l-6.2-6.3-6.2 6.3c-.2.2-.3.4-.3.7s.1.5.3.7c.2.2.4.3.7.3h11c.3 0 .5-.1.7-.3.2-.2.3-.5.3-.7s-.1-.5-.3-.7zM5.8 14.7l6.2 6.3 6.2-6.3c.2-.2.3-.5.3-.7s-.1-.5-.3-.7c-.2-.2-.4-.3-.7-.3h-11c-.3 0-.5.1-.7.3-.2.2-.3.5-.3.7s.1.5.3.7z\"\/><\/svg><\/span><\/span><\/span><\/a><\/span><\/div>\n<nav><ul class='ez-toc-list ez-toc-list-level-1' ><li class='ez-toc-page-1 ez-toc-heading-level-4'><a class=\"ez-toc-link ez-toc-heading-1\" href=\"https:\/\/saphirsmaragd.com\/cs\/produkt\/rubellit-turmalin-12-81-karat-oval-rot\/#Rubellit-Turmalin_1281_Karat_Oval_Rot_%E2%80%93_Ausdrucksstarker_Edelstein\" >Rubellit-Turmalin 12.81 Karat Oval Rot \u2013 Ausdrucksstarker Edelstein<\/a><\/li><li class='ez-toc-page-1 ez-toc-heading-level-4'><a class=\"ez-toc-link ez-toc-heading-2\" href=\"https:\/\/saphirsmaragd.com\/cs\/produkt\/rubellit-turmalin-12-81-karat-oval-rot\/#Merkmale_Herkunft\" >Charakteristika a p\u016fvod<\/a><\/li><li class='ez-toc-page-1 ez-toc-heading-level-4'><a class=\"ez-toc-link ez-toc-heading-3\" href=\"https:\/\/saphirsmaragd.com\/cs\/produkt\/rubellit-turmalin-12-81-karat-oval-rot\/#Besonderheiten\" >Speci\u00e1ln\u00ed funkce<\/a><\/li><li class='ez-toc-page-1 ez-toc-heading-level-4'><a class=\"ez-toc-link ez-toc-heading-4\" href=\"https:\/\/saphirsmaragd.com\/cs\/produkt\/rubellit-turmalin-12-81-karat-oval-rot\/#Mehr_uber_unsere_Edelsteine\" >V\u00edce o na\u0161ich drahokamech<\/a><\/li><li class='ez-toc-page-1 ez-toc-heading-level-4'><a class=\"ez-toc-link ez-toc-heading-5\" href=\"https:\/\/saphirsmaragd.com\/cs\/produkt\/rubellit-turmalin-12-81-karat-oval-rot\/#Weitere_Infos\" >Dal\u0161\u00ed informace<\/a><\/li><\/ul><\/nav><\/div>\n<h4 data-start=\"1253\" data-end=\"1326\"><span class=\"ez-toc-section\" id=\"Rubellit-Turmalin_1281_Karat_Oval_Rot_%E2%80%93_Ausdrucksstarker_Edelstein\"><\/span>Rubellit-Turmalin 12.81 Karat Oval Rot \u2013 Ausdrucksstarker Edelstein<span class=\"ez-toc-section-end\"><\/span><\/h4>\n<p data-start=\"1327\" data-end=\"1577\">Dieser Rubellit-Turmalin 12.81 Karat oval rot \u00fcberzeugt durch seine intensive, leuchtende Farbe und seine eindrucksvolle Gr\u00f6\u00dfe. Rubellit z\u00e4hlt zu den begehrtesten Turmalin-Variet\u00e4ten und wird wegen seiner tiefen Rot- bis Pinkt\u00f6ne besonders gesch\u00e4tzt.<\/p>\n<hr data-start=\"1579\" data-end=\"1582\" \/>\n<h4 data-start=\"1584\" data-end=\"1610\"><span class=\"ez-toc-section\" id=\"Merkmale_Herkunft\"><\/span>Charakteristika a p\u016fvod<span class=\"ez-toc-section-end\"><\/span><\/h4>\n<p data-start=\"1611\" data-end=\"1854\">Edelstein: Rubellit-Turmalin<br data-start=\"1639\" data-end=\"1642\" \/>Barva: \u010cerven\u00e1<br data-start=\"1652\" data-end=\"1655\" \/>Tvar: Ov\u00e1ln\u00fd<br data-start=\"1665\" data-end=\"1668\" \/>Gewicht: 12.81 Karat<br data-start=\"1688\" data-end=\"1691\" \/>Abmessungen: 17.2 \u00d7 14.2 mm<br data-start=\"1718\" data-end=\"1721\" \/>P\u016fvod: Mosambik<br data-start=\"1739\" data-end=\"1742\" \/>L\u00e9\u010dba: Nel\u00e9\u010den\u00e1<br data-start=\"1765\" data-end=\"1768\" \/>\u010cirost: Mal\u00e9 inkluze<br data-start=\"1796\" data-end=\"1799\" \/>Mohs-H\u00e4rte: 7 \u2013 7.5<br data-start=\"1818\" data-end=\"1821\" \/>Zertifikat: Nein<br data-start=\"1837\" data-end=\"1840\" \/>Stav: Nov\u00e9<\/p>\n<hr data-start=\"1856\" data-end=\"1859\" \/>\n<h4 data-start=\"1861\" data-end=\"1882\"><span class=\"ez-toc-section\" id=\"Besonderheiten\"><\/span>Speci\u00e1ln\u00ed funkce<span class=\"ez-toc-section-end\"><\/span><\/h4>\n<p data-start=\"1883\" data-end=\"2132\">Der Rubellit-Turmalin 12.81 Karat Oval Rot besticht durch seine au\u00dfergew\u00f6hnliche Gr\u00f6\u00dfe und seine intensive Farbwirkung. Dank seiner guten H\u00e4rte eignet sich dieser Edelstein hervorragend f\u00fcr hochwertige Schmuckfassungen und individuelle Einzelst\u00fccke.<\/p>\n<hr data-start=\"1926\" data-end=\"1929\" \/>\n<h4 data-start=\"1931\" data-end=\"1971\"><span class=\"ez-toc-section\" id=\"Mehr_uber_unsere_Edelsteine\"><\/span>V\u00edce o na\u0161ich drahokamech<span class=\"ez-toc-section-end\"><\/span><\/h4>\n<p data-start=\"1972\" data-end=\"2069\"><a href=\"https:\/\/saphirsmaragd.com\/cs\/product-category\/edelsteine-kaufen\/\">drahokamy<\/a><\/p>\n<hr data-start=\"2071\" data-end=\"2074\" \/>\n<h4 data-start=\"2076\" data-end=\"2096\"><span class=\"ez-toc-section\" id=\"Weitere_Infos\"><\/span>Dal\u0161\u00ed informace<span class=\"ez-toc-section-end\"><\/span><\/h4>\n<p><a href=\"https:\/\/de.wikipedia.org\/wiki\/Turmalin\" target=\"_blank\" rel=\"noopener\">Wikipedie: Turmal\u00edn<\/a><\/p>","protected":false},"excerpt":{"rendered":"<p data-start=\"969\" data-end=\"1107\"><em>Rubellit-Turmalin 12.81 Karat oval rot aus Mosambik. Nat\u00fcrlicher Edelstein mit intensiver Farbe, ideal f\u00fcr exklusive Schmuckanfertigungen.<\/em><\/p>\n<h2 data-start=\"523\" data-end=\"548\"><\/h2>","protected":false},"featured_media":6506,"comment_status":"open","ping_status":"closed","template":"","meta":{"_glsr_average":0,"_glsr_ranking":0,"_glsr_reviews":0},"product_brand":[],"product_cat":[109],"product_tag":[],"class_list":{"0":"post-6505","1":"product","2":"type-product","3":"status-publish","4":"has-post-thumbnail","6":"product_cat-turmalin-kaufen","7":"pa_edelsteinart-turmalin","8":"pa_farbe-rot","9":"pa_form-oval","10":"pa_gewicht-karat-10-20-karat","11":"pa_herkunft-mosambik","12":"pa_reinheit-kleine-einschluesse","13":"pa_veredelung-behandlung-unbehandelt","14":"pa_zertifikat-ja","15":"pa_zustand-neu","17":"first","18":"instock","19":"featured","20":"sold-individually","21":"shipping-taxable","22":"purchasable","23":"product-type-simple","24":"add-to-wishlist-before_image"},"jetpack_sharing_enabled":true,"_links":{"self":[{"href":"https:\/\/saphirsmaragd.com\/cs\/wp-json\/wp\/v2\/product\/6505","targetHints":{"allow":["GET"]}}],"collection":[{"href":"https:\/\/saphirsmaragd.com\/cs\/wp-json\/wp\/v2\/product"}],"about":[{"href":"https:\/\/saphirsmaragd.com\/cs\/wp-json\/wp\/v2\/types\/product"}],"replies":[{"embeddable":true,"href":"https:\/\/saphirsmaragd.com\/cs\/wp-json\/wp\/v2\/comments?post=6505"}],"version-history":[{"count":1,"href":"https:\/\/saphirsmaragd.com\/cs\/wp-json\/wp\/v2\/product\/6505\/revisions"}],"predecessor-version":[{"id":6507,"href":"https:\/\/saphirsmaragd.com\/cs\/wp-json\/wp\/v2\/product\/6505\/revisions\/6507"}],"wp:featuredmedia":[{"embeddable":true,"href":"https:\/\/saphirsmaragd.com\/cs\/wp-json\/wp\/v2\/media\/6506"}],"wp:attachment":[{"href":"https:\/\/saphirsmaragd.com\/cs\/wp-json\/wp\/v2\/media?parent=6505"}],"wp:term":[{"taxonomy":"product_brand","embeddable":true,"href":"https:\/\/saphirsmaragd.com\/cs\/wp-json\/wp\/v2\/product_brand?post=6505"},{"taxonomy":"product_cat","embeddable":true,"href":"https:\/\/saphirsmaragd.com\/cs\/wp-json\/wp\/v2\/product_cat?post=6505"},{"taxonomy":"product_tag","embeddable":true,"href":"https:\/\/saphirsmaragd.com\/cs\/wp-json\/wp\/v2\/product_tag?post=6505"}],"curies":[{"name":"wp","href":"https:\/\/api.w.org\/{rel}","templated":true}]}}