{"id":8346,"date":"2026-03-24T17:33:14","date_gmt":"2026-03-24T17:33:14","guid":{"rendered":"https:\/\/saphirsmaragd.com\/?post_type=product&#038;p=8346"},"modified":"2026-03-24T17:37:12","modified_gmt":"2026-03-24T17:37:12","slug":"spinell-oval-stern-farbe-rosa-2-48-karat","status":"publish","type":"product","link":"https:\/\/saphirsmaragd.com\/cs\/produkt\/spinell-oval-stern-farbe-rosa-2-48-karat\/","title":{"rendered":"Spinell oval Stern Farbe rosa 2.48 Karat \u2013 Zertifizierter nat\u00fcrlicher Sternspinell"},"content":{"rendered":"<p data-start=\"671\" data-end=\"999\">Der Spinell oval Stern Farbe rosa 2.48 Karat fasziniert durch seinen au\u00dfergew\u00f6hnlichen Asterismus-Effekt, bei dem ein feiner Lichtstern \u00fcber die Oberfl\u00e4che des Edelsteins gleitet. Dieser zertifizierte Spinell aus Sri Lanka ist ein echtes Sammlerst\u00fcck und \u00fcberzeugt durch seine seltene Kombination aus Farbe und optischem Effekt.<\/p>\n<hr data-start=\"1001\" data-end=\"1004\" \/>\n<div id=\"ez-toc-container\" class=\"ez-toc-v2_0_82_2 counter-hierarchy ez-toc-counter ez-toc-grey ez-toc-container-direction\">\n<div class=\"ez-toc-title-container\">\n<p class=\"ez-toc-title\" style=\"cursor:inherit\">Obsah<\/p>\n<span class=\"ez-toc-title-toggle\"><a href=\"#\" class=\"ez-toc-pull-right ez-toc-btn ez-toc-btn-xs ez-toc-btn-default ez-toc-toggle\" aria-label=\"Toggle Table of Content\"><span class=\"ez-toc-js-icon-con\"><span class=\"\"><span class=\"eztoc-hide\" style=\"display:none;\">P\u0159epnout<\/span><span class=\"ez-toc-icon-toggle-span\"><svg style=\"fill: #999;color:#999\" xmlns=\"http:\/\/www.w3.org\/2000\/svg\" class=\"list-377408\" width=\"20px\" height=\"20px\" viewbox=\"0 0 24 24\" fill=\"none\"><path d=\"M6 6H4v2h2V6zm14 0H8v2h12V6zM4 11h2v2H4v-2zm16 0H8v2h12v-2zM4 16h2v2H4v-2zm16 0H8v2h12v-2z\" fill=\"currentColor\"><\/path><\/svg><svg style=\"fill: #999;color:#999\" class=\"arrow-unsorted-368013\" xmlns=\"http:\/\/www.w3.org\/2000\/svg\" width=\"10px\" height=\"10px\" viewbox=\"0 0 24 24\" version=\"1.2\" baseprofile=\"tiny\"><path d=\"M18.2 9.3l-6.2-6.3-6.2 6.3c-.2.2-.3.4-.3.7s.1.5.3.7c.2.2.4.3.7.3h11c.3 0 .5-.1.7-.3.2-.2.3-.5.3-.7s-.1-.5-.3-.7zM5.8 14.7l6.2 6.3 6.2-6.3c.2-.2.3-.5.3-.7s-.1-.5-.3-.7c-.2-.2-.4-.3-.7-.3h-11c-.3 0-.5.1-.7.3-.2.2-.3.5-.3.7s.1.5.3.7z\"\/><\/svg><\/span><\/span><\/span><\/a><\/span><\/div>\n<nav><ul class='ez-toc-list ez-toc-list-level-1' ><li class='ez-toc-page-1 ez-toc-heading-level-4'><a class=\"ez-toc-link ez-toc-heading-1\" href=\"https:\/\/saphirsmaragd.com\/cs\/produkt\/spinell-oval-stern-farbe-rosa-2-48-karat\/#Merkmale_Herkunft\" >Merkmale &amp; Herkunft:<\/a><\/li><li class='ez-toc-page-1 ez-toc-heading-level-4'><a class=\"ez-toc-link ez-toc-heading-2\" href=\"https:\/\/saphirsmaragd.com\/cs\/produkt\/spinell-oval-stern-farbe-rosa-2-48-karat\/#Besonderheiten\" >Besonderheiten:<\/a><\/li><li class='ez-toc-page-1 ez-toc-heading-level-4'><a class=\"ez-toc-link ez-toc-heading-3\" href=\"https:\/\/saphirsmaragd.com\/cs\/produkt\/spinell-oval-stern-farbe-rosa-2-48-karat\/#Weitere_Inspiration_entdecken\" >Weitere Inspiration entdecken<\/a><\/li><\/ul><\/nav><\/div>\n<h4 data-start=\"1006\" data-end=\"1031\"><span class=\"ez-toc-section\" id=\"Merkmale_Herkunft\"><\/span>Merkmale &amp; Herkunft:<span class=\"ez-toc-section-end\"><\/span><\/h4>\n<p data-start=\"1033\" data-end=\"1232\">Barva: R\u016f\u017eov\u00e1<br data-start=\"1044\" data-end=\"1047\" \/>Form: Oval (Stern)<br data-start=\"1065\" data-end=\"1068\" \/>Herkunft: Sri Lanka<br data-start=\"1087\" data-end=\"1090\" \/>Gewicht: 2.48 Karat<br data-start=\"1109\" data-end=\"1112\" \/>Ma\u00dfe: 8 x 7 mm<br data-start=\"1126\" data-end=\"1129\" \/>Reinheit: Undurchsichtig<br data-start=\"1153\" data-end=\"1156\" \/>L\u00e9\u010dba: Nel\u00e9\u010den\u00e1<br data-start=\"1179\" data-end=\"1182\" \/>Stav: Nov\u00e9<br data-start=\"1194\" data-end=\"1197\" \/>Steinart: Spinell<br data-start=\"1214\" data-end=\"1217\" \/>Mohs-H\u00e4rte: 8<\/p>\n<p data-start=\"1234\" data-end=\"1259\">Zertifikat: FL9-3290323<\/p>\n<hr data-start=\"1261\" data-end=\"1264\" \/>\n<h4 data-start=\"1266\" data-end=\"1286\"><span class=\"ez-toc-section\" id=\"Besonderheiten\"><\/span>Besonderheiten:<span class=\"ez-toc-section-end\"><\/span><\/h4>\n<p data-start=\"1288\" data-end=\"1521\">Der Spinell oval Stern Farbe rosa 2.48 Karat geh\u00f6rt zu den seltenen Stern-Edelsteinen, die durch feine Einschl\u00fcsse im Inneren einen sichtbaren Lichtstern erzeugen. Dieser Effekt, bekannt als Asterismus, macht jeden Stein einzigartig.<\/p>\n<p data-start=\"1523\" data-end=\"1751\">Die sanfte rosa Farbe kombiniert mit dem Sternph\u00e4nomen verleiht diesem Spinell eine au\u00dfergew\u00f6hnliche Ausstrahlung. Besonders unter direktem Licht zeigt sich der Stern deutlich und sorgt f\u00fcr ein faszinierendes visuelles Erlebnis.<\/p>\n<p data-start=\"1753\" data-end=\"2003\">Spinell gilt als robuster und langlebiger Edelstein und ist daher ideal f\u00fcr hochwertige Schmuckst\u00fccke geeignet. Durch seine Seltenheit und den vorhandenen Stern-Effekt eignet sich dieser Stein sowohl f\u00fcr Sammler als auch f\u00fcr exklusive Schmuckdesigns.<\/p>\n<hr data-start=\"1387\" data-end=\"1390\" \/>\n<h4 data-start=\"413\" data-end=\"449\"><span class=\"ez-toc-section\" id=\"Weitere_Inspiration_entdecken\"><\/span>Weitere Inspiration entdecken<span class=\"ez-toc-section-end\"><\/span><\/h4>\n<p data-start=\"450\" data-end=\"582\">Suchen Sie weitere besondere Produkte? Entdecken Sie zus\u00e4tzliche Highlights in unserem Sortiment oder besuchen Sie unsere Partnerprojekte:<\/p>\n<ul data-start=\"584\" data-end=\"920\">\n<li data-start=\"584\" data-end=\"656\"><a href=\"https:\/\/saphirsmaragd.com\/cs\/shop\/\">Weitere Edelsteine &amp; Schmuckst\u00fccke bei Saphir &amp; Smaragd entdecken<\/a><\/li>\n<li data-start=\"657\" data-end=\"783\">\n<p data-start=\"659\" data-end=\"783\"><a href=\"https:\/\/honigbee.com\/shop\/\" target=\"_blank\" rel=\"noopener\">Nat\u00fcrliche Produkte bei Honigbee ansehen<br \/>\n<\/a><\/p>\n<\/li>\n<li data-start=\"784\" data-end=\"920\">\n<p data-start=\"786\" data-end=\"920\"><a href=\"https:\/\/matvana.com\/shop\/\" target=\"_blank\" rel=\"noopener\">Stilvolle Wohnideen bei Matvana erkunden<\/a><\/p>\n<\/li>\n<\/ul>","protected":false},"excerpt":{"rendered":"<p data-start=\"331\" data-end=\"448\"><em>Spinell oval Stern Farbe rosa 2.48 Karat \u2013 zertifizierter Edelstein mit einzigartigem Stern-Effekt aus Sri Lanka.<\/em><\/p>","protected":false},"featured_media":8347,"comment_status":"open","ping_status":"closed","template":"","meta":{"_glsr_average":0,"_glsr_ranking":0,"_glsr_reviews":0},"product_brand":[],"product_cat":[290],"product_tag":[],"class_list":{"0":"post-8346","1":"product","2":"type-product","3":"status-publish","4":"has-post-thumbnail","6":"product_cat-spinell","7":"pa_edelsteinart-spinell","8":"pa_farbe-rosa","9":"pa_form-oval","10":"pa_gewicht-karat-1-0-3-0-karat","11":"pa_herkunft-sri-lanka","12":"pa_reinheit-undurchsichtig","13":"pa_veredelung-behandlung-unbehandelt","14":"pa_zertifikat-ja","15":"pa_zustand-neu","17":"first","18":"instock","19":"featured","20":"sold-individually","21":"shipping-taxable","22":"purchasable","23":"product-type-simple","24":"add-to-wishlist-before_image"},"jetpack_sharing_enabled":true,"_links":{"self":[{"href":"https:\/\/saphirsmaragd.com\/cs\/wp-json\/wp\/v2\/product\/8346","targetHints":{"allow":["GET"]}}],"collection":[{"href":"https:\/\/saphirsmaragd.com\/cs\/wp-json\/wp\/v2\/product"}],"about":[{"href":"https:\/\/saphirsmaragd.com\/cs\/wp-json\/wp\/v2\/types\/product"}],"replies":[{"embeddable":true,"href":"https:\/\/saphirsmaragd.com\/cs\/wp-json\/wp\/v2\/comments?post=8346"}],"version-history":[{"count":1,"href":"https:\/\/saphirsmaragd.com\/cs\/wp-json\/wp\/v2\/product\/8346\/revisions"}],"predecessor-version":[{"id":8349,"href":"https:\/\/saphirsmaragd.com\/cs\/wp-json\/wp\/v2\/product\/8346\/revisions\/8349"}],"wp:featuredmedia":[{"embeddable":true,"href":"https:\/\/saphirsmaragd.com\/cs\/wp-json\/wp\/v2\/media\/8347"}],"wp:attachment":[{"href":"https:\/\/saphirsmaragd.com\/cs\/wp-json\/wp\/v2\/media?parent=8346"}],"wp:term":[{"taxonomy":"product_brand","embeddable":true,"href":"https:\/\/saphirsmaragd.com\/cs\/wp-json\/wp\/v2\/product_brand?post=8346"},{"taxonomy":"product_cat","embeddable":true,"href":"https:\/\/saphirsmaragd.com\/cs\/wp-json\/wp\/v2\/product_cat?post=8346"},{"taxonomy":"product_tag","embeddable":true,"href":"https:\/\/saphirsmaragd.com\/cs\/wp-json\/wp\/v2\/product_tag?post=8346"}],"curies":[{"name":"wp","href":"https:\/\/api.w.org\/{rel}","templated":true}]}}