{"id":8581,"date":"2026-04-14T17:45:00","date_gmt":"2026-04-14T17:45:00","guid":{"rendered":"https:\/\/saphirsmaragd.com\/?post_type=product&#038;p=8581"},"modified":"2026-04-14T17:46:48","modified_gmt":"2026-04-14T17:46:48","slug":"smaragd-rechteck-gruen-1-42-karat","status":"publish","type":"product","link":"https:\/\/saphirsmaragd.com\/cs\/produkt\/smaragd-rechteck-gruen-1-42-karat\/","title":{"rendered":"Smaragd Rechteck Gr\u00fcn 1.42 Karat aus Sambia \u2013 Eleganter Edelstein mit klassischem Schliff"},"content":{"rendered":"<p data-start=\"721\" data-end=\"980\">Der Smaragd Rechteck Gr\u00fcn 1.42 Karat aus Sambia \u00fcberzeugt durch seine ausgewogene Gr\u00f6\u00dfe und seine intensive gr\u00fcne Farbgebung. Der klassische Rechteckschliff unterstreicht die klare Struktur des Edelsteins und sorgt f\u00fcr eine elegante, hochwertige Ausstrahlung.<\/p>\n<hr data-start=\"982\" data-end=\"985\" \/>\n<div id=\"ez-toc-container\" class=\"ez-toc-v2_0_82_2 counter-hierarchy ez-toc-counter ez-toc-grey ez-toc-container-direction\">\n<div class=\"ez-toc-title-container\">\n<p class=\"ez-toc-title\" style=\"cursor:inherit\">Obsah<\/p>\n<span class=\"ez-toc-title-toggle\"><a href=\"#\" class=\"ez-toc-pull-right ez-toc-btn ez-toc-btn-xs ez-toc-btn-default ez-toc-toggle\" aria-label=\"Toggle Table of Content\"><span class=\"ez-toc-js-icon-con\"><span class=\"\"><span class=\"eztoc-hide\" style=\"display:none;\">P\u0159epnout<\/span><span class=\"ez-toc-icon-toggle-span\"><svg style=\"fill: #999;color:#999\" xmlns=\"http:\/\/www.w3.org\/2000\/svg\" class=\"list-377408\" width=\"20px\" height=\"20px\" viewbox=\"0 0 24 24\" fill=\"none\"><path d=\"M6 6H4v2h2V6zm14 0H8v2h12V6zM4 11h2v2H4v-2zm16 0H8v2h12v-2zM4 16h2v2H4v-2zm16 0H8v2h12v-2z\" fill=\"currentColor\"><\/path><\/svg><svg style=\"fill: #999;color:#999\" class=\"arrow-unsorted-368013\" xmlns=\"http:\/\/www.w3.org\/2000\/svg\" width=\"10px\" height=\"10px\" viewbox=\"0 0 24 24\" version=\"1.2\" baseprofile=\"tiny\"><path d=\"M18.2 9.3l-6.2-6.3-6.2 6.3c-.2.2-.3.4-.3.7s.1.5.3.7c.2.2.4.3.7.3h11c.3 0 .5-.1.7-.3.2-.2.3-.5.3-.7s-.1-.5-.3-.7zM5.8 14.7l6.2 6.3 6.2-6.3c.2-.2.3-.5.3-.7s-.1-.5-.3-.7c-.2-.2-.4-.3-.7-.3h-11c-.3 0-.5.1-.7.3-.2.2-.3.5-.3.7s.1.5.3.7z\"\/><\/svg><\/span><\/span><\/span><\/a><\/span><\/div>\n<nav><ul class='ez-toc-list ez-toc-list-level-1' ><li class='ez-toc-page-1 ez-toc-heading-level-4'><a class=\"ez-toc-link ez-toc-heading-1\" href=\"https:\/\/saphirsmaragd.com\/cs\/produkt\/smaragd-rechteck-gruen-1-42-karat\/#Merkmale_Herkunft\" >Charakteristika a p\u016fvod<\/a><\/li><li class='ez-toc-page-1 ez-toc-heading-level-4'><a class=\"ez-toc-link ez-toc-heading-2\" href=\"https:\/\/saphirsmaragd.com\/cs\/produkt\/smaragd-rechteck-gruen-1-42-karat\/#Besonderheiten\" >Speci\u00e1ln\u00ed funkce<\/a><\/li><li class='ez-toc-page-1 ez-toc-heading-level-4'><a class=\"ez-toc-link ez-toc-heading-3\" href=\"https:\/\/saphirsmaragd.com\/cs\/produkt\/smaragd-rechteck-gruen-1-42-karat\/#Mehr_uber_Heilsteine_Kristalle\" >V\u00edce o l\u00e9\u010div\u00fdch kamenech a krystalech<\/a><\/li><li class='ez-toc-page-1 ez-toc-heading-level-4'><a class=\"ez-toc-link ez-toc-heading-4\" href=\"https:\/\/saphirsmaragd.com\/cs\/produkt\/smaragd-rechteck-gruen-1-42-karat\/#Weitere_Infos\" >Dal\u0161\u00ed informace<\/a><\/li><\/ul><\/nav><\/div>\n<h4 data-start=\"987\" data-end=\"1013\"><span class=\"ez-toc-section\" id=\"Merkmale_Herkunft\"><\/span>Charakteristika a p\u016fvod<span class=\"ez-toc-section-end\"><\/span><\/h4>\n<p data-start=\"1015\" data-end=\"1245\">Steinart: Smaragd<br data-start=\"1032\" data-end=\"1035\" \/>Barva: Zelen\u00e1<br data-start=\"1046\" data-end=\"1049\" \/>Tvar: Obd\u00e9ln\u00edk<br data-start=\"1063\" data-end=\"1066\" \/>Gewicht: 1.42 Karat<br data-start=\"1085\" data-end=\"1088\" \/>Abmessungen: 8.0 x 6.0 mm<br data-start=\"1113\" data-end=\"1116\" \/>Herkunft: Sambia<br data-start=\"1132\" data-end=\"1135\" \/>\u010cirost: Mal\u00e9 inkluze<br data-start=\"1163\" data-end=\"1166\" \/>Behandlung: Ge\u00f6lt<br data-start=\"1183\" data-end=\"1186\" \/>Beobachtung: Nat\u00fcrlich<br data-start=\"1208\" data-end=\"1211\" \/>Mohs-H\u00e4rte: 7.5\u20138<br data-start=\"1228\" data-end=\"1231\" \/>Stav: Nov\u00e9<\/p>\n<hr data-start=\"1247\" data-end=\"1250\" \/>\n<h4 data-start=\"1252\" data-end=\"1273\"><span class=\"ez-toc-section\" id=\"Besonderheiten\"><\/span>Speci\u00e1ln\u00ed funkce<span class=\"ez-toc-section-end\"><\/span><\/h4>\n<p data-start=\"1275\" data-end=\"1489\">Der Smaragd Rechteck Gr\u00fcn 1.42 Karat geh\u00f6rt zu den besonders gefragten Edelsteinen im Bereich \u00fcber einem Karat. Diese Gr\u00f6\u00dfe bietet eine ideale Kombination aus Sichtbarkeit, Eleganz und Preis-Leistungs-Verh\u00e4ltnis.<\/p>\n<p data-start=\"1491\" data-end=\"1771\">Die rechteckige Form verleiht dem Stein eine klare, moderne Linienf\u00fchrung und macht ihn zur perfekten Wahl f\u00fcr hochwertige Schmuckst\u00fccke wie Verlobungsringe oder luxuri\u00f6se Anh\u00e4nger. Besonders in minimalistischen Fassungen kommt die Geometrie dieses Schliffs optimal zur Geltung.<\/p>\n<p data-start=\"1773\" data-end=\"2005\">Smaragde aus Sambia sind bekannt f\u00fcr ihre intensive, leicht k\u00fchlere Gr\u00fcnf\u00e4rbung und ihre hohe Qualit\u00e4t. Die nat\u00fcrlichen Einschl\u00fcsse sind charakteristisch f\u00fcr echte Smaragde und geben jedem Stein seine individuelle Einzigartigkeit.<\/p>\n<hr data-start=\"1670\" data-end=\"1673\" \/>\n<h4 data-start=\"1448\" data-end=\"1473\"><span class=\"ez-toc-section\" id=\"Mehr_uber_Heilsteine_Kristalle\"><\/span>V\u00edce o l\u00e9\u010div\u00fdch kamenech a krystalech<span class=\"ez-toc-section-end\"><\/span><\/h4>\n<p data-start=\"1475\" data-end=\"1668\"><a class=\"\" href=\"https:\/\/saphirsmaragd.com\/cs\/product-category\/heilsteine-kristalle-kaufen\/\" target=\"_new\" rel=\"noopener\" data-start=\"1571\" data-end=\"1668\">L\u00e9\u010div\u00e9 kameny a krystaly<\/a><\/p>\n<hr data-start=\"1670\" data-end=\"1673\" \/>\n<h4 data-start=\"1675\" data-end=\"1695\"><span class=\"ez-toc-section\" id=\"Weitere_Infos\"><\/span>Dal\u0161\u00ed informace<span class=\"ez-toc-section-end\"><\/span><\/h4>\n<p data-start=\"1697\" data-end=\"1801\"><a class=\"\" href=\"https:\/\/de.wikipedia.org\/wiki\/Smaragd\" target=\"_new\" rel=\"noopener\" data-start=\"1741\" data-end=\"1801\">Wikipedie \u2013 Smaragd<\/a><\/p>","protected":false},"excerpt":{"rendered":"<p data-start=\"399\" data-end=\"531\"><em>Smaragd Rechteck Gr\u00fcn 1.42 Karat aus Sambia, ge\u00f6lt. Hochwertiger Edelstein mit intensiver Farbe und zeitloser rechteckiger Form.<\/em><\/p>","protected":false},"featured_media":8582,"comment_status":"open","ping_status":"closed","template":"","meta":{"_glsr_average":0,"_glsr_ranking":0,"_glsr_reviews":0},"product_brand":[],"product_cat":[262],"product_tag":[],"class_list":{"0":"post-8581","1":"product","2":"type-product","3":"status-publish","4":"has-post-thumbnail","6":"product_cat-smaragd","7":"pa_edelsteinart-smaragd","8":"pa_farbe-gruen","9":"pa_form-rechteck","10":"pa_gewicht-karat-1-0-3-0-karat","11":"pa_herkunft-sambia","12":"pa_reinheit-kleine-einschluesse","13":"pa_veredelung-behandlung-geoelt","14":"pa_zustand-neu","16":"first","17":"instock","18":"sold-individually","19":"shipping-taxable","20":"purchasable","21":"product-type-simple","22":"add-to-wishlist-before_image"},"jetpack_sharing_enabled":true,"_links":{"self":[{"href":"https:\/\/saphirsmaragd.com\/cs\/wp-json\/wp\/v2\/product\/8581","targetHints":{"allow":["GET"]}}],"collection":[{"href":"https:\/\/saphirsmaragd.com\/cs\/wp-json\/wp\/v2\/product"}],"about":[{"href":"https:\/\/saphirsmaragd.com\/cs\/wp-json\/wp\/v2\/types\/product"}],"replies":[{"embeddable":true,"href":"https:\/\/saphirsmaragd.com\/cs\/wp-json\/wp\/v2\/comments?post=8581"}],"version-history":[{"count":1,"href":"https:\/\/saphirsmaragd.com\/cs\/wp-json\/wp\/v2\/product\/8581\/revisions"}],"predecessor-version":[{"id":8583,"href":"https:\/\/saphirsmaragd.com\/cs\/wp-json\/wp\/v2\/product\/8581\/revisions\/8583"}],"wp:featuredmedia":[{"embeddable":true,"href":"https:\/\/saphirsmaragd.com\/cs\/wp-json\/wp\/v2\/media\/8582"}],"wp:attachment":[{"href":"https:\/\/saphirsmaragd.com\/cs\/wp-json\/wp\/v2\/media?parent=8581"}],"wp:term":[{"taxonomy":"product_brand","embeddable":true,"href":"https:\/\/saphirsmaragd.com\/cs\/wp-json\/wp\/v2\/product_brand?post=8581"},{"taxonomy":"product_cat","embeddable":true,"href":"https:\/\/saphirsmaragd.com\/cs\/wp-json\/wp\/v2\/product_cat?post=8581"},{"taxonomy":"product_tag","embeddable":true,"href":"https:\/\/saphirsmaragd.com\/cs\/wp-json\/wp\/v2\/product_tag?post=8581"}],"curies":[{"name":"wp","href":"https:\/\/api.w.org\/{rel}","templated":true}]}}