{"id":8676,"date":"2026-04-27T14:40:45","date_gmt":"2026-04-27T14:40:45","guid":{"rendered":"https:\/\/saphirsmaragd.com\/?post_type=product&#038;p=8676"},"modified":"2026-04-27T14:45:57","modified_gmt":"2026-04-27T14:45:57","slug":"smaragd-rechteck-gruen-0-45-karat","status":"publish","type":"product","link":"https:\/\/saphirsmaragd.com\/cs\/produkt\/smaragd-rechteck-gruen-0-45-karat\/","title":{"rendered":"Smaragd Rechteck Gr\u00fcn 0.45 Karat aus Sambia \u2013 Feiner Smaragdschliff Edelstein f\u00fcr filigranen Schmuck"},"content":{"rendered":"<p data-start=\"857\" data-end=\"1115\">\n<p data-start=\"941\" data-end=\"1203\">Der Smaragd Rechteck Gr\u00fcn 0.45 Karat aus Sambia \u00fcberzeugt durch seine klassische rechteckige Form und seine lebendige gr\u00fcne Farbe. Trotz seiner kleineren Gr\u00f6\u00dfe bietet dieser Edelstein eine elegante Ausstrahlung und eignet sich ideal f\u00fcr filigrane Schmuckdesigns.<\/p>\n<hr data-start=\"1205\" data-end=\"1208\" \/>\n<div id=\"ez-toc-container\" class=\"ez-toc-v2_0_82_2 counter-hierarchy ez-toc-counter ez-toc-grey ez-toc-container-direction\">\n<div class=\"ez-toc-title-container\">\n<p class=\"ez-toc-title\" style=\"cursor:inherit\">Obsah<\/p>\n<span class=\"ez-toc-title-toggle\"><a href=\"#\" class=\"ez-toc-pull-right ez-toc-btn ez-toc-btn-xs ez-toc-btn-default ez-toc-toggle\" aria-label=\"Toggle Table of Content\"><span class=\"ez-toc-js-icon-con\"><span class=\"\"><span class=\"eztoc-hide\" style=\"display:none;\">P\u0159epnout<\/span><span class=\"ez-toc-icon-toggle-span\"><svg style=\"fill: #999;color:#999\" xmlns=\"http:\/\/www.w3.org\/2000\/svg\" class=\"list-377408\" width=\"20px\" height=\"20px\" viewbox=\"0 0 24 24\" fill=\"none\"><path d=\"M6 6H4v2h2V6zm14 0H8v2h12V6zM4 11h2v2H4v-2zm16 0H8v2h12v-2zM4 16h2v2H4v-2zm16 0H8v2h12v-2z\" fill=\"currentColor\"><\/path><\/svg><svg style=\"fill: #999;color:#999\" class=\"arrow-unsorted-368013\" xmlns=\"http:\/\/www.w3.org\/2000\/svg\" width=\"10px\" height=\"10px\" viewbox=\"0 0 24 24\" version=\"1.2\" baseprofile=\"tiny\"><path d=\"M18.2 9.3l-6.2-6.3-6.2 6.3c-.2.2-.3.4-.3.7s.1.5.3.7c.2.2.4.3.7.3h11c.3 0 .5-.1.7-.3.2-.2.3-.5.3-.7s-.1-.5-.3-.7zM5.8 14.7l6.2 6.3 6.2-6.3c.2-.2.3-.5.3-.7s-.1-.5-.3-.7c-.2-.2-.4-.3-.7-.3h-11c-.3 0-.5.1-.7.3-.2.2-.3.5-.3.7s.1.5.3.7z\"\/><\/svg><\/span><\/span><\/span><\/a><\/span><\/div>\n<nav><ul class='ez-toc-list ez-toc-list-level-1' ><li class='ez-toc-page-1 ez-toc-heading-level-4'><a class=\"ez-toc-link ez-toc-heading-1\" href=\"https:\/\/saphirsmaragd.com\/cs\/produkt\/smaragd-rechteck-gruen-0-45-karat\/#Merkmale_Herkunft\" >Charakteristika a p\u016fvod<\/a><\/li><li class='ez-toc-page-1 ez-toc-heading-level-4'><a class=\"ez-toc-link ez-toc-heading-2\" href=\"https:\/\/saphirsmaragd.com\/cs\/produkt\/smaragd-rechteck-gruen-0-45-karat\/#Besonderheiten\" >Speci\u00e1ln\u00ed funkce<\/a><\/li><li class='ez-toc-page-1 ez-toc-heading-level-4'><a class=\"ez-toc-link ez-toc-heading-3\" href=\"https:\/\/saphirsmaragd.com\/cs\/produkt\/smaragd-rechteck-gruen-0-45-karat\/#Mehr_uber_Heilsteine_Kristalle\" >V\u00edce o l\u00e9\u010div\u00fdch kamenech a krystalech<\/a><\/li><li class='ez-toc-page-1 ez-toc-heading-level-4'><a class=\"ez-toc-link ez-toc-heading-4\" href=\"https:\/\/saphirsmaragd.com\/cs\/produkt\/smaragd-rechteck-gruen-0-45-karat\/#Weitere_Infos\" >Dal\u0161\u00ed informace<\/a><\/li><\/ul><\/nav><\/div>\n<h4 data-start=\"1210\" data-end=\"1236\"><span class=\"ez-toc-section\" id=\"Merkmale_Herkunft\"><\/span>Charakteristika a p\u016fvod<span class=\"ez-toc-section-end\"><\/span><\/h4>\n<p data-start=\"1238\" data-end=\"1485\">Steinart: Smaragd<br data-start=\"1255\" data-end=\"1258\" \/>Barva: Zelen\u00e1<br data-start=\"1269\" data-end=\"1272\" \/>Form: Rechteck (Smaragdschliff)<br data-start=\"1303\" data-end=\"1306\" \/>Gewicht: 0.45 Karat<br data-start=\"1325\" data-end=\"1328\" \/>Abmessungen: ca. 6 x 4 mm<br data-start=\"1353\" data-end=\"1356\" \/>Herkunft: Sambia<br data-start=\"1372\" data-end=\"1375\" \/>\u010cirost: Siln\u00e9 inkluze<br data-start=\"1403\" data-end=\"1406\" \/>Behandlung: Ge\u00f6lt<br data-start=\"1423\" data-end=\"1426\" \/>Beobachtung: Nat\u00fcrlich<br data-start=\"1448\" data-end=\"1451\" \/>Mohs-H\u00e4rte: 7.5\u20138<br data-start=\"1468\" data-end=\"1471\" \/>Stav: Nov\u00e9<\/p>\n<hr data-start=\"1487\" data-end=\"1490\" \/>\n<h4 data-start=\"1492\" data-end=\"1513\"><span class=\"ez-toc-section\" id=\"Besonderheiten\"><\/span>Speci\u00e1ln\u00ed funkce<span class=\"ez-toc-section-end\"><\/span><\/h4>\n<p data-start=\"1515\" data-end=\"1761\">Der Smaragd Rechteck Gr\u00fcn 0.45 Karat wurde im klassischen Smaragdschliff gefertigt, der f\u00fcr seine klaren Linien und seine zeitlose Eleganz bekannt ist. Diese Schliffform bringt die nat\u00fcrliche Struktur des Edelsteins besonders sch\u00f6n zur Geltung.<\/p>\n<p data-start=\"1763\" data-end=\"1998\">Durch seine kompakte Gr\u00f6\u00dfe eignet sich dieser Smaragd hervorragend f\u00fcr dezente und elegante Schmuckst\u00fccke wie feine Ringe, Ohrstecker oder zarte Anh\u00e4nger. Besonders in minimalistischen Designs entfaltet der Stein seine volle Wirkung.<\/p>\n<p data-start=\"2000\" data-end=\"2213\">Smaragde aus Sambia sind f\u00fcr ihre intensive gr\u00fcne Farbe gesch\u00e4tzt. Die nat\u00fcrlichen Einschl\u00fcsse sind typisch f\u00fcr echte Smaragde und unterstreichen die Echtheit sowie den individuellen Charakter dieses Edelsteins.<\/p>\n<h4 data-start=\"1448\" data-end=\"1473\"><span class=\"ez-toc-section\" id=\"Mehr_uber_Heilsteine_Kristalle\"><\/span>V\u00edce o l\u00e9\u010div\u00fdch kamenech a krystalech<span class=\"ez-toc-section-end\"><\/span><\/h4>\n<p data-start=\"1475\" data-end=\"1668\"><a class=\"\" href=\"https:\/\/saphirsmaragd.com\/cs\/product-category\/heilsteine-kristalle-kaufen\/\" target=\"_new\" rel=\"noopener\" data-start=\"1571\" data-end=\"1668\">L\u00e9\u010div\u00e9 kameny a krystaly<\/a><\/p>\n<hr data-start=\"1670\" data-end=\"1673\" \/>\n<h4 data-start=\"1675\" data-end=\"1695\"><span class=\"ez-toc-section\" id=\"Weitere_Infos\"><\/span>Dal\u0161\u00ed informace<span class=\"ez-toc-section-end\"><\/span><\/h4>\n<p data-start=\"1697\" data-end=\"1801\"><a class=\"\" href=\"https:\/\/de.wikipedia.org\/wiki\/Smaragd\" target=\"_new\" rel=\"noopener\" data-start=\"1741\" data-end=\"1801\">Wikipedie \u2013 Smaragd<\/a><\/p>","protected":false},"excerpt":{"rendered":"<p data-start=\"610\" data-end=\"740\"><em>Smaragd Rechteck Gr\u00fcn 0.45 Karat aus Sambia, ge\u00f6lt. Eleganter Edelstein im klassischen Smaragdschliff f\u00fcr feine Schmuckst\u00fccke.<\/em><\/p>","protected":false},"featured_media":8677,"comment_status":"open","ping_status":"closed","template":"","meta":{"_glsr_average":0,"_glsr_ranking":0,"_glsr_reviews":0},"product_brand":[],"product_cat":[262],"product_tag":[],"class_list":{"0":"post-8676","1":"product","2":"type-product","3":"status-publish","4":"has-post-thumbnail","6":"product_cat-smaragd","7":"pa_edelsteinart-smaragd","8":"pa_farbe-gruen","9":"pa_form-rechteck","10":"pa_gewicht-karat-0-1-0-5-karat","11":"pa_herkunft-sambia","12":"pa_reinheit-starke-einschluesse","13":"pa_veredelung-behandlung-geoelt","14":"pa_zustand-neu","16":"first","17":"instock","18":"sold-individually","19":"taxable","20":"shipping-taxable","21":"purchasable","22":"product-type-simple","23":"add-to-wishlist-before_image"},"jetpack_sharing_enabled":true,"_links":{"self":[{"href":"https:\/\/saphirsmaragd.com\/cs\/wp-json\/wp\/v2\/product\/8676","targetHints":{"allow":["GET"]}}],"collection":[{"href":"https:\/\/saphirsmaragd.com\/cs\/wp-json\/wp\/v2\/product"}],"about":[{"href":"https:\/\/saphirsmaragd.com\/cs\/wp-json\/wp\/v2\/types\/product"}],"replies":[{"embeddable":true,"href":"https:\/\/saphirsmaragd.com\/cs\/wp-json\/wp\/v2\/comments?post=8676"}],"version-history":[{"count":2,"href":"https:\/\/saphirsmaragd.com\/cs\/wp-json\/wp\/v2\/product\/8676\/revisions"}],"predecessor-version":[{"id":8679,"href":"https:\/\/saphirsmaragd.com\/cs\/wp-json\/wp\/v2\/product\/8676\/revisions\/8679"}],"wp:featuredmedia":[{"embeddable":true,"href":"https:\/\/saphirsmaragd.com\/cs\/wp-json\/wp\/v2\/media\/8677"}],"wp:attachment":[{"href":"https:\/\/saphirsmaragd.com\/cs\/wp-json\/wp\/v2\/media?parent=8676"}],"wp:term":[{"taxonomy":"product_brand","embeddable":true,"href":"https:\/\/saphirsmaragd.com\/cs\/wp-json\/wp\/v2\/product_brand?post=8676"},{"taxonomy":"product_cat","embeddable":true,"href":"https:\/\/saphirsmaragd.com\/cs\/wp-json\/wp\/v2\/product_cat?post=8676"},{"taxonomy":"product_tag","embeddable":true,"href":"https:\/\/saphirsmaragd.com\/cs\/wp-json\/wp\/v2\/product_tag?post=8676"}],"curies":[{"name":"wp","href":"https:\/\/api.w.org\/{rel}","templated":true}]}}