{"id":8680,"date":"2026-04-27T14:46:55","date_gmt":"2026-04-27T14:46:55","guid":{"rendered":"https:\/\/saphirsmaragd.com\/?post_type=product&#038;p=8680"},"modified":"2026-04-27T14:51:14","modified_gmt":"2026-04-27T14:51:14","slug":"smaragd-tropfen-gruen-0-81-karat","status":"publish","type":"product","link":"https:\/\/saphirsmaragd.com\/cs\/produkt\/smaragd-tropfen-gruen-0-81-karat\/","title":{"rendered":"Smaragdov\u011b zelen\u00e1 0,81 kar\u00e1tu ze Zambie \u2013 Elegantn\u00ed drahokam ve tvaru slzy s intenzivn\u00ed barvou"},"content":{"rendered":"<p data-start=\"868\" data-end=\"1106\">Der Smaragd Tropfen Gr\u00fcn 0.81 Karat aus Sambia \u00fcberzeugt durch seine harmonische Tropfenform und seine lebendige gr\u00fcne Farbintensit\u00e4t. Dieser Edelstein vereint klassische Eleganz mit einer attraktiven Gr\u00f6\u00dfe f\u00fcr vielseitige Schmuckdesigns.<\/p>\n<hr data-start=\"1108\" data-end=\"1111\" \/>\n<div id=\"ez-toc-container\" class=\"ez-toc-v2_0_82_2 counter-hierarchy ez-toc-counter ez-toc-grey ez-toc-container-direction\">\n<div class=\"ez-toc-title-container\">\n<p class=\"ez-toc-title\" style=\"cursor:inherit\">Obsah<\/p>\n<span class=\"ez-toc-title-toggle\"><a href=\"#\" class=\"ez-toc-pull-right ez-toc-btn ez-toc-btn-xs ez-toc-btn-default ez-toc-toggle\" aria-label=\"Toggle Table of Content\"><span class=\"ez-toc-js-icon-con\"><span class=\"\"><span class=\"eztoc-hide\" style=\"display:none;\">P\u0159epnout<\/span><span class=\"ez-toc-icon-toggle-span\"><svg style=\"fill: #999;color:#999\" xmlns=\"http:\/\/www.w3.org\/2000\/svg\" class=\"list-377408\" width=\"20px\" height=\"20px\" viewbox=\"0 0 24 24\" fill=\"none\"><path d=\"M6 6H4v2h2V6zm14 0H8v2h12V6zM4 11h2v2H4v-2zm16 0H8v2h12v-2zM4 16h2v2H4v-2zm16 0H8v2h12v-2z\" fill=\"currentColor\"><\/path><\/svg><svg style=\"fill: #999;color:#999\" class=\"arrow-unsorted-368013\" xmlns=\"http:\/\/www.w3.org\/2000\/svg\" width=\"10px\" height=\"10px\" viewbox=\"0 0 24 24\" version=\"1.2\" baseprofile=\"tiny\"><path d=\"M18.2 9.3l-6.2-6.3-6.2 6.3c-.2.2-.3.4-.3.7s.1.5.3.7c.2.2.4.3.7.3h11c.3 0 .5-.1.7-.3.2-.2.3-.5.3-.7s-.1-.5-.3-.7zM5.8 14.7l6.2 6.3 6.2-6.3c.2-.2.3-.5.3-.7s-.1-.5-.3-.7c-.2-.2-.4-.3-.7-.3h-11c-.3 0-.5.1-.7.3-.2.2-.3.5-.3.7s.1.5.3.7z\"\/><\/svg><\/span><\/span><\/span><\/a><\/span><\/div>\n<nav><ul class='ez-toc-list ez-toc-list-level-1' ><li class='ez-toc-page-1 ez-toc-heading-level-4'><a class=\"ez-toc-link ez-toc-heading-1\" href=\"https:\/\/saphirsmaragd.com\/cs\/produkt\/smaragd-tropfen-gruen-0-81-karat\/#Merkmale_Herkunft\" >Charakteristika a p\u016fvod<\/a><\/li><li class='ez-toc-page-1 ez-toc-heading-level-4'><a class=\"ez-toc-link ez-toc-heading-2\" href=\"https:\/\/saphirsmaragd.com\/cs\/produkt\/smaragd-tropfen-gruen-0-81-karat\/#Besonderheiten\" >Speci\u00e1ln\u00ed funkce<\/a><\/li><li class='ez-toc-page-1 ez-toc-heading-level-4'><a class=\"ez-toc-link ez-toc-heading-3\" href=\"https:\/\/saphirsmaragd.com\/cs\/produkt\/smaragd-tropfen-gruen-0-81-karat\/#Mehr_uber_Heilsteine_Kristalle\" >V\u00edce o l\u00e9\u010div\u00fdch kamenech a krystalech<\/a><\/li><li class='ez-toc-page-1 ez-toc-heading-level-4'><a class=\"ez-toc-link ez-toc-heading-4\" href=\"https:\/\/saphirsmaragd.com\/cs\/produkt\/smaragd-tropfen-gruen-0-81-karat\/#Weitere_Infos\" >Dal\u0161\u00ed informace<\/a><\/li><\/ul><\/nav><\/div>\n<h4 data-start=\"1113\" data-end=\"1139\"><span class=\"ez-toc-section\" id=\"Merkmale_Herkunft\"><\/span>Charakteristika a p\u016fvod<span class=\"ez-toc-section-end\"><\/span><\/h4>\n<p data-start=\"1141\" data-end=\"1391\">Steinart: Smaragd<br data-start=\"1158\" data-end=\"1161\" \/>Barva: Zelen\u00e1<br data-start=\"1172\" data-end=\"1175\" \/>Form: Tropfen (Tropfenschliff)<br data-start=\"1205\" data-end=\"1208\" \/>Gewicht: 0.81 Karat<br data-start=\"1227\" data-end=\"1230\" \/>Abmessungen: ca. 7.8 x 5.9 mm<br data-start=\"1259\" data-end=\"1262\" \/>Herkunft: Sambia<br data-start=\"1278\" data-end=\"1281\" \/>\u010cirost: Mal\u00e9 inkluze<br data-start=\"1309\" data-end=\"1312\" \/>Behandlung: Ge\u00f6lt<br data-start=\"1329\" data-end=\"1332\" \/>Beobachtung: Nat\u00fcrlich<br data-start=\"1354\" data-end=\"1357\" \/>Mohs-H\u00e4rte: 7.5\u20138<br data-start=\"1374\" data-end=\"1377\" \/>Stav: Nov\u00e9<\/p>\n<hr data-start=\"1393\" data-end=\"1396\" \/>\n<h4 data-start=\"1398\" data-end=\"1419\"><span class=\"ez-toc-section\" id=\"Besonderheiten\"><\/span>Speci\u00e1ln\u00ed funkce<span class=\"ez-toc-section-end\"><\/span><\/h4>\n<p data-start=\"1421\" data-end=\"1694\">Der Smaragd Tropfen Gr\u00fcn 0.81 Karat besticht durch seine elegante Tropfenform, die f\u00fcr ihre weiche Linienf\u00fchrung und ihre edle Ausstrahlung bekannt ist. Diese Schliffform eignet sich besonders gut f\u00fcr Anh\u00e4nger oder Schmuckst\u00fccke, bei denen der Stein im Mittelpunkt steht.<\/p>\n<p data-start=\"1696\" data-end=\"1916\">Mit seinem ausgewogenen Gewicht bietet dieser Smaragd eine ideale Kombination aus Gr\u00f6\u00dfe und Preis. Er ist gro\u00df genug, um visuell zu wirken, bleibt jedoch deutlich zug\u00e4nglicher als gr\u00f6\u00dfere Edelsteine im 1-Karat-Bereich.<\/p>\n<p data-start=\"1918\" data-end=\"2149\">Smaragde aus Sambia sind weltweit gesch\u00e4tzt f\u00fcr ihre intensive gr\u00fcne Farbe und ihre nat\u00fcrliche Sch\u00f6nheit. Die charakteristischen Einschl\u00fcsse best\u00e4tigen die Echtheit des Edelsteins und verleihen ihm seinen individuellen Charakter.<\/p>\n<hr data-start=\"1670\" data-end=\"1673\" \/>\n<h4 data-start=\"1448\" data-end=\"1473\"><span class=\"ez-toc-section\" id=\"Mehr_uber_Heilsteine_Kristalle\"><\/span>V\u00edce o l\u00e9\u010div\u00fdch kamenech a krystalech<span class=\"ez-toc-section-end\"><\/span><\/h4>\n<p data-start=\"1475\" data-end=\"1668\"><a class=\"\" href=\"https:\/\/saphirsmaragd.com\/cs\/product-category\/heilsteine-kristalle-kaufen\/\" target=\"_new\" rel=\"noopener\" data-start=\"1571\" data-end=\"1668\">L\u00e9\u010div\u00e9 kameny a krystaly<\/a><\/p>\n<hr data-start=\"1670\" data-end=\"1673\" \/>\n<h4 data-start=\"1675\" data-end=\"1695\"><span class=\"ez-toc-section\" id=\"Weitere_Infos\"><\/span>Dal\u0161\u00ed informace<span class=\"ez-toc-section-end\"><\/span><\/h4>\n<p data-start=\"1697\" data-end=\"1801\"><a class=\"\" href=\"https:\/\/de.wikipedia.org\/wiki\/Smaragd\" target=\"_new\" rel=\"noopener\" data-start=\"1741\" data-end=\"1801\">Wikipedie \u2013 Smaragd<\/a><\/p>","protected":false},"excerpt":{"rendered":"<p data-start=\"544\" data-end=\"668\"><em>Smaragd Tropfen Gr\u00fcn 0.81 Karat aus Sambia, ge\u00f6lt. Hochwertiger Edelstein im Tropfenschliff mit lebendiger gr\u00fcner Farbe.<\/em><\/p>","protected":false},"featured_media":8681,"comment_status":"open","ping_status":"closed","template":"","meta":{"_glsr_average":0,"_glsr_ranking":0,"_glsr_reviews":0},"product_brand":[],"product_cat":[262],"product_tag":[],"class_list":{"0":"post-8680","1":"product","2":"type-product","3":"status-publish","4":"has-post-thumbnail","6":"product_cat-smaragd","7":"pa_edelsteinart-smaragd","8":"pa_farbe-gruen","9":"pa_form-tropfen","10":"pa_gewicht-karat-0-5-1-0-karat","11":"pa_herkunft-sambia","12":"pa_reinheit-kleine-einschluesse","13":"pa_veredelung-behandlung-geoelt","14":"pa_zustand-neu","16":"first","17":"instock","18":"sold-individually","19":"taxable","20":"shipping-taxable","21":"purchasable","22":"product-type-simple","23":"add-to-wishlist-before_image"},"jetpack_sharing_enabled":true,"_links":{"self":[{"href":"https:\/\/saphirsmaragd.com\/cs\/wp-json\/wp\/v2\/product\/8680","targetHints":{"allow":["GET"]}}],"collection":[{"href":"https:\/\/saphirsmaragd.com\/cs\/wp-json\/wp\/v2\/product"}],"about":[{"href":"https:\/\/saphirsmaragd.com\/cs\/wp-json\/wp\/v2\/types\/product"}],"replies":[{"embeddable":true,"href":"https:\/\/saphirsmaragd.com\/cs\/wp-json\/wp\/v2\/comments?post=8680"}],"version-history":[{"count":1,"href":"https:\/\/saphirsmaragd.com\/cs\/wp-json\/wp\/v2\/product\/8680\/revisions"}],"predecessor-version":[{"id":8682,"href":"https:\/\/saphirsmaragd.com\/cs\/wp-json\/wp\/v2\/product\/8680\/revisions\/8682"}],"wp:featuredmedia":[{"embeddable":true,"href":"https:\/\/saphirsmaragd.com\/cs\/wp-json\/wp\/v2\/media\/8681"}],"wp:attachment":[{"href":"https:\/\/saphirsmaragd.com\/cs\/wp-json\/wp\/v2\/media?parent=8680"}],"wp:term":[{"taxonomy":"product_brand","embeddable":true,"href":"https:\/\/saphirsmaragd.com\/cs\/wp-json\/wp\/v2\/product_brand?post=8680"},{"taxonomy":"product_cat","embeddable":true,"href":"https:\/\/saphirsmaragd.com\/cs\/wp-json\/wp\/v2\/product_cat?post=8680"},{"taxonomy":"product_tag","embeddable":true,"href":"https:\/\/saphirsmaragd.com\/cs\/wp-json\/wp\/v2\/product_tag?post=8680"}],"curies":[{"name":"wp","href":"https:\/\/api.w.org\/{rel}","templated":true}]}}