{"id":8727,"date":"2026-05-04T12:03:55","date_gmt":"2026-05-04T12:03:55","guid":{"rendered":"https:\/\/saphirsmaragd.com\/?post_type=product&#038;p=8727"},"modified":"2026-05-04T12:07:00","modified_gmt":"2026-05-04T12:07:00","slug":"smaragd-navette-gruen-0-95-karat","status":"publish","type":"product","link":"https:\/\/saphirsmaragd.com\/cs\/produkt\/smaragd-navette-gruen-0-95-karat\/","title":{"rendered":"Smaragd Navette Gr\u00fcn 0.95 Karat aus Sambia \u2013 Eleganter Marquise Schliff Edelstein"},"content":{"rendered":"<p data-start=\"825\" data-end=\"1087\">Der Smaragd Navette Gr\u00fcn 0.95 Karat aus Sambia besticht durch seinen au\u00dfergew\u00f6hnlichen Navette- bzw. Marquise-Schliff, der f\u00fcr eine besonders elegante und streckende Optik sorgt. Diese Form wirkt edel, feminin und hebt sich deutlich von klassischen Schliffen ab.<\/p>\n<hr data-start=\"1089\" data-end=\"1092\" \/>\n<div id=\"ez-toc-container\" class=\"ez-toc-v2_0_82_2 counter-hierarchy ez-toc-counter ez-toc-grey ez-toc-container-direction\">\n<div class=\"ez-toc-title-container\">\n<p class=\"ez-toc-title\" style=\"cursor:inherit\">Obsah<\/p>\n<span class=\"ez-toc-title-toggle\"><a href=\"#\" class=\"ez-toc-pull-right ez-toc-btn ez-toc-btn-xs ez-toc-btn-default ez-toc-toggle\" aria-label=\"Toggle Table of Content\"><span class=\"ez-toc-js-icon-con\"><span class=\"\"><span class=\"eztoc-hide\" style=\"display:none;\">P\u0159epnout<\/span><span class=\"ez-toc-icon-toggle-span\"><svg style=\"fill: #999;color:#999\" xmlns=\"http:\/\/www.w3.org\/2000\/svg\" class=\"list-377408\" width=\"20px\" height=\"20px\" viewbox=\"0 0 24 24\" fill=\"none\"><path d=\"M6 6H4v2h2V6zm14 0H8v2h12V6zM4 11h2v2H4v-2zm16 0H8v2h12v-2zM4 16h2v2H4v-2zm16 0H8v2h12v-2z\" fill=\"currentColor\"><\/path><\/svg><svg style=\"fill: #999;color:#999\" class=\"arrow-unsorted-368013\" xmlns=\"http:\/\/www.w3.org\/2000\/svg\" width=\"10px\" height=\"10px\" viewbox=\"0 0 24 24\" version=\"1.2\" baseprofile=\"tiny\"><path d=\"M18.2 9.3l-6.2-6.3-6.2 6.3c-.2.2-.3.4-.3.7s.1.5.3.7c.2.2.4.3.7.3h11c.3 0 .5-.1.7-.3.2-.2.3-.5.3-.7s-.1-.5-.3-.7zM5.8 14.7l6.2 6.3 6.2-6.3c.2-.2.3-.5.3-.7s-.1-.5-.3-.7c-.2-.2-.4-.3-.7-.3h-11c-.3 0-.5.1-.7.3-.2.2-.3.5-.3.7s.1.5.3.7z\"\/><\/svg><\/span><\/span><\/span><\/a><\/span><\/div>\n<nav><ul class='ez-toc-list ez-toc-list-level-1' ><li class='ez-toc-page-1 ez-toc-heading-level-4'><a class=\"ez-toc-link ez-toc-heading-1\" href=\"https:\/\/saphirsmaragd.com\/cs\/produkt\/smaragd-navette-gruen-0-95-karat\/#Merkmale_Herkunft\" >Charakteristika a p\u016fvod<\/a><\/li><li class='ez-toc-page-1 ez-toc-heading-level-4'><a class=\"ez-toc-link ez-toc-heading-2\" href=\"https:\/\/saphirsmaragd.com\/cs\/produkt\/smaragd-navette-gruen-0-95-karat\/#Besonderheiten\" >Speci\u00e1ln\u00ed funkce<\/a><\/li><li class='ez-toc-page-1 ez-toc-heading-level-4'><a class=\"ez-toc-link ez-toc-heading-3\" href=\"https:\/\/saphirsmaragd.com\/cs\/produkt\/smaragd-navette-gruen-0-95-karat\/#Mehr_uber_Heilsteine_Kristalle\" >V\u00edce o l\u00e9\u010div\u00fdch kamenech a krystalech<\/a><\/li><li class='ez-toc-page-1 ez-toc-heading-level-4'><a class=\"ez-toc-link ez-toc-heading-4\" href=\"https:\/\/saphirsmaragd.com\/cs\/produkt\/smaragd-navette-gruen-0-95-karat\/#Weitere_Infos\" >Dal\u0161\u00ed informace<\/a><\/li><\/ul><\/nav><\/div>\n<h4 data-start=\"1094\" data-end=\"1120\"><span class=\"ez-toc-section\" id=\"Merkmale_Herkunft\"><\/span>Charakteristika a p\u016fvod<span class=\"ez-toc-section-end\"><\/span><\/h4>\n<p data-start=\"1122\" data-end=\"1364\">Steinart: Smaragd<br data-start=\"1139\" data-end=\"1142\" \/>Barva: Zelen\u00e1<br data-start=\"1153\" data-end=\"1156\" \/>Form: Navette (Marquise)<br data-start=\"1180\" data-end=\"1183\" \/>Gewicht: 0.95 Karat<br data-start=\"1202\" data-end=\"1205\" \/>Abmessungen: ca. 9.9 x 5 mm<br data-start=\"1232\" data-end=\"1235\" \/>Herkunft: Sambia<br data-start=\"1251\" data-end=\"1254\" \/>Reinheit: Deutliche Einschl\u00fcsse<br data-start=\"1282\" data-end=\"1285\" \/>Behandlung: Ge\u00f6lt<br data-start=\"1302\" data-end=\"1305\" \/>Beobachtung: Nat\u00fcrlich<br data-start=\"1327\" data-end=\"1330\" \/>Mohs-H\u00e4rte: 7.5\u20138<br data-start=\"1347\" data-end=\"1350\" \/>Stav: Nov\u00e9<\/p>\n<hr data-start=\"1366\" data-end=\"1369\" \/>\n<h4 data-start=\"1371\" data-end=\"1392\"><span class=\"ez-toc-section\" id=\"Besonderheiten\"><\/span>Speci\u00e1ln\u00ed funkce<span class=\"ez-toc-section-end\"><\/span><\/h4>\n<p data-start=\"1394\" data-end=\"1628\">Der Smaragd Navette Gr\u00fcn 0.95 Karat geh\u00f6rt zu den besonderen Schliffen im Edelsteinbereich. Durch seine l\u00e4ngliche Form wirkt der Stein gr\u00f6\u00dfer als sein tats\u00e4chliches Gewicht und sorgt f\u00fcr eine elegante Linienf\u00fchrung im Schmuckdesign.<\/p>\n<p data-start=\"1630\" data-end=\"1899\">Der Navette-Schliff wird h\u00e4ufig f\u00fcr exklusive Ringe oder filigrane Anh\u00e4nger verwendet und ist besonders bei individuellen Designs gefragt. Dadurch eignet sich dieser Smaragd ideal f\u00fcr Kunden, die sich bewusst von klassischen Formen wie Oval oder Rund abheben m\u00f6chten.<\/p>\n<p data-start=\"1901\" data-end=\"2083\">Smaragde aus Sambia zeichnen sich durch ihre intensive gr\u00fcne Farbe und gute Stabilit\u00e4t aus. Die nat\u00fcrlichen Einschl\u00fcsse sind typisch und unterstreichen die Echtheit des Edelsteins.<\/p>\n<hr data-start=\"1670\" data-end=\"1673\" \/>\n<h4 data-start=\"1448\" data-end=\"1473\"><span class=\"ez-toc-section\" id=\"Mehr_uber_Heilsteine_Kristalle\"><\/span>V\u00edce o l\u00e9\u010div\u00fdch kamenech a krystalech<span class=\"ez-toc-section-end\"><\/span><\/h4>\n<p data-start=\"1475\" data-end=\"1668\"><a class=\"\" href=\"https:\/\/saphirsmaragd.com\/cs\/product-category\/heilsteine-kristalle-kaufen\/\" target=\"_new\" rel=\"noopener\" data-start=\"1571\" data-end=\"1668\">L\u00e9\u010div\u00e9 kameny a krystaly<\/a><\/p>\n<hr data-start=\"1670\" data-end=\"1673\" \/>\n<h4 data-start=\"1675\" data-end=\"1695\"><span class=\"ez-toc-section\" id=\"Weitere_Infos\"><\/span>Dal\u0161\u00ed informace<span class=\"ez-toc-section-end\"><\/span><\/h4>\n<p data-start=\"1697\" data-end=\"1801\"><a class=\"\" href=\"https:\/\/de.wikipedia.org\/wiki\/Smaragd\" target=\"_new\" rel=\"noopener\" data-start=\"1741\" data-end=\"1801\">Wikipedie \u2013 Smaragd<\/a><\/p>","protected":false},"excerpt":{"rendered":"<p data-start=\"514\" data-end=\"646\"><em>Smaragd Navette Gr\u00fcn 0.95 Karat aus Sambia, ge\u00f6lt. Eleganter Marquise Schliff f\u00fcr au\u00dfergew\u00f6hnliche und luxuri\u00f6se Schmuckdesigns.<\/em><\/p>","protected":false},"featured_media":8728,"comment_status":"open","ping_status":"closed","template":"","meta":{"_glsr_average":0,"_glsr_ranking":0,"_glsr_reviews":0},"product_brand":[],"product_cat":[262],"product_tag":[],"class_list":{"0":"post-8727","1":"product","2":"type-product","3":"status-publish","4":"has-post-thumbnail","6":"product_cat-smaragd","7":"pa_edelsteinart-smaragd","8":"pa_farbe-gruen","9":"pa_form-oval","10":"pa_gewicht-karat-0-5-1-0-karat","11":"pa_herkunft-sambia","12":"pa_reinheit-deutliche-einschluesse","13":"pa_veredelung-behandlung-geoelt","14":"pa_zustand-neu","16":"first","17":"instock","18":"sold-individually","19":"taxable","20":"shipping-taxable","21":"purchasable","22":"product-type-simple","23":"add-to-wishlist-before_image"},"jetpack_sharing_enabled":true,"_links":{"self":[{"href":"https:\/\/saphirsmaragd.com\/cs\/wp-json\/wp\/v2\/product\/8727","targetHints":{"allow":["GET"]}}],"collection":[{"href":"https:\/\/saphirsmaragd.com\/cs\/wp-json\/wp\/v2\/product"}],"about":[{"href":"https:\/\/saphirsmaragd.com\/cs\/wp-json\/wp\/v2\/types\/product"}],"replies":[{"embeddable":true,"href":"https:\/\/saphirsmaragd.com\/cs\/wp-json\/wp\/v2\/comments?post=8727"}],"version-history":[{"count":1,"href":"https:\/\/saphirsmaragd.com\/cs\/wp-json\/wp\/v2\/product\/8727\/revisions"}],"predecessor-version":[{"id":8729,"href":"https:\/\/saphirsmaragd.com\/cs\/wp-json\/wp\/v2\/product\/8727\/revisions\/8729"}],"wp:featuredmedia":[{"embeddable":true,"href":"https:\/\/saphirsmaragd.com\/cs\/wp-json\/wp\/v2\/media\/8728"}],"wp:attachment":[{"href":"https:\/\/saphirsmaragd.com\/cs\/wp-json\/wp\/v2\/media?parent=8727"}],"wp:term":[{"taxonomy":"product_brand","embeddable":true,"href":"https:\/\/saphirsmaragd.com\/cs\/wp-json\/wp\/v2\/product_brand?post=8727"},{"taxonomy":"product_cat","embeddable":true,"href":"https:\/\/saphirsmaragd.com\/cs\/wp-json\/wp\/v2\/product_cat?post=8727"},{"taxonomy":"product_tag","embeddable":true,"href":"https:\/\/saphirsmaragd.com\/cs\/wp-json\/wp\/v2\/product_tag?post=8727"}],"curies":[{"name":"wp","href":"https:\/\/api.w.org\/{rel}","templated":true}]}}