{"id":8808,"date":"2026-05-15T19:14:43","date_gmt":"2026-05-15T19:14:43","guid":{"rendered":"https:\/\/saphirsmaragd.com\/?post_type=product&#038;p=8808"},"modified":"2026-05-15T19:16:44","modified_gmt":"2026-05-15T19:16:44","slug":"smaragd-tropfen-gruen-0-67-karat","status":"publish","type":"product","link":"https:\/\/saphirsmaragd.com\/cs\/produkt\/smaragd-tropfen-gruen-0-67-karat\/","title":{"rendered":"Smaragd Tropfen Gr\u00fcn 0.67 Karat aus Sambia \u2013 Nat\u00fcrlicher Edelstein im eleganten Tropfenschliff"},"content":{"rendered":"<div id=\"ez-toc-container\" class=\"ez-toc-v2_0_83 counter-hierarchy ez-toc-counter ez-toc-grey ez-toc-container-direction\">\n<div class=\"ez-toc-title-container\">\n<p class=\"ez-toc-title\" style=\"cursor:inherit\">Obsah<\/p>\n<span class=\"ez-toc-title-toggle\"><a href=\"#\" class=\"ez-toc-pull-right ez-toc-btn ez-toc-btn-xs ez-toc-btn-default ez-toc-toggle\" aria-label=\"Toggle Table of Content\"><span class=\"ez-toc-js-icon-con\"><span class=\"\"><span class=\"eztoc-hide\" style=\"display:none;\">P\u0159epnout<\/span><span class=\"ez-toc-icon-toggle-span\"><svg style=\"fill: #999;color:#999\" xmlns=\"http:\/\/www.w3.org\/2000\/svg\" class=\"list-377408\" width=\"20px\" height=\"20px\" viewbox=\"0 0 24 24\" fill=\"none\"><path d=\"M6 6H4v2h2V6zm14 0H8v2h12V6zM4 11h2v2H4v-2zm16 0H8v2h12v-2zM4 16h2v2H4v-2zm16 0H8v2h12v-2z\" fill=\"currentColor\"><\/path><\/svg><svg style=\"fill: #999;color:#999\" class=\"arrow-unsorted-368013\" xmlns=\"http:\/\/www.w3.org\/2000\/svg\" width=\"10px\" height=\"10px\" viewbox=\"0 0 24 24\" version=\"1.2\" baseprofile=\"tiny\"><path d=\"M18.2 9.3l-6.2-6.3-6.2 6.3c-.2.2-.3.4-.3.7s.1.5.3.7c.2.2.4.3.7.3h11c.3 0 .5-.1.7-.3.2-.2.3-.5.3-.7s-.1-.5-.3-.7zM5.8 14.7l6.2 6.3 6.2-6.3c.2-.2.3-.5.3-.7s-.1-.5-.3-.7c-.2-.2-.4-.3-.7-.3h-11c-.3 0-.5.1-.7.3-.2.2-.3.5-.3.7s.1.5.3.7z\"\/><\/svg><\/span><\/span><\/span><\/a><\/span><\/div>\n<nav><ul class='ez-toc-list ez-toc-list-level-1' ><li class='ez-toc-page-1 ez-toc-heading-level-4'><a class=\"ez-toc-link ez-toc-heading-1\" href=\"https:\/\/saphirsmaragd.com\/cs\/produkt\/smaragd-tropfen-gruen-0-67-karat\/#Smaragd_Tropfen_Grun_067_Karat\" >Smaragd Tropfen Gr\u00fcn 0.67 Karat<\/a><\/li><li class='ez-toc-page-1 ez-toc-heading-level-4'><a class=\"ez-toc-link ez-toc-heading-2\" href=\"https:\/\/saphirsmaragd.com\/cs\/produkt\/smaragd-tropfen-gruen-0-67-karat\/#Merkmale_Herkunft\" >Charakteristika a p\u016fvod<\/a><\/li><li class='ez-toc-page-1 ez-toc-heading-level-4'><a class=\"ez-toc-link ez-toc-heading-3\" href=\"https:\/\/saphirsmaragd.com\/cs\/produkt\/smaragd-tropfen-gruen-0-67-karat\/#Besonderheiten_zu_Smaragd_Tropfen_Grun_067_Karat\" >Besonderheiten zu Smaragd Tropfen Gr\u00fcn 0.67 Karat<\/a><\/li><li class='ez-toc-page-1 ez-toc-heading-level-4'><a class=\"ez-toc-link ez-toc-heading-4\" href=\"https:\/\/saphirsmaragd.com\/cs\/produkt\/smaragd-tropfen-gruen-0-67-karat\/#Mehr_uber_Heilsteine_Kristalle\" >V\u00edce o l\u00e9\u010div\u00fdch kamenech a krystalech<\/a><\/li><li class='ez-toc-page-1 ez-toc-heading-level-4'><a class=\"ez-toc-link ez-toc-heading-5\" href=\"https:\/\/saphirsmaragd.com\/cs\/produkt\/smaragd-tropfen-gruen-0-67-karat\/#Weitere_Infos\" >Dal\u0161\u00ed informace<\/a><\/li><\/ul><\/nav><\/div>\n<h4 data-start=\"572\" data-end=\"608\"><span class=\"ez-toc-section\" id=\"Smaragd_Tropfen_Grun_067_Karat\"><\/span>Smaragd Tropfen Gr\u00fcn 0.67 Karat<span class=\"ez-toc-section-end\"><\/span><\/h4>\n<p data-start=\"610\" data-end=\"850\">Dieser nat\u00fcrliche Edelstein aus Sambia begeistert mit einer harmonischen gr\u00fcnen Farbwirkung und einem zeitlosen Tropfenschliff. Seine elegante Form und ausgewogene Gr\u00f6\u00dfe machen ihn zu einer hervorragenden Wahl f\u00fcr hochwertige Schmuckst\u00fccke.<\/p>\n<hr data-start=\"852\" data-end=\"855\" \/>\n<h4 data-start=\"857\" data-end=\"881\"><span class=\"ez-toc-section\" id=\"Merkmale_Herkunft\"><\/span>Charakteristika a p\u016fvod<span class=\"ez-toc-section-end\"><\/span><\/h4>\n<p data-start=\"883\" data-end=\"1115\">Steinart: Smaragd<br data-start=\"900\" data-end=\"903\" \/>Barva: Zelen\u00e1<br data-start=\"914\" data-end=\"917\" \/>Form: Tropfen<br data-start=\"930\" data-end=\"933\" \/>Gewicht: 0.67 Karat<br data-start=\"952\" data-end=\"955\" \/>Abmessungen: 7.2 x 5.1 mm<br data-start=\"980\" data-end=\"983\" \/>Herkunft: Sambia<br data-start=\"999\" data-end=\"1002\" \/>Reinheit: Deutliche Einschl\u00fcsse<br data-start=\"1033\" data-end=\"1036\" \/>Behandlung: Ge\u00f6lt<br data-start=\"1053\" data-end=\"1056\" \/>Beobachtung: Nat\u00fcrlich<br data-start=\"1078\" data-end=\"1081\" \/>Mohs-H\u00e4rte: 7.5\u20138<br data-start=\"1098\" data-end=\"1101\" \/>Stav: Nov\u00e9<\/p>\n<hr data-start=\"1117\" data-end=\"1120\" \/>\n<h4 data-start=\"1122\" data-end=\"1176\"><span class=\"ez-toc-section\" id=\"Besonderheiten_zu_Smaragd_Tropfen_Grun_067_Karat\"><\/span>Besonderheiten zu Smaragd Tropfen Gr\u00fcn 0.67 Karat<span class=\"ez-toc-section-end\"><\/span><\/h4>\n<p data-start=\"1178\" data-end=\"1404\">Die Tropfenform z\u00e4hlt zu den beliebtesten Edelsteinschliffen f\u00fcr luxuri\u00f6se Anh\u00e4nger, elegante Ringfassungen und individuelle Schmuckdesigns. Die weichen Konturen sorgen f\u00fcr eine besonders hochwertige und stilvolle Erscheinung.<\/p>\n<p data-start=\"1406\" data-end=\"1627\">Smaragde aus Sambia genie\u00dfen weltweit hohes Ansehen aufgrund ihrer satten Gr\u00fcnt\u00f6ne und ihres nat\u00fcrlichen Charakters. Die ge\u00f6lte Behandlung unterst\u00fctzt die optische Tiefe und betont die Sch\u00f6nheit des Edelsteins zus\u00e4tzlich.<\/p>\n<p data-start=\"1629\" data-end=\"1792\">Der Smaragd Tropfen Gr\u00fcn 0.67 Karat eignet sich hervorragend f\u00fcr exklusive Schmuckanfertigungen und verbindet nat\u00fcrliche Eleganz mit klassischer Edelstein\u00e4sthetik.<\/p>\n<hr data-start=\"1670\" data-end=\"1673\" \/>\n<h4 data-start=\"1448\" data-end=\"1473\"><span class=\"ez-toc-section\" id=\"Mehr_uber_Heilsteine_Kristalle\"><\/span>V\u00edce o l\u00e9\u010div\u00fdch kamenech a krystalech<span class=\"ez-toc-section-end\"><\/span><\/h4>\n<p data-start=\"1475\" data-end=\"1668\"><a class=\"\" href=\"https:\/\/saphirsmaragd.com\/cs\/product-category\/heilsteine-kristalle-kaufen\/\" target=\"_new\" rel=\"noopener\" data-start=\"1571\" data-end=\"1668\">L\u00e9\u010div\u00e9 kameny a krystaly<\/a><\/p>\n<hr data-start=\"1670\" data-end=\"1673\" \/>\n<h4 data-start=\"1675\" data-end=\"1695\"><span class=\"ez-toc-section\" id=\"Weitere_Infos\"><\/span>Dal\u0161\u00ed informace<span class=\"ez-toc-section-end\"><\/span><\/h4>\n<p data-start=\"1697\" data-end=\"1801\"><a class=\"\" href=\"https:\/\/de.wikipedia.org\/wiki\/Smaragd\" target=\"_new\" rel=\"noopener\" data-start=\"1741\" data-end=\"1801\">Wikipedie \u2013 Smaragd<\/a><\/p>","protected":false},"excerpt":{"rendered":"<p data-start=\"253\" data-end=\"439\"><em>Smaragd Tropfen Gr\u00fcn 0.67 Karat aus Sambia mit ge\u00f6lter Veredelung. Nat\u00fcrlicher Edelstein mit intensiver gr\u00fcner Farbwirkung und klassischem Tropfenschliff f\u00fcr exklusive Schmuckkreationen.<\/em><\/p>","protected":false},"featured_media":8809,"comment_status":"open","ping_status":"closed","template":"","meta":{"_glsr_average":0,"_glsr_ranking":0,"_glsr_reviews":0},"product_brand":[],"product_cat":[262],"product_tag":[],"class_list":{"0":"post-8808","1":"product","2":"type-product","3":"status-publish","4":"has-post-thumbnail","6":"product_cat-smaragd","7":"pa_edelsteinart-smaragd","8":"pa_farbe-gruen","9":"pa_form-tropfen","10":"pa_gewicht-karat-0-5-1-0-karat","11":"pa_herkunft-sambia","12":"pa_reinheit-deutliche-einschluesse","13":"pa_veredelung-behandlung-geoelt","14":"pa_zustand-neu","16":"first","17":"instock","18":"sold-individually","19":"shipping-taxable","20":"purchasable","21":"product-type-simple","22":"add-to-wishlist-before_image"},"jetpack_sharing_enabled":true,"_links":{"self":[{"href":"https:\/\/saphirsmaragd.com\/cs\/wp-json\/wp\/v2\/product\/8808","targetHints":{"allow":["GET"]}}],"collection":[{"href":"https:\/\/saphirsmaragd.com\/cs\/wp-json\/wp\/v2\/product"}],"about":[{"href":"https:\/\/saphirsmaragd.com\/cs\/wp-json\/wp\/v2\/types\/product"}],"replies":[{"embeddable":true,"href":"https:\/\/saphirsmaragd.com\/cs\/wp-json\/wp\/v2\/comments?post=8808"}],"version-history":[{"count":1,"href":"https:\/\/saphirsmaragd.com\/cs\/wp-json\/wp\/v2\/product\/8808\/revisions"}],"predecessor-version":[{"id":8810,"href":"https:\/\/saphirsmaragd.com\/cs\/wp-json\/wp\/v2\/product\/8808\/revisions\/8810"}],"wp:featuredmedia":[{"embeddable":true,"href":"https:\/\/saphirsmaragd.com\/cs\/wp-json\/wp\/v2\/media\/8809"}],"wp:attachment":[{"href":"https:\/\/saphirsmaragd.com\/cs\/wp-json\/wp\/v2\/media?parent=8808"}],"wp:term":[{"taxonomy":"product_brand","embeddable":true,"href":"https:\/\/saphirsmaragd.com\/cs\/wp-json\/wp\/v2\/product_brand?post=8808"},{"taxonomy":"product_cat","embeddable":true,"href":"https:\/\/saphirsmaragd.com\/cs\/wp-json\/wp\/v2\/product_cat?post=8808"},{"taxonomy":"product_tag","embeddable":true,"href":"https:\/\/saphirsmaragd.com\/cs\/wp-json\/wp\/v2\/product_tag?post=8808"}],"curies":[{"name":"wp","href":"https:\/\/api.w.org\/{rel}","templated":true}]}}