{"id":8818,"date":"2026-05-15T19:22:01","date_gmt":"2026-05-15T19:22:01","guid":{"rendered":"https:\/\/saphirsmaragd.com\/?post_type=product&#038;p=8818"},"modified":"2026-05-15T19:24:34","modified_gmt":"2026-05-15T19:24:34","slug":"smaragd-tropfen-gruen-0-63-karat","status":"publish","type":"product","link":"https:\/\/saphirsmaragd.com\/cs\/produkt\/smaragd-tropfen-gruen-0-63-karat\/","title":{"rendered":"Smaragd Tropfen Gr\u00fcn 0.63 Karat aus Sambia \u2013 Nat\u00fcrlicher Edelstein mit elegantem Tropfenschliff"},"content":{"rendered":"<div id=\"ez-toc-container\" class=\"ez-toc-v2_0_83 counter-hierarchy ez-toc-counter ez-toc-grey ez-toc-container-direction\">\n<div class=\"ez-toc-title-container\">\n<p class=\"ez-toc-title\" style=\"cursor:inherit\">Obsah<\/p>\n<span class=\"ez-toc-title-toggle\"><a href=\"#\" class=\"ez-toc-pull-right ez-toc-btn ez-toc-btn-xs ez-toc-btn-default ez-toc-toggle\" aria-label=\"Toggle Table of Content\"><span class=\"ez-toc-js-icon-con\"><span class=\"\"><span class=\"eztoc-hide\" style=\"display:none;\">P\u0159epnout<\/span><span class=\"ez-toc-icon-toggle-span\"><svg style=\"fill: #999;color:#999\" xmlns=\"http:\/\/www.w3.org\/2000\/svg\" class=\"list-377408\" width=\"20px\" height=\"20px\" viewbox=\"0 0 24 24\" fill=\"none\"><path d=\"M6 6H4v2h2V6zm14 0H8v2h12V6zM4 11h2v2H4v-2zm16 0H8v2h12v-2zM4 16h2v2H4v-2zm16 0H8v2h12v-2z\" fill=\"currentColor\"><\/path><\/svg><svg style=\"fill: #999;color:#999\" class=\"arrow-unsorted-368013\" xmlns=\"http:\/\/www.w3.org\/2000\/svg\" width=\"10px\" height=\"10px\" viewbox=\"0 0 24 24\" version=\"1.2\" baseprofile=\"tiny\"><path d=\"M18.2 9.3l-6.2-6.3-6.2 6.3c-.2.2-.3.4-.3.7s.1.5.3.7c.2.2.4.3.7.3h11c.3 0 .5-.1.7-.3.2-.2.3-.5.3-.7s-.1-.5-.3-.7zM5.8 14.7l6.2 6.3 6.2-6.3c.2-.2.3-.5.3-.7s-.1-.5-.3-.7c-.2-.2-.4-.3-.7-.3h-11c-.3 0-.5.1-.7.3-.2.2-.3.5-.3.7s.1.5.3.7z\"\/><\/svg><\/span><\/span><\/span><\/a><\/span><\/div>\n<nav><ul class='ez-toc-list ez-toc-list-level-1' ><li class='ez-toc-page-1 ez-toc-heading-level-4'><a class=\"ez-toc-link ez-toc-heading-1\" href=\"https:\/\/saphirsmaragd.com\/cs\/produkt\/smaragd-tropfen-gruen-0-63-karat\/#Smaragd_Tropfen_Grun_063_Karat\" >Smaragd Tropfen Gr\u00fcn 0.63 Karat<\/a><\/li><li class='ez-toc-page-1 ez-toc-heading-level-4'><a class=\"ez-toc-link ez-toc-heading-2\" href=\"https:\/\/saphirsmaragd.com\/cs\/produkt\/smaragd-tropfen-gruen-0-63-karat\/#Merkmale_Herkunft\" >Charakteristika a p\u016fvod<\/a><\/li><li class='ez-toc-page-1 ez-toc-heading-level-4'><a class=\"ez-toc-link ez-toc-heading-3\" href=\"https:\/\/saphirsmaragd.com\/cs\/produkt\/smaragd-tropfen-gruen-0-63-karat\/#Besonderheiten_zu_Smaragd_Tropfen_Grun_063_Karat\" >Besonderheiten zu Smaragd Tropfen Gr\u00fcn 0.63 Karat<\/a><\/li><li class='ez-toc-page-1 ez-toc-heading-level-4'><a class=\"ez-toc-link ez-toc-heading-4\" href=\"https:\/\/saphirsmaragd.com\/cs\/produkt\/smaragd-tropfen-gruen-0-63-karat\/#Mehr_uber_Heilsteine_Kristalle\" >V\u00edce o l\u00e9\u010div\u00fdch kamenech a krystalech<\/a><\/li><li class='ez-toc-page-1 ez-toc-heading-level-4'><a class=\"ez-toc-link ez-toc-heading-5\" href=\"https:\/\/saphirsmaragd.com\/cs\/produkt\/smaragd-tropfen-gruen-0-63-karat\/#Weitere_Infos\" >Dal\u0161\u00ed informace<\/a><\/li><\/ul><\/nav><\/div>\n<h4 data-start=\"570\" data-end=\"606\"><span class=\"ez-toc-section\" id=\"Smaragd_Tropfen_Grun_063_Karat\"><\/span>Smaragd Tropfen Gr\u00fcn 0.63 Karat<span class=\"ez-toc-section-end\"><\/span><\/h4>\n<p data-start=\"608\" data-end=\"854\">Dieser nat\u00fcrliche Edelstein aus Sambia fasziniert durch seine lebendige gr\u00fcne Farbwirkung und seine elegante Tropfenform. Die zeitlose Schliffart sorgt f\u00fcr eine harmonische Lichtwirkung und eignet sich hervorragend f\u00fcr hochwertige Schmuckdesigns.<\/p>\n<hr data-start=\"856\" data-end=\"859\" \/>\n<h4 data-start=\"861\" data-end=\"885\"><span class=\"ez-toc-section\" id=\"Merkmale_Herkunft\"><\/span>Charakteristika a p\u016fvod<span class=\"ez-toc-section-end\"><\/span><\/h4>\n<p data-start=\"887\" data-end=\"1117\">Steinart: Smaragd<br data-start=\"904\" data-end=\"907\" \/>Barva: Zelen\u00e1<br data-start=\"918\" data-end=\"921\" \/>Form: Tropfen<br data-start=\"934\" data-end=\"937\" \/>Gewicht: 0.63 Karat<br data-start=\"956\" data-end=\"959\" \/>Abmessungen: 7.1 x 5 mm<br data-start=\"982\" data-end=\"985\" \/>Herkunft: Sambia<br data-start=\"1001\" data-end=\"1004\" \/>Reinheit: Deutliche Einschl\u00fcsse<br data-start=\"1035\" data-end=\"1038\" \/>Behandlung: Ge\u00f6lt<br data-start=\"1055\" data-end=\"1058\" \/>Beobachtung: Nat\u00fcrlich<br data-start=\"1080\" data-end=\"1083\" \/>Mohs-H\u00e4rte: 7.5\u20138<br data-start=\"1100\" data-end=\"1103\" \/>Stav: Nov\u00e9<\/p>\n<hr data-start=\"1119\" data-end=\"1122\" \/>\n<h4 data-start=\"1124\" data-end=\"1178\"><span class=\"ez-toc-section\" id=\"Besonderheiten_zu_Smaragd_Tropfen_Grun_063_Karat\"><\/span>Besonderheiten zu Smaragd Tropfen Gr\u00fcn 0.63 Karat<span class=\"ez-toc-section-end\"><\/span><\/h4>\n<p data-start=\"1180\" data-end=\"1412\">Die Tropfenform z\u00e4hlt zu den beliebtesten Edelsteinschliffen im luxuri\u00f6sen Schmuckbereich. Die elegante Linienf\u00fchrung erzeugt eine stilvolle Optik und eignet sich besonders f\u00fcr Anh\u00e4nger, Ringfassungen und individuelle Schmuckst\u00fccke.<\/p>\n<p data-start=\"1414\" data-end=\"1627\">Smaragde aus Sambia sind international f\u00fcr ihre satten Gr\u00fcnt\u00f6ne und ihren nat\u00fcrlichen Charakter bekannt. Die ge\u00f6lte Veredelung unterst\u00fctzt die Tiefenwirkung und bringt die Farbintensit\u00e4t besonders gut zur Geltung.<\/p>\n<p data-start=\"1629\" data-end=\"1774\">Der Smaragd Tropfen Gr\u00fcn 0.63 Karat eignet sich ideal f\u00fcr exklusive Schmuckkreationen und verbindet klassische Eleganz mit nat\u00fcrlicher Sch\u00f6nheit.<\/p>\n<hr data-start=\"1670\" data-end=\"1673\" \/>\n<h4 data-start=\"1448\" data-end=\"1473\"><span class=\"ez-toc-section\" id=\"Mehr_uber_Heilsteine_Kristalle\"><\/span>V\u00edce o l\u00e9\u010div\u00fdch kamenech a krystalech<span class=\"ez-toc-section-end\"><\/span><\/h4>\n<p data-start=\"1475\" data-end=\"1668\"><a class=\"\" href=\"https:\/\/saphirsmaragd.com\/cs\/product-category\/heilsteine-kristalle-kaufen\/\" target=\"_new\" rel=\"noopener\" data-start=\"1571\" data-end=\"1668\">L\u00e9\u010div\u00e9 kameny a krystaly<\/a><\/p>\n<hr data-start=\"1670\" data-end=\"1673\" \/>\n<h4 data-start=\"1675\" data-end=\"1695\"><span class=\"ez-toc-section\" id=\"Weitere_Infos\"><\/span>Dal\u0161\u00ed informace<span class=\"ez-toc-section-end\"><\/span><\/h4>\n<p data-start=\"1697\" data-end=\"1801\"><a class=\"\" href=\"https:\/\/de.wikipedia.org\/wiki\/Smaragd\" target=\"_new\" rel=\"noopener\" data-start=\"1741\" data-end=\"1801\">Wikipedie \u2013 Smaragd<\/a><\/p>","protected":false},"excerpt":{"rendered":"<p data-start=\"254\" data-end=\"436\"><em>Smaragd Tropfen Gr\u00fcn 0.63 Karat aus Sambia mit ge\u00f6lter Veredelung. Nat\u00fcrlicher Edelstein mit intensiver gr\u00fcner Farbwirkung und klassischem Tropfenschliff f\u00fcr exklusive Schmuckst\u00fccke.<\/em><\/p>","protected":false},"featured_media":8819,"comment_status":"open","ping_status":"closed","template":"","meta":{"_glsr_average":0,"_glsr_ranking":0,"_glsr_reviews":0},"product_brand":[],"product_cat":[262],"product_tag":[],"class_list":{"0":"post-8818","1":"product","2":"type-product","3":"status-publish","4":"has-post-thumbnail","6":"product_cat-smaragd","7":"pa_edelsteinart-smaragd","8":"pa_farbe-gruen","9":"pa_form-tropfen","10":"pa_gewicht-karat-0-5-1-0-karat","11":"pa_herkunft-sambia","12":"pa_reinheit-deutliche-einschluesse","13":"pa_veredelung-behandlung-geoelt","14":"pa_zustand-neu","16":"first","17":"instock","18":"sold-individually","19":"shipping-taxable","20":"purchasable","21":"product-type-simple","22":"add-to-wishlist-before_image"},"jetpack_sharing_enabled":true,"_links":{"self":[{"href":"https:\/\/saphirsmaragd.com\/cs\/wp-json\/wp\/v2\/product\/8818","targetHints":{"allow":["GET"]}}],"collection":[{"href":"https:\/\/saphirsmaragd.com\/cs\/wp-json\/wp\/v2\/product"}],"about":[{"href":"https:\/\/saphirsmaragd.com\/cs\/wp-json\/wp\/v2\/types\/product"}],"replies":[{"embeddable":true,"href":"https:\/\/saphirsmaragd.com\/cs\/wp-json\/wp\/v2\/comments?post=8818"}],"version-history":[{"count":1,"href":"https:\/\/saphirsmaragd.com\/cs\/wp-json\/wp\/v2\/product\/8818\/revisions"}],"predecessor-version":[{"id":8820,"href":"https:\/\/saphirsmaragd.com\/cs\/wp-json\/wp\/v2\/product\/8818\/revisions\/8820"}],"wp:featuredmedia":[{"embeddable":true,"href":"https:\/\/saphirsmaragd.com\/cs\/wp-json\/wp\/v2\/media\/8819"}],"wp:attachment":[{"href":"https:\/\/saphirsmaragd.com\/cs\/wp-json\/wp\/v2\/media?parent=8818"}],"wp:term":[{"taxonomy":"product_brand","embeddable":true,"href":"https:\/\/saphirsmaragd.com\/cs\/wp-json\/wp\/v2\/product_brand?post=8818"},{"taxonomy":"product_cat","embeddable":true,"href":"https:\/\/saphirsmaragd.com\/cs\/wp-json\/wp\/v2\/product_cat?post=8818"},{"taxonomy":"product_tag","embeddable":true,"href":"https:\/\/saphirsmaragd.com\/cs\/wp-json\/wp\/v2\/product_tag?post=8818"}],"curies":[{"name":"wp","href":"https:\/\/api.w.org\/{rel}","templated":true}]}}