{"id":8831,"date":"2026-05-15T19:44:03","date_gmt":"2026-05-15T19:44:03","guid":{"rendered":"https:\/\/saphirsmaragd.com\/?post_type=product&#038;p=8831"},"modified":"2026-05-15T19:45:49","modified_gmt":"2026-05-15T19:45:49","slug":"smaragd-oval-gruen-0-60-karat","status":"publish","type":"product","link":"https:\/\/saphirsmaragd.com\/cs\/produkt\/smaragd-oval-gruen-0-60-karat\/","title":{"rendered":"Smaragd Oval Gr\u00fcn 0.60 Karat aus Sambia \u2013 Nat\u00fcrlicher Edelstein mit klassischem Ovalschliff"},"content":{"rendered":"<div id=\"ez-toc-container\" class=\"ez-toc-v2_0_83 counter-hierarchy ez-toc-counter ez-toc-grey ez-toc-container-direction\">\n<div class=\"ez-toc-title-container\">\n<p class=\"ez-toc-title\" style=\"cursor:inherit\">Obsah<\/p>\n<span class=\"ez-toc-title-toggle\"><a href=\"#\" class=\"ez-toc-pull-right ez-toc-btn ez-toc-btn-xs ez-toc-btn-default ez-toc-toggle\" aria-label=\"Toggle Table of Content\"><span class=\"ez-toc-js-icon-con\"><span class=\"\"><span class=\"eztoc-hide\" style=\"display:none;\">P\u0159epnout<\/span><span class=\"ez-toc-icon-toggle-span\"><svg style=\"fill: #999;color:#999\" xmlns=\"http:\/\/www.w3.org\/2000\/svg\" class=\"list-377408\" width=\"20px\" height=\"20px\" viewbox=\"0 0 24 24\" fill=\"none\"><path d=\"M6 6H4v2h2V6zm14 0H8v2h12V6zM4 11h2v2H4v-2zm16 0H8v2h12v-2zM4 16h2v2H4v-2zm16 0H8v2h12v-2z\" fill=\"currentColor\"><\/path><\/svg><svg style=\"fill: #999;color:#999\" class=\"arrow-unsorted-368013\" xmlns=\"http:\/\/www.w3.org\/2000\/svg\" width=\"10px\" height=\"10px\" viewbox=\"0 0 24 24\" version=\"1.2\" baseprofile=\"tiny\"><path d=\"M18.2 9.3l-6.2-6.3-6.2 6.3c-.2.2-.3.4-.3.7s.1.5.3.7c.2.2.4.3.7.3h11c.3 0 .5-.1.7-.3.2-.2.3-.5.3-.7s-.1-.5-.3-.7zM5.8 14.7l6.2 6.3 6.2-6.3c.2-.2.3-.5.3-.7s-.1-.5-.3-.7c-.2-.2-.4-.3-.7-.3h-11c-.3 0-.5.1-.7.3-.2.2-.3.5-.3.7s.1.5.3.7z\"\/><\/svg><\/span><\/span><\/span><\/a><\/span><\/div>\n<nav><ul class='ez-toc-list ez-toc-list-level-1' ><li class='ez-toc-page-1 ez-toc-heading-level-4'><a class=\"ez-toc-link ez-toc-heading-1\" href=\"https:\/\/saphirsmaragd.com\/cs\/produkt\/smaragd-oval-gruen-0-60-karat\/#Smaragd_Oval_Grun_060_Karat\" >Smaragd Oval Gr\u00fcn 0.60 Karat<\/a><\/li><li class='ez-toc-page-1 ez-toc-heading-level-4'><a class=\"ez-toc-link ez-toc-heading-2\" href=\"https:\/\/saphirsmaragd.com\/cs\/produkt\/smaragd-oval-gruen-0-60-karat\/#Merkmale_Herkunft\" >Charakteristika a p\u016fvod<\/a><\/li><li class='ez-toc-page-1 ez-toc-heading-level-4'><a class=\"ez-toc-link ez-toc-heading-3\" href=\"https:\/\/saphirsmaragd.com\/cs\/produkt\/smaragd-oval-gruen-0-60-karat\/#Besonderheiten_zu_Smaragd_Oval_Grun_060_Karat\" >Besonderheiten zu Smaragd Oval Gr\u00fcn 0.60 Karat<\/a><\/li><li class='ez-toc-page-1 ez-toc-heading-level-4'><a class=\"ez-toc-link ez-toc-heading-4\" href=\"https:\/\/saphirsmaragd.com\/cs\/produkt\/smaragd-oval-gruen-0-60-karat\/#Mehr_uber_Heilsteine_Kristalle\" >V\u00edce o l\u00e9\u010div\u00fdch kamenech a krystalech<\/a><\/li><li class='ez-toc-page-1 ez-toc-heading-level-4'><a class=\"ez-toc-link ez-toc-heading-5\" href=\"https:\/\/saphirsmaragd.com\/cs\/produkt\/smaragd-oval-gruen-0-60-karat\/#Weitere_Infos\" >Dal\u0161\u00ed informace<\/a><\/li><\/ul><\/nav><\/div>\n<h4 data-start=\"549\" data-end=\"582\"><span class=\"ez-toc-section\" id=\"Smaragd_Oval_Grun_060_Karat\"><\/span>Smaragd Oval Gr\u00fcn 0.60 Karat<span class=\"ez-toc-section-end\"><\/span><\/h4>\n<p data-start=\"584\" data-end=\"826\">Dieser nat\u00fcrliche Edelstein aus Sambia \u00fcberzeugt durch seine intensive gr\u00fcne Farbwirkung und seine harmonische ovale Form. Der klassische Schliff sorgt f\u00fcr eine elegante Ausstrahlung und eignet sich hervorragend f\u00fcr hochwertige Schmuckst\u00fccke.<\/p>\n<hr data-start=\"828\" data-end=\"831\" \/>\n<h4 data-start=\"833\" data-end=\"857\"><span class=\"ez-toc-section\" id=\"Merkmale_Herkunft\"><\/span>Charakteristika a p\u016fvod<span class=\"ez-toc-section-end\"><\/span><\/h4>\n<p data-start=\"859\" data-end=\"1084\">Steinart: Smaragd<br data-start=\"876\" data-end=\"879\" \/>Barva: Zelen\u00e1<br data-start=\"890\" data-end=\"893\" \/>Tvar: Ov\u00e1ln\u00fd<br data-start=\"903\" data-end=\"906\" \/>Gewicht: 0.60 Karat<br data-start=\"925\" data-end=\"928\" \/>Abmessungen: 7 x 5 mm<br data-start=\"949\" data-end=\"952\" \/>Herkunft: Sambia<br data-start=\"968\" data-end=\"971\" \/>Reinheit: Deutliche Einschl\u00fcsse<br data-start=\"1002\" data-end=\"1005\" \/>Behandlung: Ge\u00f6lt<br data-start=\"1022\" data-end=\"1025\" \/>Beobachtung: Nat\u00fcrlich<br data-start=\"1047\" data-end=\"1050\" \/>Mohs-H\u00e4rte: 7.5\u20138<br data-start=\"1067\" data-end=\"1070\" \/>Stav: Nov\u00e9<\/p>\n<hr data-start=\"1086\" data-end=\"1089\" \/>\n<h4 data-start=\"1091\" data-end=\"1142\"><span class=\"ez-toc-section\" id=\"Besonderheiten_zu_Smaragd_Oval_Grun_060_Karat\"><\/span>Besonderheiten zu Smaragd Oval Gr\u00fcn 0.60 Karat<span class=\"ez-toc-section-end\"><\/span><\/h4>\n<p data-start=\"1144\" data-end=\"1359\">Der Ovalschliff z\u00e4hlt zu den beliebtesten Edelsteinformen im hochwertigen Schmuckbereich. Seine ausgewogenen Proportionen sorgen f\u00fcr eine harmonische Lichtreflexion und lassen den Edelstein besonders elegant wirken.<\/p>\n<p data-start=\"1361\" data-end=\"1574\">Smaragde aus Sambia sind weltweit f\u00fcr ihre satten Gr\u00fcnt\u00f6ne und ihre nat\u00fcrliche Struktur bekannt. Die ge\u00f6lte Behandlung unterst\u00fctzt zus\u00e4tzlich die Farbtiefe und hebt die nat\u00fcrlichen Eigenschaften des Steins hervor.<\/p>\n<p data-start=\"1576\" data-end=\"1732\">Der Smaragd Oval Gr\u00fcn 0.60 Karat eignet sich hervorragend f\u00fcr exklusive Ringfassungen, Anh\u00e4nger und individuelle Schmuckanfertigungen mit zeitloser Eleganz.<\/p>\n<hr data-start=\"1670\" data-end=\"1673\" \/>\n<h4 data-start=\"1448\" data-end=\"1473\"><span class=\"ez-toc-section\" id=\"Mehr_uber_Heilsteine_Kristalle\"><\/span>V\u00edce o l\u00e9\u010div\u00fdch kamenech a krystalech<span class=\"ez-toc-section-end\"><\/span><\/h4>\n<p data-start=\"1475\" data-end=\"1668\"><a class=\"\" href=\"https:\/\/saphirsmaragd.com\/cs\/product-category\/heilsteine-kristalle-kaufen\/\" target=\"_new\" rel=\"noopener\" data-start=\"1571\" data-end=\"1668\">L\u00e9\u010div\u00e9 kameny a krystaly<\/a><\/p>\n<hr data-start=\"1670\" data-end=\"1673\" \/>\n<h4 data-start=\"1675\" data-end=\"1695\"><span class=\"ez-toc-section\" id=\"Weitere_Infos\"><\/span>Dal\u0161\u00ed informace<span class=\"ez-toc-section-end\"><\/span><\/h4>\n<p data-start=\"1697\" data-end=\"1801\"><a class=\"\" href=\"https:\/\/de.wikipedia.org\/wiki\/Smaragd\" target=\"_new\" rel=\"noopener\" data-start=\"1741\" data-end=\"1801\">Wikipedie \u2013 Smaragd<\/a><\/p>","protected":false},"excerpt":{"rendered":"<p data-start=\"244\" data-end=\"419\"><em>Smaragd Oval Gr\u00fcn 0.60 Karat aus Sambia mit ge\u00f6lter Veredelung. Nat\u00fcrlicher Edelstein mit intensiver gr\u00fcner Farbe und harmonischem Ovalschliff f\u00fcr exklusive Schmuckkreationen.<\/em><\/p>","protected":false},"featured_media":8832,"comment_status":"open","ping_status":"closed","template":"","meta":{"_glsr_average":0,"_glsr_ranking":0,"_glsr_reviews":0},"product_brand":[],"product_cat":[262],"product_tag":[],"class_list":{"0":"post-8831","1":"product","2":"type-product","3":"status-publish","4":"has-post-thumbnail","6":"product_cat-smaragd","7":"pa_edelsteinart-smaragd","8":"pa_farbe-gruen","9":"pa_form-oval","10":"pa_gewicht-karat-0-5-1-0-karat","11":"pa_herkunft-sambia","12":"pa_reinheit-deutliche-einschluesse","13":"pa_veredelung-behandlung-geoelt","14":"pa_zustand-neu","16":"first","17":"instock","18":"sold-individually","19":"shipping-taxable","20":"purchasable","21":"product-type-simple","22":"add-to-wishlist-before_image"},"jetpack_sharing_enabled":true,"_links":{"self":[{"href":"https:\/\/saphirsmaragd.com\/cs\/wp-json\/wp\/v2\/product\/8831","targetHints":{"allow":["GET"]}}],"collection":[{"href":"https:\/\/saphirsmaragd.com\/cs\/wp-json\/wp\/v2\/product"}],"about":[{"href":"https:\/\/saphirsmaragd.com\/cs\/wp-json\/wp\/v2\/types\/product"}],"replies":[{"embeddable":true,"href":"https:\/\/saphirsmaragd.com\/cs\/wp-json\/wp\/v2\/comments?post=8831"}],"version-history":[{"count":1,"href":"https:\/\/saphirsmaragd.com\/cs\/wp-json\/wp\/v2\/product\/8831\/revisions"}],"predecessor-version":[{"id":8833,"href":"https:\/\/saphirsmaragd.com\/cs\/wp-json\/wp\/v2\/product\/8831\/revisions\/8833"}],"wp:featuredmedia":[{"embeddable":true,"href":"https:\/\/saphirsmaragd.com\/cs\/wp-json\/wp\/v2\/media\/8832"}],"wp:attachment":[{"href":"https:\/\/saphirsmaragd.com\/cs\/wp-json\/wp\/v2\/media?parent=8831"}],"wp:term":[{"taxonomy":"product_brand","embeddable":true,"href":"https:\/\/saphirsmaragd.com\/cs\/wp-json\/wp\/v2\/product_brand?post=8831"},{"taxonomy":"product_cat","embeddable":true,"href":"https:\/\/saphirsmaragd.com\/cs\/wp-json\/wp\/v2\/product_cat?post=8831"},{"taxonomy":"product_tag","embeddable":true,"href":"https:\/\/saphirsmaragd.com\/cs\/wp-json\/wp\/v2\/product_tag?post=8831"}],"curies":[{"name":"wp","href":"https:\/\/api.w.org\/{rel}","templated":true}]}}