{"id":1426,"date":"2025-07-09T10:06:15","date_gmt":"2025-07-09T10:06:15","guid":{"rendered":"https:\/\/saphirsmaragd.com\/?post_type=product&#038;p=1426"},"modified":"2025-12-29T19:05:50","modified_gmt":"2025-12-29T19:05:50","slug":"smaragd-0-24-karat-rund","status":"publish","type":"product","link":"https:\/\/saphirsmaragd.com\/da\/vare\/smaragd-0-24-karat-rund\/","title":{"rendered":"Smaragd 0.24 Karat Rund mit intensiver gr\u00fcner Farbe \u2013 Intensives Gr\u00fcn, 4 mm, mit Zertifikat"},"content":{"rendered":"<div id=\"ez-toc-container\" class=\"ez-toc-v2_0_82_2 counter-hierarchy ez-toc-counter ez-toc-grey ez-toc-container-direction\">\n<div class=\"ez-toc-title-container\">\n<p class=\"ez-toc-title\" style=\"cursor:inherit\">Indholdsfortegnelse<\/p>\n<span class=\"ez-toc-title-toggle\"><a href=\"#\" class=\"ez-toc-pull-right ez-toc-btn ez-toc-btn-xs ez-toc-btn-default ez-toc-toggle\" aria-label=\"Toggle Table of Content\"><span class=\"ez-toc-js-icon-con\"><span class=\"\"><span class=\"eztoc-hide\" style=\"display:none;\">Skift<\/span><span class=\"ez-toc-icon-toggle-span\"><svg style=\"fill: #999;color:#999\" xmlns=\"http:\/\/www.w3.org\/2000\/svg\" class=\"list-377408\" width=\"20px\" height=\"20px\" viewbox=\"0 0 24 24\" fill=\"none\"><path d=\"M6 6H4v2h2V6zm14 0H8v2h12V6zM4 11h2v2H4v-2zm16 0H8v2h12v-2zM4 16h2v2H4v-2zm16 0H8v2h12v-2z\" fill=\"currentColor\"><\/path><\/svg><svg style=\"fill: #999;color:#999\" class=\"arrow-unsorted-368013\" xmlns=\"http:\/\/www.w3.org\/2000\/svg\" width=\"10px\" height=\"10px\" viewbox=\"0 0 24 24\" version=\"1.2\" baseprofile=\"tiny\"><path d=\"M18.2 9.3l-6.2-6.3-6.2 6.3c-.2.2-.3.4-.3.7s.1.5.3.7c.2.2.4.3.7.3h11c.3 0 .5-.1.7-.3.2-.2.3-.5.3-.7s-.1-.5-.3-.7zM5.8 14.7l6.2 6.3 6.2-6.3c.2-.2.3-.5.3-.7s-.1-.5-.3-.7c-.2-.2-.4-.3-.7-.3h-11c-.3 0-.5.1-.7.3-.2.2-.3.5-.3.7s.1.5.3.7z\"\/><\/svg><\/span><\/span><\/span><\/a><\/span><\/div>\n<nav><ul class='ez-toc-list ez-toc-list-level-1' ><li class='ez-toc-page-1 ez-toc-heading-level-4'><a class=\"ez-toc-link ez-toc-heading-1\" href=\"https:\/\/saphirsmaragd.com\/da\/vare\/smaragd-0-24-karat-rund\/#Smaragd_024_Karat_Rund_mit_intensiver_gruner_Farbe\" >Smaragd 0.24 Karat Rund mit intensiver gr\u00fcner Farbe<\/a><\/li><li class='ez-toc-page-1 ez-toc-heading-level-4'><a class=\"ez-toc-link ez-toc-heading-2\" href=\"https:\/\/saphirsmaragd.com\/da\/vare\/smaragd-0-24-karat-rund\/#Merkmale_Herkunft\" >Karakteristika og oprindelse<\/a><\/li><li class='ez-toc-page-1 ez-toc-heading-level-4'><a class=\"ez-toc-link ez-toc-heading-3\" href=\"https:\/\/saphirsmaragd.com\/da\/vare\/smaragd-0-24-karat-rund\/#Besonderheiten\" >S\u00e6rlige funktioner<\/a><\/li><li class='ez-toc-page-1 ez-toc-heading-level-4'><a class=\"ez-toc-link ez-toc-heading-4\" href=\"https:\/\/saphirsmaragd.com\/da\/vare\/smaragd-0-24-karat-rund\/#Mehr_uber_Smaragde\" >Mere om smaragder<\/a><\/li><li class='ez-toc-page-1 ez-toc-heading-level-4'><a class=\"ez-toc-link ez-toc-heading-5\" href=\"https:\/\/saphirsmaragd.com\/da\/vare\/smaragd-0-24-karat-rund\/#Weitere_Infos\" >Yderligere information<\/a><\/li><\/ul><\/nav><\/div>\n<h4 data-start=\"211\" data-end=\"268\"><span class=\"ez-toc-section\" id=\"Smaragd_024_Karat_Rund_mit_intensiver_gruner_Farbe\"><\/span>Smaragd 0.24 Karat Rund mit intensiver gr\u00fcner Farbe<span class=\"ez-toc-section-end\"><\/span><\/h4>\n<p data-start=\"270\" data-end=\"452\">Ein hochwertiger nat\u00fcrlicher Smaragd 0.24 Karat Rund mit 4 mm Durchmesser, brillanter Transparenz und feinen Einschl\u00fcssen unter 10-facher Vergr\u00f6\u00dferung. Zertifiziert von einer anerkannten Gemmologin.<\/p>\n<hr data-start=\"454\" data-end=\"457\" \/>\n<h4 data-start=\"459\" data-end=\"485\"><span class=\"ez-toc-section\" id=\"Merkmale_Herkunft\"><\/span>Karakteristika og oprindelse<span class=\"ez-toc-section-end\"><\/span><\/h4>\n<p data-start=\"489\" data-end=\"516\">Stentype: Smaragd<br data-start=\"882\" data-end=\"885\" \/>Form: Rund (Brillantschliff)<br data-start=\"917\" data-end=\"920\" \/>Ma\u00dfe: ca. 4 mm<br data-start=\"938\" data-end=\"941\" \/>Gewicht: 0.24 Karat<br data-start=\"985\" data-end=\"988\" \/>Farbe: Intensiv Gr\u00fcn<br data-start=\"1012\" data-end=\"1015\" \/>Reinheit: Kleine Einschl\u00fcsse (sichtbar nur unter 10-facher Vergr\u00f6\u00dferung)<br data-start=\"1091\" data-end=\"1094\" \/>Oprindelse: Brasilien<br data-start=\"1144\" data-end=\"1147\" \/>Zertifikat: Ja (von zertifizierter Gemmologin)<br data-start=\"1228\" data-end=\"1231\" \/>Stand: Ny<\/p>\n<hr data-start=\"907\" data-end=\"910\" \/>\n<h4 data-start=\"912\" data-end=\"933\"><span class=\"ez-toc-section\" id=\"Besonderheiten\"><\/span>S\u00e6rlige funktioner<span class=\"ez-toc-section-end\"><\/span><\/h4>\n<p data-start=\"935\" data-end=\"1211\">Dieser Smaragd fasziniert durch seine runde Form und das intensive Gr\u00fcn, das f\u00fcr hohe Leuchtkraft und Tiefe sorgt. Die kleinen Einschl\u00fcsse sind typisch f\u00fcr nat\u00fcrliche Smaragde und beeintr\u00e4chtigen weder Sch\u00f6nheit noch Transparenz. Ideal f\u00fcr filigrane Ringe oder feine Anh\u00e4nger.<\/p>\n<hr data-start=\"1213\" data-end=\"1216\" \/>\n<h4 data-start=\"1218\" data-end=\"1243\"><span class=\"ez-toc-section\" id=\"Mehr_uber_Smaragde\"><\/span>Mere om smaragder<span class=\"ez-toc-section-end\"><\/span><\/h4>\n<p data-start=\"1245\" data-end=\"1428\"><a class=\"\" href=\"https:\/\/saphirsmaragd.com\/da\/product-category\/heilsteine-kristalle-kaufen\/\" target=\"_new\" rel=\"noopener\" data-start=\"1326\" data-end=\"1427\"><strong data-start=\"1327\" data-end=\"1353\">Helbredende sten og krystaller<\/strong><\/a>.<\/p>\n<hr data-start=\"1430\" data-end=\"1433\" \/>\n<h4 data-start=\"1435\" data-end=\"1455\"><span class=\"ez-toc-section\" id=\"Weitere_Infos\"><\/span>Yderligere information<span class=\"ez-toc-section-end\"><\/span><\/h4>\n<p data-start=\"1457\" data-end=\"1775\"><a class=\"\" href=\"https:\/\/de.wikipedia.org\/wiki\/Smaragd\" target=\"_new\" rel=\"noopener\" data-start=\"1714\" data-end=\"1774\">Wikipedia - Smaragd<\/a>.<\/p>","protected":false},"excerpt":{"rendered":"<p data-start=\"466\" data-end=\"603\"><em>Nat\u00fcrlich gefasster Smaragd 0.24 Karat Rund mit intensivem Gr\u00fcn und runder Form (4 mm). Einzelst\u00fcck mit Zertifikat \u2013 jetzt Smaragd online kaufen.<\/em><\/p>\n<p data-start=\"378\" data-end=\"474\">","protected":false},"featured_media":1429,"comment_status":"open","ping_status":"closed","template":"","meta":{"_glsr_average":0,"_glsr_ranking":0,"_glsr_reviews":0},"product_brand":[],"product_cat":[262],"product_tag":[],"class_list":{"0":"post-1426","1":"product","2":"type-product","3":"status-publish","4":"has-post-thumbnail","6":"product_cat-smaragd","7":"pa_edelsteinart-smaragd","8":"pa_farbe-gruen","9":"pa_form-rund","10":"pa_gewicht-karat-0-1-0-5-karat","11":"pa_herkunft-brasilien","12":"pa_reinheit-kleine-einschluesse","13":"pa_veredelung-behandlung-geoelt","14":"pa_zertifikat-ja","15":"pa_zustand-neu","17":"first","18":"instock","19":"sold-individually","20":"shipping-taxable","21":"purchasable","22":"product-type-simple","23":"add-to-wishlist-before_image"},"jetpack_sharing_enabled":true,"_links":{"self":[{"href":"https:\/\/saphirsmaragd.com\/da\/wp-json\/wp\/v2\/product\/1426","targetHints":{"allow":["GET"]}}],"collection":[{"href":"https:\/\/saphirsmaragd.com\/da\/wp-json\/wp\/v2\/product"}],"about":[{"href":"https:\/\/saphirsmaragd.com\/da\/wp-json\/wp\/v2\/types\/product"}],"replies":[{"embeddable":true,"href":"https:\/\/saphirsmaragd.com\/da\/wp-json\/wp\/v2\/comments?post=1426"}],"version-history":[{"count":4,"href":"https:\/\/saphirsmaragd.com\/da\/wp-json\/wp\/v2\/product\/1426\/revisions"}],"predecessor-version":[{"id":4435,"href":"https:\/\/saphirsmaragd.com\/da\/wp-json\/wp\/v2\/product\/1426\/revisions\/4435"}],"wp:featuredmedia":[{"embeddable":true,"href":"https:\/\/saphirsmaragd.com\/da\/wp-json\/wp\/v2\/media\/1429"}],"wp:attachment":[{"href":"https:\/\/saphirsmaragd.com\/da\/wp-json\/wp\/v2\/media?parent=1426"}],"wp:term":[{"taxonomy":"product_brand","embeddable":true,"href":"https:\/\/saphirsmaragd.com\/da\/wp-json\/wp\/v2\/product_brand?post=1426"},{"taxonomy":"product_cat","embeddable":true,"href":"https:\/\/saphirsmaragd.com\/da\/wp-json\/wp\/v2\/product_cat?post=1426"},{"taxonomy":"product_tag","embeddable":true,"href":"https:\/\/saphirsmaragd.com\/da\/wp-json\/wp\/v2\/product_tag?post=1426"}],"curies":[{"name":"wp","href":"https:\/\/api.w.org\/{rel}","templated":true}]}}