{"id":1953,"date":"2025-07-21T13:24:35","date_gmt":"2025-07-21T13:24:35","guid":{"rendered":"https:\/\/saphirsmaragd.com\/?post_type=product&#038;p=1953"},"modified":"2025-12-29T19:03:16","modified_gmt":"2025-12-29T19:03:16","slug":"aquamarin-0-40-karat-blau-oval","status":"publish","type":"product","link":"https:\/\/saphirsmaragd.com\/da\/vare\/aquamarin-0-40-karat-blau-oval\/","title":{"rendered":"Aquamarin 0.40 Karat Blau Oval \u2013 Facettiert, rein &#038; zertifiziert von Gem-A"},"content":{"rendered":"<div id=\"ez-toc-container\" class=\"ez-toc-v2_0_82_2 counter-hierarchy ez-toc-counter ez-toc-grey ez-toc-container-direction\">\n<div class=\"ez-toc-title-container\">\n<p class=\"ez-toc-title\" style=\"cursor:inherit\">Indholdsfortegnelse<\/p>\n<span class=\"ez-toc-title-toggle\"><a href=\"#\" class=\"ez-toc-pull-right ez-toc-btn ez-toc-btn-xs ez-toc-btn-default ez-toc-toggle\" aria-label=\"Toggle Table of Content\"><span class=\"ez-toc-js-icon-con\"><span class=\"\"><span class=\"eztoc-hide\" style=\"display:none;\">Skift<\/span><span class=\"ez-toc-icon-toggle-span\"><svg style=\"fill: #999;color:#999\" xmlns=\"http:\/\/www.w3.org\/2000\/svg\" class=\"list-377408\" width=\"20px\" height=\"20px\" viewbox=\"0 0 24 24\" fill=\"none\"><path d=\"M6 6H4v2h2V6zm14 0H8v2h12V6zM4 11h2v2H4v-2zm16 0H8v2h12v-2zM4 16h2v2H4v-2zm16 0H8v2h12v-2z\" fill=\"currentColor\"><\/path><\/svg><svg style=\"fill: #999;color:#999\" class=\"arrow-unsorted-368013\" xmlns=\"http:\/\/www.w3.org\/2000\/svg\" width=\"10px\" height=\"10px\" viewbox=\"0 0 24 24\" version=\"1.2\" baseprofile=\"tiny\"><path d=\"M18.2 9.3l-6.2-6.3-6.2 6.3c-.2.2-.3.4-.3.7s.1.5.3.7c.2.2.4.3.7.3h11c.3 0 .5-.1.7-.3.2-.2.3-.5.3-.7s-.1-.5-.3-.7zM5.8 14.7l6.2 6.3 6.2-6.3c.2-.2.3-.5.3-.7s-.1-.5-.3-.7c-.2-.2-.4-.3-.7-.3h-11c-.3 0-.5.1-.7.3-.2.2-.3.5-.3.7s.1.5.3.7z\"\/><\/svg><\/span><\/span><\/span><\/a><\/span><\/div>\n<nav><ul class='ez-toc-list ez-toc-list-level-1' ><li class='ez-toc-page-1 ez-toc-heading-level-4'><a class=\"ez-toc-link ez-toc-heading-1\" href=\"https:\/\/saphirsmaragd.com\/da\/vare\/aquamarin-0-40-karat-blau-oval\/#Aquamarin_040_Karat_Blau_Oval_%E2%80%93_Facettiert_rein_zertifiziert_von_Gem-A\" >Aquamarin 0.40 Karat Blau Oval \u2013 Facettiert, rein &amp; zertifiziert von Gem-A<\/a><\/li><li class='ez-toc-page-1 ez-toc-heading-level-4'><a class=\"ez-toc-link ez-toc-heading-2\" href=\"https:\/\/saphirsmaragd.com\/da\/vare\/aquamarin-0-40-karat-blau-oval\/#Merkmale_Herkunft\" >Karakteristika og oprindelse<\/a><\/li><li class='ez-toc-page-1 ez-toc-heading-level-4'><a class=\"ez-toc-link ez-toc-heading-3\" href=\"https:\/\/saphirsmaragd.com\/da\/vare\/aquamarin-0-40-karat-blau-oval\/#Besonderheiten\" >S\u00e6rlige funktioner<\/a><\/li><li class='ez-toc-page-1 ez-toc-heading-level-4'><a class=\"ez-toc-link ez-toc-heading-4\" href=\"https:\/\/saphirsmaragd.com\/da\/vare\/aquamarin-0-40-karat-blau-oval\/#Mehr_uber_unsere_Edelsteine\" >Mere om vores \u00e6delsten<\/a><\/li><li class='ez-toc-page-1 ez-toc-heading-level-4'><a class=\"ez-toc-link ez-toc-heading-5\" href=\"https:\/\/saphirsmaragd.com\/da\/vare\/aquamarin-0-40-karat-blau-oval\/#Weitere_Infos\" >Yderligere information<\/a><\/li><\/ul><\/nav><\/div>\n<h4 data-start=\"630\" data-end=\"997\"><span class=\"ez-toc-section\" id=\"Aquamarin_040_Karat_Blau_Oval_%E2%80%93_Facettiert_rein_zertifiziert_von_Gem-A\"><\/span><strong data-start=\"669\" data-end=\"744\">Aquamarin 0.40 Karat Blau Oval \u2013 Facettiert, rein &amp; zertifiziert von Gem-A<\/strong><span class=\"ez-toc-section-end\"><\/span><\/h4>\n<p data-start=\"630\" data-end=\"997\">Ein hochwertiger, oval facettierter Aquamarin mit intensivem, klarem Blau. Der pr\u00e4zise Schliff und die hohe Reinheit machen diesen Stein ideal f\u00fcr elegante Schmuckst\u00fccke mit maritimer Ausstrahlung.<\/p>\n<hr data-start=\"1775\" data-end=\"1778\" \/>\n<h4 data-start=\"946\" data-end=\"1190\"><span class=\"ez-toc-section\" id=\"Merkmale_Herkunft\"><\/span><strong data-start=\"946\" data-end=\"969\">Karakteristika og oprindelse<\/strong><span class=\"ez-toc-section-end\"><\/span><\/h4>\n<p data-start=\"946\" data-end=\"1190\">Stein: Aquamarin<br data-start=\"988\" data-end=\"991\" \/>Farbe: Blau<br data-start=\"1002\" data-end=\"1005\" \/>Form: Oval<br data-start=\"1015\" data-end=\"1018\" \/>Gewicht: 0.40 Karat<br data-start=\"1034\" data-end=\"1037\" \/>Dimension: 6 \u00d7 4 mm<br data-start=\"1056\" data-end=\"1059\" \/>Reinheit: Sehr kleine Einschl\u00fcsse<br data-start=\"1119\" data-end=\"1122\" \/>Stand: Ny<br data-start=\"1134\" data-end=\"1137\" \/>Certifikat: Ja<br data-start=\"1151\" data-end=\"1154\" \/>Mohsh\u00e4rte: 7<\/p>\n<hr data-start=\"1192\" data-end=\"1195\" \/>\n<h4 data-start=\"1197\" data-end=\"1506\"><span class=\"ez-toc-section\" id=\"Besonderheiten\"><\/span><strong data-start=\"1197\" data-end=\"1215\">S\u00e6rlige funktioner<\/strong><span class=\"ez-toc-section-end\"><\/span><\/h4>\n<p data-start=\"1197\" data-end=\"1506\">Dieser Aquamarin \u00fcberzeugt durch seine ausgewogene Gr\u00f6\u00dfe und sein leuchtendes, klares Blau. Der Stein stammt aus der Familie der Berylle und wird mit einem offiziellen Echtheitszertifikat von Val\u00e9rie DURAFFOURG (Gem-A, London) geliefert \u2013 ein Garant f\u00fcr gepr\u00fcfte Qualit\u00e4t und Transparenz.<\/p>\n<hr data-start=\"1508\" data-end=\"1511\" \/>\n<h4 data-start=\"1931\" data-end=\"1971\"><span class=\"ez-toc-section\" id=\"Mehr_uber_unsere_Edelsteine\"><\/span>Mere om vores \u00e6delsten<span class=\"ez-toc-section-end\"><\/span><\/h4>\n<p data-start=\"1972\" data-end=\"2069\"><a href=\"https:\/\/saphirsmaragd.com\/da\/product-category\/edelsteine-kaufen\/\">\u00c6delsten<\/a><\/p>\n<hr data-start=\"1652\" data-end=\"1655\" \/>\n<h4 data-start=\"1657\" data-end=\"1740\"><span class=\"ez-toc-section\" id=\"Weitere_Infos\"><\/span><strong data-start=\"1657\" data-end=\"1674\">Yderligere information<\/strong><span class=\"ez-toc-section-end\"><\/span><\/h4>\n<p data-start=\"1657\" data-end=\"1740\"><a class=\"\" href=\"https:\/\/de.wikipedia.org\/wiki\/Aquamarin\" target=\"_new\" rel=\"noopener\" data-start=\"1677\" data-end=\"1740\">Wikipedia: Aquamarin<\/a><\/p>","protected":false},"excerpt":{"rendered":"<p data-start=\"364\" data-end=\"529\"><em>Aquamarin 0.40 Karat Blau Oval (6\u00d74 mm) mit klarem Blau, hoher Reinheit und Zertifikat von Val\u00e9rie DURAFFOURG (Gem-A, London).<\/em><\/p>\n<p data-start=\"378\" data-end=\"474\">","protected":false},"featured_media":1957,"comment_status":"open","ping_status":"closed","template":"","meta":{"_glsr_average":0,"_glsr_ranking":0,"_glsr_reviews":0},"product_brand":[],"product_cat":[77],"product_tag":[],"class_list":{"0":"post-1953","1":"product","2":"type-product","3":"status-publish","4":"has-post-thumbnail","6":"product_cat-aquamarin-kaufen","7":"pa_edelsteinart-aquamarin","8":"pa_farbe-blau","9":"pa_form-oval","10":"pa_gewicht-karat-0-1-0-5-karat","11":"pa_reinheit-sehr-kleine-einschluesse","12":"pa_zertifikat-ja","13":"pa_zustand-neu","15":"first","16":"instock","17":"featured","18":"sold-individually","19":"shipping-taxable","20":"purchasable","21":"product-type-simple","22":"add-to-wishlist-before_image"},"jetpack_sharing_enabled":true,"_links":{"self":[{"href":"https:\/\/saphirsmaragd.com\/da\/wp-json\/wp\/v2\/product\/1953","targetHints":{"allow":["GET"]}}],"collection":[{"href":"https:\/\/saphirsmaragd.com\/da\/wp-json\/wp\/v2\/product"}],"about":[{"href":"https:\/\/saphirsmaragd.com\/da\/wp-json\/wp\/v2\/types\/product"}],"replies":[{"embeddable":true,"href":"https:\/\/saphirsmaragd.com\/da\/wp-json\/wp\/v2\/comments?post=1953"}],"version-history":[{"count":5,"href":"https:\/\/saphirsmaragd.com\/da\/wp-json\/wp\/v2\/product\/1953\/revisions"}],"predecessor-version":[{"id":4504,"href":"https:\/\/saphirsmaragd.com\/da\/wp-json\/wp\/v2\/product\/1953\/revisions\/4504"}],"wp:featuredmedia":[{"embeddable":true,"href":"https:\/\/saphirsmaragd.com\/da\/wp-json\/wp\/v2\/media\/1957"}],"wp:attachment":[{"href":"https:\/\/saphirsmaragd.com\/da\/wp-json\/wp\/v2\/media?parent=1953"}],"wp:term":[{"taxonomy":"product_brand","embeddable":true,"href":"https:\/\/saphirsmaragd.com\/da\/wp-json\/wp\/v2\/product_brand?post=1953"},{"taxonomy":"product_cat","embeddable":true,"href":"https:\/\/saphirsmaragd.com\/da\/wp-json\/wp\/v2\/product_cat?post=1953"},{"taxonomy":"product_tag","embeddable":true,"href":"https:\/\/saphirsmaragd.com\/da\/wp-json\/wp\/v2\/product_tag?post=1953"}],"curies":[{"name":"wp","href":"https:\/\/api.w.org\/{rel}","templated":true}]}}