{"id":2660,"date":"2025-10-12T11:58:16","date_gmt":"2025-10-12T11:58:16","guid":{"rendered":"https:\/\/saphirsmaragd.com\/?post_type=product&#038;p=2660"},"modified":"2025-12-29T19:00:29","modified_gmt":"2025-12-29T19:00:29","slug":"granat-0-33-karat-gruen-rund","status":"publish","type":"product","link":"https:\/\/saphirsmaragd.com\/da\/vare\/granat-0-33-karat-gruen-rund\/","title":{"rendered":"Granat 0,33 karat gr\u00f8n rund \u2013 Tsavorit 4,4 mm med certifikat og brillantslibning"},"content":{"rendered":"<div id=\"ez-toc-container\" class=\"ez-toc-v2_0_82_2 counter-hierarchy ez-toc-counter ez-toc-grey ez-toc-container-direction\">\n<div class=\"ez-toc-title-container\">\n<p class=\"ez-toc-title\" style=\"cursor:inherit\">Indholdsfortegnelse<\/p>\n<span class=\"ez-toc-title-toggle\"><a href=\"#\" class=\"ez-toc-pull-right ez-toc-btn ez-toc-btn-xs ez-toc-btn-default ez-toc-toggle\" aria-label=\"Toggle Table of Content\"><span class=\"ez-toc-js-icon-con\"><span class=\"\"><span class=\"eztoc-hide\" style=\"display:none;\">Skift<\/span><span class=\"ez-toc-icon-toggle-span\"><svg style=\"fill: #999;color:#999\" xmlns=\"http:\/\/www.w3.org\/2000\/svg\" class=\"list-377408\" width=\"20px\" height=\"20px\" viewbox=\"0 0 24 24\" fill=\"none\"><path d=\"M6 6H4v2h2V6zm14 0H8v2h12V6zM4 11h2v2H4v-2zm16 0H8v2h12v-2zM4 16h2v2H4v-2zm16 0H8v2h12v-2z\" fill=\"currentColor\"><\/path><\/svg><svg style=\"fill: #999;color:#999\" class=\"arrow-unsorted-368013\" xmlns=\"http:\/\/www.w3.org\/2000\/svg\" width=\"10px\" height=\"10px\" viewbox=\"0 0 24 24\" version=\"1.2\" baseprofile=\"tiny\"><path d=\"M18.2 9.3l-6.2-6.3-6.2 6.3c-.2.2-.3.4-.3.7s.1.5.3.7c.2.2.4.3.7.3h11c.3 0 .5-.1.7-.3.2-.2.3-.5.3-.7s-.1-.5-.3-.7zM5.8 14.7l6.2 6.3 6.2-6.3c.2-.2.3-.5.3-.7s-.1-.5-.3-.7c-.2-.2-.4-.3-.7-.3h-11c-.3 0-.5.1-.7.3-.2.2-.3.5-.3.7s.1.5.3.7z\"\/><\/svg><\/span><\/span><\/span><\/a><\/span><\/div>\n<nav><ul class='ez-toc-list ez-toc-list-level-1' ><li class='ez-toc-page-1 ez-toc-heading-level-4'><a class=\"ez-toc-link ez-toc-heading-1\" href=\"https:\/\/saphirsmaragd.com\/da\/vare\/granat-0-33-karat-gruen-rund\/#Granat_033_Karat_Grun_Rund_%E2%80%93_leuchtender_Tsavorit_in_Schmuckqualitat\" >Granat 0.33 Karat Gr\u00fcn Rund \u2013 leuchtender Tsavorit in Schmuckqualit\u00e4t<\/a><\/li><li class='ez-toc-page-1 ez-toc-heading-level-4'><a class=\"ez-toc-link ez-toc-heading-2\" href=\"https:\/\/saphirsmaragd.com\/da\/vare\/granat-0-33-karat-gruen-rund\/#Merkmale_Herkunft\" >Karakteristika og oprindelse<\/a><\/li><li class='ez-toc-page-1 ez-toc-heading-level-4'><a class=\"ez-toc-link ez-toc-heading-3\" href=\"https:\/\/saphirsmaragd.com\/da\/vare\/granat-0-33-karat-gruen-rund\/#Besonderheiten\" >S\u00e6rlige funktioner<\/a><\/li><li class='ez-toc-page-1 ez-toc-heading-level-4'><a class=\"ez-toc-link ez-toc-heading-4\" href=\"https:\/\/saphirsmaragd.com\/da\/vare\/granat-0-33-karat-gruen-rund\/#Mehr_uber_unsere_Edelsteine\" >Mere om vores \u00e6delsten<\/a><\/li><li class='ez-toc-page-1 ez-toc-heading-level-4'><a class=\"ez-toc-link ez-toc-heading-5\" href=\"https:\/\/saphirsmaragd.com\/da\/vare\/granat-0-33-karat-gruen-rund\/#Weitere_Infos\" >Yderligere information<\/a><\/li><\/ul><\/nav><\/div>\n<h4 data-start=\"756\" data-end=\"1205\"><span class=\"ez-toc-section\" id=\"Granat_033_Karat_Grun_Rund_%E2%80%93_leuchtender_Tsavorit_in_Schmuckqualitat\"><\/span><strong data-start=\"756\" data-end=\"829\">Granat 0.33 Karat Gr\u00fcn Rund \u2013 leuchtender Tsavorit in Schmuckqualit\u00e4t<\/strong><span class=\"ez-toc-section-end\"><\/span><\/h4>\n<p data-start=\"756\" data-end=\"1205\">Dieser Stein kombiniert intensives Tannengr\u00fcn, einen pr\u00e4zisen runden Brillantschliff und zertifizierte Echtheit. Granat 0.33 Karat Gr\u00fcn Rund zeigt ein frisches, klares Farbspiel und ist perfekt f\u00fcr Ohrstecker, Solit\u00e4rringe oder zarte Anh\u00e4nger.<\/p>\n<hr data-start=\"1207\" data-end=\"1210\" \/>\n<h4 data-start=\"1212\" data-end=\"1236\"><span class=\"ez-toc-section\" id=\"Merkmale_Herkunft\"><\/span>Karakteristika og oprindelse<span class=\"ez-toc-section-end\"><\/span><\/h4>\n<p data-start=\"1238\" data-end=\"1513\">Steinart: Granat (Tsavorit)<br data-start=\"1265\" data-end=\"1268\" \/>Farve: Gr\u00f8n<br data-start=\"1279\" data-end=\"1282\" \/>Form: Rund, brillant facettiert<br data-start=\"1313\" data-end=\"1316\" \/>Gewicht: 0.33 Karat<br data-start=\"1335\" data-end=\"1338\" \/>Gr\u00f6\u00dfe: 4.4 mm<br data-start=\"1351\" data-end=\"1354\" \/>H\u00e5rdhed: 7 p\u00e5 Mohs-skalaen<br data-start=\"1381\" data-end=\"1384\" \/>Renhed: \u00d8jenrensende<br data-start=\"1403\" data-end=\"1406\" \/>Behandling: Ubehandlet<br data-start=\"1429\" data-end=\"1432\" \/>Certifikat: Val\u00e9rie DURAFFOURG (Gem-A)<br data-start=\"1470\" data-end=\"1473\" \/>Stand: Ny<\/p>\n<hr data-start=\"1515\" data-end=\"1518\" \/>\n<h4 data-start=\"1520\" data-end=\"1539\"><span class=\"ez-toc-section\" id=\"Besonderheiten\"><\/span>S\u00e6rlige funktioner<span class=\"ez-toc-section-end\"><\/span><\/h4>\n<p data-start=\"1541\" data-end=\"1728\">Klarer, sehr lebendiger Gr\u00fcnton mit starkem Funkeln dank Brillantschliff. Unbehandelte Qualit\u00e4t und Zertifizierung \u2013 ideal f\u00fcr feine Ma\u00dfanfertigungen oder als hochwertiger Austauschstein.<\/p>\n<hr data-start=\"1926\" data-end=\"1929\" \/>\n<h4 data-start=\"1931\" data-end=\"1971\"><span class=\"ez-toc-section\" id=\"Mehr_uber_unsere_Edelsteine\"><\/span>Mere om vores \u00e6delsten<span class=\"ez-toc-section-end\"><\/span><\/h4>\n<p data-start=\"1972\" data-end=\"2069\"><a href=\"https:\/\/saphirsmaragd.com\/da\/product-category\/edelsteine-kaufen\/\">\u00c6delsten<\/a><\/p>\n<hr data-start=\"2071\" data-end=\"2074\" \/>\n<h4 data-start=\"2076\" data-end=\"2096\"><span class=\"ez-toc-section\" id=\"Weitere_Infos\"><\/span>Yderligere information<span class=\"ez-toc-section-end\"><\/span><\/h4>\n<p data-start=\"2097\" data-end=\"2160\"><a class=\"decorated-link cursor-pointer\" href=\"https:\/\/de.wikipedia.org\/wiki\/Granat\" target=\"_new\" rel=\"noopener\" data-start=\"2097\" data-end=\"2160\">Wikipedia: Granat<\/a><\/p>","protected":false},"excerpt":{"rendered":"<p><em>Granat 0.33 Karat Gr\u00fcn Rund \u2013 nat\u00fcrlicher Tsavorit (4.4 mm) mit Zertifikat, leuchtendem Gr\u00fcn und rundem Brillantschliff. Ideal f\u00fcr feinen Schmuck.<\/em><\/p>\n<h3 data-start=\"660\" data-end=\"684\"><\/h3>\n<p data-start=\"575\" data-end=\"606\">","protected":false},"featured_media":2663,"comment_status":"open","ping_status":"closed","template":"","meta":{"_glsr_average":0,"_glsr_ranking":0,"_glsr_reviews":0},"product_brand":[],"product_cat":[111],"product_tag":[],"class_list":{"0":"post-2660","1":"product","2":"type-product","3":"status-publish","4":"has-post-thumbnail","6":"product_cat-granat-kaufen","7":"pa_edelsteinart-granat","8":"pa_farbe-gruen","9":"pa_form-rund","10":"pa_gewicht-karat-0-1-0-5-karat","11":"pa_reinheit-augenrein","12":"pa_veredelung-behandlung-unbehandelt","13":"pa_zertifikat-ja","14":"pa_zustand-neu","16":"first","17":"instock","18":"featured","19":"sold-individually","20":"shipping-taxable","21":"purchasable","22":"product-type-simple","23":"add-to-wishlist-before_image"},"jetpack_sharing_enabled":true,"_links":{"self":[{"href":"https:\/\/saphirsmaragd.com\/da\/wp-json\/wp\/v2\/product\/2660","targetHints":{"allow":["GET"]}}],"collection":[{"href":"https:\/\/saphirsmaragd.com\/da\/wp-json\/wp\/v2\/product"}],"about":[{"href":"https:\/\/saphirsmaragd.com\/da\/wp-json\/wp\/v2\/types\/product"}],"replies":[{"embeddable":true,"href":"https:\/\/saphirsmaragd.com\/da\/wp-json\/wp\/v2\/comments?post=2660"}],"version-history":[{"count":1,"href":"https:\/\/saphirsmaragd.com\/da\/wp-json\/wp\/v2\/product\/2660\/revisions"}],"predecessor-version":[{"id":2664,"href":"https:\/\/saphirsmaragd.com\/da\/wp-json\/wp\/v2\/product\/2660\/revisions\/2664"}],"wp:featuredmedia":[{"embeddable":true,"href":"https:\/\/saphirsmaragd.com\/da\/wp-json\/wp\/v2\/media\/2663"}],"wp:attachment":[{"href":"https:\/\/saphirsmaragd.com\/da\/wp-json\/wp\/v2\/media?parent=2660"}],"wp:term":[{"taxonomy":"product_brand","embeddable":true,"href":"https:\/\/saphirsmaragd.com\/da\/wp-json\/wp\/v2\/product_brand?post=2660"},{"taxonomy":"product_cat","embeddable":true,"href":"https:\/\/saphirsmaragd.com\/da\/wp-json\/wp\/v2\/product_cat?post=2660"},{"taxonomy":"product_tag","embeddable":true,"href":"https:\/\/saphirsmaragd.com\/da\/wp-json\/wp\/v2\/product_tag?post=2660"}],"curies":[{"name":"wp","href":"https:\/\/api.w.org\/{rel}","templated":true}]}}