{"id":2791,"date":"2025-10-12T21:17:07","date_gmt":"2025-10-12T21:17:07","guid":{"rendered":"https:\/\/saphirsmaragd.com\/?post_type=product&#038;p=2791"},"modified":"2025-12-05T10:11:50","modified_gmt":"2025-12-05T10:11:50","slug":"angel-aura-cluster-78-20-gramm","status":"publish","type":"product","link":"https:\/\/saphirsmaragd.com\/da\/vare\/angel-aura-cluster-78-20-gramm\/","title":{"rendered":"Angel Aura Cluster 78,20 gram \u2013 Regnbuekrystal til ro og renselse"},"content":{"rendered":"<div id=\"ez-toc-container\" class=\"ez-toc-v2_0_82_2 counter-hierarchy ez-toc-counter ez-toc-grey ez-toc-container-direction\">\n<div class=\"ez-toc-title-container\">\n<p class=\"ez-toc-title\" style=\"cursor:inherit\">Indholdsfortegnelse<\/p>\n<span class=\"ez-toc-title-toggle\"><a href=\"#\" class=\"ez-toc-pull-right ez-toc-btn ez-toc-btn-xs ez-toc-btn-default ez-toc-toggle\" aria-label=\"Toggle Table of Content\"><span class=\"ez-toc-js-icon-con\"><span class=\"\"><span class=\"eztoc-hide\" style=\"display:none;\">Skift<\/span><span class=\"ez-toc-icon-toggle-span\"><svg style=\"fill: #999;color:#999\" xmlns=\"http:\/\/www.w3.org\/2000\/svg\" class=\"list-377408\" width=\"20px\" height=\"20px\" viewbox=\"0 0 24 24\" fill=\"none\"><path d=\"M6 6H4v2h2V6zm14 0H8v2h12V6zM4 11h2v2H4v-2zm16 0H8v2h12v-2zM4 16h2v2H4v-2zm16 0H8v2h12v-2z\" fill=\"currentColor\"><\/path><\/svg><svg style=\"fill: #999;color:#999\" class=\"arrow-unsorted-368013\" xmlns=\"http:\/\/www.w3.org\/2000\/svg\" width=\"10px\" height=\"10px\" viewbox=\"0 0 24 24\" version=\"1.2\" baseprofile=\"tiny\"><path d=\"M18.2 9.3l-6.2-6.3-6.2 6.3c-.2.2-.3.4-.3.7s.1.5.3.7c.2.2.4.3.7.3h11c.3 0 .5-.1.7-.3.2-.2.3-.5.3-.7s-.1-.5-.3-.7zM5.8 14.7l6.2 6.3 6.2-6.3c.2-.2.3-.5.3-.7s-.1-.5-.3-.7c-.2-.2-.4-.3-.7-.3h-11c-.3 0-.5.1-.7.3-.2.2-.3.5-.3.7s.1.5.3.7z\"\/><\/svg><\/span><\/span><\/span><\/a><\/span><\/div>\n<nav><ul class='ez-toc-list ez-toc-list-level-1' ><li class='ez-toc-page-1 ez-toc-heading-level-4'><a class=\"ez-toc-link ez-toc-heading-1\" href=\"https:\/\/saphirsmaragd.com\/da\/vare\/angel-aura-cluster-78-20-gramm\/#Angel_Aura_Cluster_7820_Gramm_%E2%80%93_Regenbogen-Kristall_fur_Ruhe_Reinigung\" >Angel Aura Cluster 78,20 gram \u2013 Regnbuekrystal til ro og renselse<\/a><\/li><li class='ez-toc-page-1 ez-toc-heading-level-4'><a class=\"ez-toc-link ez-toc-heading-2\" href=\"https:\/\/saphirsmaragd.com\/da\/vare\/angel-aura-cluster-78-20-gramm\/#_Merkmale_Herkunft\" >\u00a0Karakteristika og oprindelse<\/a><\/li><li class='ez-toc-page-1 ez-toc-heading-level-4'><a class=\"ez-toc-link ez-toc-heading-3\" href=\"https:\/\/saphirsmaragd.com\/da\/vare\/angel-aura-cluster-78-20-gramm\/#_Besonderheiten\" >\u00a0S\u00e6rlige funktioner<\/a><\/li><li class='ez-toc-page-1 ez-toc-heading-level-4'><a class=\"ez-toc-link ez-toc-heading-4\" href=\"https:\/\/saphirsmaragd.com\/da\/vare\/angel-aura-cluster-78-20-gramm\/#_Mehr_uber_Heilsteine_Kristalle\" >\u00a0Mere om helbredende sten og krystaller<\/a><\/li><li class='ez-toc-page-1 ez-toc-heading-level-4'><a class=\"ez-toc-link ez-toc-heading-5\" href=\"https:\/\/saphirsmaragd.com\/da\/vare\/angel-aura-cluster-78-20-gramm\/#_Weitere_Infos\" >\u00a0Yderligere information<\/a><\/li><\/ul><\/nav><\/div>\n<h4 data-start=\"250\" data-end=\"330\"><span class=\"ez-toc-section\" id=\"Angel_Aura_Cluster_7820_Gramm_%E2%80%93_Regenbogen-Kristall_fur_Ruhe_Reinigung\"><\/span><strong data-start=\"253\" data-end=\"330\">Angel Aura Cluster 78,20 gram \u2013 Regnbuekrystal til ro og renselse<\/strong><span class=\"ez-toc-section-end\"><\/span><\/h4>\n<p data-start=\"332\" data-end=\"639\">Der Angel Aura Cluster 78.20 Gramm ist ein au\u00dfergew\u00f6hnlicher Naturstein aus den Vereinigten Staaten. Durch die Behandlung von Bergkristall mit Platin und Silber entsteht ein sanft schimmernder, regenbogenfarbener Glanz, der diesem Heilstein eine himmlische Ausstrahlung und beruhigende Energie verleiht.<\/p>\n<hr data-start=\"641\" data-end=\"644\" \/>\n<h4 data-start=\"646\" data-end=\"674\"><span class=\"ez-toc-section\" id=\"_Merkmale_Herkunft\"><\/span>\u00a0Karakteristika og oprindelse<span class=\"ez-toc-section-end\"><\/span><\/h4>\n<p data-start=\"675\" data-end=\"998\">Farve: Regnbuefarver med et s\u00f8lvagtigt glimmer<br data-start=\"721\" data-end=\"724\" \/>Form: Klynge (krystalgruppe)<br data-start=\"754\" data-end=\"757\" \/>Oprindelse: USA<br data-start=\"785\" data-end=\"788\" \/>Gewicht: 78.20 Gramm<br data-start=\"808\" data-end=\"811\" \/>Ma\u00dfe: ca. 5,8 \u00d7 5,2 \u00d7 6,5 cm<br data-start=\"839\" data-end=\"842\" \/>Renhed: Transparent til let m\u00e6lkeagtig<br data-start=\"882\" data-end=\"885\" \/>Behandling: Aurabel\u00e6gning med platin og s\u00f8lv<br data-start=\"967\" data-end=\"970\" \/>Stentype: Angel Aura Quartz<\/p>\n<hr data-start=\"1000\" data-end=\"1003\" \/>\n<h4 data-start=\"1005\" data-end=\"1028\"><span class=\"ez-toc-section\" id=\"_Besonderheiten\"><\/span>\u00a0S\u00e6rlige funktioner<span class=\"ez-toc-section-end\"><\/span><\/h4>\n<p data-start=\"1030\" data-end=\"1286\">Der Angel Aura Cluster 78.20 Gramm vereint die Energie von Bergkristall, Platin und Silber zu einer sanften, lichtvollen Schwingung, die tiefe Ruhe und inneren Frieden vermittelt. Seine zarte Aura f\u00f6rdert Gelassenheit und ein Gef\u00fchl von Leichtigkeit.<\/p>\n<p data-start=\"1288\" data-end=\"1558\">Dieser Heilstein steht in enger Verbindung zur Engelenergie und hilft Ihnen, spirituelle Botschaften und Erkenntnisse aus h\u00f6heren Ebenen zu empfangen. Er unterst\u00fctzt die Bewusstwerdung der eigenen Lebensaufgabe und st\u00e4rkt das Vertrauen in Ihre spirituelle Entwicklung.<\/p>\n<p data-start=\"1560\" data-end=\"1843\">Als kraftvoller Reiniger von K\u00f6rper, Geist und Seele befreit der Angel Aura Cluster 78.20 Gramm von negativen Energien und verleiht eine harmonisierende, friedvolle Atmosph\u00e4re. Bitte reinigen Sie den Stein nicht unter stark flie\u00dfendem Wasser, da seine Oberfl\u00e4che empfindlich ist.<\/p>\n<hr data-start=\"1845\" data-end=\"1848\" \/>\n<h4 data-start=\"1850\" data-end=\"1891\"><span class=\"ez-toc-section\" id=\"_Mehr_uber_Heilsteine_Kristalle\"><\/span>\u00a0Mere om helbredende sten og krystaller<span class=\"ez-toc-section-end\"><\/span><\/h4>\n<p data-start=\"1893\" data-end=\"2084\">Opdag mere <strong data-start=\"1915\" data-end=\"2016\"><a class=\"decorated-link cursor-pointer\" href=\"https:\/\/saphirsmaragd.com\/da\/product-category\/heilsteine-kristalle-kaufen\/\" target=\"_new\" rel=\"noopener\" data-start=\"1917\" data-end=\"2014\">Helbredende sten og krystaller<\/a><\/strong>, die Ihr Energiefeld st\u00e4rken und zu mehr innerer Balance beitragen.<\/p>\n<hr data-start=\"2086\" data-end=\"2089\" \/>\n<h4 data-start=\"2091\" data-end=\"2113\"><span class=\"ez-toc-section\" id=\"_Weitere_Infos\"><\/span>\u00a0Yderligere information<span class=\"ez-toc-section-end\"><\/span><\/h4>\n<p data-start=\"2115\" data-end=\"2184\"><a class=\"decorated-link cursor-pointer\" href=\"https:\/\/de.wikipedia.org\/wiki\/Bergkristall\" target=\"_new\" rel=\"noopener\" data-start=\"2115\" data-end=\"2184\">Wikipedia: Bjergkrystal<\/a><\/p>","protected":false},"excerpt":{"rendered":"<p><em>Angel Aura Cluster 78.20 Gramm \u2013 heilender Regenbogen-Quarz mit Platin &amp; Silber f\u00fcr innere Ruhe, Reinigung und spirituelle Balance.<\/em><\/p>","protected":false},"featured_media":2792,"comment_status":"open","ping_status":"closed","template":"","meta":{"_glsr_average":0,"_glsr_ranking":0,"_glsr_reviews":0},"product_brand":[],"product_cat":[84],"product_tag":[],"class_list":{"0":"post-2791","1":"product","2":"type-product","3":"status-publish","4":"has-post-thumbnail","6":"product_cat-rohsteine-kaufen","8":"first","9":"instock","10":"shipping-taxable","11":"purchasable","12":"product-type-simple","13":"add-to-wishlist-before_image"},"jetpack_sharing_enabled":true,"_links":{"self":[{"href":"https:\/\/saphirsmaragd.com\/da\/wp-json\/wp\/v2\/product\/2791","targetHints":{"allow":["GET"]}}],"collection":[{"href":"https:\/\/saphirsmaragd.com\/da\/wp-json\/wp\/v2\/product"}],"about":[{"href":"https:\/\/saphirsmaragd.com\/da\/wp-json\/wp\/v2\/types\/product"}],"replies":[{"embeddable":true,"href":"https:\/\/saphirsmaragd.com\/da\/wp-json\/wp\/v2\/comments?post=2791"}],"version-history":[{"count":1,"href":"https:\/\/saphirsmaragd.com\/da\/wp-json\/wp\/v2\/product\/2791\/revisions"}],"predecessor-version":[{"id":2795,"href":"https:\/\/saphirsmaragd.com\/da\/wp-json\/wp\/v2\/product\/2791\/revisions\/2795"}],"wp:featuredmedia":[{"embeddable":true,"href":"https:\/\/saphirsmaragd.com\/da\/wp-json\/wp\/v2\/media\/2792"}],"wp:attachment":[{"href":"https:\/\/saphirsmaragd.com\/da\/wp-json\/wp\/v2\/media?parent=2791"}],"wp:term":[{"taxonomy":"product_brand","embeddable":true,"href":"https:\/\/saphirsmaragd.com\/da\/wp-json\/wp\/v2\/product_brand?post=2791"},{"taxonomy":"product_cat","embeddable":true,"href":"https:\/\/saphirsmaragd.com\/da\/wp-json\/wp\/v2\/product_cat?post=2791"},{"taxonomy":"product_tag","embeddable":true,"href":"https:\/\/saphirsmaragd.com\/da\/wp-json\/wp\/v2\/product_tag?post=2791"}],"curies":[{"name":"wp","href":"https:\/\/api.w.org\/{rel}","templated":true}]}}