{"id":2834,"date":"2025-10-13T07:17:00","date_gmt":"2025-10-13T07:17:00","guid":{"rendered":"https:\/\/saphirsmaragd.com\/?post_type=product&#038;p=2834"},"modified":"2025-12-29T18:59:47","modified_gmt":"2025-12-29T18:59:47","slug":"opal-0-48-karat-rot-dreieck","status":"publish","type":"product","link":"https:\/\/saphirsmaragd.com\/da\/vare\/opal-0-48-karat-rot-dreieck\/","title":{"rendered":"Opal 0,48 karat r\u00f8d trekant \u2013 mexicansk ildopal, billion 6,1 mm, \u00f8jenrens med certifikat"},"content":{"rendered":"<div id=\"ez-toc-container\" class=\"ez-toc-v2_0_82_2 counter-hierarchy ez-toc-counter ez-toc-grey ez-toc-container-direction\">\n<div class=\"ez-toc-title-container\">\n<p class=\"ez-toc-title\" style=\"cursor:inherit\">Indholdsfortegnelse<\/p>\n<span class=\"ez-toc-title-toggle\"><a href=\"#\" class=\"ez-toc-pull-right ez-toc-btn ez-toc-btn-xs ez-toc-btn-default ez-toc-toggle\" aria-label=\"Toggle Table of Content\"><span class=\"ez-toc-js-icon-con\"><span class=\"\"><span class=\"eztoc-hide\" style=\"display:none;\">Skift<\/span><span class=\"ez-toc-icon-toggle-span\"><svg style=\"fill: #999;color:#999\" xmlns=\"http:\/\/www.w3.org\/2000\/svg\" class=\"list-377408\" width=\"20px\" height=\"20px\" viewbox=\"0 0 24 24\" fill=\"none\"><path d=\"M6 6H4v2h2V6zm14 0H8v2h12V6zM4 11h2v2H4v-2zm16 0H8v2h12v-2zM4 16h2v2H4v-2zm16 0H8v2h12v-2z\" fill=\"currentColor\"><\/path><\/svg><svg style=\"fill: #999;color:#999\" class=\"arrow-unsorted-368013\" xmlns=\"http:\/\/www.w3.org\/2000\/svg\" width=\"10px\" height=\"10px\" viewbox=\"0 0 24 24\" version=\"1.2\" baseprofile=\"tiny\"><path d=\"M18.2 9.3l-6.2-6.3-6.2 6.3c-.2.2-.3.4-.3.7s.1.5.3.7c.2.2.4.3.7.3h11c.3 0 .5-.1.7-.3.2-.2.3-.5.3-.7s-.1-.5-.3-.7zM5.8 14.7l6.2 6.3 6.2-6.3c.2-.2.3-.5.3-.7s-.1-.5-.3-.7c-.2-.2-.4-.3-.7-.3h-11c-.3 0-.5.1-.7.3-.2.2-.3.5-.3.7s.1.5.3.7z\"\/><\/svg><\/span><\/span><\/span><\/a><\/span><\/div>\n<nav><ul class='ez-toc-list ez-toc-list-level-1' ><li class='ez-toc-page-1 ez-toc-heading-level-4'><a class=\"ez-toc-link ez-toc-heading-1\" href=\"https:\/\/saphirsmaragd.com\/da\/vare\/opal-0-48-karat-rot-dreieck\/#Opal_048_Karat_Rot_Dreieck_%E2%80%93_feurig_klar_und_brillant\" >Opal 0.48 Karat Rot Dreieck \u2013 feurig, klar und brillant<\/a><\/li><li class='ez-toc-page-1 ez-toc-heading-level-4'><a class=\"ez-toc-link ez-toc-heading-2\" href=\"https:\/\/saphirsmaragd.com\/da\/vare\/opal-0-48-karat-rot-dreieck\/#Merkmale_Herkunft\" >Karakteristika og oprindelse<\/a><\/li><li class='ez-toc-page-1 ez-toc-heading-level-4'><a class=\"ez-toc-link ez-toc-heading-3\" href=\"https:\/\/saphirsmaragd.com\/da\/vare\/opal-0-48-karat-rot-dreieck\/#Besonderheiten\" >S\u00e6rlige funktioner<\/a><\/li><li class='ez-toc-page-1 ez-toc-heading-level-4'><a class=\"ez-toc-link ez-toc-heading-4\" href=\"https:\/\/saphirsmaragd.com\/da\/vare\/opal-0-48-karat-rot-dreieck\/#Mehr_uber_unsere_Edelsteine\" >Mere om vores \u00e6delsten<\/a><\/li><li class='ez-toc-page-1 ez-toc-heading-level-4'><a class=\"ez-toc-link ez-toc-heading-5\" href=\"https:\/\/saphirsmaragd.com\/da\/vare\/opal-0-48-karat-rot-dreieck\/#Weitere_Infos\" >Yderligere information<\/a><\/li><\/ul><\/nav><\/div>\n<h4 data-start=\"577\" data-end=\"636\"><span class=\"ez-toc-section\" id=\"Opal_048_Karat_Rot_Dreieck_%E2%80%93_feurig_klar_und_brillant\"><\/span><strong data-start=\"577\" data-end=\"636\">Opal 0.48 Karat Rot Dreieck \u2013 feurig, klar und brillant<\/strong><span class=\"ez-toc-section-end\"><\/span><\/h4>\n<p data-start=\"638\" data-end=\"845\">Ein fein facettierter Trillion mit intensivem Dunkelrot-Orange und klarer Transparenz. Der Opal 0.48 Karat Rot Dreieck ist perfekt f\u00fcr elegante, zarte Fassungen \u2013 nat\u00fcrlich, unbehandelt und zertifiziert.<\/p>\n<hr data-start=\"847\" data-end=\"875\" \/>\n<h4 data-start=\"877\" data-end=\"1273\"><span class=\"ez-toc-section\" id=\"Merkmale_Herkunft\"><\/span><strong data-start=\"877\" data-end=\"900\">Karakteristika og oprindelse<\/strong><span class=\"ez-toc-section-end\"><\/span><\/h4>\n<p data-start=\"877\" data-end=\"1273\">Stentype: Opal (ildopal)<br data-start=\"929\" data-end=\"932\" \/>Farbe: Dunkelrot bis rot-orange, hell und rein<br data-start=\"978\" data-end=\"981\" \/>Form: Trillion (Tro\u00efdia) facettiert<br data-start=\"1016\" data-end=\"1019\" \/>Gr\u00f6\u00dfe: 6.1 mm<br data-start=\"1032\" data-end=\"1035\" \/>Gewicht: 0.48 Karat<br data-start=\"1054\" data-end=\"1057\" \/>Reinheit: Augenrein; sehr leichte, opaltypische Tr\u00fcbung unter 10\u00d7<br data-start=\"1122\" data-end=\"1125\" \/>Behandling: Ubehandlet<br data-start=\"1148\" data-end=\"1151\" \/>H\u00e4rte: 6 auf der Mohs-Skala<br data-start=\"1178\" data-end=\"1181\" \/>Oprindelse: Mexico<br data-start=\"1197\" data-end=\"1200\" \/>Zertifikat: Val\u00e9rie DURAFFOURG (Gem-A) \u2013 Lieferung im Etui<br data-start=\"1258\" data-end=\"1261\" \/>Stand: Ny<\/p>\n<hr data-start=\"1275\" data-end=\"1303\" \/>\n<h4 data-start=\"1305\" data-end=\"1542\"><span class=\"ez-toc-section\" id=\"Besonderheiten\"><\/span><strong data-start=\"1305\" data-end=\"1323\">S\u00e6rlige funktioner<\/strong><span class=\"ez-toc-section-end\"><\/span><\/h4>\n<p data-start=\"1305\" data-end=\"1542\">Trillion-Schliff f\u00fcr lebendige Lichtreflexe bei schlanker Gr\u00f6\u00dfe. Intensiver, seltener Dunkelrotton mit frischem Orange-Schimmer. Unbehandelte, zertifizierte Qualit\u00e4t \u2013 ideal f\u00fcr Ringe, Anh\u00e4nger oder feine Ohrstecker.<\/p>\n<hr data-start=\"1926\" data-end=\"1929\" \/>\n<h4 data-start=\"1931\" data-end=\"1971\"><span class=\"ez-toc-section\" id=\"Mehr_uber_unsere_Edelsteine\"><\/span>Mere om vores \u00e6delsten<span class=\"ez-toc-section-end\"><\/span><\/h4>\n<p data-start=\"1972\" data-end=\"2069\"><a href=\"https:\/\/saphirsmaragd.com\/da\/product-category\/edelsteine-kaufen\/\">\u00c6delsten<\/a><\/p>\n<hr data-start=\"2071\" data-end=\"2074\" \/>\n<h4 data-start=\"2076\" data-end=\"2096\"><span class=\"ez-toc-section\" id=\"Weitere_Infos\"><\/span>Yderligere information<span class=\"ez-toc-section-end\"><\/span><\/h4>\n<p><a href=\"https:\/\/de.wikipedia.org\/wiki\/Opal\" target=\"_blank\" rel=\"noopener\">Wikipedia: Opal<\/a><\/p>","protected":false},"excerpt":{"rendered":"<p data-start=\"244\" data-end=\"446\"><em>Opal 0.48 Karat Rot Dreieck \u2013 leuchtender mexikanischer Feueropal im 6.1 mm Trillion, augenrein, unbehandelt &amp; mit Zertifikat. Dunkelrot-orange, ideal f\u00fcr feine Fassungen.<\/em><\/p>\n<p data-start=\"448\" data-end=\"570\">\n<h3 data-start=\"660\" data-end=\"684\"><\/h3>\n<p data-start=\"575\" data-end=\"606\">","protected":false},"featured_media":2837,"comment_status":"open","ping_status":"closed","template":"","meta":{"_glsr_average":0,"_glsr_ranking":0,"_glsr_reviews":0},"product_brand":[],"product_cat":[75],"product_tag":[],"class_list":{"0":"post-2834","1":"product","2":"type-product","3":"status-publish","4":"has-post-thumbnail","6":"product_cat-opale-kaufen","7":"pa_edelsteinart-opal","8":"pa_farbe-rot","9":"pa_form-dreieck","10":"pa_gewicht-karat-0-1-0-5-karat","11":"pa_herkunft-mexiko","12":"pa_reinheit-augenrein","13":"pa_veredelung-behandlung-unbehandelt","14":"pa_zertifikat-ja","15":"pa_zustand-neu","17":"first","18":"instock","19":"featured","20":"sold-individually","21":"shipping-taxable","22":"purchasable","23":"product-type-simple","24":"add-to-wishlist-before_image"},"jetpack_sharing_enabled":true,"_links":{"self":[{"href":"https:\/\/saphirsmaragd.com\/da\/wp-json\/wp\/v2\/product\/2834","targetHints":{"allow":["GET"]}}],"collection":[{"href":"https:\/\/saphirsmaragd.com\/da\/wp-json\/wp\/v2\/product"}],"about":[{"href":"https:\/\/saphirsmaragd.com\/da\/wp-json\/wp\/v2\/types\/product"}],"replies":[{"embeddable":true,"href":"https:\/\/saphirsmaragd.com\/da\/wp-json\/wp\/v2\/comments?post=2834"}],"version-history":[{"count":1,"href":"https:\/\/saphirsmaragd.com\/da\/wp-json\/wp\/v2\/product\/2834\/revisions"}],"predecessor-version":[{"id":2838,"href":"https:\/\/saphirsmaragd.com\/da\/wp-json\/wp\/v2\/product\/2834\/revisions\/2838"}],"wp:featuredmedia":[{"embeddable":true,"href":"https:\/\/saphirsmaragd.com\/da\/wp-json\/wp\/v2\/media\/2837"}],"wp:attachment":[{"href":"https:\/\/saphirsmaragd.com\/da\/wp-json\/wp\/v2\/media?parent=2834"}],"wp:term":[{"taxonomy":"product_brand","embeddable":true,"href":"https:\/\/saphirsmaragd.com\/da\/wp-json\/wp\/v2\/product_brand?post=2834"},{"taxonomy":"product_cat","embeddable":true,"href":"https:\/\/saphirsmaragd.com\/da\/wp-json\/wp\/v2\/product_cat?post=2834"},{"taxonomy":"product_tag","embeddable":true,"href":"https:\/\/saphirsmaragd.com\/da\/wp-json\/wp\/v2\/product_tag?post=2834"}],"curies":[{"name":"wp","href":"https:\/\/api.w.org\/{rel}","templated":true}]}}