{"id":3481,"date":"2025-10-18T13:11:43","date_gmt":"2025-10-18T13:11:43","guid":{"rendered":"https:\/\/saphirsmaragd.com\/?post_type=product&#038;p=3481"},"modified":"2025-12-29T18:56:20","modified_gmt":"2025-12-29T18:56:20","slug":"turmalin-1-86-karat-pink-orange-braun-rechteck","status":"publish","type":"product","link":"https:\/\/saphirsmaragd.com\/da\/vare\/turmalin-1-86-karat-pink-orange-braun-rechteck\/","title":{"rendered":"Turmalin 1,86 karat pink orange brun rektangel \u2013 natursten med unikt farvespil"},"content":{"rendered":"<div id=\"ez-toc-container\" class=\"ez-toc-v2_0_82_2 counter-hierarchy ez-toc-counter ez-toc-grey ez-toc-container-direction\">\n<div class=\"ez-toc-title-container\">\n<p class=\"ez-toc-title\" style=\"cursor:inherit\">Indholdsfortegnelse<\/p>\n<span class=\"ez-toc-title-toggle\"><a href=\"#\" class=\"ez-toc-pull-right ez-toc-btn ez-toc-btn-xs ez-toc-btn-default ez-toc-toggle\" aria-label=\"Toggle Table of Content\"><span class=\"ez-toc-js-icon-con\"><span class=\"\"><span class=\"eztoc-hide\" style=\"display:none;\">Skift<\/span><span class=\"ez-toc-icon-toggle-span\"><svg style=\"fill: #999;color:#999\" xmlns=\"http:\/\/www.w3.org\/2000\/svg\" class=\"list-377408\" width=\"20px\" height=\"20px\" viewbox=\"0 0 24 24\" fill=\"none\"><path d=\"M6 6H4v2h2V6zm14 0H8v2h12V6zM4 11h2v2H4v-2zm16 0H8v2h12v-2zM4 16h2v2H4v-2zm16 0H8v2h12v-2z\" fill=\"currentColor\"><\/path><\/svg><svg style=\"fill: #999;color:#999\" class=\"arrow-unsorted-368013\" xmlns=\"http:\/\/www.w3.org\/2000\/svg\" width=\"10px\" height=\"10px\" viewbox=\"0 0 24 24\" version=\"1.2\" baseprofile=\"tiny\"><path d=\"M18.2 9.3l-6.2-6.3-6.2 6.3c-.2.2-.3.4-.3.7s.1.5.3.7c.2.2.4.3.7.3h11c.3 0 .5-.1.7-.3.2-.2.3-.5.3-.7s-.1-.5-.3-.7zM5.8 14.7l6.2 6.3 6.2-6.3c.2-.2.3-.5.3-.7s-.1-.5-.3-.7c-.2-.2-.4-.3-.7-.3h-11c-.3 0-.5.1-.7.3-.2.2-.3.5-.3.7s.1.5.3.7z\"\/><\/svg><\/span><\/span><\/span><\/a><\/span><\/div>\n<nav><ul class='ez-toc-list ez-toc-list-level-1' ><li class='ez-toc-page-1 ez-toc-heading-level-4'><a class=\"ez-toc-link ez-toc-heading-1\" href=\"https:\/\/saphirsmaragd.com\/da\/vare\/turmalin-1-86-karat-pink-orange-braun-rechteck\/#Turmalin_186_Karat_Pink_Orange_Braun_Rechteck_%E2%80%93_ein_seltener_Farbverlauf_mit_Charakter\" >Turmalin 1.86 Karat Pink Orange Braun Rechteck \u2013 ein seltener Farbverlauf mit Charakter<\/a><\/li><li class='ez-toc-page-1 ez-toc-heading-level-4'><a class=\"ez-toc-link ez-toc-heading-2\" href=\"https:\/\/saphirsmaragd.com\/da\/vare\/turmalin-1-86-karat-pink-orange-braun-rechteck\/#Merkmale_Herkunft\" >Karakteristika og oprindelse<\/a><\/li><li class='ez-toc-page-1 ez-toc-heading-level-4'><a class=\"ez-toc-link ez-toc-heading-3\" href=\"https:\/\/saphirsmaragd.com\/da\/vare\/turmalin-1-86-karat-pink-orange-braun-rechteck\/#Besonderheiten\" >S\u00e6rlige funktioner<\/a><\/li><li class='ez-toc-page-1 ez-toc-heading-level-4'><a class=\"ez-toc-link ez-toc-heading-4\" href=\"https:\/\/saphirsmaragd.com\/da\/vare\/turmalin-1-86-karat-pink-orange-braun-rechteck\/#Mehr_uber_unsere_Edelsteine\" >Mere om vores \u00e6delsten<\/a><\/li><li class='ez-toc-page-1 ez-toc-heading-level-4'><a class=\"ez-toc-link ez-toc-heading-5\" href=\"https:\/\/saphirsmaragd.com\/da\/vare\/turmalin-1-86-karat-pink-orange-braun-rechteck\/#Weitere_Infos\" >Yderligere information<\/a><\/li><\/ul><\/nav><\/div>\n<h4 data-start=\"638\" data-end=\"733\"><span class=\"ez-toc-section\" id=\"Turmalin_186_Karat_Pink_Orange_Braun_Rechteck_%E2%80%93_ein_seltener_Farbverlauf_mit_Charakter\"><\/span><strong data-start=\"642\" data-end=\"733\">Turmalin 1.86 Karat Pink Orange Braun Rechteck \u2013 ein seltener Farbverlauf mit Charakter<\/strong><span class=\"ez-toc-section-end\"><\/span><\/h4>\n<p data-start=\"735\" data-end=\"1039\">Dieser nat\u00fcrliche Turmalin besticht durch seinen au\u00dfergew\u00f6hnlichen Farbverlauf in Pink, Orange und Braun sowie seinen rechteckigen Schliff. Die feinen Einschl\u00fcsse verleihen dem Stein ein authentisches, unverwechselbares Erscheinungsbild und machen ihn ideal f\u00fcr hochwertige Schmuckdesigns und Sammlungen.<\/p>\n<hr data-start=\"1041\" data-end=\"1044\" \/>\n<h4 data-start=\"1046\" data-end=\"1075\"><span class=\"ez-toc-section\" id=\"Merkmale_Herkunft\"><\/span>Karakteristika og oprindelse<span class=\"ez-toc-section-end\"><\/span><\/h4>\n<p data-start=\"1076\" data-end=\"1350\">Stentype: Turmalin<br data-start=\"1364\" data-end=\"1367\" \/>Farbe: Pink, Orange, Braun<br data-start=\"1393\" data-end=\"1396\" \/>Form: Rechteck<br data-start=\"1410\" data-end=\"1413\" \/>Gewicht: 1.86 Karat<br data-start=\"1432\" data-end=\"1435\" \/>Dimension: 10.77 \u00d7 6.21 mm<br data-start=\"1461\" data-end=\"1464\" \/>H\u00e5rdhed: 7 p\u00e5 Mohs-skalaen<br data-start=\"1491\" data-end=\"1494\" \/>Renhed: Sm\u00e5 indeslutninger<br data-start=\"1521\" data-end=\"1524\" \/>Behandling: Ubehandlet<br data-start=\"1547\" data-end=\"1550\" \/>Zertifikat: Val\u00e9rie Duraffourg (Gem-A)<br data-start=\"1588\" data-end=\"1591\" \/>Stand: Ny<\/p>\n<hr data-start=\"1352\" data-end=\"1355\" \/>\n<h4 data-start=\"1357\" data-end=\"1381\"><span class=\"ez-toc-section\" id=\"Besonderheiten\"><\/span>S\u00e6rlige funktioner<span class=\"ez-toc-section-end\"><\/span><\/h4>\n<p data-start=\"1382\" data-end=\"1579\">Dieser Turmalin vereint drei nat\u00fcrliche Farbt\u00f6ne in einem einzigen Stein \u2013 ein seltenes Merkmal, das ihn besonders begehrenswert f\u00fcr individuelle Schmuckanfertigungen und Edelsteinsammlungen macht.<\/p>\n<hr data-start=\"1926\" data-end=\"1929\" \/>\n<h4 data-start=\"1931\" data-end=\"1971\"><span class=\"ez-toc-section\" id=\"Mehr_uber_unsere_Edelsteine\"><\/span>Mere om vores \u00e6delsten<span class=\"ez-toc-section-end\"><\/span><\/h4>\n<p data-start=\"1972\" data-end=\"2069\"><a href=\"https:\/\/saphirsmaragd.com\/da\/product-category\/edelsteine-kaufen\/\">\u00c6delsten<\/a><\/p>\n<hr data-start=\"2071\" data-end=\"2074\" \/>\n<h4 data-start=\"2076\" data-end=\"2096\"><span class=\"ez-toc-section\" id=\"Weitere_Infos\"><\/span>Yderligere information<span class=\"ez-toc-section-end\"><\/span><\/h4>\n<p><a href=\"https:\/\/de.wikipedia.org\/wiki\/Turmalin\" target=\"_blank\" rel=\"noopener\">Wikipedia: Turmalin<\/a><\/p>","protected":false},"excerpt":{"rendered":"<p data-start=\"321\" data-end=\"513\"><em>Turmalin 1.86 Karat Pink Orange Braun Rechteck \u2013 nat\u00fcrlicher Edelstein mit intensivem Farbverlauf, feinen Einschl\u00fcssen und rechteckigem Schliff. Ideal f\u00fcr Sammler und Schmuckanfertigungen.<\/em><\/p>","protected":false},"featured_media":3484,"comment_status":"open","ping_status":"closed","template":"","meta":{"_glsr_average":0,"_glsr_ranking":0,"_glsr_reviews":0},"product_brand":[],"product_cat":[109],"product_tag":[],"class_list":{"0":"post-3481","1":"product","2":"type-product","3":"status-publish","4":"has-post-thumbnail","6":"product_cat-turmalin-kaufen","7":"pa_edelsteinart-turmalin","8":"pa_farbe-braun","9":"pa_farbe-orange","10":"pa_farbe-rosa","11":"pa_form-rechteck","12":"pa_gewicht-karat-1-0-3-0-karat","13":"pa_reinheit-kleine-einschluesse","14":"pa_veredelung-behandlung-unbehandelt","15":"pa_zertifikat-ja","16":"pa_zustand-neu","18":"first","19":"instock","20":"featured","21":"sold-individually","22":"shipping-taxable","23":"purchasable","24":"product-type-simple","25":"add-to-wishlist-before_image"},"jetpack_sharing_enabled":true,"_links":{"self":[{"href":"https:\/\/saphirsmaragd.com\/da\/wp-json\/wp\/v2\/product\/3481","targetHints":{"allow":["GET"]}}],"collection":[{"href":"https:\/\/saphirsmaragd.com\/da\/wp-json\/wp\/v2\/product"}],"about":[{"href":"https:\/\/saphirsmaragd.com\/da\/wp-json\/wp\/v2\/types\/product"}],"replies":[{"embeddable":true,"href":"https:\/\/saphirsmaragd.com\/da\/wp-json\/wp\/v2\/comments?post=3481"}],"version-history":[{"count":1,"href":"https:\/\/saphirsmaragd.com\/da\/wp-json\/wp\/v2\/product\/3481\/revisions"}],"predecessor-version":[{"id":3485,"href":"https:\/\/saphirsmaragd.com\/da\/wp-json\/wp\/v2\/product\/3481\/revisions\/3485"}],"wp:featuredmedia":[{"embeddable":true,"href":"https:\/\/saphirsmaragd.com\/da\/wp-json\/wp\/v2\/media\/3484"}],"wp:attachment":[{"href":"https:\/\/saphirsmaragd.com\/da\/wp-json\/wp\/v2\/media?parent=3481"}],"wp:term":[{"taxonomy":"product_brand","embeddable":true,"href":"https:\/\/saphirsmaragd.com\/da\/wp-json\/wp\/v2\/product_brand?post=3481"},{"taxonomy":"product_cat","embeddable":true,"href":"https:\/\/saphirsmaragd.com\/da\/wp-json\/wp\/v2\/product_cat?post=3481"},{"taxonomy":"product_tag","embeddable":true,"href":"https:\/\/saphirsmaragd.com\/da\/wp-json\/wp\/v2\/product_tag?post=3481"}],"curies":[{"name":"wp","href":"https:\/\/api.w.org\/{rel}","templated":true}]}}