{"id":3934,"date":"2025-10-29T22:14:39","date_gmt":"2025-10-29T22:14:39","guid":{"rendered":"https:\/\/saphirsmaragd.com\/?post_type=product&#038;p=3934"},"modified":"2025-12-05T10:15:24","modified_gmt":"2025-12-05T10:15:24","slug":"heilstein-schwarzer-turmalin-schutz","status":"publish","type":"product","link":"https:\/\/saphirsmaragd.com\/da\/vare\/heilstein-schwarzer-turmalin-schutz\/","title":{"rendered":"Sort turmalin helbredende sten \u2013 Jordnende natursten fra Brasilien"},"content":{"rendered":"<div id=\"ez-toc-container\" class=\"ez-toc-v2_0_82_2 counter-hierarchy ez-toc-counter ez-toc-grey ez-toc-container-direction\">\n<div class=\"ez-toc-title-container\">\n<p class=\"ez-toc-title\" style=\"cursor:inherit\">Indholdsfortegnelse<\/p>\n<span class=\"ez-toc-title-toggle\"><a href=\"#\" class=\"ez-toc-pull-right ez-toc-btn ez-toc-btn-xs ez-toc-btn-default ez-toc-toggle\" aria-label=\"Toggle Table of Content\"><span class=\"ez-toc-js-icon-con\"><span class=\"\"><span class=\"eztoc-hide\" style=\"display:none;\">Skift<\/span><span class=\"ez-toc-icon-toggle-span\"><svg style=\"fill: #999;color:#999\" xmlns=\"http:\/\/www.w3.org\/2000\/svg\" class=\"list-377408\" width=\"20px\" height=\"20px\" viewbox=\"0 0 24 24\" fill=\"none\"><path d=\"M6 6H4v2h2V6zm14 0H8v2h12V6zM4 11h2v2H4v-2zm16 0H8v2h12v-2zM4 16h2v2H4v-2zm16 0H8v2h12v-2z\" fill=\"currentColor\"><\/path><\/svg><svg style=\"fill: #999;color:#999\" class=\"arrow-unsorted-368013\" xmlns=\"http:\/\/www.w3.org\/2000\/svg\" width=\"10px\" height=\"10px\" viewbox=\"0 0 24 24\" version=\"1.2\" baseprofile=\"tiny\"><path d=\"M18.2 9.3l-6.2-6.3-6.2 6.3c-.2.2-.3.4-.3.7s.1.5.3.7c.2.2.4.3.7.3h11c.3 0 .5-.1.7-.3.2-.2.3-.5.3-.7s-.1-.5-.3-.7zM5.8 14.7l6.2 6.3 6.2-6.3c.2-.2.3-.5.3-.7s-.1-.5-.3-.7c-.2-.2-.4-.3-.7-.3h-11c-.3 0-.5.1-.7.3-.2.2-.3.5-.3.7s.1.5.3.7z\"\/><\/svg><\/span><\/span><\/span><\/a><\/span><\/div>\n<nav><ul class='ez-toc-list ez-toc-list-level-1' ><li class='ez-toc-page-1 ez-toc-heading-level-4'><a class=\"ez-toc-link ez-toc-heading-1\" href=\"https:\/\/saphirsmaragd.com\/da\/vare\/heilstein-schwarzer-turmalin-schutz\/#Heilstein_Schwarzer_Turmalin_Schutz_%E2%80%93_Erdender_Naturstein_aus_Brasilien\" >Sort turmalin helbredende sten \u2013 Jordnende natursten fra Brasilien<\/a><\/li><li class='ez-toc-page-1 ez-toc-heading-level-4'><a class=\"ez-toc-link ez-toc-heading-2\" href=\"https:\/\/saphirsmaragd.com\/da\/vare\/heilstein-schwarzer-turmalin-schutz\/#Merkmale_Herkunft\" >Karakteristika og oprindelse<\/a><\/li><li class='ez-toc-page-1 ez-toc-heading-level-4'><a class=\"ez-toc-link ez-toc-heading-3\" href=\"https:\/\/saphirsmaragd.com\/da\/vare\/heilstein-schwarzer-turmalin-schutz\/#_Besonderheiten\" >\u00a0S\u00e6rlige funktioner<\/a><\/li><li class='ez-toc-page-1 ez-toc-heading-level-4'><a class=\"ez-toc-link ez-toc-heading-4\" href=\"https:\/\/saphirsmaragd.com\/da\/vare\/heilstein-schwarzer-turmalin-schutz\/#_Mehr_uber_Heilsteine_Kristalle\" >\u00a0Mere om helbredende sten og krystaller<\/a><\/li><li class='ez-toc-page-1 ez-toc-heading-level-4'><a class=\"ez-toc-link ez-toc-heading-5\" href=\"https:\/\/saphirsmaragd.com\/da\/vare\/heilstein-schwarzer-turmalin-schutz\/#_Weitere_Infos\" >\u00a0Yderligere information<\/a><\/li><\/ul><\/nav><\/div>\n<h4 data-start=\"734\" data-end=\"753\"><span class=\"ez-toc-section\" id=\"Heilstein_Schwarzer_Turmalin_Schutz_%E2%80%93_Erdender_Naturstein_aus_Brasilien\"><\/span>Sort turmalin helbredende sten \u2013 Jordnende natursten fra Brasilien<span class=\"ez-toc-section-end\"><\/span><\/h4>\n<p data-start=\"755\" data-end=\"940\">Der Heilstein Schwarzer Turmalin Schutz ist ein kraftvoller und naturbelassener Rohstein auf Stand aus Brasilien und wird traditionell f\u00fcr energetischen Schutz und Erdung verwendet.<\/p>\n<hr data-start=\"2255\" data-end=\"2258\" \/>\n<h4 data-start=\"942\" data-end=\"968\"><span class=\"ez-toc-section\" id=\"Merkmale_Herkunft\"><\/span>Karakteristika og oprindelse<span class=\"ez-toc-section-end\"><\/span><\/h4>\n<p data-start=\"969\" data-end=\"1237\">Farbe: Schwarz<br data-start=\"983\" data-end=\"986\" \/>Form: Rohstein auf Stand<br data-start=\"1010\" data-end=\"1013\" \/>Oprindelse: Brasilien<br data-start=\"1032\" data-end=\"1035\" \/>Gewicht: 2269 g<br data-start=\"1050\" data-end=\"1053\" \/>Ma\u00dfe: 16 x 8.5 x 6.5 cm (Gesamth\u00f6he mit Stand: 21.5 cm)<br data-start=\"1108\" data-end=\"1111\" \/>Renhed: naturlig<br data-start=\"1130\" data-end=\"1133\" \/>Behandlung: unbehandelt \/ naturbelassen<br data-start=\"1206\" data-end=\"1209\" \/>Steinart: Schwarzer Turmalin<\/p>\n<hr data-start=\"2255\" data-end=\"2258\" \/>\n<h4 data-start=\"1239\" data-end=\"1260\"><span class=\"ez-toc-section\" id=\"_Besonderheiten\"><\/span>\u00a0S\u00e6rlige funktioner<span class=\"ez-toc-section-end\"><\/span><\/h4>\n<p data-start=\"1261\" data-end=\"1611\">Der schwarze Turmalin gilt als einer der st\u00e4rksten Schutzsteine gegen belastende Energien und \u00e4u\u00dfere Einfl\u00fcsse. Durch seine stabilisierende Wirkung f\u00f6rdert er Ruhe, Erdung und innere Stabilit\u00e4t. Besonders in Wohnr\u00e4umen, am Arbeitsplatz oder im Eingangsbereich wird er eingesetzt, um die Umgebung energetisch zu reinigen und harmonischer zu gestalten.<\/p>\n<p data-start=\"1613\" data-end=\"1978\">Spirituell steht schwarzer Turmalin f\u00fcr Abgrenzung, Klarheit und den Schutz vor emotionaler oder energetischer \u00dcberlastung. Seine engem Verbindung mit der Natur macht ihn zudem zu einem unterst\u00fctzenden Stein bei Pflanzenwachstum und nat\u00fcrlicher Raumharmonisierung. Der Heilstein Schwarzer Turmalin Schutz ist damit sowohl energetisch wirksam als auch dekorativ.<\/p>\n<hr data-start=\"2255\" data-end=\"2258\" \/>\n<h4 data-start=\"1980\" data-end=\"2019\"><span class=\"ez-toc-section\" id=\"_Mehr_uber_Heilsteine_Kristalle\"><\/span>\u00a0Mere om helbredende sten og krystaller<span class=\"ez-toc-section-end\"><\/span><\/h4>\n<p data-start=\"2020\" data-end=\"2181\">Weitere Informationen \u00fcber die Anwendung, Wirkung und Hintergr\u00fcnde zu Heilsteinen finden Sie in unserer Kategorie<br data-start=\"2133\" data-end=\"2136\" \/><a href=\"https:\/\/saphirsmaragd.com\/da\/product-category\/heilsteine-kristalle-kaufen\/\">Helbredende sten og krystaller | Safir og smaragd<\/a><strong data-start=\"2136\" data-end=\"2181\"><br \/>\n<\/strong><\/p>\n<hr data-start=\"2255\" data-end=\"2258\" \/>\n<h4 data-start=\"2183\" data-end=\"2203\"><span class=\"ez-toc-section\" id=\"_Weitere_Infos\"><\/span>\u00a0Yderligere information<span class=\"ez-toc-section-end\"><\/span><\/h4>\n<p data-start=\"2204\" data-end=\"2253\"><a href=\"https:\/\/de.wikipedia.org\/wiki\/Turmalin\" target=\"_blank\" rel=\"noopener\">Wikipedia: Turmalin<\/a><\/p>\n<h2 data-start=\"2260\" data-end=\"2290\"><\/h2>","protected":false},"excerpt":{"rendered":"<p><em>Der Heilstein Schwarzer Turmalin Schutz ist ein kraftvoller Naturstein aus Brasilien, bekannt f\u00fcr seine starke erdende und sch\u00fctzende Wirkung gegen negative Energien.<\/em><\/p>","protected":false},"featured_media":3935,"comment_status":"open","ping_status":"closed","template":"","meta":{"_glsr_average":0,"_glsr_ranking":0,"_glsr_reviews":0},"product_brand":[],"product_cat":[84],"product_tag":[],"class_list":{"0":"post-3934","1":"product","2":"type-product","3":"status-publish","4":"has-post-thumbnail","6":"product_cat-rohsteine-kaufen","8":"first","9":"instock","10":"taxable","11":"shipping-taxable","12":"purchasable","13":"product-type-simple","14":"add-to-wishlist-before_image"},"jetpack_sharing_enabled":true,"_links":{"self":[{"href":"https:\/\/saphirsmaragd.com\/da\/wp-json\/wp\/v2\/product\/3934","targetHints":{"allow":["GET"]}}],"collection":[{"href":"https:\/\/saphirsmaragd.com\/da\/wp-json\/wp\/v2\/product"}],"about":[{"href":"https:\/\/saphirsmaragd.com\/da\/wp-json\/wp\/v2\/types\/product"}],"replies":[{"embeddable":true,"href":"https:\/\/saphirsmaragd.com\/da\/wp-json\/wp\/v2\/comments?post=3934"}],"version-history":[{"count":1,"href":"https:\/\/saphirsmaragd.com\/da\/wp-json\/wp\/v2\/product\/3934\/revisions"}],"predecessor-version":[{"id":3938,"href":"https:\/\/saphirsmaragd.com\/da\/wp-json\/wp\/v2\/product\/3934\/revisions\/3938"}],"wp:featuredmedia":[{"embeddable":true,"href":"https:\/\/saphirsmaragd.com\/da\/wp-json\/wp\/v2\/media\/3935"}],"wp:attachment":[{"href":"https:\/\/saphirsmaragd.com\/da\/wp-json\/wp\/v2\/media?parent=3934"}],"wp:term":[{"taxonomy":"product_brand","embeddable":true,"href":"https:\/\/saphirsmaragd.com\/da\/wp-json\/wp\/v2\/product_brand?post=3934"},{"taxonomy":"product_cat","embeddable":true,"href":"https:\/\/saphirsmaragd.com\/da\/wp-json\/wp\/v2\/product_cat?post=3934"},{"taxonomy":"product_tag","embeddable":true,"href":"https:\/\/saphirsmaragd.com\/da\/wp-json\/wp\/v2\/product_tag?post=3934"}],"curies":[{"name":"wp","href":"https:\/\/api.w.org\/{rel}","templated":true}]}}