{"id":4146,"date":"2025-11-01T11:21:57","date_gmt":"2025-11-01T11:21:57","guid":{"rendered":"https:\/\/saphirsmaragd.com\/?post_type=product&#038;p=4146"},"modified":"2025-12-29T18:55:54","modified_gmt":"2025-12-29T18:55:54","slug":"turmalin-0-75-karat-rosa-rechteck","status":"publish","type":"product","link":"https:\/\/saphirsmaragd.com\/da\/vare\/turmalin-0-75-karat-rosa-rechteck\/","title":{"rendered":"Turmalin 0,75 karat Pink Rectangle \u2013 en lysende \u00e6delsten med intens farve og naturlig renhed"},"content":{"rendered":"<div id=\"ez-toc-container\" class=\"ez-toc-v2_0_82_2 counter-hierarchy ez-toc-counter ez-toc-grey ez-toc-container-direction\">\n<div class=\"ez-toc-title-container\">\n<p class=\"ez-toc-title\" style=\"cursor:inherit\">Indholdsfortegnelse<\/p>\n<span class=\"ez-toc-title-toggle\"><a href=\"#\" class=\"ez-toc-pull-right ez-toc-btn ez-toc-btn-xs ez-toc-btn-default ez-toc-toggle\" aria-label=\"Toggle Table of Content\"><span class=\"ez-toc-js-icon-con\"><span class=\"\"><span class=\"eztoc-hide\" style=\"display:none;\">Skift<\/span><span class=\"ez-toc-icon-toggle-span\"><svg style=\"fill: #999;color:#999\" xmlns=\"http:\/\/www.w3.org\/2000\/svg\" class=\"list-377408\" width=\"20px\" height=\"20px\" viewbox=\"0 0 24 24\" fill=\"none\"><path d=\"M6 6H4v2h2V6zm14 0H8v2h12V6zM4 11h2v2H4v-2zm16 0H8v2h12v-2zM4 16h2v2H4v-2zm16 0H8v2h12v-2z\" fill=\"currentColor\"><\/path><\/svg><svg style=\"fill: #999;color:#999\" class=\"arrow-unsorted-368013\" xmlns=\"http:\/\/www.w3.org\/2000\/svg\" width=\"10px\" height=\"10px\" viewbox=\"0 0 24 24\" version=\"1.2\" baseprofile=\"tiny\"><path d=\"M18.2 9.3l-6.2-6.3-6.2 6.3c-.2.2-.3.4-.3.7s.1.5.3.7c.2.2.4.3.7.3h11c.3 0 .5-.1.7-.3.2-.2.3-.5.3-.7s-.1-.5-.3-.7zM5.8 14.7l6.2 6.3 6.2-6.3c.2-.2.3-.5.3-.7s-.1-.5-.3-.7c-.2-.2-.4-.3-.7-.3h-11c-.3 0-.5.1-.7.3-.2.2-.3.5-.3.7s.1.5.3.7z\"\/><\/svg><\/span><\/span><\/span><\/a><\/span><\/div>\n<nav><ul class='ez-toc-list ez-toc-list-level-1' ><li class='ez-toc-page-1 ez-toc-heading-level-4'><a class=\"ez-toc-link ez-toc-heading-1\" href=\"https:\/\/saphirsmaragd.com\/da\/vare\/turmalin-0-75-karat-rosa-rechteck\/#Turmalin_075_Karat_Rosa_Rechteck_%E2%80%93_ein_Edelstein_voller_Ausdruck_und_Eleganz\" >Turmalin 0.75 Karat Rosa Rechteck \u2013 ein Edelstein voller Ausdruck und Eleganz<\/a><\/li><li class='ez-toc-page-1 ez-toc-heading-level-4'><a class=\"ez-toc-link ez-toc-heading-2\" href=\"https:\/\/saphirsmaragd.com\/da\/vare\/turmalin-0-75-karat-rosa-rechteck\/#Merkmale_Herkunft\" >Karakteristika og oprindelse<\/a><\/li><li class='ez-toc-page-1 ez-toc-heading-level-4'><a class=\"ez-toc-link ez-toc-heading-3\" href=\"https:\/\/saphirsmaragd.com\/da\/vare\/turmalin-0-75-karat-rosa-rechteck\/#Besonderheiten\" >S\u00e6rlige funktioner<\/a><\/li><li class='ez-toc-page-1 ez-toc-heading-level-4'><a class=\"ez-toc-link ez-toc-heading-4\" href=\"https:\/\/saphirsmaragd.com\/da\/vare\/turmalin-0-75-karat-rosa-rechteck\/#Mehr_uber_unsere_Edelsteine\" >Mere om vores \u00e6delsten<\/a><\/li><li class='ez-toc-page-1 ez-toc-heading-level-4'><a class=\"ez-toc-link ez-toc-heading-5\" href=\"https:\/\/saphirsmaragd.com\/da\/vare\/turmalin-0-75-karat-rosa-rechteck\/#Weitere_Infos\" >Yderligere information<\/a><\/li><\/ul><\/nav><\/div>\n<h4 data-start=\"821\" data-end=\"905\"><span class=\"ez-toc-section\" id=\"Turmalin_075_Karat_Rosa_Rechteck_%E2%80%93_ein_Edelstein_voller_Ausdruck_und_Eleganz\"><\/span>Turmalin 0.75 Karat Rosa Rechteck \u2013 ein Edelstein voller Ausdruck und Eleganz<span class=\"ez-toc-section-end\"><\/span><\/h4>\n<p data-start=\"906\" data-end=\"1268\">Dieser funkelnde rosa Turmalin besticht durch seinen intensiven Farbton und seine makellose Klarheit. Der pr\u00e4zise rechteckige Facettenschliff l\u00e4sst das Licht perfekt durch den Stein spielen und verleiht ihm eine au\u00dfergew\u00f6hnliche Tiefe. Ein faszinierender Edelstein, der Weiblichkeit und St\u00e4rke gleicherma\u00dfen ausstrahlt \u2013 perfekt f\u00fcr individuelle Schmuckst\u00fccke.<\/p>\n<hr data-start=\"1270\" data-end=\"1273\" \/>\n<h4 data-start=\"1275\" data-end=\"1304\"><span class=\"ez-toc-section\" id=\"Merkmale_Herkunft\"><\/span>Karakteristika og oprindelse<span class=\"ez-toc-section-end\"><\/span><\/h4>\n<p data-start=\"1305\" data-end=\"1569\">Stentype: Turmalin<br data-start=\"1323\" data-end=\"1326\" \/>Farve: Pink <br data-start=\"1337\" data-end=\"1340\" \/>Form: Rechteck geschliffen<br data-start=\"1366\" data-end=\"1369\" \/>Gewicht: 0.75 Karat<br data-start=\"1388\" data-end=\"1391\" \/>H\u00e5rdhed: 7 p\u00e5 Mohs-skalaen<br data-start=\"1418\" data-end=\"1421\" \/>Gr\u00f6\u00dfe: 6.3 \u00d7 4.5 mm<br data-start=\"1440\" data-end=\"1443\" \/>Reinheit: Lupenrein<br data-start=\"1462\" data-end=\"1465\" \/>Behandling: Ubehandlet<br data-start=\"1488\" data-end=\"1491\" \/>Oprindelse: Madagaskar<br data-start=\"1511\" data-end=\"1514\" \/>Certifikat: Val\u00e9rie DURAFFOURG (Gem-A)<br data-start=\"1552\" data-end=\"1555\" \/>Stand: Ny<\/p>\n<hr data-start=\"1571\" data-end=\"1574\" \/>\n<h4 data-start=\"1576\" data-end=\"1600\"><span class=\"ez-toc-section\" id=\"Besonderheiten\"><\/span>S\u00e6rlige funktioner<span class=\"ez-toc-section-end\"><\/span><\/h4>\n<p data-start=\"1601\" data-end=\"1941\">Der Turmalin 0.75 Karat Rosa Rechteck zeichnet sich durch seinen intensiven, klaren Rosaton und seine hohe Transparenz aus. Sein pr\u00e4ziser Schliff verst\u00e4rkt das nat\u00fcrliche Funkeln des Steins, w\u00e4hrend seine Reinheit ihn zu einem idealen Kandidaten f\u00fcr luxuri\u00f6se Ringe, Anh\u00e4nger oder Ohrringe macht. Ein wahrer Schatz f\u00fcr Edelsteinliebhaber.<\/p>\n<hr data-start=\"1926\" data-end=\"1929\" \/>\n<h4 data-start=\"1931\" data-end=\"1971\"><span class=\"ez-toc-section\" id=\"Mehr_uber_unsere_Edelsteine\"><\/span>Mere om vores \u00e6delsten<span class=\"ez-toc-section-end\"><\/span><\/h4>\n<p data-start=\"1972\" data-end=\"2069\"><a href=\"https:\/\/saphirsmaragd.com\/da\/product-category\/edelsteine-kaufen\/\">\u00c6delsten<\/a><\/p>\n<hr data-start=\"2071\" data-end=\"2074\" \/>\n<h4 data-start=\"2076\" data-end=\"2096\"><span class=\"ez-toc-section\" id=\"Weitere_Infos\"><\/span>Yderligere information<span class=\"ez-toc-section-end\"><\/span><\/h4>\n<p><a href=\"https:\/\/de.wikipedia.org\/wiki\/Turmalin\" target=\"_blank\" rel=\"noopener\">Wikipedia: Turmalin<\/a><\/p>","protected":false},"excerpt":{"rendered":"<p data-start=\"450\" data-end=\"675\"><em>Dieser Turmalin 0.75 Karat Rosa Rechteck beeindruckt durch seinen kr\u00e4ftigen Rosaton, seine Brillanz und den pr\u00e4zisen rechteckigen Schliff. Ein reiner Naturstein aus Madagaskar \u2013 ideal f\u00fcr feine Schmuckkreationen oder Sammler.<\/em><\/p>\n<h2 data-start=\"523\" data-end=\"548\"><\/h2>","protected":false},"featured_media":4149,"comment_status":"open","ping_status":"closed","template":"","meta":{"_glsr_average":0,"_glsr_ranking":0,"_glsr_reviews":0},"product_brand":[],"product_cat":[109],"product_tag":[],"class_list":{"0":"post-4146","1":"product","2":"type-product","3":"status-publish","4":"has-post-thumbnail","6":"product_cat-turmalin-kaufen","7":"pa_edelsteinart-turmalin","8":"pa_farbe-rosa","9":"pa_form-rechteck","10":"pa_gewicht-karat-0-5-1-0-karat","11":"pa_herkunft-madagaskar","12":"pa_reinheit-lupenrein","13":"pa_veredelung-behandlung-unbehandelt","14":"pa_zertifikat-ja","15":"pa_zustand-neu","17":"first","18":"instock","19":"featured","20":"sold-individually","21":"shipping-taxable","22":"purchasable","23":"product-type-simple","24":"add-to-wishlist-before_image"},"jetpack_sharing_enabled":true,"_links":{"self":[{"href":"https:\/\/saphirsmaragd.com\/da\/wp-json\/wp\/v2\/product\/4146","targetHints":{"allow":["GET"]}}],"collection":[{"href":"https:\/\/saphirsmaragd.com\/da\/wp-json\/wp\/v2\/product"}],"about":[{"href":"https:\/\/saphirsmaragd.com\/da\/wp-json\/wp\/v2\/types\/product"}],"replies":[{"embeddable":true,"href":"https:\/\/saphirsmaragd.com\/da\/wp-json\/wp\/v2\/comments?post=4146"}],"version-history":[{"count":1,"href":"https:\/\/saphirsmaragd.com\/da\/wp-json\/wp\/v2\/product\/4146\/revisions"}],"predecessor-version":[{"id":4150,"href":"https:\/\/saphirsmaragd.com\/da\/wp-json\/wp\/v2\/product\/4146\/revisions\/4150"}],"wp:featuredmedia":[{"embeddable":true,"href":"https:\/\/saphirsmaragd.com\/da\/wp-json\/wp\/v2\/media\/4149"}],"wp:attachment":[{"href":"https:\/\/saphirsmaragd.com\/da\/wp-json\/wp\/v2\/media?parent=4146"}],"wp:term":[{"taxonomy":"product_brand","embeddable":true,"href":"https:\/\/saphirsmaragd.com\/da\/wp-json\/wp\/v2\/product_brand?post=4146"},{"taxonomy":"product_cat","embeddable":true,"href":"https:\/\/saphirsmaragd.com\/da\/wp-json\/wp\/v2\/product_cat?post=4146"},{"taxonomy":"product_tag","embeddable":true,"href":"https:\/\/saphirsmaragd.com\/da\/wp-json\/wp\/v2\/product_tag?post=4146"}],"curies":[{"name":"wp","href":"https:\/\/api.w.org\/{rel}","templated":true}]}}