{"id":4151,"date":"2025-11-01T11:49:56","date_gmt":"2025-11-01T11:49:56","guid":{"rendered":"https:\/\/saphirsmaragd.com\/?post_type=product&#038;p=4151"},"modified":"2025-12-29T18:55:54","modified_gmt":"2025-12-29T18:55:54","slug":"turmalin-0-06-karat-paraiba-blau-rund","status":"publish","type":"product","link":"https:\/\/saphirsmaragd.com\/da\/vare\/turmalin-0-06-karat-paraiba-blau-rund\/","title":{"rendered":"Turmalin 0,06 karat Paraiba Bl\u00e5 Rund \u2013 en sj\u00e6lden \u00e6delsten med elektrisk glans"},"content":{"rendered":"<div id=\"ez-toc-container\" class=\"ez-toc-v2_0_82_2 counter-hierarchy ez-toc-counter ez-toc-grey ez-toc-container-direction\">\n<div class=\"ez-toc-title-container\">\n<p class=\"ez-toc-title\" style=\"cursor:inherit\">Indholdsfortegnelse<\/p>\n<span class=\"ez-toc-title-toggle\"><a href=\"#\" class=\"ez-toc-pull-right ez-toc-btn ez-toc-btn-xs ez-toc-btn-default ez-toc-toggle\" aria-label=\"Toggle Table of Content\"><span class=\"ez-toc-js-icon-con\"><span class=\"\"><span class=\"eztoc-hide\" style=\"display:none;\">Skift<\/span><span class=\"ez-toc-icon-toggle-span\"><svg style=\"fill: #999;color:#999\" xmlns=\"http:\/\/www.w3.org\/2000\/svg\" class=\"list-377408\" width=\"20px\" height=\"20px\" viewbox=\"0 0 24 24\" fill=\"none\"><path d=\"M6 6H4v2h2V6zm14 0H8v2h12V6zM4 11h2v2H4v-2zm16 0H8v2h12v-2zM4 16h2v2H4v-2zm16 0H8v2h12v-2z\" fill=\"currentColor\"><\/path><\/svg><svg style=\"fill: #999;color:#999\" class=\"arrow-unsorted-368013\" xmlns=\"http:\/\/www.w3.org\/2000\/svg\" width=\"10px\" height=\"10px\" viewbox=\"0 0 24 24\" version=\"1.2\" baseprofile=\"tiny\"><path d=\"M18.2 9.3l-6.2-6.3-6.2 6.3c-.2.2-.3.4-.3.7s.1.5.3.7c.2.2.4.3.7.3h11c.3 0 .5-.1.7-.3.2-.2.3-.5.3-.7s-.1-.5-.3-.7zM5.8 14.7l6.2 6.3 6.2-6.3c.2-.2.3-.5.3-.7s-.1-.5-.3-.7c-.2-.2-.4-.3-.7-.3h-11c-.3 0-.5.1-.7.3-.2.2-.3.5-.3.7s.1.5.3.7z\"\/><\/svg><\/span><\/span><\/span><\/a><\/span><\/div>\n<nav><ul class='ez-toc-list ez-toc-list-level-1' ><li class='ez-toc-page-1 ez-toc-heading-level-4'><a class=\"ez-toc-link ez-toc-heading-1\" href=\"https:\/\/saphirsmaragd.com\/da\/vare\/turmalin-0-06-karat-paraiba-blau-rund\/#Turmalin_006_Karat_Paraiba_Blau_Rund_%E2%80%93_ein_funkelndes_Meisterstuck_seltener_Herkunft\" >Turmalin 0.06 Karat Paraiba Blau Rund \u2013 ein funkelndes Meisterst\u00fcck seltener Herkunft<\/a><\/li><li class='ez-toc-page-1 ez-toc-heading-level-4'><a class=\"ez-toc-link ez-toc-heading-2\" href=\"https:\/\/saphirsmaragd.com\/da\/vare\/turmalin-0-06-karat-paraiba-blau-rund\/#Merkmale_Herkunft\" >Karakteristika og oprindelse<\/a><\/li><li class='ez-toc-page-1 ez-toc-heading-level-4'><a class=\"ez-toc-link ez-toc-heading-3\" href=\"https:\/\/saphirsmaragd.com\/da\/vare\/turmalin-0-06-karat-paraiba-blau-rund\/#Besonderheiten\" >S\u00e6rlige funktioner<\/a><\/li><li class='ez-toc-page-1 ez-toc-heading-level-4'><a class=\"ez-toc-link ez-toc-heading-4\" href=\"https:\/\/saphirsmaragd.com\/da\/vare\/turmalin-0-06-karat-paraiba-blau-rund\/#Mehr_uber_unsere_Edelsteine\" >Mere om vores \u00e6delsten<\/a><\/li><li class='ez-toc-page-1 ez-toc-heading-level-4'><a class=\"ez-toc-link ez-toc-heading-5\" href=\"https:\/\/saphirsmaragd.com\/da\/vare\/turmalin-0-06-karat-paraiba-blau-rund\/#Weitere_Infos\" >Yderligere information<\/a><\/li><\/ul><\/nav><\/div>\n<h4 data-start=\"873\" data-end=\"965\"><span class=\"ez-toc-section\" id=\"Turmalin_006_Karat_Paraiba_Blau_Rund_%E2%80%93_ein_funkelndes_Meisterstuck_seltener_Herkunft\"><\/span>Turmalin 0.06 Karat Paraiba Blau Rund \u2013 ein funkelndes Meisterst\u00fcck seltener Herkunft<span class=\"ez-toc-section-end\"><\/span><\/h4>\n<p data-start=\"966\" data-end=\"1387\">Dieser Paraiba-Turmalin fasziniert mit seinem unverwechselbaren, elektrischen Blauton \u2013 ein Merkmal, das ihn zu einem der begehrtesten Edelsteine der Welt macht. Der pr\u00e4zise Rundschliff bringt seine au\u00dfergew\u00f6hnliche Leuchtkraft optimal zur Geltung. Trotz seiner kleinen Gr\u00f6\u00dfe \u00fcberzeugt er durch eine brillante Farbintensit\u00e4t und h\u00f6chste Reinheit. Ideal f\u00fcr feine Fassungen oder als Highlight in einer Edelsteinsammlung.<\/p>\n<hr data-start=\"1389\" data-end=\"1392\" \/>\n<h4 data-start=\"1394\" data-end=\"1423\"><span class=\"ez-toc-section\" id=\"Merkmale_Herkunft\"><\/span>Karakteristika og oprindelse<span class=\"ez-toc-section-end\"><\/span><\/h4>\n<p data-start=\"1424\" data-end=\"1710\">Steinart: Turmalin (Paraiba)<br data-start=\"1452\" data-end=\"1455\" \/>Farbe: Blau (elektrisch)<br data-start=\"1479\" data-end=\"1482\" \/>Form: Rund<br data-start=\"1492\" data-end=\"1495\" \/>Gewicht: 0.06 Karat<br data-start=\"1514\" data-end=\"1517\" \/>H\u00e5rdhed: 7 p\u00e5 Mohs-skalaen<br data-start=\"1544\" data-end=\"1547\" \/>Gr\u00f6\u00dfe: 2.5 mm<br data-start=\"1560\" data-end=\"1563\" \/>Reinheit: Lupenrein<br data-start=\"1582\" data-end=\"1585\" \/>Behandling: Ubehandlet<br data-start=\"1608\" data-end=\"1611\" \/>Herkunft: Brasilien (Bundesstaat Para\u00edba)<br data-start=\"1652\" data-end=\"1655\" \/>Certifikat: Val\u00e9rie DURAFFOURG (Gem-A)<br data-start=\"1693\" data-end=\"1696\" \/>Stand: Ny<\/p>\n<hr data-start=\"1712\" data-end=\"1715\" \/>\n<h4 data-start=\"1717\" data-end=\"1741\"><span class=\"ez-toc-section\" id=\"Besonderheiten\"><\/span>S\u00e6rlige funktioner<span class=\"ez-toc-section-end\"><\/span><\/h4>\n<p data-start=\"1742\" data-end=\"2136\">Der Turmalin 0.06 Karat Paraiba Blau Rund geh\u00f6rt zu den seltensten Edelsteinen weltweit. Seine intensive Farbe entsteht durch Kupfer- und Mangananteile \u2013 ein Merkmal, das echte Paraiba-Turmaline auszeichnet. Dank seiner Reinheit und leuchtenden Transparenz ist dieser kleine, aber \u00e4u\u00dferst wertvolle Stein perfekt geeignet f\u00fcr filigrane Schmuckst\u00fccke oder als Sammlerst\u00fcck mit Seltenheitswert.<\/p>\n<hr data-start=\"1926\" data-end=\"1929\" \/>\n<h4 data-start=\"1931\" data-end=\"1971\"><span class=\"ez-toc-section\" id=\"Mehr_uber_unsere_Edelsteine\"><\/span>Mere om vores \u00e6delsten<span class=\"ez-toc-section-end\"><\/span><\/h4>\n<p data-start=\"1972\" data-end=\"2069\"><a href=\"https:\/\/saphirsmaragd.com\/da\/product-category\/edelsteine-kaufen\/\">\u00c6delsten<\/a><\/p>\n<hr data-start=\"2071\" data-end=\"2074\" \/>\n<h4 data-start=\"2076\" data-end=\"2096\"><span class=\"ez-toc-section\" id=\"Weitere_Infos\"><\/span>Yderligere information<span class=\"ez-toc-section-end\"><\/span><\/h4>\n<p><a href=\"https:\/\/de.wikipedia.org\/wiki\/Turmalin\" target=\"_blank\" rel=\"noopener\">Wikipedia: Turmalin<\/a><\/p>","protected":false},"excerpt":{"rendered":"<p data-start=\"486\" data-end=\"723\"><em>Dieser Turmalin 0.06 Karat Paraiba Blau Rund besticht durch sein intensives elektrisches Blau, seine makellose Reinheit und seine feine Rundform. Ein au\u00dfergew\u00f6hnlicher Edelstein aus Brasilien, perfekt f\u00fcr Sammler und edle Schmuckdesigns.<\/em><\/p>\n<h2 data-start=\"523\" data-end=\"548\"><\/h2>","protected":false},"featured_media":4154,"comment_status":"open","ping_status":"closed","template":"","meta":{"_glsr_average":0,"_glsr_ranking":0,"_glsr_reviews":0},"product_brand":[],"product_cat":[109],"product_tag":[],"class_list":{"0":"post-4151","1":"product","2":"type-product","3":"status-publish","4":"has-post-thumbnail","6":"product_cat-turmalin-kaufen","7":"pa_edelsteinart-turmalin","8":"pa_farbe-blau","9":"pa_form-rund","10":"pa_gewicht-karat-under-0-1-karat","11":"pa_herkunft-brasilien","12":"pa_reinheit-lupenrein","13":"pa_veredelung-behandlung-unbehandelt","14":"pa_zertifikat-ja","15":"pa_zustand-neu","17":"first","18":"instock","19":"featured","20":"sold-individually","21":"shipping-taxable","22":"purchasable","23":"product-type-simple","24":"add-to-wishlist-before_image"},"jetpack_sharing_enabled":true,"_links":{"self":[{"href":"https:\/\/saphirsmaragd.com\/da\/wp-json\/wp\/v2\/product\/4151","targetHints":{"allow":["GET"]}}],"collection":[{"href":"https:\/\/saphirsmaragd.com\/da\/wp-json\/wp\/v2\/product"}],"about":[{"href":"https:\/\/saphirsmaragd.com\/da\/wp-json\/wp\/v2\/types\/product"}],"replies":[{"embeddable":true,"href":"https:\/\/saphirsmaragd.com\/da\/wp-json\/wp\/v2\/comments?post=4151"}],"version-history":[{"count":1,"href":"https:\/\/saphirsmaragd.com\/da\/wp-json\/wp\/v2\/product\/4151\/revisions"}],"predecessor-version":[{"id":4155,"href":"https:\/\/saphirsmaragd.com\/da\/wp-json\/wp\/v2\/product\/4151\/revisions\/4155"}],"wp:featuredmedia":[{"embeddable":true,"href":"https:\/\/saphirsmaragd.com\/da\/wp-json\/wp\/v2\/media\/4154"}],"wp:attachment":[{"href":"https:\/\/saphirsmaragd.com\/da\/wp-json\/wp\/v2\/media?parent=4151"}],"wp:term":[{"taxonomy":"product_brand","embeddable":true,"href":"https:\/\/saphirsmaragd.com\/da\/wp-json\/wp\/v2\/product_brand?post=4151"},{"taxonomy":"product_cat","embeddable":true,"href":"https:\/\/saphirsmaragd.com\/da\/wp-json\/wp\/v2\/product_cat?post=4151"},{"taxonomy":"product_tag","embeddable":true,"href":"https:\/\/saphirsmaragd.com\/da\/wp-json\/wp\/v2\/product_tag?post=4151"}],"curies":[{"name":"wp","href":"https:\/\/api.w.org\/{rel}","templated":true}]}}