{"id":4192,"date":"2025-11-01T12:24:47","date_gmt":"2025-11-01T12:24:47","guid":{"rendered":"https:\/\/saphirsmaragd.com\/?post_type=product&#038;p=4192"},"modified":"2025-12-29T18:55:46","modified_gmt":"2025-12-29T18:55:46","slug":"turmalin-2-28-karat-polychrom-braun-gruen-oval","status":"publish","type":"product","link":"https:\/\/saphirsmaragd.com\/da\/vare\/turmalin-2-28-karat-polychrom-braun-gruen-oval\/","title":{"rendered":"Turmalin 2,28 karat polykrom brun-gr\u00f8n oval \u2013 fascinerende farveskiftende \u00e6delsten"},"content":{"rendered":"<div id=\"ez-toc-container\" class=\"ez-toc-v2_0_82_2 counter-hierarchy ez-toc-counter ez-toc-grey ez-toc-container-direction\">\n<div class=\"ez-toc-title-container\">\n<p class=\"ez-toc-title\" style=\"cursor:inherit\">Indholdsfortegnelse<\/p>\n<span class=\"ez-toc-title-toggle\"><a href=\"#\" class=\"ez-toc-pull-right ez-toc-btn ez-toc-btn-xs ez-toc-btn-default ez-toc-toggle\" aria-label=\"Toggle Table of Content\"><span class=\"ez-toc-js-icon-con\"><span class=\"\"><span class=\"eztoc-hide\" style=\"display:none;\">Skift<\/span><span class=\"ez-toc-icon-toggle-span\"><svg style=\"fill: #999;color:#999\" xmlns=\"http:\/\/www.w3.org\/2000\/svg\" class=\"list-377408\" width=\"20px\" height=\"20px\" viewbox=\"0 0 24 24\" fill=\"none\"><path d=\"M6 6H4v2h2V6zm14 0H8v2h12V6zM4 11h2v2H4v-2zm16 0H8v2h12v-2zM4 16h2v2H4v-2zm16 0H8v2h12v-2z\" fill=\"currentColor\"><\/path><\/svg><svg style=\"fill: #999;color:#999\" class=\"arrow-unsorted-368013\" xmlns=\"http:\/\/www.w3.org\/2000\/svg\" width=\"10px\" height=\"10px\" viewbox=\"0 0 24 24\" version=\"1.2\" baseprofile=\"tiny\"><path d=\"M18.2 9.3l-6.2-6.3-6.2 6.3c-.2.2-.3.4-.3.7s.1.5.3.7c.2.2.4.3.7.3h11c.3 0 .5-.1.7-.3.2-.2.3-.5.3-.7s-.1-.5-.3-.7zM5.8 14.7l6.2 6.3 6.2-6.3c.2-.2.3-.5.3-.7s-.1-.5-.3-.7c-.2-.2-.4-.3-.7-.3h-11c-.3 0-.5.1-.7.3-.2.2-.3.5-.3.7s.1.5.3.7z\"\/><\/svg><\/span><\/span><\/span><\/a><\/span><\/div>\n<nav><ul class='ez-toc-list ez-toc-list-level-1' ><li class='ez-toc-page-1 ez-toc-heading-level-4'><a class=\"ez-toc-link ez-toc-heading-1\" href=\"https:\/\/saphirsmaragd.com\/da\/vare\/turmalin-2-28-karat-polychrom-braun-gruen-oval\/#Turmalin_228_Karat_Polychrom_Braun-Grun_Oval_%E2%80%93_einzigartiges_Farbspiel_in_einem_Edelstein\" >Turmalin 2.28 Karat Polychrom Braun-Gr\u00fcn Oval \u2013 einzigartiges Farbspiel in einem Edelstein<\/a><\/li><li class='ez-toc-page-1 ez-toc-heading-level-4'><a class=\"ez-toc-link ez-toc-heading-2\" href=\"https:\/\/saphirsmaragd.com\/da\/vare\/turmalin-2-28-karat-polychrom-braun-gruen-oval\/#Merkmale_Herkunft\" >Karakteristika og oprindelse<\/a><\/li><li class='ez-toc-page-1 ez-toc-heading-level-4'><a class=\"ez-toc-link ez-toc-heading-3\" href=\"https:\/\/saphirsmaragd.com\/da\/vare\/turmalin-2-28-karat-polychrom-braun-gruen-oval\/#Besonderheiten\" >S\u00e6rlige funktioner<\/a><\/li><li class='ez-toc-page-1 ez-toc-heading-level-4'><a class=\"ez-toc-link ez-toc-heading-4\" href=\"https:\/\/saphirsmaragd.com\/da\/vare\/turmalin-2-28-karat-polychrom-braun-gruen-oval\/#Mehr_uber_unsere_Edelsteine\" >Mere om vores \u00e6delsten<\/a><\/li><li class='ez-toc-page-1 ez-toc-heading-level-4'><a class=\"ez-toc-link ez-toc-heading-5\" href=\"https:\/\/saphirsmaragd.com\/da\/vare\/turmalin-2-28-karat-polychrom-braun-gruen-oval\/#Weitere_Infos\" >Yderligere information<\/a><\/li><\/ul><\/nav><\/div>\n<h4 data-start=\"885\" data-end=\"982\"><span class=\"ez-toc-section\" id=\"Turmalin_228_Karat_Polychrom_Braun-Grun_Oval_%E2%80%93_einzigartiges_Farbspiel_in_einem_Edelstein\"><\/span>Turmalin 2.28 Karat Polychrom Braun-Gr\u00fcn Oval \u2013 einzigartiges Farbspiel in einem Edelstein<span class=\"ez-toc-section-end\"><\/span><\/h4>\n<p data-start=\"983\" data-end=\"1452\">Dieser seltene Turmalin vereint gleich zwei faszinierende Farbt\u00f6ne: ein warmes Braun und ein lebendiges Gr\u00fcn. Durch seinen nat\u00fcrlichen Pleochroismus zeigt er unterschiedliche Farbnuancen, je nach Lichteinfall und Perspektive. Mit 2.28 Karat Gewicht und ovalem Facettenschliff (10 \u00d7 8 mm) bietet dieser Edelstein eine harmonische Balance aus Brillanz und Tiefe \u2013 ein perfektes Highlight f\u00fcr individuelle Schmuckkreationen oder Sammlungen au\u00dfergew\u00f6hnlicher Natursteine.<\/p>\n<hr data-start=\"1454\" data-end=\"1457\" \/>\n<h4 data-start=\"1459\" data-end=\"1488\"><span class=\"ez-toc-section\" id=\"Merkmale_Herkunft\"><\/span>Karakteristika og oprindelse<span class=\"ez-toc-section-end\"><\/span><\/h4>\n<p data-start=\"1489\" data-end=\"1751\">Stentype: Turmalin<br data-start=\"1507\" data-end=\"1510\" \/>Farbe: Braun-Gr\u00fcn (Polychrom)<br data-start=\"1539\" data-end=\"1542\" \/>Form: Oval<br data-start=\"1552\" data-end=\"1555\" \/>Gewicht: 2.28 Karat<br data-start=\"1574\" data-end=\"1577\" \/>H\u00e5rdhed: 7 p\u00e5 Mohs-skalaen<br data-start=\"1604\" data-end=\"1607\" \/>Gr\u00f6\u00dfe: 10 \u00d7 8 mm<br data-start=\"1623\" data-end=\"1626\" \/>Renhed: \u00d8jenrensende<br data-start=\"1645\" data-end=\"1648\" \/>Behandling: Ubehandlet<br data-start=\"1671\" data-end=\"1674\" \/>Oprindelse: Brasilien<br data-start=\"1693\" data-end=\"1696\" \/>Certifikat: Val\u00e9rie DURAFFOURG (Gem-A)<br data-start=\"1734\" data-end=\"1737\" \/>Stand: Ny<\/p>\n<hr data-start=\"1753\" data-end=\"1756\" \/>\n<h4 data-start=\"1758\" data-end=\"1782\"><span class=\"ez-toc-section\" id=\"Besonderheiten\"><\/span>S\u00e6rlige funktioner<span class=\"ez-toc-section-end\"><\/span><\/h4>\n<p data-start=\"1783\" data-end=\"2152\">Der Turmalin 2.28 Karat Polychrom Braun-Gr\u00fcn Oval begeistert durch seinen starken Pleochroismus \u2013 ein Naturph\u00e4nomen, das bei jedem Blickwinkel ein anderes Farbbild erzeugt. Diese Kombination aus Farbtiefe und Transparenz verleiht dem Stein eine faszinierende Lebendigkeit. Ein exquisites Sammlerst\u00fcck f\u00fcr Liebhaber seltener Edelsteine und hochwertiger Handarbeit.<\/p>\n<hr data-start=\"1926\" data-end=\"1929\" \/>\n<h4 data-start=\"1931\" data-end=\"1971\"><span class=\"ez-toc-section\" id=\"Mehr_uber_unsere_Edelsteine\"><\/span>Mere om vores \u00e6delsten<span class=\"ez-toc-section-end\"><\/span><\/h4>\n<p data-start=\"1972\" data-end=\"2069\"><a href=\"https:\/\/saphirsmaragd.com\/da\/product-category\/edelsteine-kaufen\/\">\u00c6delsten<\/a><\/p>\n<hr data-start=\"2071\" data-end=\"2074\" \/>\n<h4 data-start=\"2076\" data-end=\"2096\"><span class=\"ez-toc-section\" id=\"Weitere_Infos\"><\/span>Yderligere information<span class=\"ez-toc-section-end\"><\/span><\/h4>\n<p><a href=\"https:\/\/de.wikipedia.org\/wiki\/Turmalin\" target=\"_blank\" rel=\"noopener\">Wikipedia: Turmalin<\/a><\/p>","protected":false},"excerpt":{"rendered":"<p data-start=\"495\" data-end=\"727\"><em>Dieser Turmalin 2.28 Karat Polychrom Braun-Gr\u00fcn Oval zeigt ein beeindruckendes Farbspiel aus warmem Braun und tiefem Gr\u00fcn. Ein seltener, nat\u00fcrlicher Edelstein mit feinem Schliff und Zertifikat \u2013 ideal f\u00fcr edlen Schmuck oder Sammler.<\/em><\/p>\n<h2 data-start=\"523\" data-end=\"548\"><\/h2>","protected":false},"featured_media":4198,"comment_status":"open","ping_status":"closed","template":"","meta":{"_glsr_average":0,"_glsr_ranking":0,"_glsr_reviews":0},"product_brand":[],"product_cat":[109],"product_tag":[],"class_list":{"0":"post-4192","1":"product","2":"type-product","3":"status-publish","4":"has-post-thumbnail","6":"product_cat-turmalin-kaufen","7":"pa_edelsteinart-turmalin","8":"pa_farbe-braun","9":"pa_form-oval","10":"pa_gewicht-karat-1-0-3-0-karat","11":"pa_herkunft-brasilien","12":"pa_reinheit-augenrein","13":"pa_veredelung-behandlung-unbehandelt","14":"pa_zertifikat-ja","15":"pa_zustand-neu","17":"first","18":"instock","19":"featured","20":"sold-individually","21":"shipping-taxable","22":"purchasable","23":"product-type-simple","24":"add-to-wishlist-before_image"},"jetpack_sharing_enabled":true,"_links":{"self":[{"href":"https:\/\/saphirsmaragd.com\/da\/wp-json\/wp\/v2\/product\/4192","targetHints":{"allow":["GET"]}}],"collection":[{"href":"https:\/\/saphirsmaragd.com\/da\/wp-json\/wp\/v2\/product"}],"about":[{"href":"https:\/\/saphirsmaragd.com\/da\/wp-json\/wp\/v2\/types\/product"}],"replies":[{"embeddable":true,"href":"https:\/\/saphirsmaragd.com\/da\/wp-json\/wp\/v2\/comments?post=4192"}],"version-history":[{"count":1,"href":"https:\/\/saphirsmaragd.com\/da\/wp-json\/wp\/v2\/product\/4192\/revisions"}],"predecessor-version":[{"id":4199,"href":"https:\/\/saphirsmaragd.com\/da\/wp-json\/wp\/v2\/product\/4192\/revisions\/4199"}],"wp:featuredmedia":[{"embeddable":true,"href":"https:\/\/saphirsmaragd.com\/da\/wp-json\/wp\/v2\/media\/4198"}],"wp:attachment":[{"href":"https:\/\/saphirsmaragd.com\/da\/wp-json\/wp\/v2\/media?parent=4192"}],"wp:term":[{"taxonomy":"product_brand","embeddable":true,"href":"https:\/\/saphirsmaragd.com\/da\/wp-json\/wp\/v2\/product_brand?post=4192"},{"taxonomy":"product_cat","embeddable":true,"href":"https:\/\/saphirsmaragd.com\/da\/wp-json\/wp\/v2\/product_cat?post=4192"},{"taxonomy":"product_tag","embeddable":true,"href":"https:\/\/saphirsmaragd.com\/da\/wp-json\/wp\/v2\/product_tag?post=4192"}],"curies":[{"name":"wp","href":"https:\/\/api.w.org\/{rel}","templated":true}]}}